{"id":326847,"date":"2023-10-04T10:04:27","date_gmt":"2024-04-05T14:49:26","guid":{"rendered":"https:\/\/www.moskito.cz\/produkt\/etui-crkt-provoke-compact-sheath-d4045\/"},"modified":"2025-05-07T11:08:56","modified_gmt":"2025-05-07T10:08:56","slug":"etui-crkt-provoke-compact-sheath-d4045","status":"publish","type":"product","link":"https:\/\/www.moskito.cz\/de\/produkt\/etui-crkt-provoke-compact-sheath-d4045\/","title":{"rendered":"Etui CRKT Provoke Compact Sheath D4045"},"content":{"rendered":"<p>Etui <strong>CRKT<\/strong> Provoke Compact Sheath D4045<\/p>\n<p>Ben\u00f6tigen Sie ein Provoke\u00ae Compact Messeretui? Wir haben es f\u00fcr Sie.<\/p>\n<p>Dieses Holster besteht aus starkem und langlebigem, vakuumgeformtem Thermoplast und h\u00e4lt Ihre Hawk-Klinge sicher in ihrem Nest, bis sie provoziert wird. Die Scheide wird mit einem Satz ausr\u00fcstungskompatibler Clips geliefert, um den G\u00fcrtel- und taktischen Anforderungen gerecht zu werden. Die Scheide sch\u00fctzt die Messerklinge vollst\u00e4ndig und l\u00e4sst sich mit mehreren Clip- und Trageoptionen nach Ihren W\u00fcnschen befestigen. Diese Scheide ist f\u00fcr das 4045 Provoke\u00ae Compact Messer geeignet.<\/p>\n<p>Passend f\u00fcr das 4045 Provoke\u00ae Compact Messer<br \/>\nGetriebekompatibel: Robuste Thermoplastschale mit Montagem\u00f6glichkeit<br \/>\nAusr\u00fcstungskompatibel: Das Clip-Set bietet mehrere Tragem\u00f6glichkeiten<\/p>\n<p>Gewicht 1,90 Unzen. (53,86 g)<\/p>\n<p>Stilvolles Geh\u00e4use<br \/>\nBoltaron\u00ae-Schalenmaterial<\/p>\n<p>&nbsp;<\/p>\n<p>&nbsp;<\/p>\n","protected":false},"excerpt":{"rendered":"<p><strong>Ben\u00f6tigen Sie ein Provoke\u00ae Compact Messeretui? Wir haben es f\u00fcr Sie.<\/strong><\/p>\n","protected":false},"featured_media":326857,"comment_status":"open","ping_status":"closed","template":"","meta":[],"pwb-brand":[3457],"product_brand":[],"product_cat":[3285,3303],"product_tag":[3669],"class_list":{"0":"post-326847","1":"product","2":"type-product","3":"status-publish","4":"has-post-thumbnail","6":"pwb-brand-crkt-de","7":"product_cat-messer","8":"product_cat-schliesmesser","9":"product_tag-b2b-de","11":"first","12":"instock","13":"taxable","14":"shipping-taxable","15":"purchasable","16":"product-type-simple"},"brands":[{"id":3457,"name":"CRKT","slug":"crkt-de"}],"_links":{"self":[{"href":"https:\/\/www.moskito.cz\/de\/wp-json\/wp\/v2\/product\/326847","targetHints":{"allow":["GET"]}}],"collection":[{"href":"https:\/\/www.moskito.cz\/de\/wp-json\/wp\/v2\/product"}],"about":[{"href":"https:\/\/www.moskito.cz\/de\/wp-json\/wp\/v2\/types\/product"}],"replies":[{"embeddable":true,"href":"https:\/\/www.moskito.cz\/de\/wp-json\/wp\/v2\/comments?post=326847"}],"wp:featuredmedia":[{"embeddable":true,"href":"https:\/\/www.moskito.cz\/de\/wp-json\/wp\/v2\/media\/326857"}],"wp:attachment":[{"href":"https:\/\/www.moskito.cz\/de\/wp-json\/wp\/v2\/media?parent=326847"}],"wp:term":[{"taxonomy":"pwb-brand","embeddable":true,"href":"https:\/\/www.moskito.cz\/de\/wp-json\/wp\/v2\/pwb-brand?post=326847"},{"taxonomy":"product_brand","embeddable":true,"href":"https:\/\/www.moskito.cz\/de\/wp-json\/wp\/v2\/product_brand?post=326847"},{"taxonomy":"product_cat","embeddable":true,"href":"https:\/\/www.moskito.cz\/de\/wp-json\/wp\/v2\/product_cat?post=326847"},{"taxonomy":"product_tag","embeddable":true,"href":"https:\/\/www.moskito.cz\/de\/wp-json\/wp\/v2\/product_tag?post=326847"}],"curies":[{"name":"wp","href":"https:\/\/api.w.org\/{rel}","templated":true}]}}