{"id":327065,"date":"2022-08-22T20:51:46","date_gmt":"2024-04-08T12:58:28","guid":{"rendered":"https:\/\/www.moskito.cz\/produkt\/verschlussmesser-crkt-provoke-orange-4041o\/"},"modified":"2025-05-07T11:09:04","modified_gmt":"2025-05-07T10:09:04","slug":"verschlussmesser-crkt-provoke-orange-4041o","status":"publish","type":"product","link":"https:\/\/www.moskito.cz\/de\/produkt\/verschlussmesser-crkt-provoke-orange-4041o\/","title":{"rendered":"Verschlussmesser CRKT PROVOKE ORANGE 4041O"},"content":{"rendered":"<p>Verschlussmesser <strong>CRKT<\/strong> PROVOKE ORANGE 4041O.<\/p>\n<p>Aufschlag. Verteidigen. Das verwandelnde Karambit-Messer Provoke\u00ae Orange lehnt sich an ein antikes Design an, verbirgt jedoch ein futuristisches Geheimnis. Als erstes Messer mit Kinematic\u00ae-Technologie bleibt es beim Transport ordentlich verstaut und erwacht zum Leben, wenn ein Problem auftritt. Jetzt aus Grivory\u00ae hergestellt \u2013 einem starken, leichten, technischen Thermoplast \u2013 ist es leichter, agiler und f\u00fcr den Einsatz \u00fcberall geeignet.<\/p>\n<p>Hier stellen wir uns den Designer Joe Caswell als eine Art verr\u00fcckten Wissenschaftler vor. Als wir die Skizzen dessen sahen, was sp\u00e4ter zum Provok\u00ae werden sollte \u2013 entworfen in Newbury Park, Kalifornien \u2013 wussten wir, dass es einer der innovativsten Designer werden w\u00fcrde, die die Messerwelt je gesehen hat. Die schwarze Klinge im Falkenstil ist einem traditionellen Karambit nachempfunden und besteht aus rostfreiem Stahl in Steinqualit\u00e4t.<\/p>\n<p>Der \u00d6ffnungsmechanismus zieht den Ordner in die Zukunft, ob bereit oder nicht. Durch Daumendruck auf die obere Stange wird eine Kettenreaktion ausgel\u00f6st, die dazu f\u00fchrt, dass die Klinge in Aktion tritt, w\u00e4hrend Sie den Griff fest im Griff haben. Es besteht aus orangefarbenem Grivory\u00ae, einem \u00e4u\u00dferst haltbaren, leichten Thermoplast f\u00fcr einfachen Transport und einen nahtlosen \u00dcbergang in den Alltag. Ganz im Joe-Stil ist auch der Taschenclip eine Weltneuheit: Er schlie\u00dft fast vollst\u00e4ndig mit dem Griff ab und l\u00e4sst sich auch durch einen leichten Daumendruck aktivieren.<\/p>\n<p>Provoke\u00ae<br \/>\nEr ist stark, wenn er zum Dienst aufgefordert wird.<\/p>\n<p>Wie Kinematic\u00ae funktioniert<br \/>\nDr\u00fccken Sie Ihren Daumen in die obere Querstange \u2013 w\u00e4hrend Ihre anderen Finger den Griff fest umklammern \u2013 und die Klinge springt zum Leben und rastet ein. Schieben Sie den diskreten Hebel an der Basis der Fingerschlaufe und die Klinge f\u00e4hrt in ihre geschlossene Position zur\u00fcck.<\/p>\n<p>SPEZIFIKATIONEN<br \/>\nKlingenl\u00e4nge 2,47&#8243; (62,69 mm)<br \/>\nKlinge Klinge Plain<br \/>\nKlingenstahl 1.4116<br \/>\nStonewash-Klingenfinish<br \/>\nKlingenst\u00e4rke: 0,21 Zoll (5,38 mm)<br \/>\nGesamtl\u00e4nge 7,19&#8243; (182,58 mm)<br \/>\nGeschlossene L\u00e4nge 4,96&#8243; (125,88 mm)<br \/>\nGewicht 4,70 oz (133,24 g)<br \/>\nGriff aus Grivory\u00ae<br \/>\nStyle Klappmesser mit Kinematic\u2122<\/p>\n<p><iframe title=\"CRKT PROVOKE\u2122 ORANGE | Joe Caswell Design\" width=\"800\" height=\"450\" src=\"https:\/\/www.youtube.com\/embed\/QMMSMFwqDe4?feature=oembed\" frameborder=\"0\" allow=\"accelerometer; autoplay; clipboard-write; encrypted-media; gyroscope; picture-in-picture; web-share\" referrerpolicy=\"strict-origin-when-cross-origin\" allowfullscreen><\/iframe><\/p>\n<p>&nbsp;<\/p>\n","protected":false},"excerpt":{"rendered":"<p>Entworfen von Joe Caswell in Newbury Park, Kalifornien.<\/p>\n","protected":false},"featured_media":327066,"comment_status":"open","ping_status":"closed","template":"","meta":[],"pwb-brand":[3457],"product_brand":[],"product_cat":[3303,3285],"product_tag":[3669],"class_list":{"0":"post-327065","1":"product","2":"type-product","3":"status-publish","4":"has-post-thumbnail","6":"pwb-brand-crkt-de","7":"product_cat-schliesmesser","8":"product_cat-messer","9":"product_tag-b2b-de","11":"first","12":"instock","13":"taxable","14":"shipping-taxable","15":"purchasable","16":"product-type-simple"},"brands":[{"id":3457,"name":"CRKT","slug":"crkt-de"}],"_links":{"self":[{"href":"https:\/\/www.moskito.cz\/de\/wp-json\/wp\/v2\/product\/327065","targetHints":{"allow":["GET"]}}],"collection":[{"href":"https:\/\/www.moskito.cz\/de\/wp-json\/wp\/v2\/product"}],"about":[{"href":"https:\/\/www.moskito.cz\/de\/wp-json\/wp\/v2\/types\/product"}],"replies":[{"embeddable":true,"href":"https:\/\/www.moskito.cz\/de\/wp-json\/wp\/v2\/comments?post=327065"}],"wp:featuredmedia":[{"embeddable":true,"href":"https:\/\/www.moskito.cz\/de\/wp-json\/wp\/v2\/media\/327066"}],"wp:attachment":[{"href":"https:\/\/www.moskito.cz\/de\/wp-json\/wp\/v2\/media?parent=327065"}],"wp:term":[{"taxonomy":"pwb-brand","embeddable":true,"href":"https:\/\/www.moskito.cz\/de\/wp-json\/wp\/v2\/pwb-brand?post=327065"},{"taxonomy":"product_brand","embeddable":true,"href":"https:\/\/www.moskito.cz\/de\/wp-json\/wp\/v2\/product_brand?post=327065"},{"taxonomy":"product_cat","embeddable":true,"href":"https:\/\/www.moskito.cz\/de\/wp-json\/wp\/v2\/product_cat?post=327065"},{"taxonomy":"product_tag","embeddable":true,"href":"https:\/\/www.moskito.cz\/de\/wp-json\/wp\/v2\/product_tag?post=327065"}],"curies":[{"name":"wp","href":"https:\/\/api.w.org\/{rel}","templated":true}]}}