{"id":327193,"date":"2023-03-21T19:35:56","date_gmt":"2024-04-08T13:16:21","guid":{"rendered":"https:\/\/www.moskito.cz\/produkt\/verschlussmesser-crkt-provoke-mit-veff-zahnung\/"},"modified":"2025-05-07T11:09:06","modified_gmt":"2025-05-07T10:09:06","slug":"verschlussmesser-crkt-provoke-mit-veff-zahnung","status":"publish","type":"product","link":"https:\/\/www.moskito.cz\/de\/produkt\/verschlussmesser-crkt-provoke-mit-veff-zahnung\/","title":{"rendered":"Verschlussmesser CRKT PROVOKE MIT VEFF-ZAHNUNG"},"content":{"rendered":"<p>Verschlussmesser <strong>CRKT<\/strong> PROVOKE MIT VEFF-ZAHNUNG<\/p>\n<p><strong>Aufschlag. Verteidigen.<\/strong><\/p>\n<p>Bei faserigem Material ist Vorsicht geboten bei Provoke\u00ae mit Veff Serrations\u2122. Die branchenver\u00e4ndernde Innovation von Kinematic\u00ae trifft auf die bew\u00e4hrten Veff Serrations\u2122, um eine neue Version des urspr\u00fcnglichen Provoke\u00ae Morphing-Karambit-Messers zu schaffen. Seile, Sicherheitsgurte und Netze hatten keine Chance.<br \/>\nDie einzigartige Kinematic\u00ae-Innovation l\u00e4sst die Klinge schnell per Daumendruck ausfahren<br \/>\nVeff Serrations\u2122 erm\u00f6glichen ein hervorragendes Schneiden von Seilen, Gurten und Fasermaterialien<br \/>\nD2-Klingenstahl f\u00fcr hervorragenden Klingenhalt; Schwarze Titannitrid-Beschichtung f\u00fcr erh\u00f6hte Korrosionsbest\u00e4ndigkeit<\/p>\n<p>SPEZIFIKATIONEN<br \/>\nKlingenl\u00e4nge: 6,12 cm<br \/>\nKlingenkante Veff Serrations\u2122<br \/>\nKlinge aus D2-Stahl<br \/>\nOberfl\u00e4chenbehandlung der Klinge aus Titannitrid<br \/>\nKlingenst\u00e4rke 0,53 cm<br \/>\nGesamtl\u00e4nge: 18,41 cm<br \/>\nL\u00e4nge geschlossen: 12,59 cm<br \/>\nGewicht 167,26 g<br \/>\nGriff aus Aluminium<br \/>\nStilvolles Klappmesser mit Kinematic\u2122<\/p>\n<p><iframe title=\"CRKT Kinematic | How It Works\" width=\"800\" height=\"450\" src=\"https:\/\/www.youtube.com\/embed\/birKtIe7HRY?feature=oembed\" frameborder=\"0\" allow=\"accelerometer; autoplay; clipboard-write; encrypted-media; gyroscope; picture-in-picture; web-share\" referrerpolicy=\"strict-origin-when-cross-origin\" allowfullscreen><\/iframe><\/p>\n<p>&nbsp;<\/p>\n","protected":false},"excerpt":{"rendered":"<pre id=\"tw-target-text\" class=\"tw-data-text tw-text-large tw-ta\" dir=\"ltr\" data-placeholder=\"P\u0159eklad\"><strong>Navrhl Joe Caswell v Newbury Park v Kalifornii.<\/strong><\/pre>\n","protected":false},"featured_media":327194,"comment_status":"open","ping_status":"closed","template":"","meta":[],"pwb-brand":[3457],"product_brand":[],"product_cat":[3303,3285],"product_tag":[3669],"class_list":{"0":"post-327193","1":"product","2":"type-product","3":"status-publish","4":"has-post-thumbnail","6":"pwb-brand-crkt-de","7":"product_cat-schliesmesser","8":"product_cat-messer","9":"product_tag-b2b-de","11":"first","12":"outofstock","13":"taxable","14":"shipping-taxable","15":"purchasable","16":"product-type-simple"},"brands":[{"id":3457,"name":"CRKT","slug":"crkt-de"}],"_links":{"self":[{"href":"https:\/\/www.moskito.cz\/de\/wp-json\/wp\/v2\/product\/327193","targetHints":{"allow":["GET"]}}],"collection":[{"href":"https:\/\/www.moskito.cz\/de\/wp-json\/wp\/v2\/product"}],"about":[{"href":"https:\/\/www.moskito.cz\/de\/wp-json\/wp\/v2\/types\/product"}],"replies":[{"embeddable":true,"href":"https:\/\/www.moskito.cz\/de\/wp-json\/wp\/v2\/comments?post=327193"}],"wp:featuredmedia":[{"embeddable":true,"href":"https:\/\/www.moskito.cz\/de\/wp-json\/wp\/v2\/media\/327194"}],"wp:attachment":[{"href":"https:\/\/www.moskito.cz\/de\/wp-json\/wp\/v2\/media?parent=327193"}],"wp:term":[{"taxonomy":"pwb-brand","embeddable":true,"href":"https:\/\/www.moskito.cz\/de\/wp-json\/wp\/v2\/pwb-brand?post=327193"},{"taxonomy":"product_brand","embeddable":true,"href":"https:\/\/www.moskito.cz\/de\/wp-json\/wp\/v2\/product_brand?post=327193"},{"taxonomy":"product_cat","embeddable":true,"href":"https:\/\/www.moskito.cz\/de\/wp-json\/wp\/v2\/product_cat?post=327193"},{"taxonomy":"product_tag","embeddable":true,"href":"https:\/\/www.moskito.cz\/de\/wp-json\/wp\/v2\/product_tag?post=327193"}],"curies":[{"name":"wp","href":"https:\/\/api.w.org\/{rel}","templated":true}]}}