{"id":327218,"date":"2020-12-19T17:35:19","date_gmt":"2024-04-08T13:23:04","guid":{"rendered":"https:\/\/www.moskito.cz\/produkt\/verschlussmesser-crkt-provoke-4040\/"},"modified":"2025-07-11T07:53:16","modified_gmt":"2025-07-11T06:53:16","slug":"verschlussmesser-crkt-provoke-4040","status":"publish","type":"product","link":"https:\/\/www.moskito.cz\/de\/produkt\/verschlussmesser-crkt-provoke-4040\/","title":{"rendered":"Verschlussmesser CRKT PROVOKE 4040"},"content":{"rendered":"<p>Verschlussmesser <strong>CRKT<\/strong> PROVOKE 4040.<\/p>\n<p>Aufschlag. Verteidigen. Das verwandelnde Karambit-Messer Provoke\u00ae lehnt sich an ein antikes Design an, verbirgt jedoch ein futuristisches Geheimnis. Als erstes Messer mit Kinematic\u00ae-Technologie bleibt es beim Transport ordentlich verstaut und erwacht zum Leben, wenn ein Problem auftritt.<\/p>\n<p>Hier stellen wir uns den Designer Joe Caswell als eine Art verr\u00fcckten Wissenschaftler vor. Als wir die Skizzen dessen sahen, was sp\u00e4ter zum Provok\u00ae werden sollte \u2013 entworfen in Newbury Park, Kalifornien \u2013 wussten wir, dass es einer der innovativsten Designer werden w\u00fcrde, die die Messerwelt je gesehen hat. Die Klinge im Hawkbill-Stil ist dem traditionellen Karambit nachempfunden und aus hochwertigem D2-Stahl geschmiedet, um eine hohe Haltbarkeit und hervorragende Schnitthaltigkeit zu gew\u00e4hrleisten.<\/p>\n<p>Der \u00d6ffnungsmechanismus zieht den Ordner in die Zukunft, ob bereit oder nicht. Durch Daumendruck auf die obere Stange wird eine Kettenreaktion ausgel\u00f6st, die dazu f\u00fchrt, dass die Klinge in Aktion tritt, w\u00e4hrend Sie den Griff fest im Griff haben. Es besteht aus 6061 Flugzeugaluminium f\u00fcr maximale Steifigkeit. Ganz im Joe-Stil ist auch der Taschenclip eine Weltneuheit: Er schlie\u00dft fast vollst\u00e4ndig mit dem Griff ab und l\u00e4sst sich auch durch einen leichten Daumendruck aktivieren.<\/p>\n<p>Provoke\u00ae ist leistungsstark, wenn es in Betrieb genommen wird.<\/p>\n<p>Wie Kinematic\u00ae funktioniert<br \/>\nBenutzen Sie Ihren Daumen, um die obere Leiste anzusto\u00dfen \u2013 w\u00e4hrend Sie den Griff mit Ihren anderen Fingern fest im Griff haben \u2013 und die Klinge erwacht zum Leben und rastet ein. Schieben Sie den diskreten Hebel an der Basis der Fingerschlaufe und die Klinge f\u00e4hrt in ihre geschlossene Position zur\u00fcck.<\/p>\n<p>SPEZIFIKATIONEN<br \/>\nKlingenl\u00e4nge 2,41&#8243; (61,21 mm)<br \/>\nKlinge Klinge Plain<br \/>\nKlingenstahl D2<br \/>\nOberfl\u00e4chenbehandlung der Klinge Titannitrid<br \/>\nKlingenst\u00e4rke: 0,21 Zoll (5,31 mm)<br \/>\nGesamtl\u00e4nge 7,25&#8243; (184,15 mm)<br \/>\nGeschlossene L\u00e4nge 4,96&#8243; (125,98 mm)<br \/>\nGewicht 6,10 oz (172,93 g)<br \/>\nGriff aus Aluminium<br \/>\nStyle Klappmesser mit Kinematic\u2122<\/p>\n<p><iframe title=\"CRKT Kinematic | How It Works\" width=\"800\" height=\"450\" src=\"https:\/\/www.youtube.com\/embed\/birKtIe7HRY?feature=oembed\" frameborder=\"0\" allow=\"accelerometer; autoplay; clipboard-write; encrypted-media; gyroscope; picture-in-picture; web-share\" referrerpolicy=\"strict-origin-when-cross-origin\" allowfullscreen><\/iframe><\/p>\n<p>&nbsp;<\/p>\n","protected":false},"excerpt":{"rendered":"<p>Entworfen von Joe Caswell in Newbury Park, Kalifornien.<\/p>\n","protected":false},"featured_media":176869,"comment_status":"open","ping_status":"closed","template":"","meta":[],"pwb-brand":[3457],"product_brand":[],"product_cat":[3303,3285],"product_tag":[3669],"class_list":{"0":"post-327218","1":"product","2":"type-product","3":"status-publish","4":"has-post-thumbnail","6":"pwb-brand-crkt-de","7":"product_cat-schliesmesser","8":"product_cat-messer","9":"product_tag-b2b-de","11":"first","12":"outofstock","13":"sale","14":"taxable","15":"shipping-taxable","16":"purchasable","17":"product-type-simple"},"brands":[{"id":3457,"name":"CRKT","slug":"crkt-de"}],"_links":{"self":[{"href":"https:\/\/www.moskito.cz\/de\/wp-json\/wp\/v2\/product\/327218","targetHints":{"allow":["GET"]}}],"collection":[{"href":"https:\/\/www.moskito.cz\/de\/wp-json\/wp\/v2\/product"}],"about":[{"href":"https:\/\/www.moskito.cz\/de\/wp-json\/wp\/v2\/types\/product"}],"replies":[{"embeddable":true,"href":"https:\/\/www.moskito.cz\/de\/wp-json\/wp\/v2\/comments?post=327218"}],"wp:featuredmedia":[{"embeddable":true,"href":"https:\/\/www.moskito.cz\/de\/wp-json\/wp\/v2\/media\/176869"}],"wp:attachment":[{"href":"https:\/\/www.moskito.cz\/de\/wp-json\/wp\/v2\/media?parent=327218"}],"wp:term":[{"taxonomy":"pwb-brand","embeddable":true,"href":"https:\/\/www.moskito.cz\/de\/wp-json\/wp\/v2\/pwb-brand?post=327218"},{"taxonomy":"product_brand","embeddable":true,"href":"https:\/\/www.moskito.cz\/de\/wp-json\/wp\/v2\/product_brand?post=327218"},{"taxonomy":"product_cat","embeddable":true,"href":"https:\/\/www.moskito.cz\/de\/wp-json\/wp\/v2\/product_cat?post=327218"},{"taxonomy":"product_tag","embeddable":true,"href":"https:\/\/www.moskito.cz\/de\/wp-json\/wp\/v2\/product_tag?post=327218"}],"curies":[{"name":"wp","href":"https:\/\/api.w.org\/{rel}","templated":true}]}}