{"id":327288,"date":"2022-08-20T20:23:52","date_gmt":"2024-04-08T13:34:30","guid":{"rendered":"https:\/\/www.moskito.cz\/produkt\/schliessmesser-crkt-m16-14sf\/"},"modified":"2025-05-07T11:09:08","modified_gmt":"2025-05-07T10:09:08","slug":"schliessmesser-crkt-m16-14sf","status":"publish","type":"product","link":"https:\/\/www.moskito.cz\/de\/produkt\/schliessmesser-crkt-m16-14sf\/","title":{"rendered":"Schlie\u00dfmesser CRKT M16-14SF"},"content":{"rendered":"<p>Schlie\u00dfmesser <strong>CRKT<\/strong> M16-14SF.<\/p>\n<p>Unsere InterFrame-SF-Aluminiumplatten haben ein einzigartiges Design, das eine Kombination der Merkmale der Carson M16-Serie bietet, die Milit\u00e4rspezialisten zum Kauf ben\u00f6tigen. Da sie maximale Festigkeit bieten, wurden doppelt geschliffene Tanto-Klingen ausgew\u00e4hlt. Das offene Design erm\u00f6glicht den Einbau von zwei Carson Flippern, was zu einem echten Griff f\u00fchrt \u2013 eine Seltenheit bei Klappmessern.<\/p>\n<p>Das M16\u00ae-14SF Big Dog Aluminium ist unsere robuste Utility-Version mit einer 3,875 Zoll (98 mm) langen, doppelt geschliffenen Tanto-Klinge und einem Knauf in voller Gr\u00f6\u00dfe.<\/p>\n<p>Die Klinge, der Rahmen und die Hardware sind in nicht reflektierendem taktischem Schwarz gehalten. Schwarze Titannitrid-Beschichtung f\u00fcr maximale Korrosionsbest\u00e4ndigkeit. Typische doppelt geriffelte Daumenstifte sind Standard. Das \u00d6ffnen und Schlie\u00dfen mit einer Hand geht schnell und reibungslos.<\/p>\n<p>Es verf\u00fcgt au\u00dferdem \u00fcber unsere automatische Einstecksicherung. Die automatische Einstecksicherung ist eine Innovation in der Einstecksicherung, die auf die n\u00e4chste Stufe gehoben wurde. Das automatische Einsteckschloss setzt den Stift zwischen Schlosseinsatz und Rahmen. Dieser Stift dient als zus\u00e4tzliche Sicherheitsebene und verringert die Wahrscheinlichkeit, dass sich der Verriegelungseinsatz w\u00e4hrend des Gebrauchs l\u00f6st.<\/p>\n<p>Um das Messer zu schlie\u00dfen, ziehen Sie den Sicherungshebel mit dem roten Knopf zur\u00fcck, bewegen Sie den Verriegelungseinsatz und klappen Sie die Klinge in die geschlossene Position. M\u00f6chten Sie eines der sichersten Sicherheitssysteme auf dem Markt? Die Auswahl erfolgt automatisch.<\/p>\n<p>Unser SF-Aluminiumrahmen verf\u00fcgt \u00fcber geformte, hartanodisierte 6061 T6-Aluminiumschalen mit einem Umfangsradius f\u00fcr einen bequemen Griff mit oder ohne Handschuhe, Edelstahleins\u00e4tze mit Reibungsrillen und eine hochwertige AUS 8-Edelstahlklinge. Die Triple-Point\u2122-Kombination aus rasiermesserscharfer und gezackter Kante ist Standard.<\/p>\n<p>Alle Messer dieser Serie sind mit Clips ausgestattet, die das Tragen in vier Positionen am G\u00fcrtel oder Riemen erm\u00f6glichen. Warnung: Diese Messer sind nicht zum hochklappen in der Tasche geeignet. Es handelt sich um Spezialmesser, die vom Milit\u00e4r f\u00fcr den Einsatz in Spezialeinheiten entwickelt wurden.<\/p>\n<p><iframe title=\"CRKT M16-14SF Knife Designed by Kit Carson\" width=\"800\" height=\"450\" src=\"https:\/\/www.youtube.com\/embed\/KwiXKng97LA?feature=oembed\" frameborder=\"0\" allow=\"accelerometer; autoplay; clipboard-write; encrypted-media; gyroscope; picture-in-picture; web-share\" referrerpolicy=\"strict-origin-when-cross-origin\" allowfullscreen><\/iframe><\/p>\n<p>&nbsp;<\/p>\n<p>SPEZIFIKATIONEN<br \/>\nKlingenl\u00e4nge 3,99&#8243; (101,35 mm)<br \/>\nTriple Point Serrations\u2122 Klingenkante<br \/>\nKlingenstahl AUS 8<br \/>\nOberfl\u00e4chenbehandlung der Klinge Titannitrid<br \/>\nKlingenst\u00e4rke: 0,14 Zoll (3,56 mm)<br \/>\nGesamtl\u00e4nge 9,25&#8243; (234,95 mm)<br \/>\nL\u00e4nge geschlossen 5,38&#8243; (136,53 mm)<br \/>\nGewicht 5,70 oz (161,59 g)<br \/>\nGriff aus Aluminium<br \/>\nStyle Klappmesser mit Liner Lock<\/p>\n","protected":false},"excerpt":{"rendered":"<p>Entworfen von Kit Carson in Vine Grove, Kentucky.<\/p>\n","protected":false},"featured_media":327295,"comment_status":"open","ping_status":"closed","template":"","meta":[],"pwb-brand":[3457],"product_brand":[],"product_cat":[3285,3303],"product_tag":[3669],"class_list":{"0":"post-327288","1":"product","2":"type-product","3":"status-publish","4":"has-post-thumbnail","6":"pwb-brand-crkt-de","7":"product_cat-messer","8":"product_cat-schliesmesser","9":"product_tag-b2b-de","11":"first","12":"outofstock","13":"taxable","14":"shipping-taxable","15":"purchasable","16":"product-type-simple"},"brands":[{"id":3457,"name":"CRKT","slug":"crkt-de"}],"_links":{"self":[{"href":"https:\/\/www.moskito.cz\/de\/wp-json\/wp\/v2\/product\/327288","targetHints":{"allow":["GET"]}}],"collection":[{"href":"https:\/\/www.moskito.cz\/de\/wp-json\/wp\/v2\/product"}],"about":[{"href":"https:\/\/www.moskito.cz\/de\/wp-json\/wp\/v2\/types\/product"}],"replies":[{"embeddable":true,"href":"https:\/\/www.moskito.cz\/de\/wp-json\/wp\/v2\/comments?post=327288"}],"wp:featuredmedia":[{"embeddable":true,"href":"https:\/\/www.moskito.cz\/de\/wp-json\/wp\/v2\/media\/327295"}],"wp:attachment":[{"href":"https:\/\/www.moskito.cz\/de\/wp-json\/wp\/v2\/media?parent=327288"}],"wp:term":[{"taxonomy":"pwb-brand","embeddable":true,"href":"https:\/\/www.moskito.cz\/de\/wp-json\/wp\/v2\/pwb-brand?post=327288"},{"taxonomy":"product_brand","embeddable":true,"href":"https:\/\/www.moskito.cz\/de\/wp-json\/wp\/v2\/product_brand?post=327288"},{"taxonomy":"product_cat","embeddable":true,"href":"https:\/\/www.moskito.cz\/de\/wp-json\/wp\/v2\/product_cat?post=327288"},{"taxonomy":"product_tag","embeddable":true,"href":"https:\/\/www.moskito.cz\/de\/wp-json\/wp\/v2\/product_tag?post=327288"}],"curies":[{"name":"wp","href":"https:\/\/api.w.org\/{rel}","templated":true}]}}