{"id":327358,"date":"2022-08-20T23:08:29","date_gmt":"2024-04-08T13:49:20","guid":{"rendered":"https:\/\/www.moskito.cz\/produkt\/schliessmesser-crkt-m21-14dsfg\/"},"modified":"2025-05-07T11:09:09","modified_gmt":"2025-05-07T10:09:09","slug":"schliessmesser-crkt-m21-14dsfg","status":"publish","type":"product","link":"https:\/\/www.moskito.cz\/de\/produkt\/schliessmesser-crkt-m21-14dsfg\/","title":{"rendered":"Schlie\u00dfmesser CRKT M21-14DSFG"},"content":{"rendered":"<p>Schlie\u00dfmesser <strong>CRKT<\/strong> M21-14DSFG.<\/p>\n<p>Im Verlauf der Entwicklung unserer Carson-Reihe von G10 M21\u2122-Spezialeinheitenmodellen wurde deutlich, dass eine Nachfrage nach diesen Modellen von Koalitionskr\u00e4ften bestand, die in einer W\u00fcstenumgebung eingesetzt wurden. Diese Modelle haben eine Klinge und Beschalung in Desert Tan.<br \/>\n184 g.<\/p>\n<p>Wie sein schwarzes taktisches Gegenst\u00fcck verf\u00fcgt dieses Messer \u00fcber ein einzigartiges Design und bietet die Kombination von Merkmalen der Carson SF-Serie, die von milit\u00e4rischen Vertragsspezialisten gefordert wurde. Es verf\u00fcgt \u00fcber eine Kombination aus messerscharfer und patentierter (1) Veff\u2122-Zackenkante. Das offene Design erm\u00f6glicht den Einbau von zwei Carson Flippern, was zu einem echten Griff f\u00fchrt \u2013 bisher selten bei Klappmessern.<\/p>\n<p>Klinge und Beschalung sind in nicht reflektierendem Desert Tan gehalten. Die hochmoderne Klinge aus 8Cr14MoV-Edelstahl ist f\u00fcr maximale Korrosionsbest\u00e4ndigkeit mit Titannitrid beschichtet. Doppelt karierte Daumenpins mit Logo sind Standard. Das \u00d6ffnen und Schlie\u00dfen mit einer Hand geht schnell und reibungslos.<\/p>\n<p>Die offene InterFrame-Konstruktion verwendet Desert Tan-Griffschalen aus G10 und Edelstahleinlagen mit Reibungsrillen. G10 wird oft wegen seiner aggressiven Griffigkeit, seines geringen Gewichts und seiner isolierenden Eigenschaften bevorzugt, die es bei Hitze k\u00fchler und bei K\u00e4lte w\u00e4rmer als Metall machen.<\/p>\n<p>Es verf\u00fcgt au\u00dferdem \u00fcber unsere automatische Einstecksicherung. Die automatische Einstecksicherung ist eine Innovation in der Einstecksicherung, die auf die n\u00e4chste Stufe gehoben wurde. Das automatische Einsteckschloss setzt den Stift zwischen Schlosseinsatz und Rahmen. Dieser Stift dient als zus\u00e4tzliche Sicherheitsebene und verringert die Wahrscheinlichkeit, dass sich der Verriegelungseinsatz w\u00e4hrend des Gebrauchs l\u00f6st.<\/p>\n<p>Um das Messer zu schlie\u00dfen, ziehen Sie den Sicherungshebel mit dem roten Knopf zur\u00fcck, bewegen Sie den Verriegelungseinsatz und klappen Sie die Klinge in die geschlossene Position. M\u00f6chten Sie eines der sichersten Sicherheitssysteme auf dem Markt? Die Auswahl erfolgt automatisch.<\/p>\n<p>Alle Messer dieser Serie verf\u00fcgen \u00fcber Clip-Optionen, die das Tragen am G\u00fcrtel oder in der Schlinge in vier Positionen erm\u00f6glichen \u2013 nach oben, nach unten, nach links oder rechts. (Achtung: Diese Messer sind nicht zum Tragen in einer aufklappbaren Tasche geeignet.)<\/p>\n<p>Es handelt sich um Spezialmesser, die von der Armee f\u00fcr den W\u00fcsteneinsatz durch Spezialeinheiten entwickelt wurden.<\/p>\n<p>SPEZIFIKATIONEN<br \/>\nKlingenl\u00e4nge 3,98&#8243; (101,04 mm)<br \/>\nVeff Serrations\u2122 Klingenkante<br \/>\nKlingenstahl 1.4116<br \/>\nOberfl\u00e4chenbehandlung der Klinge Titannitrid<br \/>\nKlingenst\u00e4rke: 0,14 Zoll (3,45 mm)<br \/>\nGesamtl\u00e4nge 9,34&#8243; (237,34 mm)<br \/>\nL\u00e4nge geschlossen 5,34&#8243; (135,64 mm)<br \/>\nGewicht 6,60 Unzen. (187,11 g)<br \/>\nG10-Griff<br \/>\nStyle Klappmesser mit Liner Lock<\/p>\n","protected":false},"excerpt":{"rendered":"<p>Entworfen von Kit Carson in Vine Grove, Kentucky.<\/p>\n","protected":false},"featured_media":327359,"comment_status":"open","ping_status":"closed","template":"","meta":[],"pwb-brand":[3457],"product_brand":[],"product_cat":[3303,3285],"product_tag":[3669],"class_list":{"0":"post-327358","1":"product","2":"type-product","3":"status-publish","4":"has-post-thumbnail","6":"pwb-brand-crkt-de","7":"product_cat-schliesmesser","8":"product_cat-messer","9":"product_tag-b2b-de","11":"first","12":"outofstock","13":"taxable","14":"shipping-taxable","15":"purchasable","16":"product-type-simple"},"brands":[{"id":3457,"name":"CRKT","slug":"crkt-de"}],"_links":{"self":[{"href":"https:\/\/www.moskito.cz\/de\/wp-json\/wp\/v2\/product\/327358","targetHints":{"allow":["GET"]}}],"collection":[{"href":"https:\/\/www.moskito.cz\/de\/wp-json\/wp\/v2\/product"}],"about":[{"href":"https:\/\/www.moskito.cz\/de\/wp-json\/wp\/v2\/types\/product"}],"replies":[{"embeddable":true,"href":"https:\/\/www.moskito.cz\/de\/wp-json\/wp\/v2\/comments?post=327358"}],"wp:featuredmedia":[{"embeddable":true,"href":"https:\/\/www.moskito.cz\/de\/wp-json\/wp\/v2\/media\/327359"}],"wp:attachment":[{"href":"https:\/\/www.moskito.cz\/de\/wp-json\/wp\/v2\/media?parent=327358"}],"wp:term":[{"taxonomy":"pwb-brand","embeddable":true,"href":"https:\/\/www.moskito.cz\/de\/wp-json\/wp\/v2\/pwb-brand?post=327358"},{"taxonomy":"product_brand","embeddable":true,"href":"https:\/\/www.moskito.cz\/de\/wp-json\/wp\/v2\/product_brand?post=327358"},{"taxonomy":"product_cat","embeddable":true,"href":"https:\/\/www.moskito.cz\/de\/wp-json\/wp\/v2\/product_cat?post=327358"},{"taxonomy":"product_tag","embeddable":true,"href":"https:\/\/www.moskito.cz\/de\/wp-json\/wp\/v2\/product_tag?post=327358"}],"curies":[{"name":"wp","href":"https:\/\/api.w.org\/{rel}","templated":true}]}}