{"id":327416,"date":"2022-08-20T18:05:33","date_gmt":"2024-04-08T14:00:54","guid":{"rendered":"https:\/\/www.moskito.cz\/produkt\/schliessmesser-crkt-m16-14sfg\/"},"modified":"2025-05-07T11:09:10","modified_gmt":"2025-05-07T10:09:10","slug":"schliessmesser-crkt-m16-14sfg","status":"publish","type":"product","link":"https:\/\/www.moskito.cz\/de\/produkt\/schliessmesser-crkt-m16-14sfg\/","title":{"rendered":"Schlie\u00dfmesser CRKT M16-14SFG"},"content":{"rendered":"<p>Schlie\u00dfmesser <strong>CRKT<\/strong> M16-14SFG.<\/p>\n<p>Die Special Forces G10-Modelle haben ein einzigartiges Design, das eine Kombination der Funktionen der Carson M16\u00ae-Serie bietet, die von Milit\u00e4rspezialisten zum Kauf ben\u00f6tigt werden. Da sie maximale Festigkeit bieten, wurden doppelt geschliffene Tanto-Klingen ausgew\u00e4hlt. Das offene Design erm\u00f6glicht den Einbau von zwei Carson Flippern, was zu einem echten Griff f\u00fchrt \u2013 eine Seltenheit bei Klappmessern.<\/p>\n<p>Das M16\u00ae-14SFG Big Dog G10 ist unsere robuste Utility-Version mit einer 3,99 Zoll langen, doppelt geschliffenen Tanto-Klinge und einem Full-Size-Griff mit einem Knauf am Schaft.<\/p>\n<p>Die Klinge, der Rahmen und die Hardware sind in nicht reflektierendem taktischem Schwarz gehalten. Die Klinge verf\u00fcgt \u00fcber eine schwarze Titannitrid-Beschichtung f\u00fcr maximale Korrosionsbest\u00e4ndigkeit. Die charakteristischen doppelten, karierten Daumenkn\u00f6pfe sind Standard. Das \u00d6ffnen und Schlie\u00dfen erfolgt mit einer Hand.<\/p>\n<p>Es verf\u00fcgt au\u00dferdem \u00fcber unsere automatische Einstecksicherung. Die automatische Einstecksicherung ist eine Innovation in der Einstecksicherung, die auf die n\u00e4chste Stufe gehoben wurde. Das automatische Einsteckschloss setzt den Stift zwischen Schlosseinsatz und Rahmen. Dieser Stift dient als zus\u00e4tzliche Sicherheitsebene und verringert die Wahrscheinlichkeit, dass sich der Verriegelungseinsatz w\u00e4hrend des Gebrauchs l\u00f6st.<\/p>\n<p>Um das Messer zu schlie\u00dfen, ziehen Sie den Sicherungshebel mit dem roten Knopf zur\u00fcck, bewegen Sie den Verriegelungseinsatz und klappen Sie die Klinge in die geschlossene Position. M\u00f6chten Sie eines der sichersten Sicherheitssysteme auf dem Markt? Die Auswahl erfolgt automatisch.<\/p>\n<p>Unser G10-Modell verf\u00fcgt \u00fcber schwarze G10-Schalen, Edelstahleins\u00e4tze mit Reibungsrillen und eine hochwertige 8Cr14MoV-Edelstahlklinge mit unseren kombinierten (2) Veff\u2122-Verzahnungen. G10 wird oft wegen seiner aggressiven Griffigkeit, seines geringen Gewichts und seiner hervorragenden Isolationseigenschaften bevorzugt.<\/p>\n<p>Alle Messer dieser Serie sind mit Clips ausgestattet, die das Tragen in vier Positionen am G\u00fcrtel oder Riemen erm\u00f6glichen. Warnung: Diese Messer sind nicht zum hochklappen in der Tasche geeignet. Es handelt sich um Spezialmesser, die vom Milit\u00e4r f\u00fcr den Einsatz in Spezialeinheiten entwickelt wurden.<\/p>\n<p>Automatische Einstecksicherung<br \/>\nVeff Serrations\u2122<br \/>\nDoppelter Klingenschutz mit G10-Griff<br \/>\nSPEZIFIKATIONEN<br \/>\nKlingenl\u00e4nge: 3,95 Zoll (100,41 mm)<br \/>\nVeff Serrations\u2122 Klingenkante<br \/>\nKlingenstahl 1.4116<br \/>\nKlingenoberfl\u00e4chenbehandlung Teflonbeschichtung<br \/>\nKlingenst\u00e4rke: 0,14 Zoll (3,58 mm)<br \/>\nGesamtl\u00e4nge 9,31&#8243; (236,55 mm)<br \/>\nL\u00e4nge geschlossen 5,34&#8243; (135,61 mm)<br \/>\nGewicht 6,50 oz (184,27 g)<br \/>\nG10-Griff<br \/>\nStyle Klappmesser mit Liner Lock<\/p>\n<p><iframe title=\"CRKT M16-14SFG Knife Designed by Kit Carson\" width=\"800\" height=\"450\" src=\"https:\/\/www.youtube.com\/embed\/cm_3-L4GhXM?feature=oembed\" frameborder=\"0\" allow=\"accelerometer; autoplay; clipboard-write; encrypted-media; gyroscope; picture-in-picture; web-share\" referrerpolicy=\"strict-origin-when-cross-origin\" allowfullscreen><\/iframe><\/p>\n","protected":false},"excerpt":{"rendered":"<p>Entworfen von Kit Carson in Vine Grove, Kentucky.<\/p>\n","protected":false},"featured_media":327417,"comment_status":"open","ping_status":"closed","template":"","meta":[],"pwb-brand":[3457],"product_brand":[],"product_cat":[3285,3303],"product_tag":[3669],"class_list":{"0":"post-327416","1":"product","2":"type-product","3":"status-publish","4":"has-post-thumbnail","6":"pwb-brand-crkt-de","7":"product_cat-messer","8":"product_cat-schliesmesser","9":"product_tag-b2b-de","11":"first","12":"outofstock","13":"taxable","14":"shipping-taxable","15":"purchasable","16":"product-type-simple"},"brands":[{"id":3457,"name":"CRKT","slug":"crkt-de"}],"_links":{"self":[{"href":"https:\/\/www.moskito.cz\/de\/wp-json\/wp\/v2\/product\/327416","targetHints":{"allow":["GET"]}}],"collection":[{"href":"https:\/\/www.moskito.cz\/de\/wp-json\/wp\/v2\/product"}],"about":[{"href":"https:\/\/www.moskito.cz\/de\/wp-json\/wp\/v2\/types\/product"}],"replies":[{"embeddable":true,"href":"https:\/\/www.moskito.cz\/de\/wp-json\/wp\/v2\/comments?post=327416"}],"wp:featuredmedia":[{"embeddable":true,"href":"https:\/\/www.moskito.cz\/de\/wp-json\/wp\/v2\/media\/327417"}],"wp:attachment":[{"href":"https:\/\/www.moskito.cz\/de\/wp-json\/wp\/v2\/media?parent=327416"}],"wp:term":[{"taxonomy":"pwb-brand","embeddable":true,"href":"https:\/\/www.moskito.cz\/de\/wp-json\/wp\/v2\/pwb-brand?post=327416"},{"taxonomy":"product_brand","embeddable":true,"href":"https:\/\/www.moskito.cz\/de\/wp-json\/wp\/v2\/product_brand?post=327416"},{"taxonomy":"product_cat","embeddable":true,"href":"https:\/\/www.moskito.cz\/de\/wp-json\/wp\/v2\/product_cat?post=327416"},{"taxonomy":"product_tag","embeddable":true,"href":"https:\/\/www.moskito.cz\/de\/wp-json\/wp\/v2\/product_tag?post=327416"}],"curies":[{"name":"wp","href":"https:\/\/api.w.org\/{rel}","templated":true}]}}