{"id":327486,"date":"2022-09-28T16:28:59","date_gmt":"2024-04-08T14:16:05","guid":{"rendered":"https:\/\/www.moskito.cz\/produkt\/axt-crkt-freyr-2746\/"},"modified":"2025-05-07T11:09:11","modified_gmt":"2025-05-07T10:09:11","slug":"axt-crkt-freyr-2746","status":"publish","type":"product","link":"https:\/\/www.moskito.cz\/de\/produkt\/axt-crkt-freyr-2746\/","title":{"rendered":"Axt CRKT FREYR 2746"},"content":{"rendered":"<p>Axt <strong>CRKT<\/strong> FREYR 2746.<\/p>\n<p>Nordisches Design mit einer rein amerikanischen Seele. Warum sollte man sich mit einer Axtform anlegen, die sich seit \u00fcber tausend Jahren bew\u00e4hrt hat? Dies ist der Logikdesigner und Veteran Elmer Roush, der Ihnen die Freyr\u2122 Tactical Axe pr\u00e4sentiert. Ein tiefer Bart spiegelt den Wikingerstil wider. Aber seine Ausgeglichenheit und schiere Kraft machen ihn derzeit zu einer Klasse f\u00fcr sich. Wikingerschild und Schlachtruf nicht im Lieferumfang enthalten.<\/p>\n<p>Elmer Roush aus Brasstown, North Carolina, steht definitiv mit einem Fu\u00df in der Vergangenheit. Wenn es um die Gestaltung von Achsen geht, d. h. Obwohl der tiefe Bart von Freyru\u2122 m\u00f6glicherweise nicht dazu verwendet wird, den Schild eines Feindes niederzurei\u00dfen, wie es in den Meeren der von den Wikingern bewachten Gef\u00e4ngnisw\u00e4rter der Fall w\u00e4re, macht die Balance, die er hinzuf\u00fcgt, diese Axt zu einem modernen Arbeitstier. Benannt nach dem nordischen Gott des Wohlstands, wird seine Wikingerseele dem klassischen Look gerecht.<\/p>\n<p>Die Klinge selbst ist aus Kohlenstoffstahl hei\u00dfgeschmiedet und f\u00fcr maximale Korrosionsbest\u00e4ndigkeit passiviert. Der Griff ist aus Tennessee-Hickory geschnitzt und pr\u00e4zise gefertigt, um Haltbarkeit und Benutzerfreundlichkeit zu gew\u00e4hrleisten. Eine Lederscheide ist k\u00e4uflich zu erwerben.<\/p>\n<p>Wenn es wahr ist, dass sich die Geschichte wiederholt, dann ist diese Gebrauchsaxt der endg\u00fcltige Beweis.<\/p>\n<p>\u00dcber Forged By War\u00ae<\/p>\n<p>Im Jahr 2013 wandte sich Ryan Johnson von RMJ Tactical, ein Entwickler von taktischen Elite-Tomahawks f\u00fcr das Milit\u00e4r, an CRKT\u00ae mit der Nachricht, dass er mit mehreren Kriegsveteranen zusammengearbeitet hatte, die mit unterschiedlichem Grad an posttraumatischem Stress (PTS) aus dem Krieg zur\u00fcckgekehrt waren.<\/p>\n<p>Um ihnen bei der Bew\u00e4ltigung ihrer Herausforderungen zu helfen, entwarfen und schmiedeten sie Stahl zu ihren eigenen Werkzeugen. Basierend auf ihren in Kampfsituationen gesammelten Erfahrungen schufen sie die Werkzeuge, die sie auf dem Schlachtfeld zur Verf\u00fcgung haben wollten.<\/p>\n<p>CRKT\u00ae liegen unsere zur\u00fcckkehrenden Veteranen sehr am Herzen und wir haben einen Weg gefunden, der Gemeinschaft, die sie hervorgebracht hat, etwas zur\u00fcckzugeben. Im Jahr 2016 haben wir das Forged By War\u00ae-Programm gestartet.<\/p>\n<p>Hierbei handelt es sich um einsatzbereite Werkzeuge, die von Veteranen entwickelt wurden und deren Erl\u00f6s teilweise an die vom Veteranen bevorzugte Wohlt\u00e4tigkeitsorganisation gespendet wird.<\/p>\n<p>Einsatzbereite Werkzeuge von Forged By War\u00ae. Erfahren Sie hier mehr.<\/p>\n<p>Elmer Roushs Wohlt\u00e4tigkeitsorganisation f\u00fcr dieses Tool ist die Green Beret Foundation.<\/p>\n<p>*Obwohl wir wissen, dass die Versuchung gro\u00df ist, raten wir aus Sicherheitsgr\u00fcnden davon ab, dieses spezielle Werkzeug wegzuwerfen, da dies m\u00f6glicherweise zum Erl\u00f6schen Ihrer Garantie f\u00fchren w\u00fcrde.<\/p>\n<p>SPEZIFIKATIONEN<br \/>\nKlingenl\u00e4nge 4,53&#8243; (115,01 mm)<br \/>\nKlinge Klinge Plain<br \/>\nKlingenstahl 1055 Kohlenstoffstahl<br \/>\nOberfl\u00e4chenbehandlung der Klinge. Beschichtung auf Manganphosphatbasis<br \/>\nKlingenst\u00e4rke: 1,19 Zoll (30,10 mm)<br \/>\nGesamtl\u00e4nge 16,13&#8243; (409,58 mm)<br \/>\nGewicht 1,79 lb (0,81 kg)<br \/>\nGriff aus Tennessee Hickory<br \/>\nAxt-Stil<\/p>\n<p><iframe title=\"CRKT Freyr Axe | An Elmer Roush Design\" width=\"800\" height=\"450\" src=\"https:\/\/www.youtube.com\/embed\/rxxWf33LFHM?feature=oembed\" frameborder=\"0\" allow=\"accelerometer; autoplay; clipboard-write; encrypted-media; gyroscope; picture-in-picture; web-share\" referrerpolicy=\"strict-origin-when-cross-origin\" allowfullscreen><\/iframe><\/p>\n<p>&nbsp;<\/p>\n","protected":false},"excerpt":{"rendered":"<p>Entworfen von Elmer Roush in Brasstown, North Carolina.<\/p>\n<p>&nbsp;<\/p>\n","protected":false},"featured_media":327487,"comment_status":"open","ping_status":"closed","template":"","meta":[],"pwb-brand":[3457],"product_brand":[],"product_cat":[3301],"product_tag":[3669],"class_list":{"0":"post-327486","1":"product","2":"type-product","3":"status-publish","4":"has-post-thumbnail","6":"pwb-brand-crkt-de","7":"product_cat-axte","8":"product_tag-b2b-de","10":"first","11":"outofstock","12":"taxable","13":"shipping-taxable","14":"purchasable","15":"product-type-simple"},"brands":[{"id":3457,"name":"CRKT","slug":"crkt-de"}],"_links":{"self":[{"href":"https:\/\/www.moskito.cz\/de\/wp-json\/wp\/v2\/product\/327486","targetHints":{"allow":["GET"]}}],"collection":[{"href":"https:\/\/www.moskito.cz\/de\/wp-json\/wp\/v2\/product"}],"about":[{"href":"https:\/\/www.moskito.cz\/de\/wp-json\/wp\/v2\/types\/product"}],"replies":[{"embeddable":true,"href":"https:\/\/www.moskito.cz\/de\/wp-json\/wp\/v2\/comments?post=327486"}],"wp:featuredmedia":[{"embeddable":true,"href":"https:\/\/www.moskito.cz\/de\/wp-json\/wp\/v2\/media\/327487"}],"wp:attachment":[{"href":"https:\/\/www.moskito.cz\/de\/wp-json\/wp\/v2\/media?parent=327486"}],"wp:term":[{"taxonomy":"pwb-brand","embeddable":true,"href":"https:\/\/www.moskito.cz\/de\/wp-json\/wp\/v2\/pwb-brand?post=327486"},{"taxonomy":"product_brand","embeddable":true,"href":"https:\/\/www.moskito.cz\/de\/wp-json\/wp\/v2\/product_brand?post=327486"},{"taxonomy":"product_cat","embeddable":true,"href":"https:\/\/www.moskito.cz\/de\/wp-json\/wp\/v2\/product_cat?post=327486"},{"taxonomy":"product_tag","embeddable":true,"href":"https:\/\/www.moskito.cz\/de\/wp-json\/wp\/v2\/product_tag?post=327486"}],"curies":[{"name":"wp","href":"https:\/\/api.w.org\/{rel}","templated":true}]}}