{"id":327572,"date":"2021-07-31T21:42:38","date_gmt":"2024-04-08T14:22:54","guid":{"rendered":"https:\/\/www.moskito.cz\/produkt\/schliessendes-messer-crkt-ceo-flipper\/"},"modified":"2025-05-07T11:09:13","modified_gmt":"2025-05-07T10:09:13","slug":"schliessendes-messer-crkt-ceo-flipper","status":"publish","type":"product","link":"https:\/\/www.moskito.cz\/de\/produkt\/schliessendes-messer-crkt-ceo-flipper\/","title":{"rendered":"CRKT CEO FLIPPER 7097 Klappmesser"},"content":{"rendered":"<p><strong style=\"font-family: -apple-system, BlinkMacSystemFont, 'Segoe UI', Roboto, 'Helvetica Neue', Arial, 'Noto Sans', sans-serif, 'Apple Color Emoji', 'Segoe UI Emoji', 'Segoe UI Symbol', 'Noto Color Emoji';\">Das Klappmesser CRKT CEO Flipper 7097<\/strong> <span style=\"font-family: -apple-system, BlinkMacSystemFont, 'Segoe UI', Roboto, 'Helvetica Neue', Arial, 'Noto Sans', sans-serif, 'Apple Color Emoji', 'Segoe UI Emoji', 'Segoe UI Symbol', 'Noto Color Emoji';\">ist ein elegantes und hochfunktionelles Messer, entworfen von Richard Rogers, das das Konzept eines modernen Alltagsmessers (EDC) verk\u00f6rpert, bei dem der Schwerpunkt auf<\/span> <strong style=\"font-family: -apple-system, BlinkMacSystemFont, 'Segoe UI', Roboto, 'Helvetica Neue', Arial, 'Noto Sans', sans-serif, 'Apple Color Emoji', 'Segoe UI Emoji', 'Segoe UI Symbol', 'Noto Color Emoji';\">Kompaktheit<\/strong> <span style=\"font-family: -apple-system, BlinkMacSystemFont, 'Segoe UI', Roboto, 'Helvetica Neue', Arial, 'Noto Sans', sans-serif, 'Apple Color Emoji', 'Segoe UI Emoji', 'Segoe UI Symbol', 'Noto Color Emoji';\">,<\/span> <strong style=\"font-family: -apple-system, BlinkMacSystemFont, 'Segoe UI', Roboto, 'Helvetica Neue', Arial, 'Noto Sans', sans-serif, 'Apple Color Emoji', 'Segoe UI Emoji', 'Segoe UI Symbol', 'Noto Color Emoji';\">Design<\/strong> <span style=\"font-family: -apple-system, BlinkMacSystemFont, 'Segoe UI', Roboto, 'Helvetica Neue', Arial, 'Noto Sans', sans-serif, 'Apple Color Emoji', 'Segoe UI Emoji', 'Segoe UI Symbol', 'Noto Color Emoji';\">und<\/span> <strong style=\"font-family: -apple-system, BlinkMacSystemFont, 'Segoe UI', Roboto, 'Helvetica Neue', Arial, 'Noto Sans', sans-serif, 'Apple Color Emoji', 'Segoe UI Emoji', 'Segoe UI Symbol', 'Noto Color Emoji';\">Ergonomie liegt.<\/strong><span style=\"font-family: -apple-system, BlinkMacSystemFont, 'Segoe UI', Roboto, 'Helvetica Neue', Arial, 'Noto Sans', sans-serif, 'Apple Color Emoji', 'Segoe UI Emoji', 'Segoe UI Symbol', 'Noto Color Emoji';\">. Dieses Messer ist die ideale Wahl f\u00fcr alle, die ein zuverl\u00e4ssiges Werkzeug ben\u00f6tigen, aber gleichzeitig kein zu gro\u00dfes oder zu schweres Messer mit sich herumtragen m\u00f6chten.<\/span><\/p>\n<div class=\"flex-1 overflow-hidden @container\/thread\">\n<div class=\"h-full\">\n<div class=\"react-scroll-to-bottom--css-vxybp-79elbk h-full\">\n<div class=\"react-scroll-to-bottom--css-vxybp-1n7m0yu\">\n<div class=\"flex flex-col text-sm\">\n<article class=\"w-full scroll-mb-[var(--thread-trailing-height,150px)] text-token-text-primary focus-visible:outline-2 focus-visible:outline-offset-[-4px]\" dir=\"auto\" data-testid=\"conversation-turn-421\" data-scroll-anchor=\"true\">\n<div class=\"m-auto text-base py-[18px] px-3 md:px-4 w-full md:px-5 lg:px-4 xl:px-5\">\n<div class=\"mx-auto flex flex-1 gap-4 text-base md:gap-5 lg:gap-6 md:max-w-3xl\">\n<div class=\"group\/conversation-turn relative flex w-full min-w-0 flex-col agent-turn\">\n<div class=\"flex-col gap-1 md:gap-3\">\n<div class=\"flex max-w-full flex-col flex-grow\">\n<div class=\"min-h-8 text-message flex w-full flex-col items-end gap-2 whitespace-normal break-words text-start [.text-message+&amp;]:mt-5\" dir=\"auto\" data-message-author-role=\"assistant\" data-message-id=\"fecebe75-7439-4a20-810d-28aaa07d7280\" data-message-model-slug=\"gpt-4o-mini\">\n<div class=\"flex w-full flex-col gap-1 empty:hidden first:pt-[3px]\">\n<div class=\"markdown prose w-full break-words dark:prose-invert light\">\n<h3><strong>Funktionen und Vorteile:<\/strong><\/h3>\n<h4><strong>1. Design und Ergonomie:<\/strong><\/h4>\n<ul>\n<li><strong>Kompakt und diskret:<\/strong> Das CEO-Messer passt in <strong>eine Hemdtasche<\/strong> und ist diskret genug, um es jeden Tag bei sich zu tragen. Durch sein <strong>niedriges Profil<\/strong> ist es sehr tragbar und somit eine gro\u00dfartige Wahl f\u00fcr Profis, die <strong>ein diskretes Messer<\/strong> f\u00fcr schnelle Aufgaben ben\u00f6tigen. <\/li>\n<li><strong>Ergonomie:<\/strong> Trotz seiner kompakten Form verliert das Messer nicht <strong>an Ergonomie<\/strong> und <strong>Benutzerkomfort<\/strong> . Es bietet einen angenehmen Griff, der auch bei l\u00e4ngerem Gebrauch stabil bleibt. <\/li>\n<\/ul>\n<h4><strong>2. Unterst\u00fctztes \u00d6ffnen und IKBS\u2122-Mechanismus:<\/strong><\/h4>\n<ul>\n<li><strong>Sanftes \u00d6ffnen:<\/strong> Die Klingen\u00f6ffnung wird durch das <strong>IKBS\u2122-Kugellagersystem<\/strong> unterst\u00fctzt, das <strong>eine sanfte und schnelle Bewegung<\/strong> beim \u00d6ffnen des Messers gew\u00e4hrleistet.<\/li>\n<li><strong>Flipper:<\/strong> Der Flippermechanismus erm\u00f6glicht das <strong>schnelle \u00d6ffnen<\/strong> des Messers mit einer Hand, was ideal f\u00fcr alle ist, die sofortigen Zugriff auf das Messer ben\u00f6tigen.<\/li>\n<\/ul>\n<h4><strong>3. Klinge und ihre Kraft:<\/strong><\/h4>\n<ul>\n<li><strong>AUS-8-Stahl:<\/strong> Die Klinge besteht aus rostfreiem <strong>AUS-8-<\/strong> Stahl, der f\u00fcr seine <strong>gute Korrosionsbest\u00e4ndigkeit<\/strong> und hervorragende <strong>Schnitthaltigkeit<\/strong> bekannt ist. Dieser Stahl ist zudem sehr pflegeleicht und l\u00e4sst sich relativ leicht sch\u00e4rfen, sodass er sich ideal f\u00fcr den h\u00e4ufigen Gebrauch eignet. <\/li>\n<li><strong>Satin-Finish:<\/strong> Das <strong>Satin-<\/strong> Finish der Klinge tr\u00e4gt zu ihrer \u00c4sthetik bei und erh\u00f6ht ihre Kratzfestigkeit. Diese Oberfl\u00e4che ist nicht nur optisch ansprechend, sondern auch praktisch, da sie eine einfache Pflege gew\u00e4hrleistet. <\/li>\n<\/ul>\n<h4><strong>4. Leichtigkeit und Haltbarkeit:<\/strong><\/h4>\n<ul>\n<li><strong>Leicht und langlebig:<\/strong> Der <strong>glasfaserverst\u00e4rkte Nylongriff<\/strong> ist <strong>sehr leicht<\/strong> (das Gesamtgewicht des Messers betr\u00e4gt nur 53,86 g), sodass das Messer in der Tasche nicht l\u00e4stig zu tragen ist. Auch das Griffmaterial ist sehr <strong>widerstandsf\u00e4hig<\/strong> , was eine lange Lebensdauer des Messers auch bei t\u00e4glichem Gebrauch garantiert. <\/li>\n<li><strong>Kompakte Gr\u00f6\u00dfe:<\/strong> Durch die kompakte Gr\u00f6\u00dfe eignet sich dieses Messer ideal zum t\u00e4glichen Tragen in st\u00e4dtischen Umgebungen oder bei Arbeitstreffen, bei denen Diskretion wichtig ist.<\/li>\n<\/ul>\n<h4><strong>5. Einfaches Schlie\u00dfen und Verriegeln der Eins\u00e4tze:<\/strong><\/h4>\n<ul>\n<li><strong>Liner Lock:<\/strong> Dieser Mechanismus sorgt daf\u00fcr, dass die Klinge in ge\u00f6ffneter Position sicher verriegelt wird. Das Verschlie\u00dfen ist leichtg\u00e4ngig und erm\u00f6glicht eine <strong>bequeme Handhabung<\/strong> des Messers mit einer Hand. <\/li>\n<\/ul>\n<h4><strong>6. Tragem\u00f6glichkeiten:<\/strong><\/h4>\n<ul>\n<li><strong>Verstellbarer G\u00fcrtelclip:<\/strong> Der Clip erm\u00f6glicht das Tragen in der Tasche oder am G\u00fcrtel. Sie k\u00f6nnen das Messer wahlweise in der linken oder rechten Tasche tragen, was Ihnen mehr <strong>Flexibilit\u00e4t beim Tragen<\/strong> bietet.<\/li>\n<\/ul>\n<h3><strong>Spezifikationen:<\/strong><\/h3>\n<ul>\n<li><strong>Klingenl\u00e4nge:<\/strong> 3,35 Zoll (85,14 mm)<\/li>\n<li><strong>Gesamtl\u00e4nge:<\/strong> 7,69 Zoll (195,28 mm)<\/li>\n<li><strong>L\u00e4nge geschlossen:<\/strong> 4,35 Zoll (110,39 mm)<\/li>\n<li><strong>Klingenst\u00e4rke:<\/strong> 0,029 Zoll (2,29 mm)<\/li>\n<li><strong>Stahl:<\/strong> AUS 8<\/li>\n<li><strong>Klingenoberfl\u00e4che:<\/strong> Satin<\/li>\n<li><strong>Gewicht:<\/strong> 1,90 oz. (53,86 g)<\/li>\n<li><strong>Griff:<\/strong> Glasfaserverst\u00e4rktes Nylon<\/li>\n<li><strong>Stil:<\/strong> Klappmesser mit Einsteckschloss<\/li>\n<\/ul>\n<h3><strong>Abschluss:<\/strong><\/h3>\n<p><strong>Das CRKT CEO Flipper 7097<\/strong> ist ein gro\u00dfartiges <strong>EDC-Messer<\/strong> f\u00fcr den t\u00e4glichen Gebrauch, insbesondere f\u00fcr alle, die ein kompaktes und <strong>diskretes Werkzeug<\/strong> zur schnellen Aufgabenl\u00f6sung suchen. Mit seinem <strong>flachen Profil<\/strong> , <strong>der hohen Funktionalit\u00e4t<\/strong> und <strong>dem ergonomischen Design<\/strong> ist es ideal f\u00fcr Profis, die ein Messer ben\u00f6tigen, das leicht zu tragen ist, aber auch im Einsatz eine hervorragende Leistung bietet. <\/p>\n<p>Wenn Sie nach <strong>einem leichten<\/strong> , <strong>eleganten<\/strong> und <strong>funktionalen<\/strong> Alltagsmesser suchen, das sich leicht \u00f6ffnen l\u00e4sst und eine lange Lebensdauer bietet, ist <strong>der CRKT CEO Flipper 7097<\/strong> eine ausgezeichnete Wahl.<\/p>\n<\/div>\n<\/div>\n<\/div>\n<\/div>\n<div class=\"mb-2 flex gap-3 empty:hidden -ml-2\">\n<div class=\"items-center justify-start rounded-xl p-1 flex\">\n<div class=\"flex items-center\"><\/div>\n<\/div>\n<\/div>\n<div class=\"pr-2 lg:pr-0\"><\/div>\n<\/div>\n<\/div>\n<\/div>\n<\/div>\n<\/article>\n<\/div>\n<\/div>\n<\/div>\n<\/div>\n<\/div>\n<div class=\"product_view_bullet\">\n<p><iframe title=\"CEO FLIPPER | Richard Rogers Design\" width=\"800\" height=\"450\" src=\"https:\/\/www.youtube.com\/embed\/YT3idMh_Y5k?feature=oembed\" frameborder=\"0\" allow=\"accelerometer; autoplay; clipboard-write; encrypted-media; gyroscope; picture-in-picture; web-share\" referrerpolicy=\"strict-origin-when-cross-origin\" allowfullscreen><\/iframe><\/p>\n<p>&nbsp;<\/p>\n<p>&nbsp;<\/p>\n<\/div>\n","protected":false},"excerpt":{"rendered":"<p><strong>Das CRKT CEO Flipper 7097 ist ein gro\u00dfartiges EDC-Messer f\u00fcr den t\u00e4glichen Gebrauch, insbesondere f\u00fcr alle, die ein kompaktes und diskretes Werkzeug zur schnellen Aufgabenl\u00f6sung suchen. Mit seinem flachen Profil, der hohen Funktionalit\u00e4t und dem ergonomischen Design ist es ideal f\u00fcr Profis, die ein Messer ben\u00f6tigen, das leicht zu tragen ist, aber auch im Einsatz eine hervorragende Leistung bietet. <\/strong><\/p>\n<p>&nbsp;<\/p>\n","protected":false},"featured_media":327573,"comment_status":"open","ping_status":"closed","template":"","meta":[],"pwb-brand":[3457],"product_brand":[],"product_cat":[3303,3285],"product_tag":[3669],"class_list":{"0":"post-327572","1":"product","2":"type-product","3":"status-publish","4":"has-post-thumbnail","6":"pwb-brand-crkt-de","7":"product_cat-schliesmesser","8":"product_cat-messer","9":"product_tag-b2b-de","11":"first","12":"outofstock","13":"taxable","14":"shipping-taxable","15":"purchasable","16":"product-type-simple"},"brands":[{"id":3457,"name":"CRKT","slug":"crkt-de"}],"_links":{"self":[{"href":"https:\/\/www.moskito.cz\/de\/wp-json\/wp\/v2\/product\/327572","targetHints":{"allow":["GET"]}}],"collection":[{"href":"https:\/\/www.moskito.cz\/de\/wp-json\/wp\/v2\/product"}],"about":[{"href":"https:\/\/www.moskito.cz\/de\/wp-json\/wp\/v2\/types\/product"}],"replies":[{"embeddable":true,"href":"https:\/\/www.moskito.cz\/de\/wp-json\/wp\/v2\/comments?post=327572"}],"wp:featuredmedia":[{"embeddable":true,"href":"https:\/\/www.moskito.cz\/de\/wp-json\/wp\/v2\/media\/327573"}],"wp:attachment":[{"href":"https:\/\/www.moskito.cz\/de\/wp-json\/wp\/v2\/media?parent=327572"}],"wp:term":[{"taxonomy":"pwb-brand","embeddable":true,"href":"https:\/\/www.moskito.cz\/de\/wp-json\/wp\/v2\/pwb-brand?post=327572"},{"taxonomy":"product_brand","embeddable":true,"href":"https:\/\/www.moskito.cz\/de\/wp-json\/wp\/v2\/product_brand?post=327572"},{"taxonomy":"product_cat","embeddable":true,"href":"https:\/\/www.moskito.cz\/de\/wp-json\/wp\/v2\/product_cat?post=327572"},{"taxonomy":"product_tag","embeddable":true,"href":"https:\/\/www.moskito.cz\/de\/wp-json\/wp\/v2\/product_tag?post=327572"}],"curies":[{"name":"wp","href":"https:\/\/api.w.org\/{rel}","templated":true}]}}