{"id":327607,"date":"2022-11-19T18:24:30","date_gmt":"2022-11-19T17:24:30","guid":{"rendered":"https:\/\/www.moskito.cz\/produkt\/schliessmesser-crkt-m16-10ksf\/"},"modified":"2025-06-27T08:05:10","modified_gmt":"2025-06-27T07:05:10","slug":"schliessmesser-crkt-m16-10ksf","status":"publish","type":"product","link":"https:\/\/www.moskito.cz\/de\/produkt\/schliessmesser-crkt-m16-10ksf\/","title":{"rendered":"Schlie\u00dfmesser CRKT M16-10KSF"},"content":{"rendered":"<div class=\"flex-1 overflow-hidden @container\/thread\">\n<div class=\"h-full\">\n<div class=\"react-scroll-to-bottom--css-vxybp-79elbk h-full\">\n<div class=\"react-scroll-to-bottom--css-vxybp-1n7m0yu\">\n<div class=\"flex flex-col text-sm md:pb-9\">\n<article class=\"w-full scroll-mb-[var(--thread-trailing-height,150px)] text-token-text-primary focus-visible:outline-2 focus-visible:outline-offset-[-4px]\" dir=\"auto\" data-testid=\"conversation-turn-87\" data-scroll-anchor=\"true\">\n<div class=\"m-auto text-base py-[18px] px-3 md:px-4 w-full md:px-5 lg:px-4 xl:px-5\">\n<div class=\"mx-auto flex flex-1 gap-4 text-base md:gap-5 lg:gap-6 md:max-w-3xl\">\n<div class=\"group\/conversation-turn relative flex w-full min-w-0 flex-col agent-turn\">\n<div class=\"flex-col gap-1 md:gap-3\">\n<div class=\"flex max-w-full flex-col flex-grow\">\n<div class=\"min-h-8 text-message flex w-full flex-col items-end gap-2 whitespace-normal break-words text-start [.text-message+&amp;]:mt-5\" dir=\"auto\" data-message-author-role=\"assistant\" data-message-id=\"f487dbca-5236-471e-9192-dc7b867e5f40\" data-message-model-slug=\"gpt-4o-mini\">\n<div class=\"flex w-full flex-col gap-1 empty:hidden first:pt-[3px]\">\n<div class=\"markdown prose w-full break-words dark:prose-invert light\">\n<p><strong>Schlie\u00dfmesser CRKT M16-10KSF<\/strong><\/p>\n<p><strong>Das CRKT M16-10KSF<\/strong> ist <strong>ein robustes und leistungsstarkes Messer,<\/strong> das f\u00fcr <strong>harte Aufgaben<\/strong> und <strong>den t\u00e4glichen Gebrauch (EDC)<\/strong> konzipiert ist. Dieses Messer ist Teil der <strong>M16\u00ae-<\/strong> Serie, die f\u00fcr ihre <strong>Haltbarkeit und Leistung<\/strong> bekannt ist, und eignet sich ideal f\u00fcr <strong>zivile Aufgaben<\/strong> wie <strong>das \u00d6ffnen von Kisten<\/strong> , das Schneiden von Materialien oder allgemeine Outdoor-Aktivit\u00e4ten. Mit innovativen Funktionen wie <strong>dem Carson Flipper<\/strong> und <strong>der Triple Point\u2122-Verzahnung<\/strong> bietet es hervorragende <strong>Schneidleistung<\/strong> und <strong>sichere Anwendung<\/strong> .  <\/p>\n<h3><strong>Spezifikationen:<\/strong><\/h3>\n<ul>\n<li><strong>Klingenl\u00e4nge<\/strong> : 74,68 mm (2,94 Zoll)<\/li>\n<li><strong>Klingenkante<\/strong> : <strong>Triple Point\u2122-Zackenschliff<\/strong> (Kombination aus glatten und gezackten Kanten zum besseren Schneiden von faserigen Materialien)<\/li>\n<li><strong>Klingenmaterial<\/strong> : <strong>8Cr14MoV-Stahl<\/strong> (gutes Gleichgewicht zwischen H\u00e4rte und Korrosionsbest\u00e4ndigkeit)<\/li>\n<li><strong>Oberfl\u00e4chenbehandlung der Klinge<\/strong> : <strong>EDP<\/strong> (verbessert die Korrosionsbest\u00e4ndigkeit)<\/li>\n<li><strong>Klingenst\u00e4rke<\/strong> : 2,49 mm (0,10 Zoll)<\/li>\n<li><strong>Gesamtl\u00e4nge<\/strong> : 177,80 mm (7,00&#8243;)<\/li>\n<li><strong>Geschlossene L\u00e4nge<\/strong> : 101,60 mm (4,00&#8243;)<\/li>\n<li><strong>Gewicht<\/strong> : 76,54 g (2,70 oz)<\/li>\n<li><strong>Griff<\/strong> : <strong>Edelstahl<\/strong> (langlebige und solide Konstruktion)<\/li>\n<li><strong>Stil<\/strong> : <strong>Klappmesser<\/strong> mit <strong>Framelock<\/strong><\/li>\n<\/ul>\n<h3><strong>Haupteigenschaften:<\/strong><\/h3>\n<ol>\n<li><strong>Rahmenschloss f\u00fcr mehr Sicherheit<\/strong> :\n<ul>\n<li><strong>Die Rahmenverriegelung<\/strong> sorgt daf\u00fcr, dass die Klinge w\u00e4hrend des Gebrauchs fest an ihrem Platz gehalten wird. Dieses Schloss ist f\u00fcr seine Zuverl\u00e4ssigkeit bekannt und bietet hervorragende <strong>Sicherheit am Arbeitsplatz<\/strong> . <\/li>\n<\/ul>\n<\/li>\n<li><strong>Carson Flipper zum schnellen \u00d6ffnen<\/strong> :\n<ul>\n<li><strong>Der Flipper<\/strong> ist in den Griff integriert und erm\u00f6glicht ein <strong>schnelles und sanftes \u00d6ffnen der Klinge mit einer Hand<\/strong> . Somit k\u00f6nnen Sie das Messer ohne komplizierte Handhabung sofort einsatzbereit machen. <\/li>\n<\/ul>\n<\/li>\n<li><strong>Triple Point\u2122-Verzahnung<\/strong> :\n<ul>\n<li><strong>Die Triple Point\u2122-Zahnung<\/strong> ist daf\u00fcr ausgelegt, faserige Materialien wie <strong>Seile, Schn\u00fcre oder Gurtb\u00e4nder<\/strong> <strong>m\u00fchelos zu durchtrennen<\/strong> und bietet eine hervorragende Schneidleistung selbst bei Materialien, die normalerweise schwer zu schneiden w\u00e4ren.<\/li>\n<\/ul>\n<\/li>\n<li><strong>Schwarze EDP-Beschichtung<\/strong> :\n<ul>\n<li><strong>Die EDP-Beschichtung (Electrophoretic Paint Deposition)<\/strong> auf der Klinge verbessert <strong>die Korrosionsbest\u00e4ndigkeit<\/strong> und sorgt gleichzeitig f\u00fcr <strong>eine matte Oberfl\u00e4che<\/strong> , die kratz- und verschlei\u00dffest ist.<\/li>\n<\/ul>\n<\/li>\n<li><strong>Kompaktes und tragbares Design<\/strong> :\n<ul>\n<li>Dieses Messer hat eine kompakte Gr\u00f6\u00dfe mit <strong>einer L\u00e4nge von 4 Zoll (101,6 mm) im geschlossenen Zustand<\/strong> , was es zu <strong>einem gro\u00dfartigen EDC-Messer (Everyday Carry)<\/strong> macht, das problemlos in eine Tasche oder einen Beutel passt.<\/li>\n<\/ul>\n<\/li>\n<\/ol>\n<h3><strong>Vorteile:<\/strong><\/h3>\n<ul>\n<li><strong>Hohe Sicherheit<\/strong> : Das Rahmenschloss bietet starken und zuverl\u00e4ssigen Schutz vor ungewolltem \u00d6ffnen.<\/li>\n<li><strong>Ideal f\u00fcr allt\u00e4gliche Aufgaben<\/strong> : Dank <strong>der Triple Point\u2122-Verzahnung<\/strong> eignet sich das Messer ideal zum <strong>Schneiden von faserigen Materialien<\/strong> wie Kartons, Seilen und dergleichen.<\/li>\n<li><strong>Kompakt und leicht<\/strong> : Mit einem Gewicht von <strong>76,54 g (2,70 oz)<\/strong> und einer Gesamtl\u00e4nge von 7,00 Zoll ist das Messer leicht und dennoch robust genug f\u00fcr die meisten allt\u00e4glichen Aufgaben.<\/li>\n<li><strong>Korrosionsbest\u00e4ndigkeit<\/strong> : <strong>Die schwarze EDP-Beschichtung<\/strong> bietet Schutz vor Korrosion und Verschmutzung und ist daher ideal f\u00fcr den Langzeiteinsatz unter unterschiedlichsten Bedingungen geeignet.<\/li>\n<li><strong>Schnelles und bequemes \u00d6ffnen<\/strong> : <strong>Der Carson Flipper<\/strong> erm\u00f6glicht ein schnelles \u00d6ffnen mit einer Hand, was den praktischen Nutzen des Messers im Gel\u00e4nde erh\u00f6ht.<\/li>\n<\/ul>\n<h3><strong>Abschluss:<\/strong><\/h3>\n<p><strong>Das CRKT M16-10KSF<\/strong> ist ein gro\u00dfartiges <strong>Alltagsmesser (EDC)<\/strong> f\u00fcr alle, die <strong>ein leistungsstarkes und kompaktes Werkzeug<\/strong> mit <strong>Langlebigkeit und Zuverl\u00e4ssigkeit<\/strong> suchen. Mit <strong>innovativen Funktionen<\/strong> wie <strong>dem Carson Flipper<\/strong> , <strong>Triple Point\u2122 Serrations<\/strong> und <strong>einer Rahmenverriegelung<\/strong> bietet dieses Messer <strong>hervorragende Leistung<\/strong> f\u00fcr eine breite Palette von Aufgaben, vom <strong>\u00d6ffnen von Kartons<\/strong> bis hin zu <strong>anspruchsvolleren Arbeiten<\/strong> . Es ist die ideale Wahl f\u00fcr den t\u00e4glichen Gebrauch im B\u00fcro, zu Hause oder im Freien.  <\/p>\n<\/div>\n<\/div>\n<\/div>\n<\/div>\n<div class=\"mt-3 w-full empty:hidden\">\n<div class=\"text-center\"><\/div>\n<\/div>\n<\/div>\n<div class=\"absolute\">\n<div class=\"flex items-center justify-center\"><\/div>\n<\/div>\n<\/div>\n<\/div>\n<\/div>\n<\/article>\n<\/div>\n<\/div>\n<\/div>\n<\/div>\n<\/div>\n<div class=\"md:pt-0 dark:border-white\/20 md:border-transparent md:dark:border-transparent w-full\">\n<div>\n<div class=\"m-auto text-base px-3 md:px-4 w-full md:px-5 lg:px-4 xl:px-5\">\n<div class=\"mx-auto flex flex-1 gap-4 text-base md:gap-5 lg:gap-6 md:max-w-3xl\">\n<div class=\"flex justify-center\"><\/div>\n<\/div>\n<\/div>\n<\/div>\n<\/div>\n<p><iframe title=\"M16-10KSF Knife | by Kit Carson\" width=\"800\" height=\"450\" src=\"https:\/\/www.youtube.com\/embed\/8lRjYI-hRuw?feature=oembed\" frameborder=\"0\" allow=\"accelerometer; autoplay; clipboard-write; encrypted-media; gyroscope; picture-in-picture; web-share\" referrerpolicy=\"strict-origin-when-cross-origin\" allowfullscreen><\/iframe><\/p>\n<p>&nbsp;<\/p>\n","protected":false},"excerpt":{"rendered":"<p><strong>Das CRKT M16-10KSF ist ein gro\u00dfartiges Alltagsmesser (EDC) f\u00fcr alle, die ein leistungsstarkes und kompaktes Werkzeug mit Langlebigkeit und Zuverl\u00e4ssigkeit suchen. Mit innovativen Funktionen wie dem Carson Flipper, Triple Point\u2122 Serrations und einer Rahmenverriegelung bietet dieses Messer hervorragende Leistung f\u00fcr eine breite Palette von Aufgaben, vom \u00d6ffnen von Kartons bis hin zu anspruchsvolleren Arbeiten. Es ist die ideale Wahl f\u00fcr den t\u00e4glichen Gebrauch im B\u00fcro, zu Hause oder im Freien.  <\/strong><\/p>\n","protected":false},"featured_media":327608,"comment_status":"open","ping_status":"closed","template":"","meta":[],"pwb-brand":[3457],"product_brand":[],"product_cat":[3303,3285],"product_tag":[3669],"class_list":{"0":"post-327607","1":"product","2":"type-product","3":"status-publish","4":"has-post-thumbnail","6":"pwb-brand-crkt-de","7":"product_cat-schliesmesser","8":"product_cat-messer","9":"product_tag-b2b-de","11":"first","12":"instock","13":"taxable","14":"shipping-taxable","15":"purchasable","16":"product-type-simple"},"brands":[{"id":3457,"name":"CRKT","slug":"crkt-de"}],"_links":{"self":[{"href":"https:\/\/www.moskito.cz\/de\/wp-json\/wp\/v2\/product\/327607","targetHints":{"allow":["GET"]}}],"collection":[{"href":"https:\/\/www.moskito.cz\/de\/wp-json\/wp\/v2\/product"}],"about":[{"href":"https:\/\/www.moskito.cz\/de\/wp-json\/wp\/v2\/types\/product"}],"replies":[{"embeddable":true,"href":"https:\/\/www.moskito.cz\/de\/wp-json\/wp\/v2\/comments?post=327607"}],"wp:featuredmedia":[{"embeddable":true,"href":"https:\/\/www.moskito.cz\/de\/wp-json\/wp\/v2\/media\/327608"}],"wp:attachment":[{"href":"https:\/\/www.moskito.cz\/de\/wp-json\/wp\/v2\/media?parent=327607"}],"wp:term":[{"taxonomy":"pwb-brand","embeddable":true,"href":"https:\/\/www.moskito.cz\/de\/wp-json\/wp\/v2\/pwb-brand?post=327607"},{"taxonomy":"product_brand","embeddable":true,"href":"https:\/\/www.moskito.cz\/de\/wp-json\/wp\/v2\/product_brand?post=327607"},{"taxonomy":"product_cat","embeddable":true,"href":"https:\/\/www.moskito.cz\/de\/wp-json\/wp\/v2\/product_cat?post=327607"},{"taxonomy":"product_tag","embeddable":true,"href":"https:\/\/www.moskito.cz\/de\/wp-json\/wp\/v2\/product_tag?post=327607"}],"curies":[{"name":"wp","href":"https:\/\/api.w.org\/{rel}","templated":true}]}}