{"id":327619,"date":"2021-07-29T20:29:34","date_gmt":"2024-04-08T14:27:46","guid":{"rendered":"https:\/\/www.moskito.cz\/produkt\/schliessmesser-crkt-m16-10ks\/"},"modified":"2025-05-07T11:09:14","modified_gmt":"2025-05-07T10:09:14","slug":"schliessmesser-crkt-m16-10ks","status":"publish","type":"product","link":"https:\/\/www.moskito.cz\/de\/produkt\/schliessmesser-crkt-m16-10ks\/","title":{"rendered":"Schlie\u00dfmesser CRKT M16-10KS"},"content":{"rendered":"<div class=\"flex-1 overflow-hidden @container\/thread\">\n<div class=\"h-full\">\n<div class=\"react-scroll-to-bottom--css-vxybp-79elbk h-full\">\n<div class=\"react-scroll-to-bottom--css-vxybp-1n7m0yu\">\n<div class=\"flex flex-col text-sm md:pb-9\">\n<article class=\"w-full scroll-mb-[var(--thread-trailing-height,150px)] text-token-text-primary focus-visible:outline-2 focus-visible:outline-offset-[-4px]\" dir=\"auto\" data-testid=\"conversation-turn-473\" data-scroll-anchor=\"true\">\n<div class=\"m-auto text-base py-[18px] px-3 md:px-4 w-full md:px-5 lg:px-4 xl:px-5\">\n<div class=\"mx-auto flex flex-1 gap-4 text-base md:gap-5 lg:gap-6 md:max-w-3xl\">\n<div class=\"group\/conversation-turn relative flex w-full min-w-0 flex-col agent-turn\">\n<div class=\"flex-col gap-1 md:gap-3\">\n<div class=\"flex max-w-full flex-col flex-grow\">\n<div class=\"min-h-8 text-message flex w-full flex-col items-end gap-2 whitespace-normal break-words text-start [.text-message+&amp;]:mt-5\" dir=\"auto\" data-message-author-role=\"assistant\" data-message-id=\"cadfd5c2-c0dc-40af-b706-bda4272b2557\" data-message-model-slug=\"gpt-4o-mini\">\n<div class=\"flex w-full flex-col gap-1 empty:hidden first:pt-[3px]\">\n<div class=\"markdown prose w-full break-words dark:prose-invert light\">\n<h3><strong>Schlie\u00dfmesser CRKT M16-10KS<\/strong><\/h3>\n<p><strong>Entworfen von:<\/strong> Kit Carson, Vine Grove, Kentucky<br \/>\n<strong>Stil:<\/strong> Klappmesser mit Rahmenverriegelung (Framelock)<\/p>\n<p>Die <strong>M16\u00ae-SS EDC-<\/strong> Serie ist <strong>eine praktische und langlebige<\/strong> Wahl f\u00fcr den t\u00e4glichen Gebrauch. Sie beh\u00e4lt das Design und die Funktionalit\u00e4t von Milit\u00e4rmessern bei, ist jedoch in <strong>einer kompakten und zug\u00e4nglichen Form<\/strong> f\u00fcr zivile Benutzer erh\u00e4ltlich. Wenn Sie ein Fan der beliebten <strong>M16\u00ae-<\/strong> Serie sind, die f\u00fcr ihre <strong>taktische Zuverl\u00e4ssigkeit<\/strong> bekannt ist, bringt diese <strong>Edelstahlvariante<\/strong> moderne Upgrades und Stil in <strong>das Alltagsmesser<\/strong> (EDC). <\/p>\n<h3><strong>Hauptmerkmale und Vorteile:<\/strong><\/h3>\n<h4>1. <strong>Carson Flipper zum schnellen \u00d6ffnen:<\/strong><\/h4>\n<ul>\n<li><strong>Der Carson Flipper<\/strong> ist ein praktischer Mechanismus, der <strong>ein schnelles und bequemes \u00d6ffnen der Klinge<\/strong> erm\u00f6glicht. Dieser Flipper dient nicht nur zum Aktivieren der Klinge, sondern fungiert in ge\u00f6ffneter Position auch als <strong>effektiver Klingenschutz<\/strong> und sorgt so f\u00fcr Sicherheit bei der Anwendung. <\/li>\n<\/ul>\n<h4>2. **Klinge mit <strong>Triple Point\u2122 Serrations\u2122:<\/strong><\/h4>\n<ul>\n<li><strong>Triple Point\u2122-Zacken<\/strong> bieten <strong>hervorragende Schneideigenschaften<\/strong> und eignen sich ideal zum <strong>Schneiden von Materialien<\/strong> wie Seilen, Plastikfolien, Karton oder anderen schwereren Materialien. Diese Art von Zahn ist <strong>bei taktischen Messern beliebt<\/strong> , da sie auch unter anspruchsvolleren Bedingungen <strong>eine effiziente Schneidleistung<\/strong> bietet. <\/li>\n<\/ul>\n<h4>3. <strong>8Cr14MoV-Stahl:<\/strong><\/h4>\n<ul>\n<li><strong>8Cr14MoV<\/strong> ist ein hochwertiger <strong>rostfreier Stahl<\/strong> , der <strong>verschlei\u00dffest<\/strong> ist und <strong>seine Sch\u00e4rfe<\/strong> sehr gut beh\u00e4lt. Der Stahl l\u00e4sst sich leicht <strong>sch\u00e4rfen<\/strong> und gew\u00e4hrleistet in Kombination mit <strong>der Triple Point\u2122-Verzahnung<\/strong> <strong>eine hohe Funktionalit\u00e4t<\/strong> auch bei anspruchsvollen Aufgaben. <\/li>\n<\/ul>\n<h4>4. <strong>Oberfl\u00e4chenbehandlung der Klinge EDP (Electro Deposition Coating):<\/strong><\/h4>\n<ul>\n<li><strong>Die EDP-Beschichtung<\/strong> bietet <strong>einen verbesserten Schutz vor Korrosion<\/strong> und <strong>Anlaufen<\/strong> und sorgt so f\u00fcr langfristige Haltbarkeit und Widerstandsf\u00e4higkeit auch bei <strong>anspruchsvolleren<\/strong> Einsatzbedingungen.<\/li>\n<\/ul>\n<h4>5. <strong>Edelstahlkonstruktion:<\/strong><\/h4>\n<ul>\n<li><strong>Der Edelstahlgriff<\/strong> sorgt f\u00fcr hohe <strong>Stabilit\u00e4t<\/strong> und <strong>Langlebigkeit<\/strong> . Dieses Material ist au\u00dferdem <strong>kratzfest<\/strong> und <strong>die schwarze Oxidoberfl\u00e4che<\/strong> tr\u00e4gt nicht nur zur \u00c4sthetik bei, sondern erh\u00f6ht auch <strong>die Verschlei\u00df-<\/strong> und <strong>Korrosionsbest\u00e4ndigkeit<\/strong> . <\/li>\n<\/ul>\n<h4>6. <strong>Framelock f\u00fcr sichere Klingenarretierung:<\/strong><\/h4>\n<ul>\n<li><strong>Der Framelock<\/strong> sorgt daf\u00fcr, dass die Klinge <strong>fest an ihrem Platz gehalten<\/strong> wird, bis die Verriegelung manuell gel\u00f6st wird. Dieses Schloss ist \u00e4u\u00dferst zuverl\u00e4ssig und <strong>einfach zu bedienen<\/strong> und bietet selbst bei starker Beanspruchung <strong>eine starke und sichere Verriegelung<\/strong> . <\/li>\n<\/ul>\n<h3><strong>Spezifikationen:<\/strong><\/h3>\n<ul>\n<li><strong>Klingenl\u00e4nge:<\/strong> 3,06&#8243; (77,72 mm)<\/li>\n<li><strong>Klingenschneide:<\/strong> Triple Point\u2122 Serrations\u2122<\/li>\n<li><strong>Klingenstahl:<\/strong> 8Cr14MoV<\/li>\n<li><strong>Klingenoberfl\u00e4chenbehandlung:<\/strong> EDP (Elektroabscheidungs-Oberfl\u00e4chenbehandlung)<\/li>\n<li><strong>Klingenst\u00e4rke:<\/strong> 0,10&#8243; (2,49 mm)<\/li>\n<li><strong>Gesamtl\u00e4nge:<\/strong> 7,00&#8243; (177,80 mm)<\/li>\n<li><strong>L\u00e4nge geschlossen:<\/strong> 4,00&#8243; (101,60 mm)<\/li>\n<li><strong>Gewicht:<\/strong> 73,71 g<\/li>\n<li><strong>Griff:<\/strong> Edelstahl mit schwarzer Oxidoberfl\u00e4che<\/li>\n<li><strong>Stil:<\/strong> Klappmesser mit Rahmenverriegelung (Framelock)<\/li>\n<\/ul>\n<h3><strong>Verwenden:<\/strong><\/h3>\n<ul>\n<li><strong>Alltagsmesser (EDC):<\/strong> Seine kompakte Gr\u00f6\u00dfe und sein <strong>geringes Gewicht<\/strong> machen dieses Messer ideal f\u00fcr <strong>den allt\u00e4glichen Gebrauch<\/strong> \u2013 zum \u00d6ffnen von Paketen, Durchschneiden von Schn\u00fcren oder f\u00fcr andere g\u00e4ngige Aufgaben, die ein zuverl\u00e4ssiges Werkzeug erfordern.<\/li>\n<li><strong>Taktischer und Outdoor-Einsatz:<\/strong> Auch <strong>der taktische Einsatz<\/strong> ist dank <strong>Triple Point\u2122 Serrations\u2122<\/strong> und <strong>der robusten Konstruktion<\/strong> hervorragend geeignet und erm\u00f6glicht den Einsatz unter raueren Bedingungen, z. B. f\u00fcr <strong>Notsituationen<\/strong> oder Outdoor <strong>-Abenteuer<\/strong> . <\/li>\n<\/ul>\n<h3><strong>Abschluss:<\/strong><\/h3>\n<p><strong>Das CRKT M16-10KS<\/strong> ist <strong>ein gro\u00dfartiges Alltagsmesser<\/strong> , das <strong>zuverl\u00e4ssige Leistung<\/strong> , <strong>modernes Design<\/strong> und <strong>robuste Konstruktion<\/strong> bietet. Wenn Sie nach <strong>einem einfachen<\/strong> , <strong>langlebigen<\/strong> und <strong>erschwinglichen<\/strong> Messer suchen, das schwierige Aufgaben bew\u00e4ltigt und sich bei <strong>taktischen und EDC-Anwendungen<\/strong> auszeichnet, ist dieses Modell eine gro\u00dfartige Wahl. <\/p>\n<\/div>\n<\/div>\n<\/div>\n<\/div>\n<div class=\"mb-2 flex gap-3 empty:hidden -ml-2\">\n<div class=\"items-center justify-start rounded-xl p-1 flex\">\n<div class=\"flex items-center\"><\/div>\n<\/div>\n<\/div>\n<div class=\"pr-2 lg:pr-0\"><\/div>\n<\/div>\n<\/div>\n<\/div>\n<\/div>\n<\/article>\n<\/div>\n<\/div>\n<\/div>\n<\/div>\n<\/div>\n","protected":false},"excerpt":{"rendered":"<p><strong>Das CRKT M16-10KS ist ein gro\u00dfartiges Alltagsmesser, das zuverl\u00e4ssige Leistung, modernes Design und robuste Konstruktion bietet. Wenn Sie nach einem einfachen, langlebigen und erschwinglichen Messer suchen, das schwierige Aufgaben bew\u00e4ltigt und sich bei taktischen und EDC-Anwendungen auszeichnet, ist dieses Modell eine gro\u00dfartige Wahl. <\/strong><\/p>\n","protected":false},"featured_media":327631,"comment_status":"open","ping_status":"closed","template":"","meta":[],"pwb-brand":[3457],"product_brand":[],"product_cat":[3285,3303],"product_tag":[3669],"class_list":{"0":"post-327619","1":"product","2":"type-product","3":"status-publish","4":"has-post-thumbnail","6":"pwb-brand-crkt-de","7":"product_cat-messer","8":"product_cat-schliesmesser","9":"product_tag-b2b-de","11":"first","12":"outofstock","13":"taxable","14":"shipping-taxable","15":"purchasable","16":"product-type-simple"},"brands":[{"id":3457,"name":"CRKT","slug":"crkt-de"}],"_links":{"self":[{"href":"https:\/\/www.moskito.cz\/de\/wp-json\/wp\/v2\/product\/327619","targetHints":{"allow":["GET"]}}],"collection":[{"href":"https:\/\/www.moskito.cz\/de\/wp-json\/wp\/v2\/product"}],"about":[{"href":"https:\/\/www.moskito.cz\/de\/wp-json\/wp\/v2\/types\/product"}],"replies":[{"embeddable":true,"href":"https:\/\/www.moskito.cz\/de\/wp-json\/wp\/v2\/comments?post=327619"}],"wp:featuredmedia":[{"embeddable":true,"href":"https:\/\/www.moskito.cz\/de\/wp-json\/wp\/v2\/media\/327631"}],"wp:attachment":[{"href":"https:\/\/www.moskito.cz\/de\/wp-json\/wp\/v2\/media?parent=327619"}],"wp:term":[{"taxonomy":"pwb-brand","embeddable":true,"href":"https:\/\/www.moskito.cz\/de\/wp-json\/wp\/v2\/pwb-brand?post=327619"},{"taxonomy":"product_brand","embeddable":true,"href":"https:\/\/www.moskito.cz\/de\/wp-json\/wp\/v2\/product_brand?post=327619"},{"taxonomy":"product_cat","embeddable":true,"href":"https:\/\/www.moskito.cz\/de\/wp-json\/wp\/v2\/product_cat?post=327619"},{"taxonomy":"product_tag","embeddable":true,"href":"https:\/\/www.moskito.cz\/de\/wp-json\/wp\/v2\/product_tag?post=327619"}],"curies":[{"name":"wp","href":"https:\/\/api.w.org\/{rel}","templated":true}]}}