{"id":327713,"date":"2022-09-04T20:31:42","date_gmt":"2024-04-08T14:31:38","guid":{"rendered":"https:\/\/www.moskito.cz\/produkt\/schliessmesser-crkt-overland-6280\/"},"modified":"2025-05-07T11:09:16","modified_gmt":"2025-05-07T10:09:16","slug":"schliessmesser-crkt-overland-6280","status":"publish","type":"product","link":"https:\/\/www.moskito.cz\/de\/produkt\/schliessmesser-crkt-overland-6280\/","title":{"rendered":"Schlie\u00dfmesser CRKT OVERLAND 6280"},"content":{"rendered":"<p>Schlie\u00dfmesser <strong>CRKT<\/strong> OVERLAND 6280.<\/p>\n<p>4&#215;4-Messerversion.<\/p>\n<p>Inspiriert von der \u00c4sthetik eines klassischen Raupenmessers ist das Overland\u2122 Outdoor-Klappmesser f\u00fcr den Einsatz im Gel\u00e4nde konzipiert. Es spielt keine Rolle, ob Ihre Campingk\u00fcche meilenweit entfernt auf einem flachen Felsen oder auf einer Picknickbank im Park steht, dieses Messer eignet sich perfekt zum Schneiden von am Lagerfeuer angebratenen Filets.<br \/>\nEinfaches Sch\u00e4rfen: Die Klinge aus rostfreiem Kohlenstoffstahl h\u00e4lt die Schneide gut<br \/>\nKomfortabel: Der im Verh\u00e4ltnis zur Klinge erh\u00f6hte Griff tr\u00e4gt zum Schneiden einer ebenen Fl\u00e4che bei<br \/>\nOptischer Reiz: Orange eloxierter Drehring und Backspacer-Akzente.<\/p>\n<p>SPEZIFIKATIONEN<br \/>\nKlingenl\u00e4nge 3,00&#8243; (76,12 mm)<br \/>\nKlinge Klinge Plain<br \/>\nKlingenstahl 8Cr13MoV<br \/>\nStonewash-Klingenfinish<br \/>\nKlingenst\u00e4rke: 0,12 Zoll (3,07 mm)<br \/>\nGesamtl\u00e4nge 7,38&#8243; (187,33 mm)<br \/>\nGeschlossene L\u00e4nge 4,36&#8243; (110,67 mm)<br \/>\nGewicht 3,60 Unzen. (102,06 g)<br \/>\nG10-Griff | Edelstahl<br \/>\nStyle Klappmesser mit Framelock<\/p>\n","protected":false},"excerpt":{"rendered":"<p>Entworfen von TJ Schwarz in Boise, Idaho.<\/p>\n","protected":false},"featured_media":327714,"comment_status":"open","ping_status":"closed","template":"","meta":[],"pwb-brand":[3457],"product_brand":[],"product_cat":[3303,3285],"product_tag":[3669],"class_list":{"0":"post-327713","1":"product","2":"type-product","3":"status-publish","4":"has-post-thumbnail","6":"pwb-brand-crkt-de","7":"product_cat-schliesmesser","8":"product_cat-messer","9":"product_tag-b2b-de","11":"first","12":"outofstock","13":"sale","14":"taxable","15":"shipping-taxable","16":"purchasable","17":"product-type-simple"},"brands":[{"id":3457,"name":"CRKT","slug":"crkt-de"}],"_links":{"self":[{"href":"https:\/\/www.moskito.cz\/de\/wp-json\/wp\/v2\/product\/327713","targetHints":{"allow":["GET"]}}],"collection":[{"href":"https:\/\/www.moskito.cz\/de\/wp-json\/wp\/v2\/product"}],"about":[{"href":"https:\/\/www.moskito.cz\/de\/wp-json\/wp\/v2\/types\/product"}],"replies":[{"embeddable":true,"href":"https:\/\/www.moskito.cz\/de\/wp-json\/wp\/v2\/comments?post=327713"}],"wp:featuredmedia":[{"embeddable":true,"href":"https:\/\/www.moskito.cz\/de\/wp-json\/wp\/v2\/media\/327714"}],"wp:attachment":[{"href":"https:\/\/www.moskito.cz\/de\/wp-json\/wp\/v2\/media?parent=327713"}],"wp:term":[{"taxonomy":"pwb-brand","embeddable":true,"href":"https:\/\/www.moskito.cz\/de\/wp-json\/wp\/v2\/pwb-brand?post=327713"},{"taxonomy":"product_brand","embeddable":true,"href":"https:\/\/www.moskito.cz\/de\/wp-json\/wp\/v2\/product_brand?post=327713"},{"taxonomy":"product_cat","embeddable":true,"href":"https:\/\/www.moskito.cz\/de\/wp-json\/wp\/v2\/product_cat?post=327713"},{"taxonomy":"product_tag","embeddable":true,"href":"https:\/\/www.moskito.cz\/de\/wp-json\/wp\/v2\/product_tag?post=327713"}],"curies":[{"name":"wp","href":"https:\/\/api.w.org\/{rel}","templated":true}]}}