{"id":327837,"date":"2023-03-21T22:48:46","date_gmt":"2023-03-21T21:48:46","guid":{"rendered":"https:\/\/www.moskito.cz\/produkt\/schliessmesser-crkt-m16-04ks\/"},"modified":"2025-05-07T11:09:18","modified_gmt":"2025-05-07T10:09:18","slug":"schliessmesser-crkt-m16-04ks","status":"publish","type":"product","link":"https:\/\/www.moskito.cz\/de\/produkt\/schliessmesser-crkt-m16-04ks\/","title":{"rendered":"Schlie\u00dfmesser CRKT M16-04KS"},"content":{"rendered":"<div class=\"flex-1 overflow-hidden @container\/thread\">\n<div class=\"h-full\">\n<div class=\"react-scroll-to-bottom--css-vxybp-79elbk h-full\">\n<div class=\"react-scroll-to-bottom--css-vxybp-1n7m0yu\">\n<div class=\"flex flex-col text-sm md:pb-9\">\n<article class=\"w-full scroll-mb-[var(--thread-trailing-height,150px)] text-token-text-primary focus-visible:outline-2 focus-visible:outline-offset-[-4px]\" dir=\"auto\" data-testid=\"conversation-turn-63\" data-scroll-anchor=\"true\">\n<div class=\"m-auto text-base py-[18px] px-3 md:px-4 w-full md:px-5 lg:px-4 xl:px-5\">\n<div class=\"mx-auto flex flex-1 gap-4 text-base md:gap-5 lg:gap-6 md:max-w-3xl\">\n<div class=\"group\/conversation-turn relative flex w-full min-w-0 flex-col agent-turn\">\n<div class=\"flex-col gap-1 md:gap-3\">\n<div class=\"flex max-w-full flex-col flex-grow\">\n<div class=\"min-h-8 text-message flex w-full flex-col items-end gap-2 whitespace-normal break-words text-start [.text-message+&amp;]:mt-5\" dir=\"auto\" data-message-author-role=\"assistant\" data-message-id=\"e5f97c11-8b64-4c68-9f5e-c7f3a88d149f\" data-message-model-slug=\"gpt-4o-mini\">\n<div class=\"flex w-full flex-col gap-1 empty:hidden first:pt-[3px]\">\n<div class=\"markdown prose w-full break-words dark:prose-invert light\">\n<p><strong>Schlie\u00dfmesser CRKT M16-04KS<\/strong><\/p>\n<p><strong>Das M16\u00ae<\/strong> ist zweifellos eine der beliebtesten und bekanntesten Messerlinien von <strong>CRKT<\/strong> . Dieses Modell, <strong>das M16-04KS<\/strong> , ist eine Hommage an den ber\u00fchmten Designer <strong>Kit Carson<\/strong> , der ein Design entworfen hat, das <strong>von taktischen<\/strong> Alltagsmessern (EDC) inspiriert ist. Dieses Messer ist eine moderne Interpretation seines legend\u00e4ren Designs, die ebenso funktional wie optisch ansprechend ist.  <\/p>\n<h3><strong>Spezifikationen:<\/strong><\/h3>\n<ul>\n<li><strong>Klingenl\u00e4nge<\/strong> : 9,83 cm<\/li>\n<li><strong>Klingenschneide<\/strong> : <strong>Glatt<\/strong> (klassisch, gerade Schneide)<\/li>\n<li><strong>Klingenmaterial<\/strong> : <strong>Sandvik-Stahl 12C27<\/strong> (bekannt f\u00fcr seine Haltbarkeit und Schnitthaltigkeit)<\/li>\n<li><strong>Klingenoberfl\u00e4che<\/strong> : <strong>Oxid<\/strong> (f\u00fcr Korrosionsschutz und verbessertes Aussehen)<\/li>\n<li><strong>Klingenst\u00e4rke<\/strong> : 0,34 cm<\/li>\n<li><strong>Gesamtl\u00e4nge<\/strong> : 23,65 cm<\/li>\n<li><strong>Geschlossene L\u00e4nge<\/strong> : 13,55 cm<\/li>\n<li><strong>Gewicht<\/strong> : 175,77 g<\/li>\n<li><strong>Griff<\/strong> : <strong>Edelstahl<\/strong> (f\u00fcr hervorragende Festigkeit und Haltbarkeit)<\/li>\n<li><strong>Verriegelung<\/strong> : <strong>Framelock<\/strong> (garantiert eine feste Verriegelung der Klinge)<\/li>\n<\/ul>\n<h3><strong>Haupteigenschaften:<\/strong><\/h3>\n<ol>\n<li><strong>Schnelles \u00d6ffnen:<\/strong>\n<ul>\n<li>Dieses Modell verf\u00fcgt \u00fcber <strong>einen Flipper<\/strong> , der ein schnelles und sanftes Ausfahren der Klinge in einer einzigen Bewegung erm\u00f6glicht. Das \u00d6ffnen geht sehr effizient und einfach, sodass das Messer ideal f\u00fcr <strong>den t\u00e4glichen Gebrauch<\/strong> und schnellen Zugriff ist. <\/li>\n<\/ul>\n<\/li>\n<li><strong>Stabile Rahmenkonstruktion:<\/strong>\n<ul>\n<li><strong>Das Rahmenschloss<\/strong> ist f\u00fcr seine Zuverl\u00e4ssigkeit und Robustheit bekannt. <strong>Der starke Riegel<\/strong> sorgt f\u00fcr eine sichere und stabile Arretierung der Klinge w\u00e4hrend des Gebrauchs. Dieses Schloss bietet <strong>maximale Sicherheit<\/strong> und <strong>Haltbarkeit<\/strong> bei intensiver Nutzung. <\/li>\n<\/ul>\n<\/li>\n<li><strong>Hochbest\u00e4ndiger Edelstahlgriff:<\/strong>\n<ul>\n<li><strong>Edelstahl<\/strong> ist sehr langlebig und robust, was dem Messer eine lange Lebensdauer sowie <strong>Sto\u00df- und Verschlei\u00dffestigkeit<\/strong> verleiht. Dieser Griff h\u00e4lt rauen Bedingungen stand und ist daher die ideale Wahl f\u00fcr anspruchsvolle Anwendungen. <\/li>\n<\/ul>\n<\/li>\n<li><strong>Klingenoberfl\u00e4chenbehandlung Oxid:<\/strong>\n<ul>\n<li><strong>Die<\/strong> Oxidbeschichtung der Klinge erh\u00f6ht ihre <strong>Korrosionsbest\u00e4ndigkeit<\/strong> und verleiht ihr ein mattes Aussehen. Dadurch ist das Messer f\u00fcr <strong>\u00e4u\u00dfere Bedingungen<\/strong> wie feuchte oder schmutzige Umgebungen geeignet. <\/li>\n<\/ul>\n<\/li>\n<li><strong>Kompaktes und effizientes Design:<\/strong>\n<ul>\n<li>Trotz seiner Robustheit ist das Messer <strong>kompakt<\/strong> und gut <strong>ausbalanciert<\/strong> , sodass es sich bequem im Alltag tragen l\u00e4sst. Es ist gro\u00df genug f\u00fcr schwerere Aufgaben, aber dennoch klein genug, um praktisch in einer Tasche oder einem Rucksack getragen zu werden. <\/li>\n<\/ul>\n<\/li>\n<\/ol>\n<h3><strong>Vorteile:<\/strong><\/h3>\n<ul>\n<li><strong>Schnelles und sanftes \u00d6ffnen<\/strong> mit einem Flipper.<\/li>\n<li><strong>Der Framelock<\/strong> sorgt f\u00fcr eine starke und sichere Klingenarretierung.<\/li>\n<li><strong>Der Edelstahlgriff<\/strong> sorgt f\u00fcr Stabilit\u00e4t und Langlebigkeit.<\/li>\n<li><strong>Die Oxidbeschichtung<\/strong> der Klinge verbessert die Korrosionsbest\u00e4ndigkeit.<\/li>\n<li>Ideal f\u00fcr <strong>den t\u00e4glichen Gebrauch (EDC)<\/strong> , Camping, Outdoor-Aktivit\u00e4ten und taktische Arbeiten.<\/li>\n<\/ul>\n<h3><strong>Abschluss:<\/strong><\/h3>\n<p><strong>Das CRKT M16-04KS<\/strong> ist eine ausgezeichnete Wahl f\u00fcr den t\u00e4glichen Gebrauch (EDC) sowie f\u00fcr anspruchsvollere Aufgaben, die <strong>schnellen Zugriff<\/strong> und <strong>hohe Haltbarkeit<\/strong> erfordern. Mit seinem <strong>starken Framelock<\/strong> , <strong>dem langlebigen Edelstahlgriff<\/strong> und der hochwertigen <strong>Klinge aus Sandvik-Stahl<\/strong> ist es ein zuverl\u00e4ssiges Werkzeug f\u00fcr vielf\u00e4ltige Einsatzm\u00f6glichkeiten. Dieses Messer ist nicht nur sehr funktional, sondern auch optisch ansprechend und somit eine gro\u00dfartige Wahl f\u00fcr alle, die ein hochwertiges und stilvolles EDC-Messer suchen.  <\/p>\n<\/div>\n<\/div>\n<\/div>\n<\/div>\n<div class=\"mb-2 flex gap-3 empty:hidden -ml-2\">\n<div class=\"items-center justify-start rounded-xl p-1 flex\">\n<div class=\"flex items-center\"><\/div>\n<\/div>\n<\/div>\n<div class=\"pr-2 lg:pr-0\"><\/div>\n<div class=\"mt-3 w-full empty:hidden\">\n<div class=\"text-center\"><\/div>\n<\/div>\n<\/div>\n<div class=\"absolute\">\n<div class=\"flex items-center justify-center\"><\/div>\n<\/div>\n<\/div>\n<\/div>\n<\/div>\n<\/article>\n<\/div>\n<\/div>\n<\/div>\n<\/div>\n<\/div>\n<div class=\"md:pt-0 dark:border-white\/20 md:border-transparent md:dark:border-transparent w-full\">\n<div>\n<div class=\"m-auto text-base px-3 md:px-4 w-full md:px-5 lg:px-4 xl:px-5\">\n<div class=\"mx-auto flex flex-1 gap-4 text-base md:gap-5 lg:gap-6 md:max-w-3xl\">\n<div class=\"flex justify-center\"><\/div>\n<\/div>\n<\/div>\n<\/div>\n<\/div>\n","protected":false},"excerpt":{"rendered":"<p><strong>Das CRKT M16-04KS ist eine ausgezeichnete Wahl f\u00fcr den t\u00e4glichen Gebrauch (EDC) sowie f\u00fcr anspruchsvollere Aufgaben, die schnellen Zugriff und hohe Haltbarkeit erfordern. Mit seinem starken Framelock, dem langlebigen Edelstahlgriff und der hochwertigen Sandvik-Stahlklinge ist es ein zuverl\u00e4ssiges Werkzeug f\u00fcr vielf\u00e4ltige Einsatzm\u00f6glichkeiten. Dieses Messer ist nicht nur sehr funktional, sondern auch optisch ansprechend und somit eine gro\u00dfartige Wahl f\u00fcr alle, die ein hochwertiges und stilvolles EDC-Messer suchen.  <\/strong><\/p>\n","protected":false},"featured_media":327838,"comment_status":"open","ping_status":"closed","template":"","meta":[],"pwb-brand":[3457],"product_brand":[],"product_cat":[3303,3285],"product_tag":[3669],"class_list":{"0":"post-327837","1":"product","2":"type-product","3":"status-publish","4":"has-post-thumbnail","6":"pwb-brand-crkt-de","7":"product_cat-schliesmesser","8":"product_cat-messer","9":"product_tag-b2b-de","11":"first","12":"instock","13":"taxable","14":"shipping-taxable","15":"purchasable","16":"product-type-simple"},"brands":[{"id":3457,"name":"CRKT","slug":"crkt-de"}],"_links":{"self":[{"href":"https:\/\/www.moskito.cz\/de\/wp-json\/wp\/v2\/product\/327837","targetHints":{"allow":["GET"]}}],"collection":[{"href":"https:\/\/www.moskito.cz\/de\/wp-json\/wp\/v2\/product"}],"about":[{"href":"https:\/\/www.moskito.cz\/de\/wp-json\/wp\/v2\/types\/product"}],"replies":[{"embeddable":true,"href":"https:\/\/www.moskito.cz\/de\/wp-json\/wp\/v2\/comments?post=327837"}],"wp:featuredmedia":[{"embeddable":true,"href":"https:\/\/www.moskito.cz\/de\/wp-json\/wp\/v2\/media\/327838"}],"wp:attachment":[{"href":"https:\/\/www.moskito.cz\/de\/wp-json\/wp\/v2\/media?parent=327837"}],"wp:term":[{"taxonomy":"pwb-brand","embeddable":true,"href":"https:\/\/www.moskito.cz\/de\/wp-json\/wp\/v2\/pwb-brand?post=327837"},{"taxonomy":"product_brand","embeddable":true,"href":"https:\/\/www.moskito.cz\/de\/wp-json\/wp\/v2\/product_brand?post=327837"},{"taxonomy":"product_cat","embeddable":true,"href":"https:\/\/www.moskito.cz\/de\/wp-json\/wp\/v2\/product_cat?post=327837"},{"taxonomy":"product_tag","embeddable":true,"href":"https:\/\/www.moskito.cz\/de\/wp-json\/wp\/v2\/product_tag?post=327837"}],"curies":[{"name":"wp","href":"https:\/\/api.w.org\/{rel}","templated":true}]}}