{"id":327923,"date":"2021-07-29T20:40:43","date_gmt":"2024-04-08T14:40:30","guid":{"rendered":"https:\/\/www.moskito.cz\/produkt\/schliessmesser-crkt-m21-10ksf\/"},"modified":"2025-05-07T11:09:19","modified_gmt":"2025-05-07T10:09:19","slug":"schliessmesser-crkt-m21-10ksf","status":"publish","type":"product","link":"https:\/\/www.moskito.cz\/de\/produkt\/schliessmesser-crkt-m21-10ksf\/","title":{"rendered":"Schlie\u00dfmesser CRKT M21-10KSF"},"content":{"rendered":"<p>Schlie\u00dfmesser <strong>CRKT<\/strong> M21-10KSF.<\/p>\n<p>Entworfen von Kit Carson in Vine Grove, Kentucky<\/p>\n<p>Die M21\u2122 Stainless Steel Everyday Carry-Serie stammt aus einer langen Reihe milit\u00e4rischer Werkzeuge. Jetzt k\u00f6nnen Sie zivile Aufgaben mit dieser bew\u00e4hrten Messerdesignplattform bew\u00e4ltigen, die einfach, langlebig und erschwinglich ist. Wenn Sie ein Fan der taktischen Klappmesser M16\u2122 von Kit Carson sind, sollten Sie sich diese Alltagsvariante ansehen.<br \/>\nRahmenschloss mit Doppelgriff<br \/>\nTriple Point\u2122-Getriebe<br \/>\nKlingenoberfl\u00e4che aus schwarzem Oxid.<\/p>\n<p>SPEZIFIKATIONEN<br \/>\nKlingenl\u00e4nge 3,13 Zoll (79,60 mm)<br \/>\nBlade Edge Triple Point Serrations\u2122<br \/>\nKlingenstahl 8Cr14MoV<br \/>\nFertigstellung der Sauerstoffklinge<br \/>\nKlingenst\u00e4rke: 0,44 Zoll (2,44 mm)<br \/>\nGesamtl\u00e4nge 7,19&#8243; (182,58 mm)<br \/>\nGeschlossene L\u00e4nge 4,01&#8243; (101,88 mm)<br \/>\nGewicht 2,80 Unzen. (79,38 g)<br \/>\nGriff aus Edelstahl<br \/>\nStyle Klappmesser mit Framelock<\/p>\n<p><strong>CRKT\u00ae<\/strong> (Columbia River Knife and Tool\u00ae) wurde 1994 gegr\u00fcndet. Vom ersten Tag an standen Innovation und Integrit\u00e4t an erster Stelle. Sein Ziel ist es, Messer und Werkzeuge herzustellen, die inspirieren und lange halten. Er arbeitet mit den besten Designern der Welt zusammen und arbeitet nach einem einfachen Prinzip: Das Beste, was er seinen Kunden geben kann, ist Vertrauen in seine H\u00e4nde.<\/p>\n<p><iframe title=\"CRKT M21-10KSF Knife | A Kit Carson Design\" width=\"800\" height=\"450\" src=\"https:\/\/www.youtube.com\/embed\/dTHU_9PxQCc?feature=oembed\" frameborder=\"0\" allow=\"accelerometer; autoplay; clipboard-write; encrypted-media; gyroscope; picture-in-picture; web-share\" referrerpolicy=\"strict-origin-when-cross-origin\" allowfullscreen><\/iframe><\/p>\n<p>&nbsp;<\/p>\n<p>&nbsp;<\/p>\n","protected":false},"excerpt":{"rendered":"<p>Entworfen von Kit Carson in Vine Grove, Kentucky.<\/p>\n","protected":false},"featured_media":327924,"comment_status":"open","ping_status":"closed","template":"","meta":[],"pwb-brand":[3457],"product_brand":[],"product_cat":[3285,3303],"product_tag":[3669],"class_list":{"0":"post-327923","1":"product","2":"type-product","3":"status-publish","4":"has-post-thumbnail","6":"pwb-brand-crkt-de","7":"product_cat-messer","8":"product_cat-schliesmesser","9":"product_tag-b2b-de","11":"first","12":"instock","13":"taxable","14":"shipping-taxable","15":"purchasable","16":"product-type-simple"},"brands":[{"id":3457,"name":"CRKT","slug":"crkt-de"}],"_links":{"self":[{"href":"https:\/\/www.moskito.cz\/de\/wp-json\/wp\/v2\/product\/327923","targetHints":{"allow":["GET"]}}],"collection":[{"href":"https:\/\/www.moskito.cz\/de\/wp-json\/wp\/v2\/product"}],"about":[{"href":"https:\/\/www.moskito.cz\/de\/wp-json\/wp\/v2\/types\/product"}],"replies":[{"embeddable":true,"href":"https:\/\/www.moskito.cz\/de\/wp-json\/wp\/v2\/comments?post=327923"}],"wp:featuredmedia":[{"embeddable":true,"href":"https:\/\/www.moskito.cz\/de\/wp-json\/wp\/v2\/media\/327924"}],"wp:attachment":[{"href":"https:\/\/www.moskito.cz\/de\/wp-json\/wp\/v2\/media?parent=327923"}],"wp:term":[{"taxonomy":"pwb-brand","embeddable":true,"href":"https:\/\/www.moskito.cz\/de\/wp-json\/wp\/v2\/pwb-brand?post=327923"},{"taxonomy":"product_brand","embeddable":true,"href":"https:\/\/www.moskito.cz\/de\/wp-json\/wp\/v2\/product_brand?post=327923"},{"taxonomy":"product_cat","embeddable":true,"href":"https:\/\/www.moskito.cz\/de\/wp-json\/wp\/v2\/product_cat?post=327923"},{"taxonomy":"product_tag","embeddable":true,"href":"https:\/\/www.moskito.cz\/de\/wp-json\/wp\/v2\/product_tag?post=327923"}],"curies":[{"name":"wp","href":"https:\/\/api.w.org\/{rel}","templated":true}]}}