{"id":328033,"date":"2022-08-17T19:39:55","date_gmt":"2024-04-08T14:44:05","guid":{"rendered":"https:\/\/www.moskito.cz\/produkt\/schliessmesser-crkt-m16-10kz\/"},"modified":"2025-05-27T10:05:03","modified_gmt":"2025-05-27T09:05:03","slug":"schliessmesser-crkt-m16-10kz","status":"publish","type":"product","link":"https:\/\/www.moskito.cz\/de\/produkt\/schliessmesser-crkt-m16-10kz\/","title":{"rendered":"Schlie\u00dfmesser CRKT M16-10KZ"},"content":{"rendered":"<div class=\"flex-1 overflow-hidden @container\/thread\">\n<div class=\"h-full\">\n<div class=\"react-scroll-to-bottom--css-vxybp-79elbk h-full\">\n<div class=\"react-scroll-to-bottom--css-vxybp-1n7m0yu\">\n<div class=\"flex flex-col text-sm md:pb-9\">\n<article class=\"w-full scroll-mb-[var(--thread-trailing-height,150px)] text-token-text-primary focus-visible:outline-2 focus-visible:outline-offset-[-4px]\" dir=\"auto\" data-testid=\"conversation-turn-357\" data-scroll-anchor=\"true\">\n<div class=\"m-auto text-base py-[18px] px-3 md:px-4 w-full md:px-5 lg:px-4 xl:px-5\">\n<div class=\"mx-auto flex flex-1 gap-4 text-base md:gap-5 lg:gap-6 md:max-w-3xl\">\n<div class=\"group\/conversation-turn relative flex w-full min-w-0 flex-col agent-turn\">\n<div class=\"flex-col gap-1 md:gap-3\">\n<div class=\"flex max-w-full flex-col flex-grow\">\n<div class=\"min-h-8 text-message flex w-full flex-col items-end gap-2 whitespace-normal break-words text-start [.text-message+&amp;]:mt-5\" dir=\"auto\" data-message-author-role=\"assistant\" data-message-id=\"acf6ae39-712b-45dc-9ff5-59252f326045\" data-message-model-slug=\"gpt-4o-mini\">\n<div class=\"flex w-full flex-col gap-1 empty:hidden first:pt-[3px]\">\n<div class=\"markdown prose w-full break-words dark:prose-invert light\">\n<p><strong>Das Klappmesser CRKT M16-10KZ<\/strong> ist Teil der beliebten M16\u00ae-Serie, die vom legend\u00e4ren Designer Kit Carson entworfen wurde, und bietet eine hervorragende Kombination aus Funktionalit\u00e4t, Qualit\u00e4t und Haltbarkeit. Dieses Modell ist ideal f\u00fcr den t\u00e4glichen Gebrauch (EDC), aber auch f\u00fcr anspruchsvollere Aufgaben, die Haltbarkeit und Zuverl\u00e4ssigkeit erfordern. <\/p>\n<h3><strong>Haupteigenschaften:<\/strong><\/h3>\n<ol>\n<li><strong>Hochwertige Materialien:<\/strong>\n<ul>\n<li><strong>Klinge aus rostfreiem Stahl 1.4116<\/strong> : Dieser Stahl ist f\u00fcr seine <strong>Korrosionsbest\u00e4ndigkeit<\/strong> bekannt und eignet sich ideal f\u00fcr Messer, die regelm\u00e4\u00dfig verwendet werden. Es bietet eine gute <strong>Klingenhaltung<\/strong> und ist relativ einfach zu warten. <\/li>\n<li><strong>EDP-Oberfl\u00e4chenbehandlung<\/strong> : Diese schwarze Beschichtung sch\u00fctzt die Klinge vor <strong>Korrosion und Verschlei\u00df<\/strong> , erh\u00f6ht die Lebensdauer des Messers und gew\u00e4hrleistet seine <strong>\u00e4sthetische Best\u00e4ndigkeit<\/strong> .<\/li>\n<li><strong>Triple Point\u2122-Zahnung<\/strong> : Diese Zahnung an der Klinge sorgt f\u00fcr <strong>eine hohe Schneidleistung<\/strong> , insbesondere beim Schneiden von Materialien wie Kordeln, Leder, Stoffen und anderen h\u00e4rteren Substanzen. Diese Technologie bietet <strong>die dreifache Effizienz<\/strong> herk\u00f6mmlicher Kerben. <\/li>\n<\/ul>\n<\/li>\n<li><strong>Ergonomisches Design f\u00fcr effiziente Nutzung:<\/strong>\n<ul>\n<li><strong>Carson Flipper<\/strong> : Dieses \u00d6ffnungsdesign erm\u00f6glicht ein <strong>schnelles und einfaches<\/strong> \u00d6ffnen der Klinge mit einer Hand, perfekt f\u00fcr Situationen, in denen Sie schnell auf Ihr Messer zugreifen m\u00fcssen.<\/li>\n<li><strong>Griff aus glasfaserverst\u00e4rktem Nylon<\/strong> : Dieses Material ist sehr <strong>langlebig<\/strong> und sorgt auch unter anspruchsvollen Bedingungen f\u00fcr einen festen und <strong>bequemen Griff<\/strong> des Messers. Auch der Griff tr\u00e4gt zum <strong>geringen Gewicht<\/strong> des Messers bei. <\/li>\n<\/ul>\n<\/li>\n<li><strong>Sicherheitsfunktionen:<\/strong>\n<ul>\n<li><strong>Liner Lock<\/strong> : Diese Sicherheitsverriegelung sorgt f\u00fcr eine sichere Arretierung der Klinge w\u00e4hrend des Gebrauchs und erm\u00f6glicht gleichzeitig ein <strong>einfaches Verschlie\u00dfen des Messers mit einer Hand<\/strong> .<\/li>\n<li><strong>Automatischer Sicherheitseinsatz<\/strong> : Bietet zus\u00e4tzlichen Schutz, indem er ein <strong>versehentliches \u00d6ffnen<\/strong> der Klinge verhindert, was f\u00fcr die sichere Verwendung im Alltag wichtig ist.<\/li>\n<\/ul>\n<\/li>\n<li><strong>Kompaktes und leichtes Design:<\/strong>\n<ul>\n<li><strong>Gesamtl\u00e4nge<\/strong> : 7,13&#8243; (180,98 mm)<\/li>\n<li><strong>Geschlossene L\u00e4nge<\/strong> : 4,00&#8243; (101,60 mm)<\/li>\n<li><strong>Gewicht<\/strong> : 65,20 g (2,30 oz) \u2013 <strong>leichtes Design<\/strong> , das sich ideal f\u00fcr den Alltag eignet und gleichzeitig ausreichend Gr\u00f6\u00dfe f\u00fcr eine Vielzahl von Aufgaben bietet.<\/li>\n<\/ul>\n<\/li>\n<\/ol>\n<h3><strong>Spezifikationen:<\/strong><\/h3>\n<ul>\n<li><strong>Klingenl\u00e4nge<\/strong> : 3,00&#8243; (76,20 mm)<\/li>\n<li><strong>Klingenschneide<\/strong> : Triple Point Serrations\u2122<\/li>\n<li><strong>Klingenmaterial<\/strong> : Stahl 1.4116<\/li>\n<li><strong>Klingenoberfl\u00e4che<\/strong> : EDP<\/li>\n<li><strong>Klingenst\u00e4rke<\/strong> : 0,08&#8243; (2,03 mm)<\/li>\n<li><strong>Gesamtl\u00e4nge<\/strong> : 7,13&#8243; (180,98 mm)<\/li>\n<li><strong>Geschlossene L\u00e4nge<\/strong> : 4,00&#8243; (101,60 mm)<\/li>\n<li><strong>Gewicht<\/strong> : 2,30 oz (65,20 g)<\/li>\n<li><strong>Griff<\/strong> : Glasfaserverst\u00e4rktes Nylon<\/li>\n<li><strong>Stil<\/strong> : Klappmesser mit <strong>Liner Lock<\/strong><\/li>\n<\/ul>\n<h3><strong>Wof\u00fcr ist es gut?<\/strong><\/h3>\n<ol>\n<li><strong>Alltagsgebrauch (EDC)<\/strong> :<br \/>\n Dieses Messer ist f\u00fcr allt\u00e4gliche Aufgaben wie das \u00d6ffnen von Paketen, P\u00e4ckchen, das Durchschneiden von Schn\u00fcren, Kabeln und anderen Materialien konzipiert. In Kombination mit der <strong>Triple Point\u2122-Verzahnung<\/strong> eignet es sich hervorragend zum <strong>schnellen und effizienten Schneiden<\/strong> schwererer Materialien. <\/li>\n<li><strong>Outdoor- und Campingaktivit\u00e4ten<\/strong> :<br \/>\n Obwohl es sich um ein kompaktes Messer handelt, ist dieses Modell aufgrund seiner Haltbarkeit und der F\u00e4higkeit, die Klinge gut zu halten, ideal f\u00fcr <strong>Campingaufgaben<\/strong> wie das Hacken von Holz f\u00fcr ein Feuer, die Zubereitung von Speisen oder andere g\u00e4ngige Outdoor-Aktivit\u00e4ten.<\/li>\n<li><strong>Rettung und taktischer Einsatz<\/strong> :<br \/>\n Dank <strong>Triple Point\u2122-Zacken<\/strong> und <strong>robuster Konstruktion<\/strong> eignet sich dieses Messer f\u00fcr <strong>Rettungsaufgaben<\/strong> oder als taktisches EDC f\u00fcr Milit\u00e4r- oder Sicherheitskr\u00e4fte. Es eignet sich ideal f\u00fcr die Bew\u00e4ltigung von Krisensituationen, in denen es wichtig ist, \u00fcber ein zuverl\u00e4ssiges Werkzeug zu verf\u00fcgen. <\/li>\n<li><strong>Reisen und t\u00e4gliche Aktivit\u00e4ten<\/strong> :<br \/>\n Das Messer ist kompakt genug, um es problemlos in der Tasche oder am Schl\u00fcsselbund zu tragen, und ist den ganzen Tag \u00fcber f\u00fcr verschiedene Aufgaben bereit, wenn Sie es brauchen.<\/li>\n<\/ol>\n<h3><strong>Vorteile:<\/strong><\/h3>\n<ul>\n<li><strong>Triple Point\u2122-Verzahnung<\/strong> f\u00fcr effizientes Schneiden verschiedener Materialien.<\/li>\n<li><strong>Leichtes und kompaktes Design<\/strong> , ideal f\u00fcr den Alltag.<\/li>\n<li><strong>Schnelles \u00d6ffnen<\/strong> dank Carson Flipper.<\/li>\n<li><strong>Sicherheitsverriegelung<\/strong> zum sicheren Verriegeln der Klinge w\u00e4hrend des Gebrauchs.<\/li>\n<li><strong>Langlebige Materialien<\/strong> und <strong>lange Lebensdauer<\/strong> dank hochwertigem Stahl und Nylongriff.<\/li>\n<li><strong>EDP-Oberfl\u00e4chenbehandlung<\/strong> , die <strong>Korrosionsbest\u00e4ndigkeit<\/strong> und <strong>\u00e4sthetisches Erscheinungsbild<\/strong> gew\u00e4hrleistet.<\/li>\n<\/ul>\n<h3><strong>Zusammenfassung:<\/strong><\/h3>\n<p><strong>Das CRKT M16-10KZ<\/strong> ist ein zuverl\u00e4ssiges und praktisches Messer, das <strong>Qualit\u00e4t<\/strong> , <strong>Funktionalit\u00e4t<\/strong> und <strong>ein von taktischen Messern inspiriertes Design<\/strong> bietet. Mit seinen <strong>Triple Point\u2122-Z\u00e4hnen<\/strong> , <strong>der Schnell\u00f6ffnung<\/strong> , <strong>dem Sicherheitsmechanismus<\/strong> und der langlebigen Oberfl\u00e4che ist es das ideale Werkzeug f\u00fcr den t\u00e4glichen Gebrauch sowie anspruchsvollere Aufgaben. Ob beim <strong>Camping<\/strong> , <strong>bei der Feldarbeit<\/strong> oder <strong>beim t\u00e4glichen Tragen<\/strong> , dieses Messer ist f\u00fcr alles bereit.  <\/p>\n<\/div>\n<\/div>\n<\/div>\n<\/div>\n<div class=\"mb-2 flex gap-3 empty:hidden -ml-2\">\n<div class=\"items-center justify-start rounded-xl p-1 flex\">\n<div class=\"flex items-center\"><\/div>\n<\/div>\n<\/div>\n<div class=\"pr-2 lg:pr-0\"><\/div>\n<\/div>\n<\/div>\n<\/div>\n<\/div>\n<\/article>\n<\/div>\n<\/div>\n<\/div>\n<\/div>\n<\/div>\n","protected":false},"excerpt":{"rendered":"<p><strong>Das CRKT M16-10KZ ist ein zuverl\u00e4ssiges und praktisches Messer, das Qualit\u00e4t, Funktionalit\u00e4t und ein von taktischen Messern inspiriertes Design bietet. Mit seinen Triple Point\u2122-Z\u00e4hnen, der Schnell\u00f6ffnung, dem Sicherheitsmechanismus und der langlebigen Oberfl\u00e4che ist es das ideale Werkzeug f\u00fcr den t\u00e4glichen Gebrauch und anspruchsvollere Aufgaben. Ob beim Camping, bei der Feldarbeit oder beim t\u00e4glichen Tragen, dieses Messer ist f\u00fcr alles bereit.  <\/strong><\/p>\n","protected":false},"featured_media":328034,"comment_status":"open","ping_status":"closed","template":"","meta":[],"pwb-brand":[3457],"product_brand":[],"product_cat":[3303,3285],"product_tag":[3669],"class_list":{"0":"post-328033","1":"product","2":"type-product","3":"status-publish","4":"has-post-thumbnail","6":"pwb-brand-crkt-de","7":"product_cat-schliesmesser","8":"product_cat-messer","9":"product_tag-b2b-de","11":"first","12":"outofstock","13":"taxable","14":"shipping-taxable","15":"purchasable","16":"product-type-simple"},"brands":[{"id":3457,"name":"CRKT","slug":"crkt-de"}],"_links":{"self":[{"href":"https:\/\/www.moskito.cz\/de\/wp-json\/wp\/v2\/product\/328033","targetHints":{"allow":["GET"]}}],"collection":[{"href":"https:\/\/www.moskito.cz\/de\/wp-json\/wp\/v2\/product"}],"about":[{"href":"https:\/\/www.moskito.cz\/de\/wp-json\/wp\/v2\/types\/product"}],"replies":[{"embeddable":true,"href":"https:\/\/www.moskito.cz\/de\/wp-json\/wp\/v2\/comments?post=328033"}],"wp:featuredmedia":[{"embeddable":true,"href":"https:\/\/www.moskito.cz\/de\/wp-json\/wp\/v2\/media\/328034"}],"wp:attachment":[{"href":"https:\/\/www.moskito.cz\/de\/wp-json\/wp\/v2\/media?parent=328033"}],"wp:term":[{"taxonomy":"pwb-brand","embeddable":true,"href":"https:\/\/www.moskito.cz\/de\/wp-json\/wp\/v2\/pwb-brand?post=328033"},{"taxonomy":"product_brand","embeddable":true,"href":"https:\/\/www.moskito.cz\/de\/wp-json\/wp\/v2\/product_brand?post=328033"},{"taxonomy":"product_cat","embeddable":true,"href":"https:\/\/www.moskito.cz\/de\/wp-json\/wp\/v2\/product_cat?post=328033"},{"taxonomy":"product_tag","embeddable":true,"href":"https:\/\/www.moskito.cz\/de\/wp-json\/wp\/v2\/product_tag?post=328033"}],"curies":[{"name":"wp","href":"https:\/\/api.w.org\/{rel}","templated":true}]}}