{"id":328109,"date":"2022-09-06T21:24:40","date_gmt":"2024-04-08T14:48:24","guid":{"rendered":"https:\/\/www.moskito.cz\/produkt\/schliessmesser-crkt-seis-7123\/"},"modified":"2025-05-07T11:09:25","modified_gmt":"2025-05-07T10:09:25","slug":"schliessmesser-crkt-seis-7123","status":"publish","type":"product","link":"https:\/\/www.moskito.cz\/de\/produkt\/schliessmesser-crkt-seis-7123\/","title":{"rendered":"Schlie\u00dfmesser CRKT SEIS 7123"},"content":{"rendered":"<p>Schlie\u00dfmesser <strong>CRKT<\/strong> SEIS 7123.<\/p>\n<p>Es bedeutet sechs, aber es macht alle Tricks. Der Messermacher Richard Rogers entwirft seit \u00fcber zwei Jahrzehnten Messer und pr\u00e4sentiert seinen Fans seine Lieblingsdesigns Cuatro\u2122 und Cinco\u2122. Es z\u00e4hlt und stellt das Seis\u2122 vor, ein faltbares Taschenmesser f\u00fcr den Alltag, das gro\u00df genug f\u00fcr ernsthafte Arbeiten und kompakt genug f\u00fcr den t\u00e4glichen Gebrauch ist. Dank IKBS\u2122 f\u00fcr eine super reibungslose Bereitstellung m\u00fcssen Sie nicht bis sechs z\u00e4hlen, um es zu verwenden.<\/p>\n<p>Als der Messerdesigner Richard Rogers Cinco\u2122 zu Ehren des Spitznamens seines Vaters benannte, war es nur nat\u00fcrlich, diese Reihenfolge fortzusetzen. Und so bringt er uns das Seis\u2122, ein vielseitiges Klappmesser mit schlankem Profil, das flexibel ist und ein elegantes Design hat. Der Taschenclip ist vielseitig einsetzbar und kann beidh\u00e4ndig getragen werden, so dass er sowohl mit der linken als auch mit der rechten Hand gehalten werden kann \u2013 Sie k\u00f6nnen ihn zur weiteren Anpassung sogar abschrauben. Durch das doppelseitige Design f\u00e4llt es nicht schwer, entlang des glasfaserverst\u00e4rkten Nylongriffs mit leder\u00e4hnlicher Textur einen bequemen Halt zu finden.<\/p>\n<p>Mit einer 3,32-Zoll-Klinge aus rostfreiem Stahl l\u00e4sst sich der Seis\u2122 dank der IKBS\u2122-Technologie schnell und superleicht entfalten. Dieses Messer ist ein echter Alltagshelfer und h\u00e4lt nicht nur harter Arbeit stand, die Spitze der Klinge ist auch fein genug f\u00fcr pr\u00e4ziseres Schneiden. Und dank des benutzerfreundlichen Designs und der bescheidenen Abmessungen des Messers ist es ein beliebtes Werkzeug, das Sie tief in der Tasche verstauen k\u00f6nnen.<\/p>\n<p>Es bedeutet sechs, aber Seis\u2122 beherrscht alle Tricks.<\/p>\n<p>SPEZIFIKATIONEN<br \/>\nKlingenl\u00e4nge 3,32&#8243; (84,38 mm)<br \/>\nKlinge Klinge Plain<br \/>\nKlingenstahl 1.4116<br \/>\nOberfl\u00e4chenfinish der Klinge Perlstrahlen<br \/>\nKlingenst\u00e4rke: 0,09 Zoll (2,36 mm)<br \/>\nGesamtl\u00e4nge 7,81&#8243; (198,45 mm)<br \/>\nGeschlossene L\u00e4nge 4,47&#8243; (113,44 mm)<br \/>\nGewicht 2,00 oz (56,70 g)<br \/>\nGriff aus glasfaserverst\u00e4rktem Nylon<br \/>\nStyle Klappmesser mit Liner Lock<\/p>\n<p><iframe title=\"CRKT SEIS\u2122 | Richard Rogers Design\" width=\"800\" height=\"450\" src=\"https:\/\/www.youtube.com\/embed\/J_t8G1t971Q?feature=oembed\" frameborder=\"0\" allow=\"accelerometer; autoplay; clipboard-write; encrypted-media; gyroscope; picture-in-picture; web-share\" referrerpolicy=\"strict-origin-when-cross-origin\" allowfullscreen><\/iframe><\/p>\n<p>&nbsp;<\/p>\n","protected":false},"excerpt":{"rendered":"<p>Entworfen von Richard Rogers in Magdalena, New Mexico.<\/p>\n","protected":false},"featured_media":328113,"comment_status":"open","ping_status":"closed","template":"","meta":[],"pwb-brand":[3457],"product_brand":[],"product_cat":[3303,3285],"product_tag":[3669],"class_list":{"0":"post-328109","1":"product","2":"type-product","3":"status-publish","4":"has-post-thumbnail","6":"pwb-brand-crkt-de","7":"product_cat-schliesmesser","8":"product_cat-messer","9":"product_tag-b2b-de","11":"first","12":"outofstock","13":"sale","14":"taxable","15":"shipping-taxable","16":"purchasable","17":"product-type-simple"},"brands":[{"id":3457,"name":"CRKT","slug":"crkt-de"}],"_links":{"self":[{"href":"https:\/\/www.moskito.cz\/de\/wp-json\/wp\/v2\/product\/328109","targetHints":{"allow":["GET"]}}],"collection":[{"href":"https:\/\/www.moskito.cz\/de\/wp-json\/wp\/v2\/product"}],"about":[{"href":"https:\/\/www.moskito.cz\/de\/wp-json\/wp\/v2\/types\/product"}],"replies":[{"embeddable":true,"href":"https:\/\/www.moskito.cz\/de\/wp-json\/wp\/v2\/comments?post=328109"}],"wp:featuredmedia":[{"embeddable":true,"href":"https:\/\/www.moskito.cz\/de\/wp-json\/wp\/v2\/media\/328113"}],"wp:attachment":[{"href":"https:\/\/www.moskito.cz\/de\/wp-json\/wp\/v2\/media?parent=328109"}],"wp:term":[{"taxonomy":"pwb-brand","embeddable":true,"href":"https:\/\/www.moskito.cz\/de\/wp-json\/wp\/v2\/pwb-brand?post=328109"},{"taxonomy":"product_brand","embeddable":true,"href":"https:\/\/www.moskito.cz\/de\/wp-json\/wp\/v2\/product_brand?post=328109"},{"taxonomy":"product_cat","embeddable":true,"href":"https:\/\/www.moskito.cz\/de\/wp-json\/wp\/v2\/product_cat?post=328109"},{"taxonomy":"product_tag","embeddable":true,"href":"https:\/\/www.moskito.cz\/de\/wp-json\/wp\/v2\/product_tag?post=328109"}],"curies":[{"name":"wp","href":"https:\/\/api.w.org\/{rel}","templated":true}]}}