{"id":328121,"date":"2021-10-17T19:07:32","date_gmt":"2024-04-08T14:48:29","guid":{"rendered":"https:\/\/www.moskito.cz\/produkt\/solid-knife-sog-seal-pup-ballistische-nylon-scheibe\/"},"modified":"2025-05-07T11:09:25","modified_gmt":"2025-05-07T10:09:25","slug":"solid-knife-sog-seal-pup-ballistische-nylon-scheibe","status":"publish","type":"product","link":"https:\/\/www.moskito.cz\/de\/produkt\/solid-knife-sog-seal-pup-ballistische-nylon-scheibe\/","title":{"rendered":"Solid Knife SOG SEAL PUP BALLISTISCHE NYLON-SCHEIBE"},"content":{"rendered":"<p>Unsere Geschichte beginnt in Vietnam, wo Mitglieder der streng geheimen Spezialeinheit Amerikas \u2013 bekannt als MACV \u2013 <strong>SOG<\/strong> \u2013 auf verdeckten Missionen ein einzigartiges Geheimmesser in den Dschungel trugen. Einige Jahre sp\u00e4ter, 1986, inspirierte dieses Messer einen jungen Designer namens Spencer Frazer zur Gr\u00fcndung von <strong>SOG<\/strong> Specialty Knives. Seine Mission: das originale <strong>SOG-<\/strong> Bowiemesser zu reproduzieren und der Spezialeinheit, die es geschaffen hat, Tribut zu zollen. Was als einzelnes Gedenkmodell begann, entwickelte sich bald zu einer ganzen Reihe innovativer Werkzeuge \u2013 bew\u00e4hrt von US-Spezialeinheiten und sogar als Messer der Wahl der Navy SEALs ausgezeichnet. Heute werden SOG-Messer auch in den anspruchsvollsten Situationen selbstbewusst getragen. Aus Tradition geschmiedet, im Feld geh\u00e4rtet, f\u00fcr Sie gefeilt.<\/p>\n<p>Egal, ob Sie andere besch\u00fctzen oder eine epische Jagdexpedition leiten, eine der allt\u00e4glichen Herausforderungen des Lebens meistern oder die bisher extremsten Bedingungen meistern, machen Sie sich mit <strong>SOG<\/strong> auf den Weg.<\/p>\n<p>Solid Knife <strong>SOG<\/strong> SEAL PUP BALLISTISCHE NYLON-SCHEIBE.<\/p>\n<p><strong>Der SEAL Pup<\/strong> verf\u00fcgt \u00fcber eine halbgezahnte, pulverbeschichtete AUS-8-Klinge f\u00fcr geringe Reflektivit\u00e4t und Korrosionsbest\u00e4ndigkeit. Sein leichter Griff aus glasfaserverst\u00e4rktem Nylon hat ein erhabenes Rautenmuster f\u00fcr sicheren Halt.<\/p>\n<p><strong>Das Seal Pup<\/strong> ist f\u00fcr diejenigen gemacht, die dienen und auch die Standards erf\u00fcllen, oder f\u00fcr Leute, die ein starkes und zuverl\u00e4ssiges Messer mit feststehender Klinge ben\u00f6tigen.<\/p>\n<p><strong>SEAL Pup<\/strong> hat Legionen von Fans auf der ganzen Welt. Von der einfachsten Arbeit bis zur ersch\u00fctterndsten Arbeit lieferte sie weiterhin alles ab.<\/p>\n<p><strong>Funktion<\/strong><br \/>\nTaktisches Messer mit feststehender Klinge aus AUS-8-Stahl, langlebigem und griffigem glasfaserverst\u00e4rktem Nylongriff. Kommt mit zwei Scheidenoptionen.<\/p>\n<p><strong>AUS-8<\/strong><br \/>\nHochwertiger japanischer Edelstahl mit einem guten Gleichgewicht zwischen Z\u00e4higkeit und Festigkeit, Schnitthaltigkeit und Korrosionsbest\u00e4ndigkeit.<\/p>\n<p><strong>GRIFF GRN<\/strong><br \/>\nMit erhabenem Rautenmuster f\u00fcr sicheren Halt.<\/p>\n<p><strong>Teilweise gezahnte Klinge<\/strong><br \/>\nEs bietet die Vorteile von geraden und gezackten Kanten in einer Klinge.<\/p>\n<p>GESAMTL\u00c4NGE: 22,5 cm<br \/>\nPRODUKTGEWICHT: 5,40 oz<br \/>\nKLINGENL\u00c4NGE: 12 cm<br \/>\nKANTENTYP: Teilweise gezahnt<br \/>\nKLINGENTYP: AUS-8<br \/>\nKLINGENFORM: Clip-Point<br \/>\nGRIFFMATERIAL: Mit Glas verst\u00e4rktes Nylon<br \/>\nGRIFFFARBE: Schwarz<br \/>\nH\u00c4RTE: \u200b\u200bRC 57-58<br \/>\nABDECKUNG INKLUSIVE: Ja<br \/>\nBLATTFARBE: Schwarz<br \/>\nART DER BEFESTIGUNG DES BLATTS: MOLLE<br \/>\nBLATTMATERIAL: Ballistisches Nylon<\/p>\n<p>Der SEAL Pup verf\u00fcgt \u00fcber eine teilweise gezahnte AUS-8-Klinge, die f\u00fcr geringe Reflexion und Korrosionsbest\u00e4ndigkeit pulverbeschichtet ist. Sein leichter Griff aus glasfaserverst\u00e4rktem Nylon verf\u00fcgt \u00fcber ein erhabenes Rautenmuster f\u00fcr sicheren Halt<\/p>\n<p>Das Seal Pup wurde f\u00fcr diejenigen entwickelt, die dienen, und erf\u00fcllt auch die Anforderungen derjenigen, die ein starkes, zuverl\u00e4ssiges Messer mit feststehender Klinge ben\u00f6tigen.<\/p>\n<p>Der SEAL Pup hat eine Legion von Fans auf der ganzen Welt. Von der einfachsten Aufgabe bis zur ersch\u00fctterndsten Aufgabe hat es stets gute Ergebnisse geliefert.<\/p>\n<p>Merkmale<br \/>\nTaktisches Messer mit feststehender Klinge aus AUS-8-Stahl und langlebigem, griffigem, glasfaserverst\u00e4rktem Nylongriff. Kommt mit zwei Scheidenoptionen.<\/p>\n<p>AUS-8<br \/>\nEin hochwertiger japanischer Edelstahl mit einem guten Gleichgewicht zwischen Z\u00e4higkeit und Festigkeit, Schnitthaltigkeit und Korrosionsbest\u00e4ndigkeit.<\/p>\n<p>GRN-GRIFF<br \/>\nMit erhabenem Rautenmuster f\u00fcr sicheren Halt.<\/p>\n<p>Teilweise gezahnte Klinge<br \/>\nBietet die Vorteile von geraden und gezackten Kanten in einer Klinge.<\/p>\n<p>GESAMTL\u00c4NGE<br \/>\n9&#8243;<br \/>\nPRODUKTGEWICHT<br \/>\n5,40 Unzen<br \/>\nKLINGENL\u00c4NGE<br \/>\n4,75&#8243;<br \/>\nKLINGENDICKE<br \/>\n0,19&#8243;<br \/>\nUPC<br \/>\n7-29857-99476-7<br \/>\nNSN-INFORMATIONEN<br \/>\n7340-01-527-7123<br \/>\nIST VORBESTELLUNG<br \/>\nAN<br \/>\nVORBESTELLUNGSDATUM<br \/>\nAN<br \/>\nPRODUKTFAMILIE<br \/>\nRobbenwelpe<br \/>\nPRODUKTART<br \/>\nFeste Klinge<br \/>\nLANYARD-LOCH<br \/>\nJa<br \/>\nLANYARD INKLUSIVE<br \/>\nJa<br \/>\nLANYARD-MATERIAL<br \/>\nNylon<br \/>\nVERPACKUNG<br \/>\nSteckbare Box<br \/>\nGRAVIERBAR<br \/>\nJa<br \/>\nBEENDEN<br \/>\nPulverbeschichtet<br \/>\nKANTENTYP<br \/>\nTeilweise gezahnt<br \/>\nKLINGENSTAHLTYP<br \/>\nAUS-8<br \/>\nKLINGENFORM<br \/>\nClip-Punkt<br \/>\nWirbels\u00e4ulentyp<br \/>\nGerade<br \/>\nGRIFFMATERIAL<br \/>\nGlasfaserverst\u00e4rktes Nylon<br \/>\nGRIFFFARBE<br \/>\nSchwarz<br \/>\nH\u00c4RTE<br \/>\nRc. 57-58<br \/>\nH\u00dcLLE INKLUSIVE<br \/>\nJa<br \/>\nMantelfarbe<br \/>\nSchwarz<br \/>\nTYP DER H\u00dcLLENBEFESTIGUNG<br \/>\nMOLLE<br \/>\nVERSCHLUSSART DER H\u00dcLLE<br \/>\nKlettverschluss<br \/>\nH\u00dcLLENMATERIAL<br \/>\nBallistisches Nylon<\/p>\n","protected":false},"excerpt":{"rendered":"<p>Egal, ob Sie andere besch\u00fctzen oder eine epische Jagdexpedition leiten, eine der allt\u00e4glichen Herausforderungen des Lebens meistern oder die bisher extremsten Bedingungen meistern, machen Sie sich mit <strong>SOG<\/strong> auf den Weg.<\/p>\n<p><strong>Wir geben auf alle SOG-Messer eine lebenslange Garantie!<\/strong><\/p>\n","protected":false},"featured_media":328122,"comment_status":"open","ping_status":"closed","template":"","meta":[],"pwb-brand":[3605],"product_brand":[],"product_cat":[3285,3287],"product_tag":[3669],"class_list":{"0":"post-328121","1":"product","2":"type-product","3":"status-publish","4":"has-post-thumbnail","6":"pwb-brand-wie-g","7":"product_cat-messer","8":"product_cat-solide-messer","9":"product_tag-b2b-de","11":"first","12":"instock","13":"virtual","14":"taxable","15":"purchasable","16":"product-type-simple"},"brands":[{"id":3605,"name":"WIE G","slug":"wie-g"}],"_links":{"self":[{"href":"https:\/\/www.moskito.cz\/de\/wp-json\/wp\/v2\/product\/328121","targetHints":{"allow":["GET"]}}],"collection":[{"href":"https:\/\/www.moskito.cz\/de\/wp-json\/wp\/v2\/product"}],"about":[{"href":"https:\/\/www.moskito.cz\/de\/wp-json\/wp\/v2\/types\/product"}],"replies":[{"embeddable":true,"href":"https:\/\/www.moskito.cz\/de\/wp-json\/wp\/v2\/comments?post=328121"}],"wp:featuredmedia":[{"embeddable":true,"href":"https:\/\/www.moskito.cz\/de\/wp-json\/wp\/v2\/media\/328122"}],"wp:attachment":[{"href":"https:\/\/www.moskito.cz\/de\/wp-json\/wp\/v2\/media?parent=328121"}],"wp:term":[{"taxonomy":"pwb-brand","embeddable":true,"href":"https:\/\/www.moskito.cz\/de\/wp-json\/wp\/v2\/pwb-brand?post=328121"},{"taxonomy":"product_brand","embeddable":true,"href":"https:\/\/www.moskito.cz\/de\/wp-json\/wp\/v2\/product_brand?post=328121"},{"taxonomy":"product_cat","embeddable":true,"href":"https:\/\/www.moskito.cz\/de\/wp-json\/wp\/v2\/product_cat?post=328121"},{"taxonomy":"product_tag","embeddable":true,"href":"https:\/\/www.moskito.cz\/de\/wp-json\/wp\/v2\/product_tag?post=328121"}],"curies":[{"name":"wp","href":"https:\/\/api.w.org\/{rel}","templated":true}]}}