{"id":328296,"date":"2023-09-28T09:49:45","date_gmt":"2024-04-08T14:55:18","guid":{"rendered":"https:\/\/www.moskito.cz\/produkt\/crkt-chogan-mattock-2738\/"},"modified":"2025-05-07T11:09:28","modified_gmt":"2025-05-07T10:09:28","slug":"crkt-chogan-mattock-2738","status":"publish","type":"product","link":"https:\/\/www.moskito.cz\/de\/produkt\/crkt-chogan-mattock-2738\/","title":{"rendered":"CRKT Chogan Mattock 2738"},"content":{"rendered":"<p><strong>CRKT<\/strong> Chogan Mattock 2738<\/p>\n<p>Dieses zeitlose Werkzeug ist bereit f\u00fcr neue Abenteuer.<\/p>\n<p>Aus den Sch\u00fctzengr\u00e4ben des Ersten Weltkriegs stammt der Chogan\u2122 Mattock, ein tragbares Werkzeug. Basierend auf einem g\u00e4ngigen Grabwerkzeug der britischen Infanterie, kann der Kopf vom Griff abgenommen werden, um ihn kompakt in Ihrem Fahrzeug, Rucksack oder Ihrem Ger\u00e4teschuppen zu verstauen. Dar\u00fcber hinaus ist der gleiche Griff mit dem Tomahawk-Kopf des Chogan\u2122 T-Hawk kompatibel, sodass Sie zwei Werkzeuge mit einem Griff steuern k\u00f6nnen, was f\u00fcr zus\u00e4tzliche Vielseitigkeit oder Redundanz sorgt.<\/p>\n<p>Geschmiedete Z\u00e4higkeit: 1055-Kohlenstoffstahl sorgt f\u00fcr Haltbarkeit und Schnitthaltigkeit<br \/>\nVerbesserter Schutz: Schwarze Beschichtung verbessert die Korrosionsbest\u00e4ndigkeit<\/p>\n<p>Klingendetails:<\/p>\n<p>Klinge aus 1055 Kohlenstoffstahl<br \/>\nDie Klinge einer Dechselklinge mit einer Spitze<br \/>\nOberfl\u00e4chenbehandlung der Klinge. Korrosionsschutzbeschichtung<\/p>\n<p>Klingenl\u00e4nge: 5,425 cm<br \/>\nKlingenst\u00e4rke: 0,214 cm<br \/>\nGesamtl\u00e4nge: 48,26 cm<br \/>\nGewicht: 1,05 kg<\/p>\n<p>&nbsp;<\/p>\n","protected":false},"excerpt":{"rendered":"<p><strong>DesignerRyan JohnsonChattanooga, Tennessee.<\/strong><\/p>\n<p><strong>Im Kamin des Johnson-Hauses mangelt es nie an Holz. Denn seit Jahren baut Ryan bei RMJ Tactical einige der sch\u00f6nsten Custom-Tomahawks, die dieses Land je gesehen hat. Durch die Anwendung moderner Technik auf jahrhundertealte Werkzeug- und Waffenkonzepte definierte er die Rolle von Tomahawks bei der Strafverfolgung und bei milit\u00e4rischen Anwendungen von Spezialeinheiten neu.<\/strong><\/p>\n<p>&nbsp;<\/p>\n","protected":false},"featured_media":328297,"comment_status":"open","ping_status":"closed","template":"","meta":[],"pwb-brand":[3457],"product_brand":[],"product_cat":[3301],"product_tag":[3669],"class_list":{"0":"post-328296","1":"product","2":"type-product","3":"status-publish","4":"has-post-thumbnail","6":"pwb-brand-crkt-de","7":"product_cat-axte","8":"product_tag-b2b-de","10":"first","11":"outofstock","12":"taxable","13":"shipping-taxable","14":"purchasable","15":"product-type-simple"},"brands":[{"id":3457,"name":"CRKT","slug":"crkt-de"}],"_links":{"self":[{"href":"https:\/\/www.moskito.cz\/de\/wp-json\/wp\/v2\/product\/328296","targetHints":{"allow":["GET"]}}],"collection":[{"href":"https:\/\/www.moskito.cz\/de\/wp-json\/wp\/v2\/product"}],"about":[{"href":"https:\/\/www.moskito.cz\/de\/wp-json\/wp\/v2\/types\/product"}],"replies":[{"embeddable":true,"href":"https:\/\/www.moskito.cz\/de\/wp-json\/wp\/v2\/comments?post=328296"}],"wp:featuredmedia":[{"embeddable":true,"href":"https:\/\/www.moskito.cz\/de\/wp-json\/wp\/v2\/media\/328297"}],"wp:attachment":[{"href":"https:\/\/www.moskito.cz\/de\/wp-json\/wp\/v2\/media?parent=328296"}],"wp:term":[{"taxonomy":"pwb-brand","embeddable":true,"href":"https:\/\/www.moskito.cz\/de\/wp-json\/wp\/v2\/pwb-brand?post=328296"},{"taxonomy":"product_brand","embeddable":true,"href":"https:\/\/www.moskito.cz\/de\/wp-json\/wp\/v2\/product_brand?post=328296"},{"taxonomy":"product_cat","embeddable":true,"href":"https:\/\/www.moskito.cz\/de\/wp-json\/wp\/v2\/product_cat?post=328296"},{"taxonomy":"product_tag","embeddable":true,"href":"https:\/\/www.moskito.cz\/de\/wp-json\/wp\/v2\/product_tag?post=328296"}],"curies":[{"name":"wp","href":"https:\/\/api.w.org\/{rel}","templated":true}]}}