{"id":328332,"date":"2022-04-24T20:19:11","date_gmt":"2024-04-09T08:41:41","guid":{"rendered":"https:\/\/www.moskito.cz\/produkt\/schiessmesser-sog-tac-au-compact-tanto\/"},"modified":"2025-05-07T11:09:30","modified_gmt":"2025-05-07T10:09:30","slug":"schiessmesser-sog-tac-au-compact-tanto","status":"publish","type":"product","link":"https:\/\/www.moskito.cz\/de\/produkt\/schiessmesser-sog-tac-au-compact-tanto\/","title":{"rendered":"Schie\u00dfmesser SOG TAC AU COMPACT TANTO"},"content":{"rendered":"<p>Schie\u00dfmesser <strong>SOG<\/strong> TAC AU COMPACT TANTO.<\/p>\n<p>Mit einem strukturierten Aluminiumgriff und einer CRYO D2-Klinge ist das SOG-TAC AU ein schnell \u00f6ffnendes Klappmesser, das mit beiden H\u00e4nden in Aktion tritt und dank der fortschrittlichen AU-XR-Verriegelung von SOG mit au\u00dfergew\u00f6hnlicher Verriegelungskraft ge\u00f6ffnet bleibt. Es handelt sich um eine in den USA hergestellte Schie\u00dfklinge, ein leistungsstarker Helfer und Ersatzwerkzeug f\u00fcr das Milit\u00e4r, Ersthelfer und Benutzer von Verteidigungstr\u00e4gern, die die zuverl\u00e4ssige Double-Action-Sicherheitsfunktion zu sch\u00e4tzen wissen.<\/p>\n<p>F\u00dcR SICHERHEIT MIT EINEM ZUG<br \/>\nDank der innovativen Klingenverriegelung mit SOG Double-Action Safety k\u00f6nnen Sie mit nur einem Zug vom sicheren in den offenen Zustand wechseln.<\/p>\n<p>CRYO D2-STAHL<br \/>\nEin vielseitiger Werkzeugstahl mit hohem Kohlenstoffgehalt, der gem\u00e4\u00df den einzigartigen Leistungsspezifikationen von SOG kryogen w\u00e4rmebehandelt wird. D2 bietet die ideale Kombination aus Schnitthaltigkeit und Haltbarkeit f\u00fcr den langfristigen Einsatz bei einfacher Wartung.<\/p>\n<p>MIKROTEXTURIERTE GRIFFE<br \/>\nDer SOG-TAC AU-Aluminiumgriff verf\u00fcgt \u00fcber eine mikrostrukturierte bearbeitete Oberfl\u00e4che, die das richtige Ma\u00df an Halt bietet \u2013 an den richtigen Stellen \u2013 ohne Abnutzung der Hand oder Tasche.<\/p>\n<p>DOPPELTWIRKENDE SICHERHEIT<br \/>\nDie in eine einzige Schnittstelle integrierte doppelt wirkende Sicherheit verhindert ein versehentliches Ausl\u00f6sen der Klinge und sorgt gleichzeitig f\u00fcr ein sicheres und gleichm\u00e4\u00dfiges \u00d6ffnen bei Bedarf.<\/p>\n<p>AMBIDEXTER-DESIGN<br \/>\nDer austauschbare G\u00fcrtelclip und das Schloss des AU-XR sind sowohl f\u00fcr Links- als auch f\u00fcr Rechtsh\u00e4nder geeignet.<\/p>\n<p>PRODUKTPARAMETER:<\/p>\n<p>Farbe: Schwarz<br \/>\nSTAHL: CRYO D2<br \/>\nGEWICHT: 8,8g<br \/>\nKLINGENL\u00c4NGE: 7,5 cm<br \/>\nKLINGENST\u00c4RKE: 2,8 mm<br \/>\nGESAMTGR\u00d6SSE: 17,8 cm<br \/>\nGRIFFMATERIAL . AL 6061 T6<br \/>\nGRIFFL\u00c4NGE: 10,3 CM<\/p>\n<p><iframe title=\"SOG-TAC AU Automatic Folding Knife\" width=\"800\" height=\"450\" src=\"https:\/\/www.youtube.com\/embed\/QbInOoD89k0?feature=oembed\" frameborder=\"0\" allow=\"accelerometer; autoplay; clipboard-write; encrypted-media; gyroscope; picture-in-picture; web-share\" referrerpolicy=\"strict-origin-when-cross-origin\" allowfullscreen><\/iframe><\/p>\n<p>&nbsp;<\/p>\n","protected":false},"excerpt":{"rendered":"<p>Egal, ob Sie andere besch\u00fctzen oder eine epische Jagdexpedition leiten, eine der allt\u00e4glichen Herausforderungen des Lebens meistern oder die bisher extremsten Bedingungen meistern, machen Sie sich mit <strong>SOG<\/strong> auf den Weg.<\/p>\n<p><strong>Wir geben auf alle SOG-Messer eine lebenslange Garantie!<\/strong><\/p>\n","protected":false},"featured_media":328336,"comment_status":"open","ping_status":"closed","template":"","meta":[],"pwb-brand":[3605],"product_brand":[],"product_cat":[3285,3343],"product_tag":[3669],"class_list":{"0":"post-328332","1":"product","2":"type-product","3":"status-publish","4":"has-post-thumbnail","6":"pwb-brand-wie-g","7":"product_cat-messer","8":"product_cat-schiesmesser","9":"product_tag-b2b-de","11":"first","12":"instock","13":"taxable","14":"shipping-taxable","15":"purchasable","16":"product-type-simple"},"brands":[{"id":3605,"name":"WIE G","slug":"wie-g"}],"_links":{"self":[{"href":"https:\/\/www.moskito.cz\/de\/wp-json\/wp\/v2\/product\/328332","targetHints":{"allow":["GET"]}}],"collection":[{"href":"https:\/\/www.moskito.cz\/de\/wp-json\/wp\/v2\/product"}],"about":[{"href":"https:\/\/www.moskito.cz\/de\/wp-json\/wp\/v2\/types\/product"}],"replies":[{"embeddable":true,"href":"https:\/\/www.moskito.cz\/de\/wp-json\/wp\/v2\/comments?post=328332"}],"wp:featuredmedia":[{"embeddable":true,"href":"https:\/\/www.moskito.cz\/de\/wp-json\/wp\/v2\/media\/328336"}],"wp:attachment":[{"href":"https:\/\/www.moskito.cz\/de\/wp-json\/wp\/v2\/media?parent=328332"}],"wp:term":[{"taxonomy":"pwb-brand","embeddable":true,"href":"https:\/\/www.moskito.cz\/de\/wp-json\/wp\/v2\/pwb-brand?post=328332"},{"taxonomy":"product_brand","embeddable":true,"href":"https:\/\/www.moskito.cz\/de\/wp-json\/wp\/v2\/product_brand?post=328332"},{"taxonomy":"product_cat","embeddable":true,"href":"https:\/\/www.moskito.cz\/de\/wp-json\/wp\/v2\/product_cat?post=328332"},{"taxonomy":"product_tag","embeddable":true,"href":"https:\/\/www.moskito.cz\/de\/wp-json\/wp\/v2\/product_tag?post=328332"}],"curies":[{"name":"wp","href":"https:\/\/api.w.org\/{rel}","templated":true}]}}