{"id":328413,"date":"2022-04-11T21:36:52","date_gmt":"2024-04-09T13:01:05","guid":{"rendered":"https:\/\/www.moskito.cz\/produkt\/boeker-magnum-italienisches-klassisches-kleines-klappmesser-01ll110\/"},"modified":"2025-05-07T11:09:31","modified_gmt":"2025-05-07T10:09:31","slug":"boeker-magnum-italienisches-klassisches-kleines-klappmesser-01ll110","status":"publish","type":"product","link":"https:\/\/www.moskito.cz\/de\/produkt\/boeker-magnum-italienisches-klassisches-kleines-klappmesser-01ll110\/","title":{"rendered":"B\u00f6ker Magnum Italienisches klassisches kleines Klappmesser 01LL110"},"content":{"rendered":"<p><strong>B\u00f6ker<\/strong> Magnum Italienisches klassisches kleines Klappmesser 01LL110<\/p>\n<p>Die Inspiration f\u00fcr die Magnum Italian Classic Small war offensichtlich der klassische italienische Stil. Die ersten automatischen Messer der Geschichte sollen vor allem bei Frauen beliebt gewesen sein, da sich andere Taschenmesser mit gepflegten Fingern\u00e4geln nur schwer \u00f6ffnen lie\u00dfen. Die kleinere Version des Erfolgsmodells verf\u00fcgt \u00fcber eine polierte Klinge aus 440A-Edelstahl mit eleganter Fehlsch\u00e4rfe. Es \u00f6ffnet sich per federbelastetem Flipper und arretiert zuverl\u00e4ssig per stabilem Linerlock. Die Backen aus rostfreiem Stahl und der Griff aus Palisanderholz unterstreichen den traditionellen Charakter des Messers. Mit Clip (klappbar\/r).<\/p>\n<p>Artikeltyp: Taschenmesser<br \/>\nGesamtl\u00e4nge: 19,30 cm<br \/>\nKlingenl\u00e4nge: 8,40 cm<br \/>\nKlingenst\u00e4rke: 2,90 mm<br \/>\nGewicht: 119,00 g<br \/>\nKlingenmaterial: 440A<br \/>\nGriffmaterial: Edelstahl, Palisander<\/p>\n<p>Die Inspiration f\u00fcr die Magnum Italian Classic Small war unverkennbar das klassische italienische Stilletto. Es wird gesagt, dass die ersten automatischen Messer der Geschichte vor allem bei Frauen \u00e4u\u00dferst beliebt waren, da sich andere Taschenmesser mit gepflegten Fingern\u00e4geln nur schwer \u00f6ffnen lie\u00dfen. Die kleinere Version des Erfolgsmodells ist mit einer polierten Klinge aus 440A-Edelstahl mit eleganter Fehlsch\u00e4rfe ausgestattet. Es wird durch einen Flipper federunterst\u00fctzt und durch einen stabilen Linerlock zuverl\u00e4ssig verriegelt. Backen aus Edelstahl und Griffschalen aus Palisander unterstreichen den traditionellen Charakter des Messers. Mit Clip (Tip-up\/r)<\/p>\n<p>Typ:<br \/>\nTaschenmesser<br \/>\nGesamtl\u00e4nge:<br \/>\n19,30 cm<br \/>\nKlingenl\u00e4nge:<br \/>\n8,40 cm<br \/>\nKlingendicke:<br \/>\n2,90 mm<br \/>\nGewicht:<br \/>\n119,00 g<br \/>\nKlingenmaterial:<br \/>\n440A<br \/>\nGriffmaterial:<br \/>\nPalisander, Edelstahl<br \/>\n\u00d6ffner:<br \/>\nFlipper<br \/>\n\u00d6ffnung:<br \/>\nFederunterst\u00fctzt<br \/>\nSchloss Typ:<br \/>\nLinelock<br \/>\nHergestellt in:<br \/>\nAsien<br \/>\nFarbe:<br \/>\nBraun<br \/>\nKlingenfarbe:<br \/>\nUnbeschichtet<br \/>\nArtikelnummer:<br \/>\n01LL110<\/p>\n<p>&nbsp;<\/p>\n","protected":false},"excerpt":{"rendered":"<p>Im Laufe der Zeit hat sich die Messerfabrik <strong>B\u00f6ker<\/strong> zum weltweiten Innovationsf\u00fchrer und zum gr\u00f6\u00dften Hersteller von Sportmessern, Einsatzmessern und Sammlermessern in Europa entwickelt.<\/p>\n","protected":false},"featured_media":328414,"comment_status":"open","ping_status":"closed","template":"","meta":[],"pwb-brand":[3422],"product_brand":[],"product_cat":[3285,3303],"product_tag":[3669],"class_list":{"0":"post-328413","1":"product","2":"type-product","3":"status-publish","4":"has-post-thumbnail","6":"pwb-brand-boker-de","7":"product_cat-messer","8":"product_cat-schliesmesser","9":"product_tag-b2b-de","11":"first","12":"outofstock","13":"taxable","14":"shipping-taxable","15":"purchasable","16":"product-type-simple"},"brands":[{"id":3422,"name":"B\u00f6ker","slug":"boker-de"}],"_links":{"self":[{"href":"https:\/\/www.moskito.cz\/de\/wp-json\/wp\/v2\/product\/328413","targetHints":{"allow":["GET"]}}],"collection":[{"href":"https:\/\/www.moskito.cz\/de\/wp-json\/wp\/v2\/product"}],"about":[{"href":"https:\/\/www.moskito.cz\/de\/wp-json\/wp\/v2\/types\/product"}],"replies":[{"embeddable":true,"href":"https:\/\/www.moskito.cz\/de\/wp-json\/wp\/v2\/comments?post=328413"}],"wp:featuredmedia":[{"embeddable":true,"href":"https:\/\/www.moskito.cz\/de\/wp-json\/wp\/v2\/media\/328414"}],"wp:attachment":[{"href":"https:\/\/www.moskito.cz\/de\/wp-json\/wp\/v2\/media?parent=328413"}],"wp:term":[{"taxonomy":"pwb-brand","embeddable":true,"href":"https:\/\/www.moskito.cz\/de\/wp-json\/wp\/v2\/pwb-brand?post=328413"},{"taxonomy":"product_brand","embeddable":true,"href":"https:\/\/www.moskito.cz\/de\/wp-json\/wp\/v2\/product_brand?post=328413"},{"taxonomy":"product_cat","embeddable":true,"href":"https:\/\/www.moskito.cz\/de\/wp-json\/wp\/v2\/product_cat?post=328413"},{"taxonomy":"product_tag","embeddable":true,"href":"https:\/\/www.moskito.cz\/de\/wp-json\/wp\/v2\/product_tag?post=328413"}],"curies":[{"name":"wp","href":"https:\/\/api.w.org\/{rel}","templated":true}]}}