{"id":328428,"date":"2022-07-10T19:03:25","date_gmt":"2022-07-10T18:03:25","guid":{"rendered":"https:\/\/www.moskito.cz\/?post_type=product&#038;p=328428"},"modified":"2025-05-07T11:09:32","modified_gmt":"2025-05-07T10:09:32","slug":"feststehendes-messer-extrema-ratio-giant-mamba-ranger-gruen","status":"publish","type":"product","link":"https:\/\/www.moskito.cz\/de\/produkt\/feststehendes-messer-extrema-ratio-giant-mamba-ranger-gruen\/","title":{"rendered":"Feststehendes Messer Extrema Ratio GIANT MAMBA RANGER GR\u00dcN"},"content":{"rendered":"<p>Feststehendes Messer <strong>Extrema Ratio<\/strong> GIANT MAMBA RANGER GR\u00dcN<\/p>\n<p>Die Giant Mamba verf\u00fcgt \u00fcber eine 6,3 mm dicke Tantoklinge aus 58 HRC B\u00f6hler N690-Stahl mit glatter Kante und voller L\u00e4nge f\u00fcr Leichtigkeit, die in Schwarz oder Stein lackiert ist. Der Forprene-Griff ist mit einer Gewindekappe befestigt, wodurch das Messer stabil und gut ausbalanciert ist. Die MOLLE-kompatible Scheide besteht aus schlagfestem, eingespritztem Nylon und verf\u00fcgt \u00fcber ein D\u00e4mpfungssystem, das das Klappern der Klinge verhindert, eine Sicherheitsschlaufe mit zwei Kn\u00f6pfen, einen gummierten, verdrehsicheren Oberschenkelgurt und eine Sicherung, die sich durch einfaches Dr\u00fccken des Abzugs l\u00f6st. Die neue Messerlinie minimiert Dicke und Volumen, ohne Einbu\u00dfen bei Robustheit und Sicherheit.<\/p>\n<p>GEWICHT G: 289<br \/>\nGEWICHT OZ.: 10,19<br \/>\nKLINGENL\u00c4NGE (MM): 163<br \/>\nKLINGENL\u00c4NGE (IN): 6,41<br \/>\nGESAMTL\u00c4NGE (MM): 293<br \/>\nGESAMTL\u00c4NGE (H): 11,53<br \/>\nKLINGENST\u00c4RKE (MM): 6,3<br \/>\nKLINGENST\u00c4RKE (IN): 0,24<br \/>\nKLINGENMATERIAL: B\u00d6HLER N690 STAHL (58HRC)<br \/>\nKLINGENFINISH: STONE WASHED<br \/>\nHAUPTGITTER: FLACH<br \/>\nGRIFFMATERIAL: FORPRENE<\/p>\n","protected":false},"excerpt":{"rendered":"<p><strong>Extrema Ratio mit Sitz in Prato, Italien,<\/strong> entwirft und produziert seit 1997 leistungsstarke Kampf-, Milit\u00e4r-, K\u00fcchen-, Jagd- und taktische Messer und genie\u00dft einen Ruf f\u00fcr \u00fcberlegene Qualit\u00e4t, die in der Milit\u00e4r- und taktischen Messerbranche ihresgleichen sucht. <strong>Kostenloser Transport<\/strong> .<\/p>\n","protected":false},"featured_media":328442,"comment_status":"open","ping_status":"closed","template":"","meta":[],"pwb-brand":[3539],"product_brand":[],"product_cat":[3287,3285],"product_tag":[3669],"class_list":{"0":"post-328428","1":"product","2":"type-product","3":"status-publish","4":"has-post-thumbnail","6":"pwb-brand-extrema-verhaltnis","7":"product_cat-solide-messer","8":"product_cat-messer","9":"product_tag-b2b-de","11":"first","12":"instock","13":"taxable","14":"shipping-taxable","15":"purchasable","16":"product-type-simple"},"brands":[{"id":3539,"name":"Extrema-Verh\u00e4ltnis","slug":"extrema-verhaltnis"}],"_links":{"self":[{"href":"https:\/\/www.moskito.cz\/de\/wp-json\/wp\/v2\/product\/328428","targetHints":{"allow":["GET"]}}],"collection":[{"href":"https:\/\/www.moskito.cz\/de\/wp-json\/wp\/v2\/product"}],"about":[{"href":"https:\/\/www.moskito.cz\/de\/wp-json\/wp\/v2\/types\/product"}],"replies":[{"embeddable":true,"href":"https:\/\/www.moskito.cz\/de\/wp-json\/wp\/v2\/comments?post=328428"}],"wp:featuredmedia":[{"embeddable":true,"href":"https:\/\/www.moskito.cz\/de\/wp-json\/wp\/v2\/media\/328442"}],"wp:attachment":[{"href":"https:\/\/www.moskito.cz\/de\/wp-json\/wp\/v2\/media?parent=328428"}],"wp:term":[{"taxonomy":"pwb-brand","embeddable":true,"href":"https:\/\/www.moskito.cz\/de\/wp-json\/wp\/v2\/pwb-brand?post=328428"},{"taxonomy":"product_brand","embeddable":true,"href":"https:\/\/www.moskito.cz\/de\/wp-json\/wp\/v2\/product_brand?post=328428"},{"taxonomy":"product_cat","embeddable":true,"href":"https:\/\/www.moskito.cz\/de\/wp-json\/wp\/v2\/product_cat?post=328428"},{"taxonomy":"product_tag","embeddable":true,"href":"https:\/\/www.moskito.cz\/de\/wp-json\/wp\/v2\/product_tag?post=328428"}],"curies":[{"name":"wp","href":"https:\/\/api.w.org\/{rel}","templated":true}]}}