{"id":328477,"date":"2022-10-04T22:38:24","date_gmt":"2024-04-10T07:32:33","guid":{"rendered":"https:\/\/www.moskito.cz\/produkt\/microtech-kleines-taktisches-holster\/"},"modified":"2025-05-29T15:31:50","modified_gmt":"2025-05-29T14:31:50","slug":"microtech-kleines-taktisches-holster","status":"publish","type":"product","link":"https:\/\/www.moskito.cz\/de\/produkt\/microtech-kleines-taktisches-holster\/","title":{"rendered":"Microtech KLEINES TAKTISCHES HOLSTER"},"content":{"rendered":"<p>Microtech KLEINES TAKTISCHES HOLSTER.<\/p>\n<p>Abmessungen: 11 x 5 cm (gemessen mit unver\u00e4nderten Tr\u00e4gern)<\/p>\n<p>Diese leichten, tragbaren taktischen Holster verf\u00fcgen \u00fcber ein gesticktes Microtech-Logo sowie eine G\u00fcrtelschlaufe mit Klettverschluss und Schnallenverschluss. Sie bestehen aus strapazierf\u00e4higem zweilagigem Cordura-Nylon mit rundum doppelt verst\u00e4rkten N\u00e4hten. Diese Taschen bieten Platz f\u00fcr unterschiedlich gro\u00dfe Angelger\u00e4te und k\u00f6nnen etwa 2,5 cm nach oben oder unten verstellt werden, w\u00e4hrend sich die Seiten erweitern, um verschiedene Messerbreiten aufzunehmen. Sie werden mit einem verstellbaren Dreifach-Klettverschluss an einem G\u00fcrtel oder G\u00fcrtel befestigt, sodass sie hinzugef\u00fcgt oder entfernt werden k\u00f6nnen, ohne den G\u00fcrtel zu \u00f6ffnen. Dar\u00fcber hinaus kann diese Schlaufe ge\u00f6ffnet und mit einem breiten Klettverschluss an anderer taktischer Ausr\u00fcstung befestigt werden.<\/p>\n<p>Der Koffer ist f\u00fcr folgende Microtech-Messer geeignet: UTX-70 und Troodon Mini<\/p>\n<p><iframe title=\"Microtech Combat Troodon Torture Test\" width=\"800\" height=\"450\" src=\"https:\/\/www.youtube.com\/embed\/xE9TeOFYEjg?feature=oembed\" frameborder=\"0\" allow=\"accelerometer; autoplay; clipboard-write; encrypted-media; gyroscope; picture-in-picture; web-share\" referrerpolicy=\"strict-origin-when-cross-origin\" allowfullscreen><\/iframe><\/p>\n<p>&nbsp;<\/p>\n<p>&nbsp;<\/p>\n<p>&nbsp;<\/p>\n","protected":false},"excerpt":{"rendered":"<p>Microtech KLEINES TAKTISCHES HOLSTER. Abmessungen: 11 x 5 cm (gemessen mit unver\u00e4nderten Tr\u00e4gern) Diese leichten, tragbaren taktischen Holster verf\u00fcgen \u00fcber ein gesticktes Microtech-Logo sowie eine G\u00fcrtelschlaufe mit Klettverschluss und Schnallenverschluss. Sie bestehen aus strapazierf\u00e4higem zweilagigem Cordura-Nylon mit rundum doppelt verst\u00e4rkten N\u00e4hten. Diese Taschen bieten Platz f\u00fcr unterschiedlich gro\u00dfe Angelger\u00e4te und k\u00f6nnen etwa 2,5 cm nach [&hellip;]<\/p>\n","protected":false},"featured_media":328482,"comment_status":"open","ping_status":"closed","template":"","meta":[],"pwb-brand":[3278],"product_brand":[],"product_cat":[3343,3285],"product_tag":[3669],"class_list":{"0":"post-328477","1":"product","2":"type-product","3":"status-publish","4":"has-post-thumbnail","6":"pwb-brand-microtech-de","7":"product_cat-schiesmesser","8":"product_cat-messer","9":"product_tag-b2b-de","11":"first","12":"instock","13":"taxable","14":"shipping-taxable","15":"purchasable","16":"product-type-simple"},"brands":[{"id":3278,"name":"Microtech","slug":"microtech-de"}],"_links":{"self":[{"href":"https:\/\/www.moskito.cz\/de\/wp-json\/wp\/v2\/product\/328477","targetHints":{"allow":["GET"]}}],"collection":[{"href":"https:\/\/www.moskito.cz\/de\/wp-json\/wp\/v2\/product"}],"about":[{"href":"https:\/\/www.moskito.cz\/de\/wp-json\/wp\/v2\/types\/product"}],"replies":[{"embeddable":true,"href":"https:\/\/www.moskito.cz\/de\/wp-json\/wp\/v2\/comments?post=328477"}],"wp:featuredmedia":[{"embeddable":true,"href":"https:\/\/www.moskito.cz\/de\/wp-json\/wp\/v2\/media\/328482"}],"wp:attachment":[{"href":"https:\/\/www.moskito.cz\/de\/wp-json\/wp\/v2\/media?parent=328477"}],"wp:term":[{"taxonomy":"pwb-brand","embeddable":true,"href":"https:\/\/www.moskito.cz\/de\/wp-json\/wp\/v2\/pwb-brand?post=328477"},{"taxonomy":"product_brand","embeddable":true,"href":"https:\/\/www.moskito.cz\/de\/wp-json\/wp\/v2\/product_brand?post=328477"},{"taxonomy":"product_cat","embeddable":true,"href":"https:\/\/www.moskito.cz\/de\/wp-json\/wp\/v2\/product_cat?post=328477"},{"taxonomy":"product_tag","embeddable":true,"href":"https:\/\/www.moskito.cz\/de\/wp-json\/wp\/v2\/product_tag?post=328477"}],"curies":[{"name":"wp","href":"https:\/\/api.w.org\/{rel}","templated":true}]}}