{"id":328551,"date":"2023-04-20T21:42:02","date_gmt":"2024-04-11T14:42:24","guid":{"rendered":"https:\/\/www.moskito.cz\/?post_type=product&#038;p=328551"},"modified":"2025-05-07T11:09:34","modified_gmt":"2025-05-07T10:09:34","slug":"feststehendes-messer-crkt-minimalist-spear-point-2396","status":"publish","type":"product","link":"https:\/\/www.moskito.cz\/de\/produkt\/feststehendes-messer-crkt-minimalist-spear-point-2396\/","title":{"rendered":"Feststehendes Messer CRKT MINIMALIST SPEAR POINT 2396"},"content":{"rendered":"<p>Feststehendes Messer <strong>CRKT<\/strong> MINIMALIST SPEAR POINT 2396<\/p>\n<p>Speziell gebaut f\u00fcr alles, was geschnitten werden muss.<\/p>\n<p>Dieses kompakte Messer mit feststehender Klinge verf\u00fcgt \u00fcber einen vielseitigen Steinspeer. Mit einer Gesamtl\u00e4nge von nur 5,2 Zoll und einem Gewicht von 2,1 Unzen bleibt dieses Messer seinem Namen treu und bietet Ihnen ein minimalistisches Messer, das Sie \u00fcberallhin mitnehmen k\u00f6nnen und das zu allem bereit ist.<br \/>\nDoppelt st\u00e4rker: Basierend auf der X2-eigenen Version ist das Klingenmaterial doppelt so stark<br \/>\n\u00c4u\u00dferst langlebig: Das Stonewash-Finish ist langlebig und altert gut<br \/>\nSolide und optisch: Der Griff aus Kunstharz vereint St\u00e4rke mit optischer Attraktivit\u00e4t<br \/>\nGetriebekompatibel: Robuste Thermoplastschale mit Montagem\u00f6glichkeit<br \/>\nKompaktes Werkzeug: Leicht und einfach zu transportieren<\/p>\n<p>SPEZIFIKATIONEN<br \/>\nKlingenl\u00e4nge: 5,45 cm<br \/>\nKlingenkante glatt<br \/>\nKlinge aus 8Cr13MoV-Stahl<br \/>\nStonewash-Klingenfinish<br \/>\nKlingenst\u00e4rke: 0,36 cm<br \/>\nGesamtl\u00e4nge: 13,17 cm<br \/>\nGewicht: 59,53 g<br \/>\nMit Harz impr\u00e4gnierte Grifffaser<br \/>\nStilvolles Messer mit feststehender Klinge und Scheide<br \/>\nSchalenmaterial Thermoplast<br \/>\nGeh\u00e4usegewicht 1,10 Unzen. (31,18 g)<\/p>\n","protected":false},"excerpt":{"rendered":"<p><strong>Entworfen von Alan Folts in Melbourne, Florida<\/strong><\/p>\n","protected":false},"featured_media":328552,"comment_status":"open","ping_status":"closed","template":"","meta":[],"pwb-brand":[3457],"product_brand":[],"product_cat":[3285,3287],"product_tag":[3669],"class_list":{"0":"post-328551","1":"product","2":"type-product","3":"status-publish","4":"has-post-thumbnail","6":"pwb-brand-crkt-de","7":"product_cat-messer","8":"product_cat-solide-messer","9":"product_tag-b2b-de","11":"first","12":"outofstock","13":"taxable","14":"shipping-taxable","15":"purchasable","16":"product-type-simple"},"brands":[{"id":3457,"name":"CRKT","slug":"crkt-de"}],"_links":{"self":[{"href":"https:\/\/www.moskito.cz\/de\/wp-json\/wp\/v2\/product\/328551","targetHints":{"allow":["GET"]}}],"collection":[{"href":"https:\/\/www.moskito.cz\/de\/wp-json\/wp\/v2\/product"}],"about":[{"href":"https:\/\/www.moskito.cz\/de\/wp-json\/wp\/v2\/types\/product"}],"replies":[{"embeddable":true,"href":"https:\/\/www.moskito.cz\/de\/wp-json\/wp\/v2\/comments?post=328551"}],"wp:featuredmedia":[{"embeddable":true,"href":"https:\/\/www.moskito.cz\/de\/wp-json\/wp\/v2\/media\/328552"}],"wp:attachment":[{"href":"https:\/\/www.moskito.cz\/de\/wp-json\/wp\/v2\/media?parent=328551"}],"wp:term":[{"taxonomy":"pwb-brand","embeddable":true,"href":"https:\/\/www.moskito.cz\/de\/wp-json\/wp\/v2\/pwb-brand?post=328551"},{"taxonomy":"product_brand","embeddable":true,"href":"https:\/\/www.moskito.cz\/de\/wp-json\/wp\/v2\/product_brand?post=328551"},{"taxonomy":"product_cat","embeddable":true,"href":"https:\/\/www.moskito.cz\/de\/wp-json\/wp\/v2\/product_cat?post=328551"},{"taxonomy":"product_tag","embeddable":true,"href":"https:\/\/www.moskito.cz\/de\/wp-json\/wp\/v2\/product_tag?post=328551"}],"curies":[{"name":"wp","href":"https:\/\/api.w.org\/{rel}","templated":true}]}}