{"id":328678,"date":"2022-09-07T20:30:14","date_gmt":"2024-04-11T14:49:40","guid":{"rendered":"https:\/\/www.moskito.cz\/produkt\/verschlussmesser-crkt-crossbones-7530\/"},"modified":"2025-05-07T11:09:38","modified_gmt":"2025-05-07T10:09:38","slug":"verschlussmesser-crkt-crossbones-7530","status":"publish","type":"product","link":"https:\/\/www.moskito.cz\/de\/produkt\/verschlussmesser-crkt-crossbones-7530\/","title":{"rendered":"Verschlussmesser CRKT CROSSBONES 7530"},"content":{"rendered":"<p>Verschlussmesser <strong>CRKT<\/strong> CROSSBONES 7530.<\/p>\n<p>D\u00fcnner, leichter, vielseitig.<\/p>\n<p>Crossbones ist ein \u00e4u\u00dferst vielseitiges Alltagsmesser zum Schneiden von Fleisch, zum \u00d6ffnen von Umschl\u00e4gen und f\u00fcr alles dazwischen. Unter der Leitung des Meisterdesigners Ken Onion entworfen, h\u00e4lt es hohe Standards und spiegelt gleichzeitig frisches, neues Design und Funktion wider. Gekreuzte Knochen verschwinden praktisch, wenn man sie in die Tasche steckt, sind aber f\u00fcr jede Aufgabe bereit.<\/p>\n<p>\u201eCrossbones\u201c ist der ersten Sonderver\u00f6ffentlichung des Designers Jeff Park aus Mililani, Hawaii nachempfunden. Jeff ist seit \u00fcber einem Jahrzehnt Ken Onions rechte Hand und nach langem Dr\u00e4ngen ver\u00f6ffentlichte er schlie\u00dflich sein eigenes Design.<\/p>\n<p>Die d\u00fcnne Klinge verf\u00fcgt \u00fcber einen vollst\u00e4ndigen Flachschliff und l\u00e4sst sich mit dem IKBS\u2122 Ball Bearing Pivot System schnell und reibungslos ausfahren. Der zweifarbige Griff aus geb\u00fcrstetem Aluminium \u00e4hnelt im geschlossenen Zustand der Form eines Hundeknochens und gibt dem Crossbone seinen Namen.<\/p>\n<p>Ohne R\u00fcschen, aber dennoch zuverl\u00e4ssig und vielseitig: Der Crossbone ist der beste Freund eines Mannes.<\/p>\n<p>SPEZIFIKATIONEN<br \/>\nKlingenl\u00e4nge 3,54&#8243; (89,81 mm)<br \/>\nKlinge Klinge Plain<br \/>\nKlingenstahl AUS 8<br \/>\nOberfl\u00e4chenbehandlung der Klinge Satin<br \/>\nKlingenst\u00e4rke: 0,12 Zoll (3,15 mm)<br \/>\nGesamtl\u00e4nge 8,06&#8243; (204,80 mm)<br \/>\nGeschlossene L\u00e4nge 4,50&#8243; (114,38 mm)<br \/>\nGewicht 2,40 oz (68,04 g)<br \/>\nGriff aus Aluminium<br \/>\nStyle Klappmesser mit Liner Lock<\/p>\n<p><iframe title=\"CRKT Crossbones Knife | Designer Vision From Jeff Park\" width=\"800\" height=\"450\" src=\"https:\/\/www.youtube.com\/embed\/OED9M2VELFw?feature=oembed\" frameborder=\"0\" allow=\"accelerometer; autoplay; clipboard-write; encrypted-media; gyroscope; picture-in-picture; web-share\" referrerpolicy=\"strict-origin-when-cross-origin\" allowfullscreen><\/iframe><\/p>\n<p>&nbsp;<\/p>\n","protected":false},"excerpt":{"rendered":"<p>Entworfen von Jeff Park in Mililani, Hawaii.<\/p>\n","protected":false},"featured_media":328679,"comment_status":"open","ping_status":"closed","template":"","meta":[],"pwb-brand":[3457],"product_brand":[],"product_cat":[3303,3285],"product_tag":[3669],"class_list":{"0":"post-328678","1":"product","2":"type-product","3":"status-publish","4":"has-post-thumbnail","6":"pwb-brand-crkt-de","7":"product_cat-schliesmesser","8":"product_cat-messer","9":"product_tag-b2b-de","11":"first","12":"outofstock","13":"sale","14":"taxable","15":"shipping-taxable","16":"purchasable","17":"product-type-simple"},"brands":[{"id":3457,"name":"CRKT","slug":"crkt-de"}],"_links":{"self":[{"href":"https:\/\/www.moskito.cz\/de\/wp-json\/wp\/v2\/product\/328678","targetHints":{"allow":["GET"]}}],"collection":[{"href":"https:\/\/www.moskito.cz\/de\/wp-json\/wp\/v2\/product"}],"about":[{"href":"https:\/\/www.moskito.cz\/de\/wp-json\/wp\/v2\/types\/product"}],"replies":[{"embeddable":true,"href":"https:\/\/www.moskito.cz\/de\/wp-json\/wp\/v2\/comments?post=328678"}],"wp:featuredmedia":[{"embeddable":true,"href":"https:\/\/www.moskito.cz\/de\/wp-json\/wp\/v2\/media\/328679"}],"wp:attachment":[{"href":"https:\/\/www.moskito.cz\/de\/wp-json\/wp\/v2\/media?parent=328678"}],"wp:term":[{"taxonomy":"pwb-brand","embeddable":true,"href":"https:\/\/www.moskito.cz\/de\/wp-json\/wp\/v2\/pwb-brand?post=328678"},{"taxonomy":"product_brand","embeddable":true,"href":"https:\/\/www.moskito.cz\/de\/wp-json\/wp\/v2\/product_brand?post=328678"},{"taxonomy":"product_cat","embeddable":true,"href":"https:\/\/www.moskito.cz\/de\/wp-json\/wp\/v2\/product_cat?post=328678"},{"taxonomy":"product_tag","embeddable":true,"href":"https:\/\/www.moskito.cz\/de\/wp-json\/wp\/v2\/product_tag?post=328678"}],"curies":[{"name":"wp","href":"https:\/\/api.w.org\/{rel}","templated":true}]}}