{"id":328778,"date":"2022-11-19T15:11:25","date_gmt":"2024-04-11T15:00:59","guid":{"rendered":"https:\/\/www.moskito.cz\/produkt\/verschlussmesser-crkt-septimo\/"},"modified":"2025-05-07T11:09:39","modified_gmt":"2025-05-07T10:09:39","slug":"verschlussmesser-crkt-septimo","status":"publish","type":"product","link":"https:\/\/www.moskito.cz\/de\/produkt\/verschlussmesser-crkt-septimo\/","title":{"rendered":"Verschlussmesser CRKT SEPTIMO"},"content":{"rendered":"<p>Verschlussmesser <strong>CRKT<\/strong> SEPTIMO.<\/p>\n<p>Das Septimo\u2122 Tactical Knife wurde von einem erfahrenen Green Beret als mehr als nur ein Messer entworfen \u2013 er baute es auf der Grundlage seiner Erfahrung und baute es als Lebensader. Eine einzigartige Veff Serration\u2122 gepaart mit einem leistungsstarken Design dient als Gurtschneider, Messer und pers\u00f6nliches Verteidigungswerkzeug. Der 14-j\u00e4hrige Dienst als amerikanischer Held gipfelte darin, dass diese Gro\u00dfmacht einsatzbereit war.<br \/>\nExtrem scharf: Veff Serration\u2122 bietet eine hervorragende Schneidleistung f\u00fcr Seile und Gurtb\u00e4nder<br \/>\nSchnelles \u00d6ffnen: Der Flipper f\u00e4hrt die Klinge schnell aus<br \/>\nVerbesserter Schutz: Eine schw\u00e4rzende Oberfl\u00e4chenbehandlung verbessert die Korrosionsbest\u00e4ndigkeit.<\/p>\n<p>SPEZIFIKATIONEN<br \/>\nKlingenl\u00e4nge 3,62&#8243; (92,00 mm)<br \/>\nVeff Serrations\u2122 Klingenkante<br \/>\nKlingenstahl 8Cr13MoV<br \/>\nOberfl\u00e4chenbehandlung der Klinge Kysli\u010dn\u00edk<br \/>\nKlingenst\u00e4rke: 0,13 Zoll (3,23 mm)<br \/>\nGesamtl\u00e4nge 8,19&#8243; (207,98 mm)<br \/>\nGeschlossene L\u00e4nge 4,55&#8243; (115,65 mm)<br \/>\nGewicht 4,70 oz (133,24 g)<br \/>\nGriff aus Aluminium mit glasfaserverst\u00e4rktem Nyloneinsatz<br \/>\nStyle Klappmesser mit Liner Lock<\/p>\n<p><iframe title=\"Forged By War: Septimo Knife by Jeremy Valdez\" width=\"800\" height=\"450\" src=\"https:\/\/www.youtube.com\/embed\/azLUGBojVfA?feature=oembed\" frameborder=\"0\" allow=\"accelerometer; autoplay; clipboard-write; encrypted-media; gyroscope; picture-in-picture; web-share\" referrerpolicy=\"strict-origin-when-cross-origin\" allowfullscreen><\/iframe><\/p>\n<p>&nbsp;<\/p>\n<p>&nbsp;<\/p>\n<p>&nbsp;<\/p>\n","protected":false},"excerpt":{"rendered":"<p>Entworfen von Jeremy Valdez in Olalla, Washington.<\/p>\n","protected":false},"featured_media":328779,"comment_status":"open","ping_status":"closed","template":"","meta":[],"pwb-brand":[3457],"product_brand":[],"product_cat":[3285,3303],"product_tag":[3669],"class_list":{"0":"post-328778","1":"product","2":"type-product","3":"status-publish","4":"has-post-thumbnail","6":"pwb-brand-crkt-de","7":"product_cat-messer","8":"product_cat-schliesmesser","9":"product_tag-b2b-de","11":"first","12":"instock","13":"taxable","14":"shipping-taxable","15":"purchasable","16":"product-type-simple"},"brands":[{"id":3457,"name":"CRKT","slug":"crkt-de"}],"_links":{"self":[{"href":"https:\/\/www.moskito.cz\/de\/wp-json\/wp\/v2\/product\/328778","targetHints":{"allow":["GET"]}}],"collection":[{"href":"https:\/\/www.moskito.cz\/de\/wp-json\/wp\/v2\/product"}],"about":[{"href":"https:\/\/www.moskito.cz\/de\/wp-json\/wp\/v2\/types\/product"}],"replies":[{"embeddable":true,"href":"https:\/\/www.moskito.cz\/de\/wp-json\/wp\/v2\/comments?post=328778"}],"wp:featuredmedia":[{"embeddable":true,"href":"https:\/\/www.moskito.cz\/de\/wp-json\/wp\/v2\/media\/328779"}],"wp:attachment":[{"href":"https:\/\/www.moskito.cz\/de\/wp-json\/wp\/v2\/media?parent=328778"}],"wp:term":[{"taxonomy":"pwb-brand","embeddable":true,"href":"https:\/\/www.moskito.cz\/de\/wp-json\/wp\/v2\/pwb-brand?post=328778"},{"taxonomy":"product_brand","embeddable":true,"href":"https:\/\/www.moskito.cz\/de\/wp-json\/wp\/v2\/product_brand?post=328778"},{"taxonomy":"product_cat","embeddable":true,"href":"https:\/\/www.moskito.cz\/de\/wp-json\/wp\/v2\/product_cat?post=328778"},{"taxonomy":"product_tag","embeddable":true,"href":"https:\/\/www.moskito.cz\/de\/wp-json\/wp\/v2\/product_tag?post=328778"}],"curies":[{"name":"wp","href":"https:\/\/api.w.org\/{rel}","templated":true}]}}