{"id":328815,"date":"2023-10-03T14:30:13","date_gmt":"2024-04-11T15:07:17","guid":{"rendered":"https:\/\/www.moskito.cz\/produkt\/schliessmesser-crkt-dextro-6295\/"},"modified":"2025-05-07T11:09:40","modified_gmt":"2025-05-07T10:09:40","slug":"schliessmesser-crkt-dextro-6295","status":"publish","type":"product","link":"https:\/\/www.moskito.cz\/de\/produkt\/schliessmesser-crkt-dextro-6295\/","title":{"rendered":"Schlie\u00dfmesser CRKT Dextro 6295"},"content":{"rendered":"<p>Schlie\u00dfmesser <strong>CRKT<\/strong> Dextro 6295<\/p>\n<p>Der fast vollst\u00e4ndig schwarze Dextro ist ein Alltagskleidungsst\u00fcck, das daf\u00fcr gemacht ist, unter dem Radar zu fliegen, aber ein kleiner gr\u00fcner Akzent auf dem Drehpunkt deutet auf etwas Besonderes unter der Haube hin. Dr\u00fccken Sie die Flosse nach unten, und die aggressiv abgewinkelte Klinge mit der kippbaren Spitze gleitet sanft auf die IKBS\u2122-Lager und ist bereit, alles zu durchbohren, durchzuschneiden oder zu durchtrennen, was auch immer der Tag ihr bietet.<\/p>\n<p>\u00dcberlegene Leistung: D2-Klingenstahl f\u00fcr hervorragenden Klingenhalt<br \/>\nSanftes \u00d6ffnen: Der IKBS\u2122-Kugellagerstift entfaltet die Klinge sanft<br \/>\nSchnelles \u00d6ffnen: Flipper entfaltet die Klinge schnell<br \/>\nVerbesserter Schutz: Schwarze Beschichtung verbessert die Korrosionsbest\u00e4ndigkeit<br \/>\nStark und leicht: Der Aluminiumgriff vereint Stabilit\u00e4t mit minimalem Gewicht<br \/>\nEinfach zu schlie\u00dfen: Der Einsteckverschluss l\u00e4sst sich ganz einfach mit einer Hand schlie\u00dfen<\/p>\n<p>Klinge aus D2-Stahl<br \/>\nKlingenkante glatt<br \/>\nOberfl\u00e4chenbehandlung der Klinge aus Titannitrid<\/p>\n<p>Klingenl\u00e4nge: 80,85 cm)<\/p>\n<p>Klingenst\u00e4rke: 0,37 cm<br \/>\nGesamtl\u00e4nge: 19,82 cm<br \/>\nL\u00e4nge geschlossen: 11,70 cm<br \/>\nGewicht: 136,08 g<\/p>\n<p>Griffmaterial Aluminium<br \/>\nStylisches Klappmesser mit Liner Lock<\/p>\n<p>&nbsp;<\/p>\n","protected":false},"excerpt":{"rendered":"<p><strong>DesignerT.J. Schwarzboise, Idaho<\/strong><\/p>\n<p><strong>TJ war dazu bestimmt, Autodesigner zu werden. In der High School entdeckte er seine unheimliche F\u00e4higkeit, Autos zu zeichnen \u2013 tats\u00e4chlich war er darin so gut, dass er bereits w\u00e4hrend seines Studiums Auftr\u00e4ge von Oldtimerbesitzern annahm. Gerade als seine Karriere im Automobilbereich begann, sprang sein guter Freund Bill Koenig von Koenig Knives ein und alles ver\u00e4nderte sich. Nachdem er einen Eindruck vom Design der Messer bekommen hatte, blickte er nie mehr zur\u00fcck. Wenn sie also sagen \u201eauf Leistung ausgelegt\u201c, meinen sie es auch so.<\/strong><\/p>\n<p>&nbsp;<\/p>\n","protected":false},"featured_media":328816,"comment_status":"open","ping_status":"closed","template":"","meta":[],"pwb-brand":[3457],"product_brand":[],"product_cat":[3303,3285],"product_tag":[3669],"class_list":{"0":"post-328815","1":"product","2":"type-product","3":"status-publish","4":"has-post-thumbnail","6":"pwb-brand-crkt-de","7":"product_cat-schliesmesser","8":"product_cat-messer","9":"product_tag-b2b-de","11":"first","12":"instock","13":"sale","14":"taxable","15":"shipping-taxable","16":"purchasable","17":"product-type-simple"},"brands":[{"id":3457,"name":"CRKT","slug":"crkt-de"}],"_links":{"self":[{"href":"https:\/\/www.moskito.cz\/de\/wp-json\/wp\/v2\/product\/328815","targetHints":{"allow":["GET"]}}],"collection":[{"href":"https:\/\/www.moskito.cz\/de\/wp-json\/wp\/v2\/product"}],"about":[{"href":"https:\/\/www.moskito.cz\/de\/wp-json\/wp\/v2\/types\/product"}],"replies":[{"embeddable":true,"href":"https:\/\/www.moskito.cz\/de\/wp-json\/wp\/v2\/comments?post=328815"}],"wp:featuredmedia":[{"embeddable":true,"href":"https:\/\/www.moskito.cz\/de\/wp-json\/wp\/v2\/media\/328816"}],"wp:attachment":[{"href":"https:\/\/www.moskito.cz\/de\/wp-json\/wp\/v2\/media?parent=328815"}],"wp:term":[{"taxonomy":"pwb-brand","embeddable":true,"href":"https:\/\/www.moskito.cz\/de\/wp-json\/wp\/v2\/pwb-brand?post=328815"},{"taxonomy":"product_brand","embeddable":true,"href":"https:\/\/www.moskito.cz\/de\/wp-json\/wp\/v2\/product_brand?post=328815"},{"taxonomy":"product_cat","embeddable":true,"href":"https:\/\/www.moskito.cz\/de\/wp-json\/wp\/v2\/product_cat?post=328815"},{"taxonomy":"product_tag","embeddable":true,"href":"https:\/\/www.moskito.cz\/de\/wp-json\/wp\/v2\/product_tag?post=328815"}],"curies":[{"name":"wp","href":"https:\/\/api.w.org\/{rel}","templated":true}]}}