{"id":328904,"date":"2024-04-11T17:52:37","date_gmt":"2024-04-11T16:54:54","guid":{"rendered":"https:\/\/www.moskito.cz\/produkt\/verschlussmesser-crkt-provoke-grivory-4041b\/"},"modified":"2025-05-07T11:09:41","modified_gmt":"2025-05-07T10:09:41","slug":"verschlussmesser-crkt-provoke-grivory-4041b","status":"publish","type":"product","link":"https:\/\/www.moskito.cz\/de\/produkt\/verschlussmesser-crkt-provoke-grivory-4041b\/","title":{"rendered":"Verschlussmesser CRKT Provoke Grivory 4041B"},"content":{"rendered":"<p>Verschlussmesser <strong>CRKT<\/strong> Provoke Grivory 4041B.<\/p>\n<p>Aufschlag. und besch\u00fctzen. Das verwandelnde Karambit-Messer Provoke\u00ae Blue Metallic lehnt sich an ein antikes Design an, verbirgt jedoch ein futuristisches Geheimnis. Als erstes Messer mit Kinematic\u00ae-Technologie bleibt es beim Transport ordentlich verstaut und erwacht zum Leben, wenn ein Problem auftritt. Jetzt aus Grivory\u00ae gefertigt \u2013 einem starken, leichten, technischen Thermoplast \u2013 ist es leichter und agiler.<\/p>\n<p>Bei CRKT halten sie den Designer Joe Caswell f\u00fcr einen verr\u00fcckten Wissenschaftler. Als sie die Skizzen dessen sahen, was sp\u00e4ter zum Provok werden sollte \u2013 entworfen in Newbury Park, Kalifornien \u2013 wussten sie, dass es einer der innovativsten Designer werden w\u00fcrde, die die Messerwelt je gesehen hatte. Die schwarze Klinge im Falkenstil ist einem traditionellen Karambit nachempfunden und besteht aus rostfreiem Stahl in Steinqualit\u00e4t.<\/p>\n<p>Der \u00d6ffnungsmechanismus zieht den Ordner in die Zukunft, ob bereit oder nicht. Durch Daumendruck auf die obere Stange wird eine Kettenreaktion ausgel\u00f6st, die dazu f\u00fchrt, dass die Klinge in Aktion tritt, w\u00e4hrend Sie den Griff fest im Griff haben. Es besteht aus metallisch blauem Grivory, einem \u00e4u\u00dferst haltbaren, leichten Thermoplast f\u00fcr einfachen Transport und einen nahtlosen \u00dcbergang in den Alltag. Ganz im Joe-Stil ist auch der Taschenclip eine Weltneuheit, der nahezu b\u00fcndig mit dem Griff abschlie\u00dft und ebenfalls durch einen leichten Daumendruck aktiviert werden kann.<\/p>\n<p>Provoke ist leistungsstark, wenn es in Dienst gestellt wird.<\/p>\n<p>Wie Kinematik funktioniert<\/p>\n<p>Dr\u00fccken Sie Ihren Daumen in die obere Querstange \u2013 w\u00e4hrend Ihre anderen Finger den Griff fest umklammern \u2013 und die Klinge springt zum Leben und rastet ein. Schieben Sie den diskreten Hebel an der Basis der Fingerschlaufe und die Klinge f\u00e4hrt in ihre geschlossene Position zur\u00fcck.<\/p>\n<p>Eine einzigartige Innovation: Kinematic\u00ae entfaltet die Klinge per Daumendruck<br \/>\nEinfaches Sch\u00e4rfen: Die Klinge aus rostfreiem Kohlenstoffstahl h\u00e4lt die Schneide gut<br \/>\nVerbesserter Schutz: Schwarzes Stonewash ist langlebig und altert gut<br \/>\nEinfach und langlebig: Der spritzgegossene Griff ist schlagfest<br \/>\nNiedriges Profil: Taschenclip sorgt f\u00fcr sicheres Tragen<\/p>\n<p>Spezifikationen:<br \/>\nKlingenl\u00e4nge: 6,2 cm<br \/>\nL\u00e4nge geschlossen: 12,58 cm<br \/>\nGesamtl\u00e4nge: 18,25 cm<br \/>\nKlingenmaterial: Edelstahl 1.4116<br \/>\nKlingenst\u00e4rke: 0,538 cm<br \/>\nKlingenstil: Hawkbill<br \/>\nKlingensch\u00e4rfen: Mei\u00dfel<br \/>\nKlingenfinish: Black Stonewash<br \/>\nGriffmaterial: Grivory<br \/>\nVerriegelungsmechanismus: Kinematisch<br \/>\nTaschenclip: hochklappbar, rechtsh\u00e4ndig zu tragen<br \/>\nGewicht: 4,70 Unzen. (133,24 g)<br \/>\nDesigner: Joe Caswell<\/p>\n<p><iframe title=\"CRKT Kinematic | How It Works\" width=\"800\" height=\"450\" src=\"https:\/\/www.youtube.com\/embed\/birKtIe7HRY?feature=oembed\" frameborder=\"0\" allow=\"accelerometer; autoplay; clipboard-write; encrypted-media; gyroscope; picture-in-picture; web-share\" referrerpolicy=\"strict-origin-when-cross-origin\" allowfullscreen><\/iframe><\/p>\n<p>&nbsp;<\/p>\n<p>&nbsp;<\/p>\n","protected":false},"excerpt":{"rendered":"<p><strong>Joe Caswell<\/strong><br \/>\nNewbury Park, Kalifornien<br \/>\nMotorradjournalist. Musterschwei\u00dfger\u00e4t f\u00fcr Wikingerschwerter. Erfinder. Ma\u00dfgeschneiderter Messerdesigner. Man kann mit Sicherheit sagen, dass Joe aus einem besonderen Stoff gefertigt ist. Und jetzt kann er seinem Lebenslauf den Zusatz \u201eBranchendisruptor\u201c hinzuf\u00fcgen. Mit der Ver\u00f6ffentlichung des Kinematic festigt es weiterhin seine Position unter den besten Messern der Welt. Von bescheidenen Anf\u00e4ngen in seiner selbstgebauten Schmiede in der Garage seiner gemieteten Wohnung an hat er sich in harter Nachtarbeit einen Namen gemacht, und wir k\u00f6nnen es kaum erwarten zu sehen, was als n\u00e4chstes aus seiner inspirierten Kreativit\u00e4t wird.<\/p>\n","protected":false},"featured_media":328856,"comment_status":"open","ping_status":"closed","template":"","meta":[],"pwb-brand":[3457],"product_brand":[],"product_cat":[3303,3285],"product_tag":[3669],"class_list":{"0":"post-328904","1":"product","2":"type-product","3":"status-publish","4":"has-post-thumbnail","6":"pwb-brand-crkt-de","7":"product_cat-schliesmesser","8":"product_cat-messer","9":"product_tag-b2b-de","11":"first","12":"instock","13":"sale","14":"taxable","15":"shipping-taxable","16":"purchasable","17":"product-type-simple"},"brands":[{"id":3457,"name":"CRKT","slug":"crkt-de"}],"_links":{"self":[{"href":"https:\/\/www.moskito.cz\/de\/wp-json\/wp\/v2\/product\/328904","targetHints":{"allow":["GET"]}}],"collection":[{"href":"https:\/\/www.moskito.cz\/de\/wp-json\/wp\/v2\/product"}],"about":[{"href":"https:\/\/www.moskito.cz\/de\/wp-json\/wp\/v2\/types\/product"}],"replies":[{"embeddable":true,"href":"https:\/\/www.moskito.cz\/de\/wp-json\/wp\/v2\/comments?post=328904"}],"wp:featuredmedia":[{"embeddable":true,"href":"https:\/\/www.moskito.cz\/de\/wp-json\/wp\/v2\/media\/328856"}],"wp:attachment":[{"href":"https:\/\/www.moskito.cz\/de\/wp-json\/wp\/v2\/media?parent=328904"}],"wp:term":[{"taxonomy":"pwb-brand","embeddable":true,"href":"https:\/\/www.moskito.cz\/de\/wp-json\/wp\/v2\/pwb-brand?post=328904"},{"taxonomy":"product_brand","embeddable":true,"href":"https:\/\/www.moskito.cz\/de\/wp-json\/wp\/v2\/product_brand?post=328904"},{"taxonomy":"product_cat","embeddable":true,"href":"https:\/\/www.moskito.cz\/de\/wp-json\/wp\/v2\/product_cat?post=328904"},{"taxonomy":"product_tag","embeddable":true,"href":"https:\/\/www.moskito.cz\/de\/wp-json\/wp\/v2\/product_tag?post=328904"}],"curies":[{"name":"wp","href":"https:\/\/api.w.org\/{rel}","templated":true}]}}