{"id":328967,"date":"2024-04-11T18:11:18","date_gmt":"2024-04-11T17:14:18","guid":{"rendered":"https:\/\/www.moskito.cz\/produkt\/columbia-river-crkt-joe-wu-6-bit-schraubendreher-set-9910\/"},"modified":"2025-05-07T11:09:42","modified_gmt":"2025-05-07T10:09:42","slug":"columbia-river-crkt-joe-wu-6-bit-schraubendreher-set-9910","status":"publish","type":"product","link":"https:\/\/www.moskito.cz\/de\/produkt\/columbia-river-crkt-joe-wu-6-bit-schraubendreher-set-9910\/","title":{"rendered":"Columbia River CRKT Joe Wu 6-Bit-Schraubendreher-Set 9910"},"content":{"rendered":"<p>Columbia River <strong>CRKT<\/strong> Joe Wu 6-Bit-Schraubendreher-Set 9910<\/p>\n<p>Hervorragende Wartungsleistung in einem handlichen Paket. Sie haben nicht den Luxus, selbst zu entscheiden, wo und wann Ihr Messer gereinigt oder gewartet werden muss. Dieses 6-Bit-Schraubendreherset ist ein Produktivit\u00e4tssparer im Taschenformat mit interner Bitaufbewahrung und einem Griff f\u00fcr maximales Drehmoment.<\/p>\n<p>Der Designer Joe Wu aus Mountain View, Kalifornien, hat das 6-Bit-Treiberset als Teil seiner Wartungskollektion entworfen. Der Griff verf\u00fcgt \u00fcber eine starke, \u00fcberraschend ergonomische Form f\u00fcr ein so kompaktes Design und eine eloxierte Oberfl\u00e4che f\u00fcr Kratzfestigkeit. Es enth\u00e4lt sechs Bits und ist mit T6, T7, T8, T9, T10 und T15 ausgestattet. Ein starker Magnet im Inneren der Schraubendreherspitze h\u00e4lt die Bits w\u00e4hrend des Gebrauchs sicher fest.<\/p>\n<p>Ein Satz 6-Bit-Treiber sorgt daf\u00fcr, dass Ihnen immer eine schnelle L\u00f6sung fehlt.<\/p>\n<p>Kompaktes Werkzeug: Der Treiber liegt gut in der Hand und erm\u00f6glicht mehr Kontrolle f\u00fcr pr\u00e4zises Arbeiten<br \/>\nEinfach und sicher: Ein Magnet in der Spitze des Schraubendrehers sichert den Schraubendreherbit<br \/>\nStark und leicht: Der Aluminiumgriff vereint Stabilit\u00e4t mit minimalem Gewicht<br \/>\nLanglebige Oberfl\u00e4che: Die Eloxierung vom Typ III ist kratzfest<br \/>\nH\u00e4lt bis zu 6 Bits \u2013 kommt mit T6, T7, T8, T9, T10, T15<\/p>\n<p>Spezifikationen:<br \/>\nGesamtl\u00e4nge: 8,24 cm<br \/>\nGriffmaterial: Aluminium<br \/>\nGewicht: 3,10 Unzen. (87,88 g)<br \/>\nDesigner: Joe Wu<\/p>\n","protected":false},"excerpt":{"rendered":"<p>Joe Wu t\u00fcftelte st\u00e4ndig und suchte nach neuen M\u00f6glichkeiten, bestehende Designs zu verbessern. Er begann seine Karriere im Produktdesign bei Scout Leather Co. indem wir Produkte herstellen, die auf pers\u00f6nlichen Bed\u00fcrfnissen und Erfahrungen basieren. In den letzten Jahren hat er seine Ideen aufgegriffen und seine Gesch\u00e4ftsf\u00e4higkeiten mithilfe traditioneller Methoden und eines modernen Ansatzes verfeinert. Seine Designs und Ideen basieren auf Einfachheit und Benutzererfahrung. Gutes Design muss nicht kompliziert sein.<\/p>\n","protected":false},"featured_media":328918,"comment_status":"open","ping_status":"closed","template":"","meta":[],"pwb-brand":[3457],"product_brand":[],"product_cat":[3340],"product_tag":[3669],"class_list":{"0":"post-328967","1":"product","2":"type-product","3":"status-publish","4":"has-post-thumbnail","6":"pwb-brand-crkt-de","7":"product_cat-multi-tool-de","8":"product_tag-b2b-de","10":"first","11":"outofstock","12":"taxable","13":"shipping-taxable","14":"purchasable","15":"product-type-simple"},"brands":[{"id":3457,"name":"CRKT","slug":"crkt-de"}],"_links":{"self":[{"href":"https:\/\/www.moskito.cz\/de\/wp-json\/wp\/v2\/product\/328967","targetHints":{"allow":["GET"]}}],"collection":[{"href":"https:\/\/www.moskito.cz\/de\/wp-json\/wp\/v2\/product"}],"about":[{"href":"https:\/\/www.moskito.cz\/de\/wp-json\/wp\/v2\/types\/product"}],"replies":[{"embeddable":true,"href":"https:\/\/www.moskito.cz\/de\/wp-json\/wp\/v2\/comments?post=328967"}],"wp:featuredmedia":[{"embeddable":true,"href":"https:\/\/www.moskito.cz\/de\/wp-json\/wp\/v2\/media\/328918"}],"wp:attachment":[{"href":"https:\/\/www.moskito.cz\/de\/wp-json\/wp\/v2\/media?parent=328967"}],"wp:term":[{"taxonomy":"pwb-brand","embeddable":true,"href":"https:\/\/www.moskito.cz\/de\/wp-json\/wp\/v2\/pwb-brand?post=328967"},{"taxonomy":"product_brand","embeddable":true,"href":"https:\/\/www.moskito.cz\/de\/wp-json\/wp\/v2\/product_brand?post=328967"},{"taxonomy":"product_cat","embeddable":true,"href":"https:\/\/www.moskito.cz\/de\/wp-json\/wp\/v2\/product_cat?post=328967"},{"taxonomy":"product_tag","embeddable":true,"href":"https:\/\/www.moskito.cz\/de\/wp-json\/wp\/v2\/product_tag?post=328967"}],"curies":[{"name":"wp","href":"https:\/\/api.w.org\/{rel}","templated":true}]}}