{"id":329024,"date":"2024-04-11T18:57:05","date_gmt":"2024-04-11T17:59:27","guid":{"rendered":"https:\/\/www.moskito.cz\/produkt\/verschlussmesser-crkt-squid-stonewashed-2486\/"},"modified":"2025-05-07T11:09:43","modified_gmt":"2025-05-07T10:09:43","slug":"verschlussmesser-crkt-squid-stonewashed-2486","status":"publish","type":"product","link":"https:\/\/www.moskito.cz\/de\/produkt\/verschlussmesser-crkt-squid-stonewashed-2486\/","title":{"rendered":"Verschlussmesser CRKT Squid Stonewashed 2486"},"content":{"rendered":"<p>Verschlussmesser <strong>CRKT<\/strong> Squid Stonewashed 2486<\/p>\n<p>Dieses von Lucas Burnley entworfene Alltagsmesser ist kompakt in der Gr\u00f6\u00dfe, bietet aber eine beeindruckende Funktionalit\u00e4t. Mit Rahmenschloss f\u00fcr Sicherheit und unterst\u00fctzter \u00d6ffnung f\u00fcr superschnellen Einsatz. Seien Sie vorsichtig, wohin Sie es richten.<\/p>\n<p>Das Squid Compact ist ein Klappmesser f\u00fcr den t\u00e4glichen Gebrauch des Designers Lucas Burnley aus Bend, Oregon. Basierend auf dem Konzept einer kompakten Pistole verf\u00fcgt sie \u00fcber kleine Abmessungen und gro\u00dfe F\u00e4higkeiten. Lassen Sie sich von der 1,75-Zoll-Klinge nicht t\u00e4uschen; dies ist ein voll ausgestattetes, taktisch inspiriertes Messer, das bereit ist, Ihre gr\u00f6\u00dften Schneidherausforderungen zu meistern. Durch das Design im Drop-Point-Stil ist es dem Burnley gelungen, der Klinge eine gute Balance zwischen Spitzenst\u00e4rke und Spitzengeometrie f\u00fcr praktische Aufgaben zu verleihen und alle Merkmale eines taktischen Messers in Originalgr\u00f6\u00dfe in einem leicht zu tragenden, kompakten Design zu vereinen .<\/p>\n<p>Wie bei jeder guten Waffe m\u00f6chten Sie etwas, das Sie sch\u00fctzt. Aus diesem Grund ist der Squid Compact mit der Innovation \u201eAssisted Opening\u201c ausgestattet. Schieben Sie die Klinge teilweise auf, um die \u00d6ffnungsunterst\u00fctzung zu aktivieren, schnappen Sie sie mit H\u00f6chstgeschwindigkeit auf und die Rahmenverriegelung h\u00e4lt sie fest an Ort und Stelle.<\/p>\n<p>Also machen Sie weiter und nehmen Sie diese Waffe \u00fcberallhin mit. Denken Sie daran, es ist geladen.<\/p>\n<p>So funktioniert die \u00d6ffnungshilfe<\/p>\n<p>Es wird sicher in der Tasche gehalten, aber beim Ausfahren \u00f6ffnet sich die Klinge mit beeindruckender Geschwindigkeit und erm\u00f6glicht ein einfaches, kraftvolles \u00d6ffnen mit einer Hand im Spin-Bereich.<\/p>\n<p>Der Assisted Opening Flipper entfaltet die Klinge schnell<br \/>\nDie Klinge aus rostfreiem Kohlenstoffstahl h\u00e4lt die Schneide gut<br \/>\nReibungsrillen auf der Klinge zum Greifen<br \/>\nDer Griff aus G10 und Edelstahl h\u00e4lt starker Beanspruchung stand<br \/>\nTaschenclip sorgt f\u00fcr sicheren Transport<br \/>\nSchl\u00fcsselbandloch f\u00fcr einen Schl\u00fcsselring oder Anh\u00e4nger<\/p>\n<p>Spezifikationen:<br \/>\nKlingenl\u00e4nge: 4,44 cm<br \/>\nGriffl\u00e4nge: 7,44 cm<br \/>\nGesamtl\u00e4nge: 11,8 cm<br \/>\nKlingenmaterial: Werkzeugstahl D2<br \/>\nKlingenst\u00e4rke: 0,11 Zoll (2,69 mm)<br \/>\nKlingenstil: Drop Point<br \/>\nKlingenfinish: Black Stonewash<br \/>\nGriffmaterial: Orange G10 und Edelstahl<br \/>\nVerriegelungsmechanismus: Rahmenschloss<br \/>\nTaschenclip: hochklappbar, rechtsh\u00e4ndig zu tragen<br \/>\nGewicht: 2,20 Unzen. (62,37 g)<br \/>\nDesigner: Lucas Burnley<br \/>\nIKBS Pivot-Unterst\u00fctzung<\/p>\n<p><iframe title=\"CRKT Squid\u2122 Compact | Lucas Burnley Design\" width=\"800\" height=\"450\" src=\"https:\/\/www.youtube.com\/embed\/vNJRbbbCrik?feature=oembed\" frameborder=\"0\" allow=\"accelerometer; autoplay; clipboard-write; encrypted-media; gyroscope; picture-in-picture; web-share\" referrerpolicy=\"strict-origin-when-cross-origin\" allowfullscreen><\/iframe><\/p>\n<p>&nbsp;<\/p>\n","protected":false},"excerpt":{"rendered":"<p>Lucas Burnley<br \/>\nBend, Oregon<br \/>\nWenn man Lucas fragt, was ihn als Teenager in die Welt der Messer gebracht hat, erz\u00e4hlt er, dass es \u00dcberlebensgeschichten, Offroad-Abenteuer mit seinem Vater und eine ordentliche Portion Actionfilme waren. Im Laufe der Jahre hat er mit einer Vielzahl von Stilen experimentiert, um klassische Beispiele kunstvoll mit modernen Materialien und Techniken wie dem Obake\u2122-Messer zu kombinieren. Lucas glaubt, dass Messer ein pers\u00f6nlicher Ausdruck der Unabh\u00e4ngigkeit sind. Wir k\u00f6nnen uns nur einigen.<\/p>\n","protected":false},"featured_media":328975,"comment_status":"open","ping_status":"closed","template":"","meta":[],"pwb-brand":[3457],"product_brand":[],"product_cat":[3303,3285],"product_tag":[3669],"class_list":{"0":"post-329024","1":"product","2":"type-product","3":"status-publish","4":"has-post-thumbnail","6":"pwb-brand-crkt-de","7":"product_cat-schliesmesser","8":"product_cat-messer","9":"product_tag-b2b-de","11":"first","12":"instock","13":"sale","14":"taxable","15":"shipping-taxable","16":"purchasable","17":"product-type-simple"},"brands":[{"id":3457,"name":"CRKT","slug":"crkt-de"}],"_links":{"self":[{"href":"https:\/\/www.moskito.cz\/de\/wp-json\/wp\/v2\/product\/329024","targetHints":{"allow":["GET"]}}],"collection":[{"href":"https:\/\/www.moskito.cz\/de\/wp-json\/wp\/v2\/product"}],"about":[{"href":"https:\/\/www.moskito.cz\/de\/wp-json\/wp\/v2\/types\/product"}],"replies":[{"embeddable":true,"href":"https:\/\/www.moskito.cz\/de\/wp-json\/wp\/v2\/comments?post=329024"}],"wp:featuredmedia":[{"embeddable":true,"href":"https:\/\/www.moskito.cz\/de\/wp-json\/wp\/v2\/media\/328975"}],"wp:attachment":[{"href":"https:\/\/www.moskito.cz\/de\/wp-json\/wp\/v2\/media?parent=329024"}],"wp:term":[{"taxonomy":"pwb-brand","embeddable":true,"href":"https:\/\/www.moskito.cz\/de\/wp-json\/wp\/v2\/pwb-brand?post=329024"},{"taxonomy":"product_brand","embeddable":true,"href":"https:\/\/www.moskito.cz\/de\/wp-json\/wp\/v2\/product_brand?post=329024"},{"taxonomy":"product_cat","embeddable":true,"href":"https:\/\/www.moskito.cz\/de\/wp-json\/wp\/v2\/product_cat?post=329024"},{"taxonomy":"product_tag","embeddable":true,"href":"https:\/\/www.moskito.cz\/de\/wp-json\/wp\/v2\/product_tag?post=329024"}],"curies":[{"name":"wp","href":"https:\/\/api.w.org\/{rel}","templated":true}]}}