{"id":329084,"date":"2024-04-11T19:27:23","date_gmt":"2024-04-11T18:29:19","guid":{"rendered":"https:\/\/www.moskito.cz\/produkt\/verschlussmesser-crkt-squid-compact-stonewashed-2485k\/"},"modified":"2025-05-07T11:09:45","modified_gmt":"2025-05-07T10:09:45","slug":"verschlussmesser-crkt-squid-compact-stonewashed-2485k","status":"publish","type":"product","link":"https:\/\/www.moskito.cz\/de\/produkt\/verschlussmesser-crkt-squid-compact-stonewashed-2485k\/","title":{"rendered":"Verschlussmesser CRKT Squid Compact Stonewashed 2485K"},"content":{"rendered":"<h3 class=\"\" data-start=\"130\" data-end=\"189\">\ud83d\udd2a CRKT Squid\u2122 Compact Stonewashed 2485K Klappmesser<\/h3>\n<p class=\"\" data-start=\"190\" data-end=\"360\">Kompakt, robust und f\u00fcr alles bereit. Das CRKT Squid Compact ist der kleinere Bruder des legend\u00e4ren Squid-Modells, aber lassen Sie sich nicht von seiner Gr\u00f6\u00dfe t\u00e4uschen \u2013 die Leistung und Zuverl\u00e4ssigkeit bleiben erhalten. <\/p>\n<hr class=\"\" data-start=\"362\" data-end=\"365\">\n<h3 class=\"\" data-start=\"367\" data-end=\"386\">\u2699\ufe0f Spezifikationen:<\/h3>\n<ul data-start=\"387\" data-end=\"779\">\n<li class=\"\" data-start=\"387\" data-end=\"416\">\n<p class=\"\" data-start=\"389\" data-end=\"416\"><strong data-start=\"389\" data-end=\"407\">Gesamtl\u00e4nge:<\/strong> 11,81 cm<\/p>\n<\/li>\n<li class=\"\" data-start=\"417\" data-end=\"444\">\n<p class=\"\" data-start=\"419\" data-end=\"444\"><strong data-start=\"419\" data-end=\"436\">Klingenl\u00e4nge:<\/strong> 4,44 cm<\/p>\n<\/li>\n<li class=\"\" data-start=\"445\" data-end=\"476\">\n<p class=\"\" data-start=\"447\" data-end=\"476\"><strong data-start=\"447\" data-end=\"467\">Klingenst\u00e4rke:<\/strong> 2,7 mm<\/p>\n<\/li>\n<li class=\"\" data-start=\"477\" data-end=\"499\">\n<p class=\"\" data-start=\"479\" data-end=\"499\"><strong data-start=\"479\" data-end=\"492\">Gewicht:<\/strong> 82g<\/p>\n<\/li>\n<li class=\"\" data-start=\"500\" data-end=\"533\">\n<p class=\"\" data-start=\"502\" data-end=\"533\"><strong data-start=\"502\" data-end=\"522\">Klingenmaterial:<\/strong> 8Cr13MoV<\/p>\n<\/li>\n<li class=\"\" data-start=\"534\" data-end=\"566\">\n<p class=\"\" data-start=\"536\" data-end=\"566\"><strong data-start=\"536\" data-end=\"554\">Stahlh\u00e4rte:<\/strong> 58\u201360 HRC<\/p>\n<\/li>\n<li class=\"\" data-start=\"567\" data-end=\"607\">\n<p class=\"\" data-start=\"569\" data-end=\"607\"><strong data-start=\"569\" data-end=\"591\">Griffmaterial:<\/strong> Edelstahl<\/p>\n<\/li>\n<li class=\"\" data-start=\"608\" data-end=\"652\">\n<p class=\"\" data-start=\"610\" data-end=\"652\"><strong data-start=\"610\" data-end=\"638\">Oberfl\u00e4chenbehandlung der Klinge:<\/strong> Stonewashed<\/p>\n<\/li>\n<li class=\"\" data-start=\"653\" data-end=\"684\">\n<p class=\"\" data-start=\"655\" data-end=\"684\"><strong data-start=\"655\" data-end=\"671\">Klingenform:<\/strong> Drop Point<\/p>\n<\/li>\n<li class=\"\" data-start=\"685\" data-end=\"714\">\n<p class=\"\" data-start=\"687\" data-end=\"714\"><strong data-start=\"687\" data-end=\"701\">\u00d6ffnung:<\/strong> Daumenknopf<\/p>\n<\/li>\n<li class=\"\" data-start=\"715\" data-end=\"740\">\n<p class=\"\" data-start=\"717\" data-end=\"740\"><strong data-start=\"717\" data-end=\"727\">Schloss:<\/strong> Rahmenschloss<\/p>\n<\/li>\n<li class=\"\" data-start=\"741\" data-end=\"779\">\n<p class=\"\" data-start=\"743\" data-end=\"779\"><strong data-start=\"743\" data-end=\"752\">Clip:<\/strong> Deep Carry, rechte Seite<\/p>\n<\/li>\n<\/ul>\n<hr class=\"\" data-start=\"781\" data-end=\"784\">\n<h3 class=\"\" data-start=\"786\" data-end=\"800\">\ud83d\udc8e Vorteile:<\/h3>\n<ul data-start=\"801\" data-end=\"1123\">\n<li class=\"\" data-start=\"801\" data-end=\"838\">\n<p class=\"\" data-start=\"803\" data-end=\"838\">Kompakte Abmessungen, ideal f\u00fcr EDC<\/p>\n<\/li>\n<li class=\"\" data-start=\"839\" data-end=\"902\">\n<p class=\"\" data-start=\"841\" data-end=\"902\">Hochwertiger 8Cr13MoV-Stahl \u2013 gute Schnitthaltigkeit, leichtes Sch\u00e4rfen<\/p>\n<\/li>\n<li class=\"\" data-start=\"903\" data-end=\"950\">\n<p class=\"\" data-start=\"905\" data-end=\"950\">Stonewashed-Oberfl\u00e4che kaschiert kleinere Kratzer<\/p>\n<\/li>\n<li class=\"\" data-start=\"951\" data-end=\"983\">\n<p class=\"\" data-start=\"953\" data-end=\"983\">Robuste Ganzmetallkonstruktion<\/p>\n<\/li>\n<li class=\"\" data-start=\"984\" data-end=\"1022\">\n<p class=\"\" data-start=\"986\" data-end=\"1022\">Minimalistisches und dennoch funktionales Design<\/p>\n<\/li>\n<li class=\"\" data-start=\"1023\" data-end=\"1074\">\n<p class=\"\" data-start=\"1025\" data-end=\"1074\">Zuverl\u00e4ssiger Frame Lock \u2013 sichere Klingenarretierung<\/p>\n<\/li>\n<li class=\"\" data-start=\"1075\" data-end=\"1123\">\n<p class=\"\" data-start=\"1077\" data-end=\"1123\">Deep Carry Clip \u2013 das Messer sitzt diskret in der Tasche<\/p>\n<\/li>\n<\/ul>\n<hr class=\"\" data-start=\"1125\" data-end=\"1128\">\n<h3 class=\"\" data-start=\"1130\" data-end=\"1155\">\ud83e\uddfc Schleifen und Pflege:<\/h3>\n<ul data-start=\"1156\" data-end=\"1386\">\n<li class=\"\" data-start=\"1156\" data-end=\"1257\">\n<p class=\"\" data-start=\"1158\" data-end=\"1257\"><strong data-start=\"1158\" data-end=\"1171\">Sch\u00e4rfen:<\/strong> Empfohlen wird ein Sch\u00e4rfen in einem Winkel von 20\u00b0\u201322\u00b0, idealerweise mit einem Diamant- oder Keramiksch\u00e4rfer.<\/p>\n<\/li>\n<li class=\"\" data-start=\"1258\" data-end=\"1386\">\n<p class=\"\" data-start=\"1260\" data-end=\"1386\"><strong data-start=\"1260\" data-end=\"1271\">Pflege:<\/strong> Gelenkteile regelm\u00e4\u00dfig reinigen, einen Tropfen Schmiermittel (z.B. Nanoprotech oder Ballistol) auftragen, trocken lagern.<\/p>\n<\/li>\n<\/ul>\n<hr class=\"\" data-start=\"1388\" data-end=\"1391\">\n<h3 data-pm-slice=\"1 1 []\">\u2696\ufe0f Vergleich mit Wettbewerbern:<\/h3>\n<table>\n<tbody>\n<tr>\n<th>Modell<\/th>\n<th>Klingenl\u00e4nge<\/th>\n<th>Stahl<\/th>\n<th>\u00d6ffnung<\/th>\n<th>Sperren<\/th>\n<th>Gewicht<\/th>\n<\/tr>\n<tr>\n<td><strong>CRKT Squid Compact<\/strong><\/td>\n<td>60 mm<\/td>\n<td>8Cr13MoV<\/td>\n<td>Daumenknopf<\/td>\n<td>Rahmenschloss<\/td>\n<td>82 g<\/td>\n<\/tr>\n<tr>\n<td>Kershaw Schnittlauch<\/td>\n<td>44 mm<\/td>\n<td>420HC<\/td>\n<td>Flipper<\/td>\n<td>Rahmenschloss<\/td>\n<td>50 g<\/td>\n<\/tr>\n<tr>\n<td>B\u00f6ker Plus Subcom<\/td>\n<td>53 mm<\/td>\n<td>AUS-8<\/td>\n<td>Daumenknopf<\/td>\n<td>Rahmenschloss<\/td>\n<td>70 g<\/td>\n<\/tr>\n<\/tbody>\n<\/table>\n<p>Der Squid Compact zeichnet sich durch seine Robustheit im Taschenformat aus. Es hat ein einfaches, aber effektives Design ohne unn\u00f6tigen Schnickschnack \u2013 genau das, was die meisten EDC-Benutzer zu sch\u00e4tzen wissen. <\/p>\n<div>\n<hr>\n<\/div>\n<h3>\ud83c\udf81 Packungsinhalt:<\/h3>\n<ul data-spread=\"false\">\n<li>CRKT Squid Compact 2485K Messer<\/li>\n<li>Originalverpackung mit CRKT-Logo<\/li>\n<li>Gebrauchs- und Wartungshinweise<\/li>\n<\/ul>\n<div>\n<hr>\n<\/div>\n<h3>\u2764\ufe0f Fazit:<\/h3>\n<p><strong>Weniger ist manchmal mehr.<\/strong>  Und das CRKT Squid Compact best\u00e4tigt dies bis ins letzte Detail. Wenn Sie etwas Kleines brauchen, das wie ein gro\u00dfes Messer funktioniert, greifen Sie zu diesem. Ideal f\u00fcr die Tasche, den Rucksack oder als Ersatzteil. Und dennoch wird es sich nie wie ein \u201eBackup\u201c anf\u00fchlen.   <\/p>\n<p>\ud83c\udfaf  <strong>Squid Compact \u2013 ein unverzichtbares St\u00fcck f\u00fcr Ihr EDC-Arsenal. \u00dcberraschend klein. \u00dcberraschend f\u00e4hig. Genau das, was Sie brauchen.   <\/strong><\/p>\n<div class=\"group pointer-events-none relative flex justify-center *:pointer-events-auto\"><\/div>\n<p>&nbsp;<\/p>\n<p>&nbsp;<\/p>\n<p><iframe title=\"CRKT Squid\u2122 Compact | Lucas Burnley Design\" width=\"800\" height=\"450\" src=\"https:\/\/www.youtube.com\/embed\/jdqlNS6PE4A?feature=oembed\" frameborder=\"0\" allow=\"accelerometer; autoplay; clipboard-write; encrypted-media; gyroscope; picture-in-picture; web-share\" referrerpolicy=\"strict-origin-when-cross-origin\" allowfullscreen><\/iframe><\/p>\n<p>&nbsp;<\/p>\n","protected":false},"excerpt":{"rendered":"<p>\ud83c\udfaf  <strong>Squid Compact \u2013 ein unverzichtbares St\u00fcck f\u00fcr Ihr EDC-Arsenal. \u00dcberraschend klein. \u00dcberraschend f\u00e4hig. Genau das, was Sie brauchen.   <\/strong><\/p>\n","protected":false},"featured_media":329034,"comment_status":"open","ping_status":"closed","template":"","meta":[],"pwb-brand":[3457],"product_brand":[],"product_cat":[3303,3285],"product_tag":[3669],"class_list":{"0":"post-329084","1":"product","2":"type-product","3":"status-publish","4":"has-post-thumbnail","6":"pwb-brand-crkt-de","7":"product_cat-schliesmesser","8":"product_cat-messer","9":"product_tag-b2b-de","11":"first","12":"instock","13":"sale","14":"taxable","15":"shipping-taxable","16":"purchasable","17":"product-type-simple"},"brands":[{"id":3457,"name":"CRKT","slug":"crkt-de"}],"_links":{"self":[{"href":"https:\/\/www.moskito.cz\/de\/wp-json\/wp\/v2\/product\/329084","targetHints":{"allow":["GET"]}}],"collection":[{"href":"https:\/\/www.moskito.cz\/de\/wp-json\/wp\/v2\/product"}],"about":[{"href":"https:\/\/www.moskito.cz\/de\/wp-json\/wp\/v2\/types\/product"}],"replies":[{"embeddable":true,"href":"https:\/\/www.moskito.cz\/de\/wp-json\/wp\/v2\/comments?post=329084"}],"wp:featuredmedia":[{"embeddable":true,"href":"https:\/\/www.moskito.cz\/de\/wp-json\/wp\/v2\/media\/329034"}],"wp:attachment":[{"href":"https:\/\/www.moskito.cz\/de\/wp-json\/wp\/v2\/media?parent=329084"}],"wp:term":[{"taxonomy":"pwb-brand","embeddable":true,"href":"https:\/\/www.moskito.cz\/de\/wp-json\/wp\/v2\/pwb-brand?post=329084"},{"taxonomy":"product_brand","embeddable":true,"href":"https:\/\/www.moskito.cz\/de\/wp-json\/wp\/v2\/product_brand?post=329084"},{"taxonomy":"product_cat","embeddable":true,"href":"https:\/\/www.moskito.cz\/de\/wp-json\/wp\/v2\/product_cat?post=329084"},{"taxonomy":"product_tag","embeddable":true,"href":"https:\/\/www.moskito.cz\/de\/wp-json\/wp\/v2\/product_tag?post=329084"}],"curies":[{"name":"wp","href":"https:\/\/api.w.org\/{rel}","templated":true}]}}