{"id":329141,"date":"2024-04-11T19:44:57","date_gmt":"2024-04-11T18:46:53","guid":{"rendered":"https:\/\/www.moskito.cz\/produkt\/verschlussmesser-crkt-ceo-microflipper-7083\/"},"modified":"2025-05-07T11:09:46","modified_gmt":"2025-05-07T10:09:46","slug":"verschlussmesser-crkt-ceo-microflipper-7083","status":"publish","type":"product","link":"https:\/\/www.moskito.cz\/de\/produkt\/verschlussmesser-crkt-ceo-microflipper-7083\/","title":{"rendered":"Verschlussmesser CRKT CEO Microflipper 7083"},"content":{"rendered":"<p>Verschlussmesser <strong>CRKT<\/strong> CEO Microflipper 7083.<\/p>\n<p><strong>Der CEO<\/strong> Microflipper ist ein Messer, das auf Erfolg getrimmt ist. Auf den ersten Blick k\u00f6nnte man es mit einem Stift verwechseln, der in der Hemdtasche steckt. Und genau so wurde das CEO Microflipper Klappmesser konzipiert. Mit einem extrem flachen Profil und ohne Ecken auf Kosten der Benutzerfreundlichkeit und Ergonomie verk\u00f6rpert es den Arbeitsgeist des Alltags. Die Farbe ist fantastisch \u2013 das tiefe Blau hebt das Messer wirklich hervor.<\/p>\n<p>Richard Rogers, bekannt f\u00fcr seine klaren, einfachen und \u00e4u\u00dferst praktischen Designs, bringt ein weiteres beeindruckendes Messer aus seinem Gesch\u00e4ft in den Buschh\u00fcgeln von Magdalena, New Mexico, heraus. Der schlanke, flache CEO Microflipper wurde speziell f\u00fcr Hemdtaschen und einen V-Ausschnitt entwickelt und ist ein Stift, bis ein versiegelter Brief ge\u00f6ffnet werden muss oder ein Anzug den letzten Schliff braucht. Mit gefetteten Kugellagern im Drehpunkt zur Reduzierung der Reibung setzt das IKBS den d\u00fcnnen Daumenstift in Bewegung und wirft die satinierte Edelstahlklinge schnell aus. Ein Verriegelungseinsatz h\u00e4lt es zwischen einem schlanken und leichten blauen Aluminiumgriff mit Edelstahleins\u00e4tzen und einem Clip sicher an Ort und Stelle.<\/p>\n<p>CEO Microflipper: passt am besten zu extra dunklem Geb\u00e4ck und einer langen To-Do-Liste.<\/p>\n<p>Spezifikationen<br \/>\nKlingenl\u00e4nge: 5,52 cm<br \/>\nL\u00e4nge geschlossen: 8,12 cm<br \/>\nGesamtl\u00e4nge: 13,7 cm<br \/>\nKlingenmaterial: Sandvik 12C27 Edelstahl<br \/>\nKlingenstil: Schaffu\u00df<br \/>\nOberfl\u00e4chenbehandlung der Klinge: satiniert<br \/>\nGriffmaterial: Strukturiertes blaues Aluminium mit Edelstahleins\u00e4tzen<br \/>\nVerriegelungsmechanismus: Liner Lock<br \/>\nTaschenclip: Deep Carry Tip-Down, Rechts\/Links-Trageweise<br \/>\nGewicht: 1,7 Unzen.<br \/>\nDesigner: Richard Rogers<\/p>\n<p><iframe title=\"CRKT CEO Microflipper | Richard Rogers Design\" width=\"800\" height=\"450\" src=\"https:\/\/www.youtube.com\/embed\/foLCcQjXDCM?feature=oembed\" frameborder=\"0\" allow=\"accelerometer; autoplay; clipboard-write; encrypted-media; gyroscope; picture-in-picture; web-share\" referrerpolicy=\"strict-origin-when-cross-origin\" allowfullscreen><\/iframe><\/p>\n<p>&nbsp;<\/p>\n","protected":false},"excerpt":{"rendered":"<p>DESIGNER<br \/>\nRichard Rogers<br \/>\nMagdalena, New Mexico<br \/>\nEinfache, praktische Komponenten f\u00fcr den Alltag sind meine Leidenschaft. Bei jedem Design achte ich darauf, was es tun kann, um der Person, die es h\u00e4lt, das Leben zu erleichtern.<\/p>\n","protected":false},"featured_media":329093,"comment_status":"open","ping_status":"closed","template":"","meta":[],"pwb-brand":[3457],"product_brand":[],"product_cat":[3303,3285],"product_tag":[3669],"class_list":{"0":"post-329141","1":"product","2":"type-product","3":"status-publish","4":"has-post-thumbnail","6":"pwb-brand-crkt-de","7":"product_cat-schliesmesser","8":"product_cat-messer","9":"product_tag-b2b-de","11":"first","12":"outofstock","13":"taxable","14":"shipping-taxable","15":"purchasable","16":"product-type-simple"},"brands":[{"id":3457,"name":"CRKT","slug":"crkt-de"}],"_links":{"self":[{"href":"https:\/\/www.moskito.cz\/de\/wp-json\/wp\/v2\/product\/329141","targetHints":{"allow":["GET"]}}],"collection":[{"href":"https:\/\/www.moskito.cz\/de\/wp-json\/wp\/v2\/product"}],"about":[{"href":"https:\/\/www.moskito.cz\/de\/wp-json\/wp\/v2\/types\/product"}],"replies":[{"embeddable":true,"href":"https:\/\/www.moskito.cz\/de\/wp-json\/wp\/v2\/comments?post=329141"}],"wp:featuredmedia":[{"embeddable":true,"href":"https:\/\/www.moskito.cz\/de\/wp-json\/wp\/v2\/media\/329093"}],"wp:attachment":[{"href":"https:\/\/www.moskito.cz\/de\/wp-json\/wp\/v2\/media?parent=329141"}],"wp:term":[{"taxonomy":"pwb-brand","embeddable":true,"href":"https:\/\/www.moskito.cz\/de\/wp-json\/wp\/v2\/pwb-brand?post=329141"},{"taxonomy":"product_brand","embeddable":true,"href":"https:\/\/www.moskito.cz\/de\/wp-json\/wp\/v2\/product_brand?post=329141"},{"taxonomy":"product_cat","embeddable":true,"href":"https:\/\/www.moskito.cz\/de\/wp-json\/wp\/v2\/product_cat?post=329141"},{"taxonomy":"product_tag","embeddable":true,"href":"https:\/\/www.moskito.cz\/de\/wp-json\/wp\/v2\/product_tag?post=329141"}],"curies":[{"name":"wp","href":"https:\/\/api.w.org\/{rel}","templated":true}]}}