{"id":329277,"date":"2024-04-11T22:36:23","date_gmt":"2024-04-11T21:38:06","guid":{"rendered":"https:\/\/www.moskito.cz\/produkt\/crkt-darriel-caston-forebear-4810-klappmesser\/"},"modified":"2025-05-07T11:09:49","modified_gmt":"2025-05-07T10:09:49","slug":"crkt-darriel-caston-forebear-4810-klappmesser","status":"publish","type":"product","link":"https:\/\/www.moskito.cz\/de\/produkt\/crkt-darriel-caston-forebear-4810-klappmesser\/","title":{"rendered":"CRKT Darriel Caston Forebear 4810 Klappmesser"},"content":{"rendered":"<p><strong>CRKT<\/strong> Darriel Caston Forebear 4810 Klappmesser<\/p>\n<p>Der Forebear ist ein Alltagskleidungsst\u00fcck mit einem klassischen Schiebegelenkmechanismus, der auf einem jahrhundertealten Drehgelenk-Design basiert, das auch heute noch beliebt ist. Es ist f\u00fcr Schneidaufgaben aller Gr\u00f6\u00dfen konzipiert und verf\u00fcgt \u00fcber ein Doppelklingendesign mit gr\u00f6\u00dferen und kleineren Wharncliffe-Klingen, die sich an gegen\u00fcberliegenden Enden des Griffs \u00f6ffnen. Die Klingen bestehen aus hochwertigen Materialien, darunter 12C27-Stahl mit einer Nagelkerbe zum einfachen \u00d6ffnen, und der Griff besteht aus G10 f\u00fcr hervorragenden Halt bei jedem Wetter. Alles in allem handelt es sich um ein starkes und leichtes Klappmesser mit bew\u00e4hrtem Design.<br \/>\n\u00dcberlegene Leistung: 12C27-Klingenstahl f\u00fcr hervorragende Schnitthaltigkeit<br \/>\nTraditionelle \u00d6ffnung: Nagelkerbe f\u00fcr einfaches \u00d6ffnen<br \/>\nAu\u00dfergew\u00f6hnlicher Halt: Der G10-Griff bietet au\u00dfergew\u00f6hnlichen Halt unter allen Bedingungen<br \/>\nTraditionelle Funktion: Der Schiebegelenkmechanismus \u00f6ffnet und schlie\u00dft mit zwei H\u00e4nden<\/p>\n<p>Spezifikationen<br \/>\nL\u00e4nge der Hauptklinge: 5,81 cm<br \/>\nSekund\u00e4rklingenl\u00e4nge: 2,70 cm<br \/>\nGriffl\u00e4nge: 8,70 cm<br \/>\nGesamtl\u00e4nge: 17,14 cm<br \/>\nKlingenmaterial: Sandvik 12C27 Edelstahl<br \/>\nKlingenstil: Wharncliffe<br \/>\nOberfl\u00e4chenbehandlung der Klinge: satiniert<br \/>\nGriffmaterial: G10<br \/>\nVerriegelungsmechanismus: Schiebegelenk<br \/>\nTaschenclip: Keine<br \/>\nGewicht: 1,30 Unzen. (36,85 g)<br \/>\nDesigner: Darriel Caston von D Rocket Design<\/p>\n<p><iframe title=\"CRKT Forebear Slip Joint | Darriel Caston Design\" width=\"800\" height=\"450\" src=\"https:\/\/www.youtube.com\/embed\/rJ8qqDl69G8?feature=oembed\" frameborder=\"0\" allow=\"accelerometer; autoplay; clipboard-write; encrypted-media; gyroscope; picture-in-picture; web-share\" referrerpolicy=\"strict-origin-when-cross-origin\" allowfullscreen><\/iframe><\/p>\n<p>&nbsp;<\/p>\n<p>&nbsp;<\/p>\n","protected":false},"excerpt":{"rendered":"<p><strong>DESIGNER<\/strong><br \/>\nDarriel Caston<br \/>\nFolsom, Kalifornien<br \/>\nDarriel Caston ist von Beruf Elektroingenieur und nutzt das Messerdesign als Ausdruck seiner k\u00fcnstlerischen Seite. Er produziert seit Jahrzehnten hochwertige Komponenten und hat sich f\u00fcr seine detaillierten und komplizierten Designs gro\u00dfe Anerkennung erworben. Seine Messer sind mehr als nur Werkzeuge, sie sind eigenst\u00e4ndige Kunstwerke und Gespr\u00e4chsanreger und finden ihren Weg in die Vitrinen von Sammlern und in die Taschen von Enthusiasten, die den Stil und die Handwerkskunst von Premium-EDC zu sch\u00e4tzen wissen.<\/p>\n","protected":false},"featured_media":329208,"comment_status":"open","ping_status":"closed","template":"","meta":[],"pwb-brand":[3457],"product_brand":[],"product_cat":[3303,3285],"product_tag":[3669],"class_list":{"0":"post-329277","1":"product","2":"type-product","3":"status-publish","4":"has-post-thumbnail","6":"pwb-brand-crkt-de","7":"product_cat-schliesmesser","8":"product_cat-messer","9":"product_tag-b2b-de","11":"first","12":"outofstock","13":"sale","14":"taxable","15":"shipping-taxable","16":"purchasable","17":"product-type-simple"},"brands":[{"id":3457,"name":"CRKT","slug":"crkt-de"}],"_links":{"self":[{"href":"https:\/\/www.moskito.cz\/de\/wp-json\/wp\/v2\/product\/329277","targetHints":{"allow":["GET"]}}],"collection":[{"href":"https:\/\/www.moskito.cz\/de\/wp-json\/wp\/v2\/product"}],"about":[{"href":"https:\/\/www.moskito.cz\/de\/wp-json\/wp\/v2\/types\/product"}],"replies":[{"embeddable":true,"href":"https:\/\/www.moskito.cz\/de\/wp-json\/wp\/v2\/comments?post=329277"}],"wp:featuredmedia":[{"embeddable":true,"href":"https:\/\/www.moskito.cz\/de\/wp-json\/wp\/v2\/media\/329208"}],"wp:attachment":[{"href":"https:\/\/www.moskito.cz\/de\/wp-json\/wp\/v2\/media?parent=329277"}],"wp:term":[{"taxonomy":"pwb-brand","embeddable":true,"href":"https:\/\/www.moskito.cz\/de\/wp-json\/wp\/v2\/pwb-brand?post=329277"},{"taxonomy":"product_brand","embeddable":true,"href":"https:\/\/www.moskito.cz\/de\/wp-json\/wp\/v2\/product_brand?post=329277"},{"taxonomy":"product_cat","embeddable":true,"href":"https:\/\/www.moskito.cz\/de\/wp-json\/wp\/v2\/product_cat?post=329277"},{"taxonomy":"product_tag","embeddable":true,"href":"https:\/\/www.moskito.cz\/de\/wp-json\/wp\/v2\/product_tag?post=329277"}],"curies":[{"name":"wp","href":"https:\/\/api.w.org\/{rel}","templated":true}]}}