{"id":329331,"date":"2024-04-11T22:58:24","date_gmt":"2024-04-11T21:58:24","guid":{"rendered":"https:\/\/www.moskito.cz\/produkt\/crkt-carson-edc-m16-01dz-klappmesser\/"},"modified":"2025-05-07T11:09:50","modified_gmt":"2025-05-07T10:09:50","slug":"crkt-carson-edc-m16-01dz-klappmesser","status":"publish","type":"product","link":"https:\/\/www.moskito.cz\/de\/produkt\/crkt-carson-edc-m16-01dz-klappmesser\/","title":{"rendered":"CRKT Carson EDC M16-01DZ Klappmesser"},"content":{"rendered":"<p><strong>CRKT<\/strong> Carson EDC M16-01DZ Klappmesser<\/p>\n<p>Bew\u00e4ltigen Sie zivile Aufgaben mit einem bew\u00e4hrten Design.<\/p>\n<p>Die beliebte Messerserie M16 stammt aus einer langen Reihe milit\u00e4rischer Werkzeuge \u2013 und das Klappmesser M16-01DZ bildet da keine Ausnahme. Diese Klinge mit Speerspitze besteht aus robustem D2-Stahl und der automatische Einsteckschutz sorgt f\u00fcr zus\u00e4tzliche Verriegelungssicherheit. Der charakteristische Carson Flipper und die IKBS-Kugellager im Drehpunkt sorgen f\u00fcr ein sanftes \u00d6ffnen und Schlie\u00dfen und liegen so intuitiv in der Hand.<\/p>\n<p>Der M16-01DZ ist jetzt in der W\u00fcstenfarbe erh\u00e4ltlich und eine hervorragende Alltagskleidung, die einfach, langlebig und f\u00fcr den Einsatz konzipiert ist.<\/p>\n<p>* US-Patent Nr. 7,437,822<\/p>\n<p>\u00dcber den Messerdesigner<\/p>\n<p>Kit Carson aus Vine Grove, Kentucky ist ein pensionierter Berufssoldat, der zum Sergeant Major aufstieg. Er stellt seit 30 Jahren Messer her und ist seit 1993 hauptberuflich Messermacher. Er ist stimmberechtigtes Mitglied der Knife Guild. Kit ist seit \u00fcber 40 Jahren ein begeisterter J\u00e4ger und Fischer und wuchs in den W\u00e4ldern und Forellenb\u00e4chen der North Georgia Mountains auf. Er sagt \u00fcber seine Messerdesign-Philosophie: \u201eIch versuche, bei den Messern, die ich entwerfe und herstelle, Form und Funktion zu folgen. Mein Ruf basiert auf soliden Arbeitsmessern, sowohl mit fester Klinge als auch mit Klappmessern. Die ganze Zeit, die ich als junger Mann im Freien verbracht habe, und die Zeit, die ich beim Milit\u00e4r auf der ganzen Welt verbracht habe, hat die Messer, die ich kreiere, stark beeinflusst als das Carson-Design unserer M16-Serie, die auf Funktion und nicht darauf ausgelegt ist, zu folgen Modetrends. Diese \u00e4u\u00dferst erfolgreiche Messerserie wurde vom Blade Magazine zu einer der zehn besten taktischen Fabrikkomponenten des Jahrzehnts gek\u00fcrt. Der M16-14M gewann k\u00fcrzlich einen Vergleichstest der deutschen Zeitschrift Messer.<\/p>\n<p>Spezifikationen:<br \/>\nKlingenl\u00e4nge: 7,9 cm<br \/>\nL\u00e4nge geschlossen: 10,16 cm<br \/>\nGesamtl\u00e4nge: 18 cm<br \/>\nKlingenmaterial: Werkzeugstahl D2<br \/>\nKlingenstil: Speerspitze<br \/>\nKlingenfinish: Desert Tan EDP<br \/>\nGriffmaterial: W\u00fcstenbraunes, glasfaserverst\u00e4rktes Nylon<br \/>\nVerriegelungsmechanismus: Liner Lock<br \/>\nTaschenclip: Deep Carry Tip-Up, Right Carry<br \/>\nGewicht: 2,30 Unzen. (65,2 g)<br \/>\nDesigner: Kit Carson<\/p>\n<p><iframe title=\"CRKT M16\u00ae-01DZ Spear Point | Kit Carson Design\" width=\"800\" height=\"450\" src=\"https:\/\/www.youtube.com\/embed\/7roaNVZwYBA?feature=oembed\" frameborder=\"0\" allow=\"accelerometer; autoplay; clipboard-write; encrypted-media; gyroscope; picture-in-picture; web-share\" referrerpolicy=\"strict-origin-when-cross-origin\" allowfullscreen><\/iframe><\/p>\n<p>&nbsp;<\/p>\n","protected":false},"excerpt":{"rendered":"<p>DESIGNER<br \/>\nKit Carson<br \/>\nVine Grove, Kentucky<br \/>\nKit ging als Master Sergeant in den Ruhestand und wurde schlie\u00dflich ein prominentes Mitglied der Knifemakers Guild. Kit entwarf die erfolgreiche M16\u00ae-Messerserie, die vom Blade Magazine zu einer der zehn besten taktischen Komponenten des Jahrzehnts ernannt wurde. Im Jahr 2012 wurde Kit in die Cutlery Hall of Fame aufgenommen und sein Einfluss auf die Branche war weithin sp\u00fcrbar. Er war sogar Mentor von Gr\u00f6\u00dfen wie Ken Onion. Kit im Jahr 2014 verabschiedet. Die Familie Carson bittet auf Parkinson.org um Spenden f\u00fcr die National Parkinson Foundation.<\/p>\n<p>&nbsp;<\/p>\n","protected":false},"featured_media":329283,"comment_status":"open","ping_status":"closed","template":"","meta":[],"pwb-brand":[3457],"product_brand":[],"product_cat":[3303,3285],"product_tag":[3669],"class_list":{"0":"post-329331","1":"product","2":"type-product","3":"status-publish","4":"has-post-thumbnail","6":"pwb-brand-crkt-de","7":"product_cat-schliesmesser","8":"product_cat-messer","9":"product_tag-b2b-de","11":"first","12":"instock","13":"taxable","14":"shipping-taxable","15":"purchasable","16":"product-type-simple"},"brands":[{"id":3457,"name":"CRKT","slug":"crkt-de"}],"_links":{"self":[{"href":"https:\/\/www.moskito.cz\/de\/wp-json\/wp\/v2\/product\/329331","targetHints":{"allow":["GET"]}}],"collection":[{"href":"https:\/\/www.moskito.cz\/de\/wp-json\/wp\/v2\/product"}],"about":[{"href":"https:\/\/www.moskito.cz\/de\/wp-json\/wp\/v2\/types\/product"}],"replies":[{"embeddable":true,"href":"https:\/\/www.moskito.cz\/de\/wp-json\/wp\/v2\/comments?post=329331"}],"wp:featuredmedia":[{"embeddable":true,"href":"https:\/\/www.moskito.cz\/de\/wp-json\/wp\/v2\/media\/329283"}],"wp:attachment":[{"href":"https:\/\/www.moskito.cz\/de\/wp-json\/wp\/v2\/media?parent=329331"}],"wp:term":[{"taxonomy":"pwb-brand","embeddable":true,"href":"https:\/\/www.moskito.cz\/de\/wp-json\/wp\/v2\/pwb-brand?post=329331"},{"taxonomy":"product_brand","embeddable":true,"href":"https:\/\/www.moskito.cz\/de\/wp-json\/wp\/v2\/product_brand?post=329331"},{"taxonomy":"product_cat","embeddable":true,"href":"https:\/\/www.moskito.cz\/de\/wp-json\/wp\/v2\/product_cat?post=329331"},{"taxonomy":"product_tag","embeddable":true,"href":"https:\/\/www.moskito.cz\/de\/wp-json\/wp\/v2\/product_tag?post=329331"}],"curies":[{"name":"wp","href":"https:\/\/api.w.org\/{rel}","templated":true}]}}