{"id":329440,"date":"2022-11-19T11:59:46","date_gmt":"2024-04-12T07:24:34","guid":{"rendered":"https:\/\/www.moskito.cz\/produkt\/schliessmesser-crkt-m16-13zlek\/"},"modified":"2025-05-07T11:09:53","modified_gmt":"2025-05-07T10:09:53","slug":"schliessmesser-crkt-m16-13zlek","status":"publish","type":"product","link":"https:\/\/www.moskito.cz\/de\/produkt\/schliessmesser-crkt-m16-13zlek\/","title":{"rendered":"Schlie\u00dfmesser CRKT M16-13ZLEK"},"content":{"rendered":"<p>Schlie\u00dfmesser <strong>CRKT<\/strong> M16-13ZLEK.<\/p>\n<p>Im letzten Jahrzehnt haben wir die beliebte M16\u00ae-Serie von Kit Carson in vielen Variationen produziert. Unsere Version aus glasfaserverst\u00e4rktem Nylon hat die gr\u00f6\u00dfte Benutzerbasis von allen aufgebaut. Diese Messer sind auf Funktion und nicht auf Mode ausgelegt und zeichnen sich durch einen au\u00dfergew\u00f6hnlichen Wert aus.<br \/>\nAutomatische Einstecksicherung<br \/>\nTriple Point\u2122-Getriebe<br \/>\nHartmetall-Gurtschneider und Fensterbrecher.<\/p>\n<p>SPEZIFIKATIONEN<br \/>\nKlingenl\u00e4nge 3,38&#8243; (85,73 mm)<br \/>\nTriple Point Serrations\u2122 Klingenkante<br \/>\nKlingenstahl AUS 8<br \/>\nOberfl\u00e4chenbehandlung der Klinge Titannitrid<br \/>\nKlingenst\u00e4rke: 0,12 Zoll (3,00 mm)<br \/>\nGesamtl\u00e4nge 8,25&#8243; (209,55 mm)<br \/>\nL\u00e4nge geschlossen 4,88&#8243; (123,83 mm)<br \/>\nGewicht 3,70 Unzen. (104,89 g)<br \/>\nGriff aus glasfaserverst\u00e4rktem Nylon<br \/>\nStyle Klappmesser mit Liner Lock<\/p>\n<p><iframe title=\"CRKT M16-14ZLEK Knife Designed by Kit Carson\" width=\"800\" height=\"450\" src=\"https:\/\/www.youtube.com\/embed\/fG33eU9Egpc?feature=oembed\" frameborder=\"0\" allow=\"accelerometer; autoplay; clipboard-write; encrypted-media; gyroscope; picture-in-picture; web-share\" referrerpolicy=\"strict-origin-when-cross-origin\" allowfullscreen><\/iframe><\/p>\n<p>&nbsp;<\/p>\n<p>&nbsp;<\/p>\n","protected":false},"excerpt":{"rendered":"<p>Entworfen von Kit Carson in Vine Grove, Kentucky.<\/p>\n","protected":false},"featured_media":329441,"comment_status":"open","ping_status":"closed","template":"","meta":[],"pwb-brand":[3457],"product_brand":[],"product_cat":[3285,3303],"product_tag":[3669],"class_list":{"0":"post-329440","1":"product","2":"type-product","3":"status-publish","4":"has-post-thumbnail","6":"pwb-brand-crkt-de","7":"product_cat-messer","8":"product_cat-schliesmesser","9":"product_tag-b2b-de","11":"first","12":"outofstock","13":"taxable","14":"shipping-taxable","15":"purchasable","16":"product-type-simple"},"brands":[{"id":3457,"name":"CRKT","slug":"crkt-de"}],"_links":{"self":[{"href":"https:\/\/www.moskito.cz\/de\/wp-json\/wp\/v2\/product\/329440","targetHints":{"allow":["GET"]}}],"collection":[{"href":"https:\/\/www.moskito.cz\/de\/wp-json\/wp\/v2\/product"}],"about":[{"href":"https:\/\/www.moskito.cz\/de\/wp-json\/wp\/v2\/types\/product"}],"replies":[{"embeddable":true,"href":"https:\/\/www.moskito.cz\/de\/wp-json\/wp\/v2\/comments?post=329440"}],"wp:featuredmedia":[{"embeddable":true,"href":"https:\/\/www.moskito.cz\/de\/wp-json\/wp\/v2\/media\/329441"}],"wp:attachment":[{"href":"https:\/\/www.moskito.cz\/de\/wp-json\/wp\/v2\/media?parent=329440"}],"wp:term":[{"taxonomy":"pwb-brand","embeddable":true,"href":"https:\/\/www.moskito.cz\/de\/wp-json\/wp\/v2\/pwb-brand?post=329440"},{"taxonomy":"product_brand","embeddable":true,"href":"https:\/\/www.moskito.cz\/de\/wp-json\/wp\/v2\/product_brand?post=329440"},{"taxonomy":"product_cat","embeddable":true,"href":"https:\/\/www.moskito.cz\/de\/wp-json\/wp\/v2\/product_cat?post=329440"},{"taxonomy":"product_tag","embeddable":true,"href":"https:\/\/www.moskito.cz\/de\/wp-json\/wp\/v2\/product_tag?post=329440"}],"curies":[{"name":"wp","href":"https:\/\/api.w.org\/{rel}","templated":true}]}}