{"id":329470,"date":"2023-12-12T22:00:01","date_gmt":"2024-04-12T07:30:08","guid":{"rendered":"https:\/\/www.moskito.cz\/produkt\/columbia-river-crkt-mj-lerch-definitive-stonewashed-3820-klappmesser\/"},"modified":"2025-05-07T11:09:56","modified_gmt":"2025-05-07T10:09:56","slug":"columbia-river-crkt-mj-lerch-definitive-stonewashed-3820-klappmesser","status":"publish","type":"product","link":"https:\/\/www.moskito.cz\/de\/produkt\/columbia-river-crkt-mj-lerch-definitive-stonewashed-3820-klappmesser\/","title":{"rendered":"Columbia River CRKT MJ Lerch Definitive Stonewashed 3820 Klappmesser"},"content":{"rendered":"<p>Columbia River <strong>CRKT<\/strong> MJ Lerch Definitive Stonewashed 3820 Klappmesser<\/p>\n<p>Definitiv f\u00fcr den Alltag geeignet. Dieses vom Designer MJ Lerch in den USA hergestellte Klappmesser ist eines der ersten <strong>CRKT-<\/strong> Messer mit einem Crossbar Lock. Die Crossbar ist schnell, geschmeidig und vollst\u00e4ndig beidh\u00e4ndig einsetzbar, einfach zu bedienen und sehr benutzerfreundlich. Dies ist jedoch nicht das einzige herausragende Merkmal dieses Premium-Taschenmessers.<\/p>\n<p>The Definitive verfolgt einen \u201eWeniger ist mehr\u201c-Ansatz, der auf das Wesentliche reduziert wird, um ein geradliniges Erlebnis zu bieten. Es besteht aus hochwertigen Materialien und vereint sein elegantes und zur\u00fcckhaltendes Erscheinungsbild mit extremer Haltbarkeit. Die Drop-Point-Klinge besteht aus 154CM-Stahl und bietet au\u00dfergew\u00f6hnliche Festigkeit und Schnitthaltigkeit. Und der schwarze G10-Griff bietet sicheren Halt bei jedem Wetter.<\/p>\n<p>Mit einem tiefen Taschenclip und einem Gesamtgewicht von nur 3 Unzen passt der Definitive bequem und diskret in Ihre Tasche. Nicht, dass Sie es lange dort belassen m\u00f6chten.<\/p>\n<p>Funktion<br \/>\n154CM Klingenstahl f\u00fcr hervorragenden Klingenhalt<br \/>\nDer Daumenstift erm\u00f6glicht ein schnelles \u00d6ffnen mit einer Hand<br \/>\nDer G10-Griff bietet au\u00dfergew\u00f6hnlichen Halt unter allen Bedingungen<br \/>\nDas Crossbar Lock l\u00e4sst sich ganz einfach mit der rechten oder linken Hand schlie\u00dfen<br \/>\nEin tiefer Trageclip passt tief in Ihre Tasche<br \/>\nHergestellt in den USA<br \/>\nSpezifikationen<br \/>\nKlingenl\u00e4nge: 9,39 cm<br \/>\nGriffl\u00e4nge: 12,48 cm<br \/>\nGesamtl\u00e4nge: 21,90 cm<br \/>\nKlingenmaterial: 154 cm Edelstahl<br \/>\nKlingenst\u00e4rke: 0,125 Zoll (3,18 mm)<br \/>\nKlingenstil: Drop Point<br \/>\nOberfl\u00e4chenbehandlung der Klinge: Stonewash<br \/>\nGriffmaterial: schwarzes G10<br \/>\nEinsatzmaterial: Edelstahl<br \/>\nVerriegelungsmechanismus: Kreuzverriegelung<br \/>\nTaschenclip: hochklappbar, rechtsh\u00e4ndig zu tragen<br \/>\nGewicht: 3,00 Unzen. (85,05 g)<br \/>\nDesigner: MJ Lerch<br \/>\nHergestellt in den USA von Hogue Knives<\/p>\n","protected":false},"excerpt":{"rendered":"<p><strong>DESIGNER: MJ Lerch<\/strong><br \/>\n<strong>Sussex, Wisconsin<\/strong><br \/>\n<strong>Als sie mit ihrem Mann, einem Schneider, zusammenarbeitete, konnte die Liebe zum Design MJ nicht \u00fcberwinden. Gl\u00fccklicherweise erh\u00e4lt sie von vielen Menschen in der Messer-Community reichlich Ermutigung, ihren Interessen nachzugehen. Nachdem sie ihr eigenes Unternehmen gef\u00fchrt hat, kennt sie sich in der Maschinenwerkstatt aus und verwendet jetzt Werkzeuge f\u00fcr ihre eigenen Designs, wie zum Beispiel das CRKT\u00ae Synergist\u2122-Messer.  <\/strong><\/p>\n<p><strong>Kostenloser Transport.<\/strong><\/p>\n","protected":false},"featured_media":329471,"comment_status":"open","ping_status":"closed","template":"","meta":[],"pwb-brand":[3457],"product_brand":[],"product_cat":[3285,3303],"product_tag":[3669],"class_list":{"0":"post-329470","1":"product","2":"type-product","3":"status-publish","4":"has-post-thumbnail","6":"pwb-brand-crkt-de","7":"product_cat-messer","8":"product_cat-schliesmesser","9":"product_tag-b2b-de","11":"first","12":"instock","13":"taxable","14":"shipping-taxable","15":"purchasable","16":"product-type-simple"},"brands":[{"id":3457,"name":"CRKT","slug":"crkt-de"}],"_links":{"self":[{"href":"https:\/\/www.moskito.cz\/de\/wp-json\/wp\/v2\/product\/329470","targetHints":{"allow":["GET"]}}],"collection":[{"href":"https:\/\/www.moskito.cz\/de\/wp-json\/wp\/v2\/product"}],"about":[{"href":"https:\/\/www.moskito.cz\/de\/wp-json\/wp\/v2\/types\/product"}],"replies":[{"embeddable":true,"href":"https:\/\/www.moskito.cz\/de\/wp-json\/wp\/v2\/comments?post=329470"}],"wp:featuredmedia":[{"embeddable":true,"href":"https:\/\/www.moskito.cz\/de\/wp-json\/wp\/v2\/media\/329471"}],"wp:attachment":[{"href":"https:\/\/www.moskito.cz\/de\/wp-json\/wp\/v2\/media?parent=329470"}],"wp:term":[{"taxonomy":"pwb-brand","embeddable":true,"href":"https:\/\/www.moskito.cz\/de\/wp-json\/wp\/v2\/pwb-brand?post=329470"},{"taxonomy":"product_brand","embeddable":true,"href":"https:\/\/www.moskito.cz\/de\/wp-json\/wp\/v2\/product_brand?post=329470"},{"taxonomy":"product_cat","embeddable":true,"href":"https:\/\/www.moskito.cz\/de\/wp-json\/wp\/v2\/product_cat?post=329470"},{"taxonomy":"product_tag","embeddable":true,"href":"https:\/\/www.moskito.cz\/de\/wp-json\/wp\/v2\/product_tag?post=329470"}],"curies":[{"name":"wp","href":"https:\/\/api.w.org\/{rel}","templated":true}]}}