{"id":329503,"date":"2023-03-22T20:24:17","date_gmt":"2024-04-12T07:31:19","guid":{"rendered":"https:\/\/www.moskito.cz\/produkt\/verschlussmesser-crkt-homefront-von-green\/"},"modified":"2025-05-07T11:09:57","modified_gmt":"2025-05-07T10:09:57","slug":"verschlussmesser-crkt-homefront-von-green","status":"publish","type":"product","link":"https:\/\/www.moskito.cz\/de\/produkt\/verschlussmesser-crkt-homefront-von-green\/","title":{"rendered":"Verschlussmesser CRKT HOMEFRONT VON GREEN"},"content":{"rendered":"<p>Verschlussmesser <strong>CRKT<\/strong> HOMEFRONT VON GREEN<\/p>\n<pre id=\"tw-target-text\" class=\"tw-data-text tw-text-large tw-ta\" dir=\"ltr\" data-placeholder=\"P\u0159eklad\"><span class=\"Y2IQFc\" lang=\"cs\"><strong>M\u016f\u017ee to vypadat jako klasick\u00fd n\u016f\u017e va\u0161eho d\u011bde\u010dka z druh\u00e9 sv\u011btov\u00e9 v\u00e1lky, ale m\u00e1 p\u016fsobiv\u00e9 tajemstv\u00ed.<\/strong>\n\nPod tradi\u010dn\u00edm vzhledem Homefront\u2122 najdete asistovan\u00e9 otev\u00edr\u00e1n\u00ed se syst\u00e9mem \u010dep\u016f s kuli\u010dkov\u00fdmi lo\u017eisky IKBS\u2122, kter\u00e9 tomuto zav\u00edrac\u00edmu no\u017ei dod\u00e1v\u00e1 neuv\u011b\u0159iteln\u011b rychl\u00fd a hladk\u00fd chod. Sta\u010d\u00ed zatla\u010dit na ploutev a sledovat, jak se \u010depel rozvine v mrknut\u00ed oka.\nVynikaj\u00edc\u00ed v\u00fdkon: ocel \u010depele Sandvik 12C27\u2122 pro vynikaj\u00edc\u00ed dr\u017een\u00ed ost\u0159\u00ed\nAsistovan\u00e9 otev\u00edr\u00e1n\u00ed: Flipper rychle rozvine \u010depel\nHladk\u00e9 otev\u00edr\u00e1n\u00ed: \u010cep kuli\u010dkov\u00e9ho lo\u017eiska IKBS\u2122 plynule rozm\u00edst\u00ed \u010depel\nPevn\u00e1 a lehk\u00e1: Hlin\u00edkov\u00e1 rukoje\u0165 kombinuje pevnost s minim\u00e1ln\u00ed hmotnost\u00ed\nSnadn\u00e9 zav\u00edr\u00e1n\u00ed: Z\u00e1mek vlo\u017eky lze snadno zav\u0159\u00edt jednou rukou\nN\u00edzk\u00fd profil: Hlubok\u00fd klip na no\u0161en\u00ed se sveze n\u00edzko v kapse\n\nSPECIFIKACE\nD\u00e9lka \u010depele 9 cm\nBlade Edge Plain\n\u010cepel Sandvik Steel 12C27\nBlade Finish Bead Blast\nTlou\u0161\u0165ka \u010depele 0.34 cm\nCelkov\u00e1 d\u00e9lka 21 cm\nZav\u0159en\u00e1 d\u00e9lka 12 cm\nHmotnost 158,76 g\nRukoje\u0165 Hlin\u00edk\nStylov\u00fd skl\u00e1dac\u00ed n\u016f\u017e se z\u00e1mkem Liner\n\n\n<iframe title=\"CRKT HOMEFRONT\u2122 OD GREEN | Ken Onion Design\" width=\"800\" height=\"450\" src=\"https:\/\/www.youtube.com\/embed\/wdPEUcDcfQw?feature=oembed\" frameborder=\"0\" allow=\"accelerometer; autoplay; clipboard-write; encrypted-media; gyroscope; picture-in-picture; web-share\" referrerpolicy=\"strict-origin-when-cross-origin\" allowfullscreen><\/iframe>\n\n\n\n\n\n\n\n\n\n\n\n\n\n<\/span><\/pre>\n","protected":false},"excerpt":{"rendered":"<p><strong>Entworfen von Ken Onion in Kaneohe, Hawaii<\/strong><\/p>\n","protected":false},"featured_media":329504,"comment_status":"open","ping_status":"closed","template":"","meta":[],"pwb-brand":[3457],"product_brand":[],"product_cat":[3285,3303],"product_tag":[3669],"class_list":{"0":"post-329503","1":"product","2":"type-product","3":"status-publish","4":"has-post-thumbnail","6":"pwb-brand-crkt-de","7":"product_cat-messer","8":"product_cat-schliesmesser","9":"product_tag-b2b-de","11":"first","12":"instock","13":"taxable","14":"shipping-taxable","15":"purchasable","16":"product-type-simple"},"brands":[{"id":3457,"name":"CRKT","slug":"crkt-de"}],"_links":{"self":[{"href":"https:\/\/www.moskito.cz\/de\/wp-json\/wp\/v2\/product\/329503","targetHints":{"allow":["GET"]}}],"collection":[{"href":"https:\/\/www.moskito.cz\/de\/wp-json\/wp\/v2\/product"}],"about":[{"href":"https:\/\/www.moskito.cz\/de\/wp-json\/wp\/v2\/types\/product"}],"replies":[{"embeddable":true,"href":"https:\/\/www.moskito.cz\/de\/wp-json\/wp\/v2\/comments?post=329503"}],"wp:featuredmedia":[{"embeddable":true,"href":"https:\/\/www.moskito.cz\/de\/wp-json\/wp\/v2\/media\/329504"}],"wp:attachment":[{"href":"https:\/\/www.moskito.cz\/de\/wp-json\/wp\/v2\/media?parent=329503"}],"wp:term":[{"taxonomy":"pwb-brand","embeddable":true,"href":"https:\/\/www.moskito.cz\/de\/wp-json\/wp\/v2\/pwb-brand?post=329503"},{"taxonomy":"product_brand","embeddable":true,"href":"https:\/\/www.moskito.cz\/de\/wp-json\/wp\/v2\/product_brand?post=329503"},{"taxonomy":"product_cat","embeddable":true,"href":"https:\/\/www.moskito.cz\/de\/wp-json\/wp\/v2\/product_cat?post=329503"},{"taxonomy":"product_tag","embeddable":true,"href":"https:\/\/www.moskito.cz\/de\/wp-json\/wp\/v2\/product_tag?post=329503"}],"curies":[{"name":"wp","href":"https:\/\/api.w.org\/{rel}","templated":true}]}}