{"id":329818,"date":"2023-04-20T22:21:14","date_gmt":"2023-04-20T21:21:14","guid":{"rendered":"https:\/\/www.moskito.cz\/produkt\/feststehendes-messer-crkt-du-hoc-2630\/"},"modified":"2025-05-07T11:10:03","modified_gmt":"2025-05-07T10:10:03","slug":"feststehendes-messer-crkt-du-hoc-2630","status":"publish","type":"product","link":"https:\/\/www.moskito.cz\/de\/produkt\/feststehendes-messer-crkt-du-hoc-2630\/","title":{"rendered":"Feststehendes Messer CRKT DU HOC 2630"},"content":{"rendered":"<p>Feststehendes Messer <strong>CRKT<\/strong> DU HOC 2630<\/p>\n<p>Aufbauend auf dem Erbe eines amerikanischen Helden.<\/p>\n<p>Erst ein halbes Jahrhundert nach seinem Amtsantritt erfuhr der Forged by War\u00ae-Designer Austin McGlaun, dass sein verstorbener Onkel den Silver Star in Point Du Hoc gewonnen hatte. Um seine Verdienste zu w\u00fcrdigen, entwarf er dieses kolossale Karambitmesser mit feststehender Klinge. Mit Hilfe von Ryan Johnson von RMJ Tactical wurde es von der Spitze der gebogenen Klinge bis zum Daumenring am Ende des Griffs als missionsinspirierter Blickfang perfektioniert.<br \/>\nHochleistungsstahl: SK5-Kohlenstoffstahl h\u00e4lt die Klinge gut<br \/>\nAu\u00dfergew\u00f6hnlicher Halt: Der G10-Griff bietet au\u00dfergew\u00f6hnlichen Halt unter allen Bedingungen<br \/>\nKompatibel mit dem Getriebe: Robustes Thermoplastgeh\u00e4use mit Montagem\u00f6glichkeiten<\/p>\n<p>SPEZIFIKATIONEN<br \/>\nKlingenl\u00e4nge: 12,94 cm<br \/>\nKlingenkante glatt<br \/>\nKlinge aus SK-5-Stahl<br \/>\nOberfl\u00e4chenbehandlung der Klingenpulverbeschichtung<br \/>\nKlingenst\u00e4rke: 0,51 cm<br \/>\nGesamtl\u00e4nge: 24,44 cm<br \/>\nGewicht: 263,65 g<br \/>\nG10-Griff<br \/>\nStilvolles Messer mit feststehender Klinge und Scheide<br \/>\nSchalenmaterial Thermoplast<br \/>\nGeh\u00e4usegewicht: 53,86 g<\/p>\n","protected":false},"excerpt":{"rendered":"<p><strong>Entworfen von Austin McGlaun in Columbus, Georgia<\/strong><\/p>\n","protected":false},"featured_media":329819,"comment_status":"open","ping_status":"closed","template":"","meta":[],"pwb-brand":[3457],"product_brand":[],"product_cat":[3287,3285],"product_tag":[3669],"class_list":{"0":"post-329818","1":"product","2":"type-product","3":"status-publish","4":"has-post-thumbnail","6":"pwb-brand-crkt-de","7":"product_cat-solide-messer","8":"product_cat-messer","9":"product_tag-b2b-de","11":"first","12":"instock","13":"taxable","14":"shipping-taxable","15":"purchasable","16":"product-type-simple"},"brands":[{"id":3457,"name":"CRKT","slug":"crkt-de"}],"_links":{"self":[{"href":"https:\/\/www.moskito.cz\/de\/wp-json\/wp\/v2\/product\/329818","targetHints":{"allow":["GET"]}}],"collection":[{"href":"https:\/\/www.moskito.cz\/de\/wp-json\/wp\/v2\/product"}],"about":[{"href":"https:\/\/www.moskito.cz\/de\/wp-json\/wp\/v2\/types\/product"}],"replies":[{"embeddable":true,"href":"https:\/\/www.moskito.cz\/de\/wp-json\/wp\/v2\/comments?post=329818"}],"wp:featuredmedia":[{"embeddable":true,"href":"https:\/\/www.moskito.cz\/de\/wp-json\/wp\/v2\/media\/329819"}],"wp:attachment":[{"href":"https:\/\/www.moskito.cz\/de\/wp-json\/wp\/v2\/media?parent=329818"}],"wp:term":[{"taxonomy":"pwb-brand","embeddable":true,"href":"https:\/\/www.moskito.cz\/de\/wp-json\/wp\/v2\/pwb-brand?post=329818"},{"taxonomy":"product_brand","embeddable":true,"href":"https:\/\/www.moskito.cz\/de\/wp-json\/wp\/v2\/product_brand?post=329818"},{"taxonomy":"product_cat","embeddable":true,"href":"https:\/\/www.moskito.cz\/de\/wp-json\/wp\/v2\/product_cat?post=329818"},{"taxonomy":"product_tag","embeddable":true,"href":"https:\/\/www.moskito.cz\/de\/wp-json\/wp\/v2\/product_tag?post=329818"}],"curies":[{"name":"wp","href":"https:\/\/api.w.org\/{rel}","templated":true}]}}