{"id":329932,"date":"2022-08-21T11:22:38","date_gmt":"2024-04-12T08:18:08","guid":{"rendered":"https:\/\/www.moskito.cz\/produkt\/schliessmesser-crkt-m16-14d\/"},"modified":"2025-05-07T11:10:06","modified_gmt":"2025-05-07T10:10:06","slug":"schliessmesser-crkt-m16-14d","status":"publish","type":"product","link":"https:\/\/www.moskito.cz\/de\/produkt\/schliessmesser-crkt-m16-14d\/","title":{"rendered":"Schlie\u00dfmesser CRKT M16-14D"},"content":{"rendered":"<div class=\"flex-1 overflow-hidden @container\/thread\">\n<div class=\"h-full\">\n<div class=\"react-scroll-to-bottom--css-vxybp-79elbk h-full\">\n<div class=\"react-scroll-to-bottom--css-vxybp-1n7m0yu\">\n<div class=\"flex flex-col text-sm md:pb-9\">\n<article class=\"w-full scroll-mb-[var(--thread-trailing-height,150px)] text-token-text-primary focus-visible:outline-2 focus-visible:outline-offset-[-4px]\" dir=\"auto\" data-testid=\"conversation-turn-273\" data-scroll-anchor=\"true\">\n<div class=\"m-auto text-base py-[18px] px-3 md:px-4 w-full md:px-5 lg:px-4 xl:px-5\">\n<div class=\"mx-auto flex flex-1 gap-4 text-base md:gap-5 lg:gap-6 md:max-w-3xl\">\n<div class=\"group\/conversation-turn relative flex w-full min-w-0 flex-col agent-turn\">\n<div class=\"flex-col gap-1 md:gap-3\">\n<div class=\"flex max-w-full flex-col flex-grow\">\n<div class=\"min-h-8 text-message flex w-full flex-col items-end gap-2 whitespace-normal break-words text-start [.text-message+&amp;]:mt-5\" dir=\"auto\" data-message-author-role=\"assistant\" data-message-id=\"ff6a6718-2244-42f4-a97c-2d920d9114b0\" data-message-model-slug=\"gpt-4o-mini\">\n<div class=\"flex w-full flex-col gap-1 empty:hidden first:pt-[3px]\">\n<div class=\"markdown prose w-full break-words dark:prose-invert light\">\n<p><strong>Schlie\u00dfmesser CRKT M16-14D<\/strong><\/p>\n<p><strong>Das CRKT M16-14D<\/strong> ist ein robustes und zuverl\u00e4ssiges Klappmesser, das speziell f\u00fcr den milit\u00e4rischen und taktischen Einsatz unter extremen Bedingungen wie den W\u00fcstenregionen des Nahen Ostens und Afghanistans entwickelt wurde. Dieses Modell aus der Carson Desert Tactical-Serie ist f\u00fcr anspruchsvolle Umgebungen geeignet, in denen Werkzeuge erforderlich sind, die rauen Bedingungen und intensiver Nutzung standhalten. <\/p>\n<h3><strong>Hauptmerkmale und Spezifikationen:<\/strong><\/h3>\n<ol>\n<li><strong>Klingenl\u00e4nge<\/strong> : 3,99&#8243; (101,35 mm)\n<ul>\n<li>Diese Klingenl\u00e4nge bietet das ideale Gleichgewicht zwischen Kraft und Kompaktheit und eignet sich daher hervorragend f\u00fcr alle Aufgaben, die ein starkes und dennoch handliches Messer erfordern.<\/li>\n<\/ul>\n<\/li>\n<li><strong>Klingenschneide<\/strong> : <strong>Triple Point\u2122 Serrations\u2122<\/strong>\n<ul>\n<li>Triple Point\u2122 ist eine innovative Verzahnung, die hervorragende Schneideigenschaften f\u00fcr eine Vielzahl von Materialien wie Seile, Stoffe, Segeltuch und andere Fasermaterialien bietet. Durch diese Konstruktion ist das Messer auch anspruchsvollen Schneidaufgaben problemlos gewachsen. <\/li>\n<\/ul>\n<\/li>\n<li><strong>Klingenmaterial<\/strong> : <strong>AUS 8 Stahl<\/strong>\n<ul>\n<li>AUS 8-Stahl ist ein hochwertiger Edelstahl, der ein hervorragendes Gleichgewicht zwischen Haltbarkeit, einfacher Sch\u00e4rfbarkeit und Langlebigkeit bietet. Der hohe Kohlenstoffgehalt sorgt daf\u00fcr, dass die Klinge auch bei starker Beanspruchung ihre Sch\u00e4rfe beh\u00e4lt. <\/li>\n<\/ul>\n<\/li>\n<li><strong>Klingenoberfl\u00e4chenbehandlung<\/strong> : <strong>Titannitrid<\/strong>\n<ul>\n<li>Die Titannitrid-Beschichtung verleiht der Klinge eine hervorragende Korrosions- und Verschlei\u00dffestigkeit und macht sie ideal f\u00fcr den Einsatz in rauen Umgebungen wie Sand und N\u00e4sse, wo Korrosionsschutz entscheidend ist.<\/li>\n<\/ul>\n<\/li>\n<li><strong>Klingenst\u00e4rke<\/strong> : 0,14&#8243; (3,56 mm)\n<ul>\n<li>Die Dicke der Klinge sorgt f\u00fcr Festigkeit und Stabilit\u00e4t beim Arbeiten und erm\u00f6glicht so eine einfache Handhabung verschiedener Materialien, ohne das Gewicht des Messers jedoch zu sehr zu erh\u00f6hen.<\/li>\n<\/ul>\n<\/li>\n<li><strong>Gesamtl\u00e4nge<\/strong> : 9,25&#8243; (234,95 mm)\n<ul>\n<li>Mit einer Gesamtl\u00e4nge von 9,25 Zoll ist dieses Messer gro\u00df genug f\u00fcr alle Aufgaben, aber dennoch kompakt genug f\u00fcr den t\u00e4glichen Gebrauch und das Mitf\u00fchren.<\/li>\n<\/ul>\n<\/li>\n<li><strong>L\u00e4nge geschlossen<\/strong> : 5,38&#8243; (136,53 mm)\n<ul>\n<li>Die kompakte geschlossene L\u00e4nge sorgt daf\u00fcr, dass das Messer leicht zu tragen ist und bequem in eine Tasche oder an einen G\u00fcrtel passt.<\/li>\n<\/ul>\n<\/li>\n<li><strong>Gewicht<\/strong> : 150,25 g\n<ul>\n<li>Mit einem Gewicht von 5,3 Unzen ist das Messer robust genug f\u00fcr harte Aufgaben und dennoch leicht genug f\u00fcr bequemes Tragen und einfache Handhabung.<\/li>\n<\/ul>\n<\/li>\n<li><strong>Griff<\/strong> : <strong>Aluminium<\/strong>\n<ul>\n<li>Der Aluminiumgriff ist robust und leicht und gew\u00e4hrleistet auch bei l\u00e4ngerem Gebrauch einen festen und bequemen Halt. Die Aluminiumkonstruktion bietet hervorragende Festigkeit ohne \u00fcberm\u00e4\u00dfiges Gewicht. <\/li>\n<\/ul>\n<\/li>\n<li><strong>Messerstil<\/strong> : <strong>Klappmesser mit Liner Lock<\/strong>\n<ul>\n<li>Das Messer ist mit einem Liner-Lock-Mechanismus ausgestattet, einer sicheren Verriegelung, die die Klinge in ge\u00f6ffneter Position sichert und ein versehentliches Schlie\u00dfen w\u00e4hrend des Gebrauchs verhindert.<\/li>\n<\/ul>\n<\/li>\n<\/ol>\n<h3><strong>Besonderheiten und Vorteile:<\/strong><\/h3>\n<ol>\n<li><strong>Automatischer Sicherheitseinsatz<\/strong> :\n<ul>\n<li>Das Messer ist mit einer automatischen Sicherheitseinlage ausgestattet, die zus\u00e4tzlichen Schutz gegen ein unbeabsichtigtes Schlie\u00dfen der Klinge w\u00e4hrend des Gebrauchs bietet. Dieser Sicherheitsmechanismus ist besonders in anspruchsvollen und kritischen Situationen n\u00fctzlich, in denen es auf maximale Stabilit\u00e4t und Zuverl\u00e4ssigkeit des Messers ankommt. <\/li>\n<\/ul>\n<\/li>\n<li><strong>Carson Flipper zum schnellen \u00d6ffnen<\/strong> :\n<ul>\n<li>Der Flipper am Griff erm\u00f6glicht ein schnelles \u00d6ffnen des Messers mit einer Hand, was in Notsituationen oder bei der Arbeit mit eingeschr\u00e4nkten Handhabungsm\u00f6glichkeiten des Messers praktisch ist.<\/li>\n<\/ul>\n<\/li>\n<li><strong>Triple Point\u2122-Getriebe<\/strong> :\n<ul>\n<li>Triple Point\u2122 Serrations\u2122 bieten eine h\u00f6here Schneidkraft unter anspruchsvollen Bedingungen und erm\u00f6glichen das effektive Schneiden von faserigen Materialien wie Seilen, Stoffen oder Segeltuch, was bei taktischen Aufgaben und Rettungseins\u00e4tzen h\u00e4ufig vorkommt.<\/li>\n<\/ul>\n<\/li>\n<li><strong>Taktischer Abschluss<\/strong> :\n<ul>\n<li>Die Titannitridbeschichtung der Klinge sorgt daf\u00fcr, dass die Klinge auch bei Einsatz unter extremen Bedingungen korrosions- und verschlei\u00dffest ist. Damit eignet sie sich ideal f\u00fcr den Einsatz in W\u00fcstenumgebungen, in denen sandige und staubige Bedingungen \u00fcblich sind.<\/li>\n<\/ul>\n<\/li>\n<li><strong>Hohe Haltbarkeit und Zuverl\u00e4ssigkeit<\/strong> :\n<ul>\n<li>Dieses Modell ist f\u00fcr den intensiven Einsatz und die Best\u00e4ndigkeit gegen raue Bedingungen konzipiert. Es ist ideal f\u00fcr Profis im Au\u00dfendienst wie Soldaten, Rettungskr\u00e4fte und andere, die ein Messer mit hoher Haltbarkeit und Vielseitigkeit ben\u00f6tigen. <\/li>\n<\/ul>\n<\/li>\n<\/ol>\n<h3><strong>Verwenden:<\/strong><\/h3>\n<ul>\n<li><strong>Taktischer und milit\u00e4rischer Einsatz<\/strong> : Das Messer ist ideal f\u00fcr milit\u00e4rische, polizeiliche und andere taktische Eins\u00e4tze, bei denen Zuverl\u00e4ssigkeit, \u00d6ffnungsgeschwindigkeit und Widerstandsf\u00e4higkeit gegen\u00fcber rauen Bedingungen wichtig sind.<\/li>\n<li><strong>Rettungs- und Notfallsituationen<\/strong> : Der Sicherheitseinsatz und die hervorragenden Schneideigenschaften des Carson Flipper machen ihn zu einem gro\u00dfartigen Werkzeug f\u00fcr Rettungskr\u00e4fte, die in Notsituationen schnellen Zugriff auf ein Messer ben\u00f6tigen.<\/li>\n<li><strong>Everyday Carry (EDC)<\/strong> : Dieses Messer ist kompakt genug f\u00fcr den t\u00e4glichen Gebrauch und bietet gleichzeitig starke und vielseitige Funktionen f\u00fcr eine breite Palette von Aufgaben.<\/li>\n<\/ul>\n<h3><strong>Abschluss:<\/strong><\/h3>\n<p><strong>Das CRKT M16-14D<\/strong> ist ein starkes, zuverl\u00e4ssiges und hochfunktionelles Messer, das f\u00fcr den Einsatz unter rauen Bedingungen wie W\u00fcstengebieten entwickelt wurde. Mit hochwertigen Materialien, hervorragenden Schneideigenschaften und spezifischen Funktionen f\u00fcr taktisches Personal und Rettungskr\u00e4fte ist dieses Modell die ideale Wahl f\u00fcr Profis, die ein Werkzeug ben\u00f6tigen, das langlebig, effektiv und in kritischen Situationen einfach zu verwenden ist. <\/p>\n<\/div>\n<\/div>\n<\/div>\n<\/div>\n<div class=\"mb-2 flex gap-3 empty:hidden -ml-2\">\n<div class=\"items-center justify-start rounded-xl p-1 flex\">\n<div class=\"flex items-center\"><\/div>\n<\/div>\n<\/div>\n<div class=\"pr-2 lg:pr-0\"><\/div>\n<div class=\"mt-3 w-full empty:hidden\">\n<div class=\"text-center\"><\/div>\n<\/div>\n<\/div>\n<div class=\"absolute\">\n<div class=\"flex items-center justify-center\"><\/div>\n<\/div>\n<\/div>\n<\/div>\n<\/div>\n<\/article>\n<\/div>\n<\/div>\n<\/div>\n<\/div>\n<\/div>\n<div class=\"md:pt-0 dark:border-white\/20 md:border-transparent md:dark:border-transparent w-full\">\n<div>\n<div class=\"m-auto text-base px-3 md:px-4 w-full md:px-5 lg:px-4 xl:px-5\">\n<div class=\"mx-auto flex flex-1 gap-4 text-base md:gap-5 lg:gap-6 md:max-w-3xl\">\n<div class=\"flex justify-center\"><\/div>\n<\/div>\n<\/div>\n<\/div>\n<\/div>\n","protected":false},"excerpt":{"rendered":"<div class=\"flex max-w-full flex-col flex-grow\">\n<div class=\"min-h-8 text-message flex w-full flex-col items-end gap-2 whitespace-normal break-words text-start [.text-message+&amp;]:mt-5\" dir=\"auto\" data-message-author-role=\"assistant\" data-message-id=\"ff6a6718-2244-42f4-a97c-2d920d9114b0\" data-message-model-slug=\"gpt-4o-mini\">\n<div class=\"flex w-full flex-col gap-1 empty:hidden first:pt-[3px]\">\n<div class=\"markdown prose w-full break-words dark:prose-invert light\">\n<p><strong>Das CRKT M16-14D ist ein starkes, zuverl\u00e4ssiges und hochfunktionelles Messer, das f\u00fcr den Einsatz unter rauen Bedingungen wie W\u00fcstengebieten entwickelt wurde. Mit hochwertigen Materialien, hervorragenden Schneideigenschaften und spezifischen Funktionen f\u00fcr taktisches Personal und Rettungskr\u00e4fte ist dieses Modell die ideale Wahl f\u00fcr Profis, die ein Werkzeug ben\u00f6tigen, das langlebig, effektiv und in kritischen Situationen einfach zu verwenden ist. <\/strong><\/p>\n<\/div>\n<\/div>\n<\/div>\n<\/div>\n<div class=\"mb-2 flex gap-3 empty:hidden -ml-2\">\n<div class=\"items-center justify-start rounded-xl p-1 flex\">\n<div class=\"flex items-center\"><\/div>\n<\/div>\n<\/div>\n","protected":false},"featured_media":329933,"comment_status":"open","ping_status":"closed","template":"","meta":[],"pwb-brand":[3457],"product_brand":[],"product_cat":[3303,3285],"product_tag":[3669],"class_list":{"0":"post-329932","1":"product","2":"type-product","3":"status-publish","4":"has-post-thumbnail","6":"pwb-brand-crkt-de","7":"product_cat-schliesmesser","8":"product_cat-messer","9":"product_tag-b2b-de","11":"first","12":"instock","13":"sale","14":"taxable","15":"shipping-taxable","16":"purchasable","17":"product-type-simple"},"brands":[{"id":3457,"name":"CRKT","slug":"crkt-de"}],"_links":{"self":[{"href":"https:\/\/www.moskito.cz\/de\/wp-json\/wp\/v2\/product\/329932","targetHints":{"allow":["GET"]}}],"collection":[{"href":"https:\/\/www.moskito.cz\/de\/wp-json\/wp\/v2\/product"}],"about":[{"href":"https:\/\/www.moskito.cz\/de\/wp-json\/wp\/v2\/types\/product"}],"replies":[{"embeddable":true,"href":"https:\/\/www.moskito.cz\/de\/wp-json\/wp\/v2\/comments?post=329932"}],"wp:featuredmedia":[{"embeddable":true,"href":"https:\/\/www.moskito.cz\/de\/wp-json\/wp\/v2\/media\/329933"}],"wp:attachment":[{"href":"https:\/\/www.moskito.cz\/de\/wp-json\/wp\/v2\/media?parent=329932"}],"wp:term":[{"taxonomy":"pwb-brand","embeddable":true,"href":"https:\/\/www.moskito.cz\/de\/wp-json\/wp\/v2\/pwb-brand?post=329932"},{"taxonomy":"product_brand","embeddable":true,"href":"https:\/\/www.moskito.cz\/de\/wp-json\/wp\/v2\/product_brand?post=329932"},{"taxonomy":"product_cat","embeddable":true,"href":"https:\/\/www.moskito.cz\/de\/wp-json\/wp\/v2\/product_cat?post=329932"},{"taxonomy":"product_tag","embeddable":true,"href":"https:\/\/www.moskito.cz\/de\/wp-json\/wp\/v2\/product_tag?post=329932"}],"curies":[{"name":"wp","href":"https:\/\/api.w.org\/{rel}","templated":true}]}}