{"id":330047,"date":"2023-12-13T19:46:20","date_gmt":"2024-04-12T08:49:24","guid":{"rendered":"https:\/\/www.moskito.cz\/produkt\/columbia-river-crkt-kinematic-provoke-karambit-4050-klappmesser\/"},"modified":"2025-05-07T11:10:08","modified_gmt":"2025-05-07T10:10:08","slug":"columbia-river-crkt-kinematic-provoke-karambit-4050-klappmesser","status":"publish","type":"product","link":"https:\/\/www.moskito.cz\/de\/produkt\/columbia-river-crkt-kinematic-provoke-karambit-4050-klappmesser\/","title":{"rendered":"Columbia River CRKT Kinematic Provoke Karambit 4050 Klappmesser"},"content":{"rendered":"<p>Columbia River <strong>CRKT<\/strong> Kinematic Provoke Karambit 4050 Klappmesser<\/p>\n<p>Aufschlag. Verteidigen. Das Provoke EDC-Messer lehnt sich an das antike Karambit-Design an, verbirgt jedoch ein futuristisches Geheimnis. Als erstes Messer mit Kinematik-Technologie bleibt es beim Transport ordentlich verstaut und erwacht zum Leben, wenn ein Problem auftritt.<\/p>\n<p>CRKT h\u00e4lt den Designer Joe Caswell f\u00fcr einen verr\u00fcckten Wissenschaftler. Als sie die Skizzen des sp\u00e4teren Provoke EDC sahen \u2013 entworfen in Newbury Park, Kalifornien \u2013 wussten sie, dass es einer der innovativsten Designer werden w\u00fcrde, die die Messerwelt je gesehen hatte. Die D2-Drop-Point-Klinge ist einem traditionellen Karambit nachempfunden und aus hochwertigem D2-Stahl geschmiedet, um eine hohe Haltbarkeit und hervorragende Schnitthaltigkeit zu gew\u00e4hrleisten.<\/p>\n<p>Der \u00d6ffnungsmechanismus zieht den Ordner in die Zukunft, ob bereit oder nicht. Durch Daumendruck auf die obere Stange wird eine Kettenreaktion ausgel\u00f6st, die dazu f\u00fchrt, dass die Klinge in Aktion tritt, w\u00e4hrend Sie den Griff fest im Griff haben. Es besteht aus 6061 Flugzeugaluminium f\u00fcr maximale Steifigkeit. Ganz im Joe-Stil ist auch der Taschenclip eine Weltneuheit: Er schlie\u00dft fast vollst\u00e4ndig mit dem Griff ab und l\u00e4sst sich auch durch einen leichten Daumendruck aktivieren.<\/p>\n<p>Provoke EDC ist leistungsstark, wenn es in Betrieb genommen wird.<\/p>\n<p>Wie Kinematik funktioniert<br \/>\nDr\u00fccken Sie Ihren Daumen in die obere Querstange \u2013 w\u00e4hrend Ihre anderen Finger den Griff fest umklammern \u2013 und die Klinge springt zum Leben und rastet ein. Schieben Sie den diskreten Hebel an der Basis der Fingerschlaufe und die Klinge f\u00e4hrt in ihre geschlossene Position zur\u00fcck.<\/p>\n<p>Funktion<br \/>\nKinematic entfaltet die Klinge per Daumendruck<br \/>\nD2-Klingenstahl f\u00fcr hervorragenden Klingenhalt<br \/>\nDer Aluminiumgriff vereint Stabilit\u00e4t mit minimalem Gewicht<br \/>\nVersenkte Schnalle f\u00fcr sicheren Tragekomfort<br \/>\nSpezifikationen<br \/>\nKlingenl\u00e4nge: 6,4 cm<br \/>\nL\u00e4nge geschlossen: 11,65 cm<br \/>\nGesamtl\u00e4nge: 18,12 cm<br \/>\nKlingenmaterial: Werkzeugstahl D2<br \/>\nKlingenstil: Drop Point<br \/>\nOberfl\u00e4chenbehandlung der Klinge: satiniert<br \/>\nGriffmaterial: Blaues Aluminium<br \/>\nVerriegelungsmechanismus: Kinematisch<br \/>\nTaschenclip: hochklappbar, rechtsh\u00e4ndig zu tragen<br \/>\nGewicht: 3,4 Unzen.<br \/>\nDesigner: Joe Caswell<\/p>\n","protected":false},"excerpt":{"rendered":"<p><strong>DESIGNER: Joe Caswell<\/strong><br \/>\n<strong>Newbury Park, Kalifornien<\/strong><br \/>\n<strong>Motorradjournalist. Musterschwei\u00dfger\u00e4t f\u00fcr Wikingerschwerter. Erfinder. Ma\u00dfgeschneiderter Messerdesigner. Man kann mit Sicherheit sagen, dass Joe aus einem besonderen Stoff gefertigt ist. Und jetzt kann er seinem Lebenslauf den Zusatz \u201eBranchendisruptor\u201c hinzuf\u00fcgen. Mit der Ver\u00f6ffentlichung des Kinematic festigt es weiterhin seine Position unter den besten Messern der Welt. Von bescheidenen Anf\u00e4ngen in seiner selbstgebauten Schmiede in der Garage seiner gemieteten Wohnung an hat er sich in harter Nachtarbeit einen Namen gemacht, und wir k\u00f6nnen es kaum erwarten zu sehen, was als n\u00e4chstes aus seiner inspirierten Kreativit\u00e4t wird.<\/strong><\/p>\n","protected":false},"featured_media":330048,"comment_status":"open","ping_status":"closed","template":"","meta":[],"pwb-brand":[3457],"product_brand":[],"product_cat":[3285,3303],"product_tag":[3669],"class_list":{"0":"post-330047","1":"product","2":"type-product","3":"status-publish","4":"has-post-thumbnail","6":"pwb-brand-crkt-de","7":"product_cat-messer","8":"product_cat-schliesmesser","9":"product_tag-b2b-de","11":"first","12":"instock","13":"taxable","14":"shipping-taxable","15":"purchasable","16":"product-type-simple"},"brands":[{"id":3457,"name":"CRKT","slug":"crkt-de"}],"_links":{"self":[{"href":"https:\/\/www.moskito.cz\/de\/wp-json\/wp\/v2\/product\/330047","targetHints":{"allow":["GET"]}}],"collection":[{"href":"https:\/\/www.moskito.cz\/de\/wp-json\/wp\/v2\/product"}],"about":[{"href":"https:\/\/www.moskito.cz\/de\/wp-json\/wp\/v2\/types\/product"}],"replies":[{"embeddable":true,"href":"https:\/\/www.moskito.cz\/de\/wp-json\/wp\/v2\/comments?post=330047"}],"wp:featuredmedia":[{"embeddable":true,"href":"https:\/\/www.moskito.cz\/de\/wp-json\/wp\/v2\/media\/330048"}],"wp:attachment":[{"href":"https:\/\/www.moskito.cz\/de\/wp-json\/wp\/v2\/media?parent=330047"}],"wp:term":[{"taxonomy":"pwb-brand","embeddable":true,"href":"https:\/\/www.moskito.cz\/de\/wp-json\/wp\/v2\/pwb-brand?post=330047"},{"taxonomy":"product_brand","embeddable":true,"href":"https:\/\/www.moskito.cz\/de\/wp-json\/wp\/v2\/product_brand?post=330047"},{"taxonomy":"product_cat","embeddable":true,"href":"https:\/\/www.moskito.cz\/de\/wp-json\/wp\/v2\/product_cat?post=330047"},{"taxonomy":"product_tag","embeddable":true,"href":"https:\/\/www.moskito.cz\/de\/wp-json\/wp\/v2\/product_tag?post=330047"}],"curies":[{"name":"wp","href":"https:\/\/api.w.org\/{rel}","templated":true}]}}