{"id":330079,"date":"2023-03-21T23:14:50","date_gmt":"2023-03-21T22:14:50","guid":{"rendered":"https:\/\/www.moskito.cz\/produkt\/verschlussmesser-crkt-ritual-7471\/"},"modified":"2025-05-07T11:10:09","modified_gmt":"2025-05-07T10:10:09","slug":"verschlussmesser-crkt-ritual-7471","status":"publish","type":"product","link":"https:\/\/www.moskito.cz\/de\/produkt\/verschlussmesser-crkt-ritual-7471\/","title":{"rendered":"Verschlussmesser CRKT RITUAL 7471"},"content":{"rendered":"<p class=\"\" data-start=\"0\" data-end=\"77\">\ud83d\udd2a <strong data-start=\"3\" data-end=\"77\">CRKT Ritual\u2122 7471 Klappmesser \u2013 Orientalische Eleganz in einem modernen Konzept<\/strong><\/p>\n<hr class=\"\" data-start=\"79\" data-end=\"82\">\n<p class=\"\" data-start=\"84\" data-end=\"497\">\ud83d\udca1 <strong data-start=\"87\" data-end=\"105\">Gesamtbeschreibung:<\/strong><br data-start=\"105\" data-end=\"108\"> Das CRKT Ritual\u2122 ist ein Messer, das auf den ersten Blick ins Auge f\u00e4llt \u2013 es erinnert an traditionelle Dolche aus dem Orient, verf\u00fcgt aber \u00fcber alle Merkmale eines modernen Klappmessers f\u00fcr den allt\u00e4glichen Gebrauch. Seine markante Klingenkurve und die verzierten Griffe machen dieses Modell sowohl zu einem funktionalen Werkzeug als auch zu einem Sammlerst\u00fcck. Es wurde vom renommierten Messermacher <strong data-start=\"423\" data-end=\"437\">Alan Folts<\/strong> entworfen, der eine einzigartige Mischung aus Exotik und Funktionalit\u00e4t verk\u00f6rperte.  <\/p>\n<hr class=\"\" data-start=\"499\" data-end=\"502\">\n<p class=\"\" data-start=\"504\" data-end=\"523\">\ud83d\udcd0 <strong data-start=\"507\" data-end=\"523\">Spezifikationen:<\/strong><\/p>\n<ul data-start=\"524\" data-end=\"947\">\n<li class=\"\" data-start=\"524\" data-end=\"553\">\n<p class=\"\" data-start=\"526\" data-end=\"553\"><strong data-start=\"526\" data-end=\"544\">Gesamtl\u00e4nge:<\/strong> 242 mm<\/p>\n<\/li>\n<li class=\"\" data-start=\"554\" data-end=\"582\">\n<p class=\"\" data-start=\"556\" data-end=\"582\"><strong data-start=\"556\" data-end=\"573\">Klingenl\u00e4nge:<\/strong> 110 mm<\/p>\n<\/li>\n<li class=\"\" data-start=\"583\" data-end=\"614\">\n<p class=\"\" data-start=\"585\" data-end=\"614\"><strong data-start=\"585\" data-end=\"605\">Klingenst\u00e4rke:<\/strong> 3,8 mm<\/p>\n<\/li>\n<li class=\"\" data-start=\"615\" data-end=\"638\">\n<p class=\"\" data-start=\"617\" data-end=\"638\"><strong data-start=\"617\" data-end=\"630\">Gewicht:<\/strong> 170g<\/p>\n<\/li>\n<li class=\"\" data-start=\"639\" data-end=\"661\">\n<p class=\"\" data-start=\"641\" data-end=\"661\"><strong data-start=\"641\" data-end=\"650\">Stahl:<\/strong> 8Cr13MoV<\/p>\n<\/li>\n<li class=\"\" data-start=\"662\" data-end=\"694\">\n<p class=\"\" data-start=\"664\" data-end=\"694\"><strong data-start=\"664\" data-end=\"682\">Stahlh\u00e4rte:<\/strong> 58-60 HRC<\/p>\n<\/li>\n<li class=\"\" data-start=\"695\" data-end=\"739\">\n<p class=\"\" data-start=\"697\" data-end=\"739\"><strong data-start=\"697\" data-end=\"713\">Klingenform:<\/strong> Modifizierte Schleppspitze<\/p>\n<\/li>\n<li class=\"\" data-start=\"740\" data-end=\"778\">\n<p class=\"\" data-start=\"742\" data-end=\"778\"><strong data-start=\"742\" data-end=\"770\">Klingenoberfl\u00e4che:<\/strong> Satin<\/p>\n<\/li>\n<li class=\"\" data-start=\"779\" data-end=\"853\">\n<p class=\"\" data-start=\"781\" data-end=\"853\"><strong data-start=\"781\" data-end=\"793\">Griff:<\/strong> Glasfaserverst\u00e4rktes Nylon (GRN) + Edelstahlverst\u00e4rkungen<\/p>\n<\/li>\n<li class=\"\" data-start=\"854\" data-end=\"923\">\n<p class=\"\" data-start=\"856\" data-end=\"923\"><strong data-start=\"856\" data-end=\"870\">\u00d6ffnung:<\/strong> Flipper mit \u00d6ffnungshilfe (Spring Assisted)<\/p>\n<\/li>\n<li class=\"\" data-start=\"924\" data-end=\"947\">\n<p class=\"\" data-start=\"926\" data-end=\"947\"><strong data-start=\"926\" data-end=\"936\">Verriegelung:<\/strong> Linerlock<\/p>\n<\/li>\n<\/ul>\n<hr class=\"\" data-start=\"949\" data-end=\"952\">\n<p class=\"\" data-start=\"954\" data-end=\"1180\">\ud83d\udd27 <strong data-start=\"957\" data-end=\"979\">Schleifen und Pflege:<\/strong><br data-start=\"979\" data-end=\"982\"> 8Cr13MoV-Stahl ist pflegeleicht \u2013 er kann zu Hause mit handels\u00fcblichen Sch\u00e4rfern nachgesch\u00e4rft werden. Um die maximale Sch\u00e4rfe zu erhalten, empfehlen wir regelm\u00e4\u00dfiges Feinsch\u00e4rfen und gelegentliches Schmieren der Mechanik. <\/p>\n<hr class=\"\" data-start=\"1182\" data-end=\"1185\">\n<p class=\"\" data-start=\"1187\" data-end=\"1425\">\ud83e\udde0 <strong data-start=\"1190\" data-end=\"1211\">Verwendung und Zweck:<\/strong><br data-start=\"1211\" data-end=\"1214\"> Dieses Messer eignet sich ideal zum <strong data-start=\"1239\" data-end=\"1266\">t\u00e4glichen Tragen (EDC)<\/strong> , aber auch als <strong data-start=\"1282\" data-end=\"1315\">stylisches Accessoire f\u00fcr Sammler<\/strong> oder Liebhaber au\u00dfergew\u00f6hnlicher Designs. Dank der \u00d6ffnungshilfe ist es auch f\u00fcr die schnelle Einhandbedienung geeignet. <\/p>\n<hr class=\"\" data-start=\"1427\" data-end=\"1430\">\n<p class=\"\" data-start=\"1432\" data-end=\"1457\">\u2696\ufe0f <strong data-start=\"1435\" data-end=\"1457\">Vorteile und Nachteile:<\/strong><\/p>\n<p class=\"\" data-start=\"1459\" data-end=\"1468\">\u2705 Vorteile:<\/p>\n<ul data-start=\"1469\" data-end=\"1572\">\n<li class=\"\" data-start=\"1469\" data-end=\"1499\">\n<p class=\"\" data-start=\"1471\" data-end=\"1499\">Originelles und exotisches Design<\/p>\n<\/li>\n<li class=\"\" data-start=\"1500\" data-end=\"1521\">\n<p class=\"\" data-start=\"1502\" data-end=\"1521\">Ergonomischer Griff<\/p>\n<\/li>\n<li class=\"\" data-start=\"1522\" data-end=\"1549\">\n<p class=\"\" data-start=\"1524\" data-end=\"1549\">Einfaches und schnelles \u00d6ffnen<\/p>\n<\/li>\n<li class=\"\" data-start=\"1550\" data-end=\"1572\">\n<p class=\"\" data-start=\"1552\" data-end=\"1572\">Gutes Preis-Leistungs-Verh\u00e4ltnis<\/p>\n<\/li>\n<\/ul>\n<p class=\"\" data-start=\"1574\" data-end=\"1585\">\u274c Nachteile:<\/p>\n<ul data-start=\"1586\" data-end=\"1691\">\n<li class=\"\" data-start=\"1586\" data-end=\"1633\">\n<p class=\"\" data-start=\"1588\" data-end=\"1633\">Gr\u00f6\u00dfere Gr\u00f6\u00dfen sind nicht f\u00fcr jeden Geldbeutel ideal<\/p>\n<\/li>\n<li class=\"\" data-start=\"1634\" data-end=\"1691\">\n<p class=\"\" data-start=\"1636\" data-end=\"1691\">Die spezifische Klingenform ist m\u00f6glicherweise nicht f\u00fcr alle Benutzer geeignet<\/p>\n<\/li>\n<\/ul>\n<hr class=\"\" data-start=\"1693\" data-end=\"1696\">\n<p class=\"\" data-start=\"1698\" data-end=\"1913\">\ud83d\udd0d <strong data-start=\"1701\" data-end=\"1727\">Vergleich mit Wettbewerbern:<\/strong><br data-start=\"1727\" data-end=\"1730\"> Im Vergleich zu \u00e4hnlich extravaganten Modellen wie <strong data-start=\"1783\" data-end=\"1806\">dem CRKT Ritual Compact<\/strong> oder einigen Modellen von <strong data-start=\"1830\" data-end=\"1839\">B\u00f6ker<\/strong> bietet das Ritual 7471 ein tolles Preis-Leistungs-Verh\u00e4ltnis und ein deutlich einzigartigeres Design.<\/p>\n<hr class=\"\" data-start=\"1915\" data-end=\"1918\">\n<p class=\"\" data-start=\"1920\" data-end=\"1942\">\ud83c\udf81 <strong data-start=\"1923\" data-end=\"1940\">Packungsinhalt:<\/strong><\/p>\n<ul data-start=\"1943\" data-end=\"2013\">\n<li class=\"\" data-start=\"1943\" data-end=\"1967\">\n<p class=\"\" data-start=\"1945\" data-end=\"1967\">CRKT Ritual 7471 Messer<\/p>\n<\/li>\n<li class=\"\" data-start=\"1968\" data-end=\"1996\">\n<p class=\"\" data-start=\"1970\" data-end=\"1996\">Original CRKT-Box<\/p>\n<\/li>\n<li class=\"\" data-start=\"1997\" data-end=\"2013\">\n<p class=\"\" data-start=\"1999\" data-end=\"2013\">Wartungshinweise<\/p>\n<\/li>\n<\/ul>\n<hr class=\"\" data-start=\"2015\" data-end=\"2018\">\n<p class=\"\" data-start=\"2020\" data-end=\"2418\">\u2764\ufe0f <strong data-start=\"2023\" data-end=\"2047\">Fazit:<\/strong><br data-start=\"2047\" data-end=\"2050\"> Das CRKT Ritual 7471 ist nicht nur ein Messer. Es ist eine Aussage. Ein Werkzeug, das Geschichte, Kunst und moderne Funktionalit\u00e4t vereint. Versetzen Sie sich mit einem Hauch moderner Technologie in die Welt alter Traditionen. Wenn Sie nach einem Messer suchen, das <strong data-start=\"2259\" data-end=\"2307\">Gespr\u00e4chsstoff bietet und ein zuverl\u00e4ssiger Partner<\/strong> ist, ist das Ritual das Richtige f\u00fcr Sie.<br data-start=\"2334\" data-end=\"2337\"> \ud83d\udd12      <strong data-start=\"2340\" data-end=\"2418\">Seien Sie einzigartig. Seien Sie vorbereitet. Holen Sie sich noch heute Ihr CRKT Ritual!  <\/strong><\/p>\n<p>&nbsp;<\/p>\n<p><iframe title=\"CRKT RITUAL\u2122 | Alan Folts Design\" width=\"800\" height=\"450\" src=\"https:\/\/www.youtube.com\/embed\/CkfeRZFGWJ4?feature=oembed\" frameborder=\"0\" allow=\"accelerometer; autoplay; clipboard-write; encrypted-media; gyroscope; picture-in-picture; web-share\" referrerpolicy=\"strict-origin-when-cross-origin\" allowfullscreen><\/iframe><\/p>\n<p>&nbsp;<\/p>\n","protected":false},"excerpt":{"rendered":"<p><strong>Das CRKT Ritual 7471 ist nicht nur ein Messer. Es ist eine Aussage. Ein Werkzeug, das Geschichte, Kunst und moderne Funktionalit\u00e4t vereint. Versetzen Sie sich mit einem Hauch moderner Technologie in die Welt alter Traditionen. Wenn Sie ein Messer suchen, das f\u00fcr Gespr\u00e4chsstoff sorgt und ein zuverl\u00e4ssiger Partner ist, ist das Ritual genau das Richtige f\u00fcr Sie.    <\/strong><br data-start=\"2334\" data-end=\"2337\"><strong>\ud83d\udd12 Seien Sie einzigartig. Seien Sie vorbereitet. Holen Sie sich noch heute Ihr CRKT Ritual!  <\/strong><\/p>\n","protected":false},"featured_media":330080,"comment_status":"open","ping_status":"closed","template":"","meta":[],"pwb-brand":[3457],"product_brand":[],"product_cat":[3303,3285],"product_tag":[3669],"class_list":{"0":"post-330079","1":"product","2":"type-product","3":"status-publish","4":"has-post-thumbnail","6":"pwb-brand-crkt-de","7":"product_cat-schliesmesser","8":"product_cat-messer","9":"product_tag-b2b-de","11":"first","12":"outofstock","13":"taxable","14":"shipping-taxable","15":"purchasable","16":"product-type-simple"},"brands":[{"id":3457,"name":"CRKT","slug":"crkt-de"}],"_links":{"self":[{"href":"https:\/\/www.moskito.cz\/de\/wp-json\/wp\/v2\/product\/330079","targetHints":{"allow":["GET"]}}],"collection":[{"href":"https:\/\/www.moskito.cz\/de\/wp-json\/wp\/v2\/product"}],"about":[{"href":"https:\/\/www.moskito.cz\/de\/wp-json\/wp\/v2\/types\/product"}],"replies":[{"embeddable":true,"href":"https:\/\/www.moskito.cz\/de\/wp-json\/wp\/v2\/comments?post=330079"}],"wp:featuredmedia":[{"embeddable":true,"href":"https:\/\/www.moskito.cz\/de\/wp-json\/wp\/v2\/media\/330080"}],"wp:attachment":[{"href":"https:\/\/www.moskito.cz\/de\/wp-json\/wp\/v2\/media?parent=330079"}],"wp:term":[{"taxonomy":"pwb-brand","embeddable":true,"href":"https:\/\/www.moskito.cz\/de\/wp-json\/wp\/v2\/pwb-brand?post=330079"},{"taxonomy":"product_brand","embeddable":true,"href":"https:\/\/www.moskito.cz\/de\/wp-json\/wp\/v2\/product_brand?post=330079"},{"taxonomy":"product_cat","embeddable":true,"href":"https:\/\/www.moskito.cz\/de\/wp-json\/wp\/v2\/product_cat?post=330079"},{"taxonomy":"product_tag","embeddable":true,"href":"https:\/\/www.moskito.cz\/de\/wp-json\/wp\/v2\/product_tag?post=330079"}],"curies":[{"name":"wp","href":"https:\/\/api.w.org\/{rel}","templated":true}]}}