{"id":330179,"date":"2022-08-21T09:28:08","date_gmt":"2024-04-12T09:14:40","guid":{"rendered":"https:\/\/www.moskito.cz\/produkt\/feststehendes-messer-crkt-blackout-minimalist-cleaver-2383k\/"},"modified":"2025-05-07T11:10:11","modified_gmt":"2025-05-07T10:10:11","slug":"feststehendes-messer-crkt-blackout-minimalist-cleaver-2383k","status":"publish","type":"product","link":"https:\/\/www.moskito.cz\/de\/produkt\/feststehendes-messer-crkt-blackout-minimalist-cleaver-2383k\/","title":{"rendered":"Feststehendes Messer CRKT BLACKOUT MINIMALIST CLEAVER 2383K"},"content":{"rendered":"<p>Feststehendes Messer <strong>CRKT<\/strong> BLACKOUT MINIMALIST CLEAVER 2383K.<\/p>\n<p>Speziell gebaut f\u00fcr alles, was geschnitten werden muss.<\/p>\n<p>Diese kompakten Messer mit soliden Klingen und soliden Griffen sind in verschiedenen Klingenausf\u00fchrungen erh\u00e4ltlich. Sie f\u00fchlen sich im Wald oder rund ums Haus genauso wohl.<br \/>\nEinfaches Sch\u00e4rfen: Die Klinge aus rostfreiem Kohlenstoffstahl h\u00e4lt die Schneide gut<br \/>\nN\u00fctzliche Funktionen: Vielseitiges Hackmesser f\u00fcr hervorragendes Schneiden<br \/>\nErh\u00f6hter Schutz: Schwarzes Stonewash ist langlebig und altert gut<br \/>\nAu\u00dfergew\u00f6hnlicher Halt: Der G10-Griff bietet au\u00dfergew\u00f6hnlichen Halt unter allen Bedingungen<br \/>\nGetriebekompatibel: Robuste Thermoplastschale mit Montagem\u00f6glichkeit<br \/>\nKompaktes Werkzeug: Leicht und einfach zu transportieren.<\/p>\n<p>SPEZIFIKATIONEN<br \/>\nKlingenl\u00e4nge 2,13&#8243; (54,13 mm)<br \/>\nKlinge Klinge Plain<br \/>\nKlingenstahl 5Cr15MoV<br \/>\nStonewash-Klingenfinish<br \/>\nKlingenst\u00e4rke: 0,10 Zoll (2,59 mm)<br \/>\nGesamtl\u00e4nge 5,06&#8243; (128,52 mm)<br \/>\nGewicht 1,70 oz (48,19 g)<br \/>\nG10-Griff<br \/>\nStil: Feststehendes Messer mit Scheide<br \/>\nSchalenmaterial Thermoplast<br \/>\nSchalengewicht 0,60 Unzen. (17,01 g)<\/p>\n","protected":false},"excerpt":{"rendered":"<p>Entworfen von Alan Folts in Melbourne, Florida.<\/p>\n","protected":false},"featured_media":330188,"comment_status":"open","ping_status":"closed","template":"","meta":[],"pwb-brand":[3457],"product_brand":[],"product_cat":[3287,3285],"product_tag":[3669],"class_list":{"0":"post-330179","1":"product","2":"type-product","3":"status-publish","4":"has-post-thumbnail","6":"pwb-brand-crkt-de","7":"product_cat-solide-messer","8":"product_cat-messer","9":"product_tag-b2b-de","11":"first","12":"instock","13":"sale","14":"taxable","15":"shipping-taxable","16":"purchasable","17":"product-type-simple"},"brands":[{"id":3457,"name":"CRKT","slug":"crkt-de"}],"_links":{"self":[{"href":"https:\/\/www.moskito.cz\/de\/wp-json\/wp\/v2\/product\/330179","targetHints":{"allow":["GET"]}}],"collection":[{"href":"https:\/\/www.moskito.cz\/de\/wp-json\/wp\/v2\/product"}],"about":[{"href":"https:\/\/www.moskito.cz\/de\/wp-json\/wp\/v2\/types\/product"}],"replies":[{"embeddable":true,"href":"https:\/\/www.moskito.cz\/de\/wp-json\/wp\/v2\/comments?post=330179"}],"wp:featuredmedia":[{"embeddable":true,"href":"https:\/\/www.moskito.cz\/de\/wp-json\/wp\/v2\/media\/330188"}],"wp:attachment":[{"href":"https:\/\/www.moskito.cz\/de\/wp-json\/wp\/v2\/media?parent=330179"}],"wp:term":[{"taxonomy":"pwb-brand","embeddable":true,"href":"https:\/\/www.moskito.cz\/de\/wp-json\/wp\/v2\/pwb-brand?post=330179"},{"taxonomy":"product_brand","embeddable":true,"href":"https:\/\/www.moskito.cz\/de\/wp-json\/wp\/v2\/product_brand?post=330179"},{"taxonomy":"product_cat","embeddable":true,"href":"https:\/\/www.moskito.cz\/de\/wp-json\/wp\/v2\/product_cat?post=330179"},{"taxonomy":"product_tag","embeddable":true,"href":"https:\/\/www.moskito.cz\/de\/wp-json\/wp\/v2\/product_tag?post=330179"}],"curies":[{"name":"wp","href":"https:\/\/api.w.org\/{rel}","templated":true}]}}