{"id":330229,"date":"2023-03-23T19:56:29","date_gmt":"2024-04-12T09:18:21","guid":{"rendered":"https:\/\/www.moskito.cz\/produkt\/verschlussmesser-crkt-taco-viper-2267\/"},"modified":"2025-05-07T11:10:12","modified_gmt":"2025-05-07T10:10:12","slug":"verschlussmesser-crkt-taco-viper-2267","status":"publish","type":"product","link":"https:\/\/www.moskito.cz\/de\/produkt\/verschlussmesser-crkt-taco-viper-2267\/","title":{"rendered":"Verschlussmesser CRKT TACO VIPER 2267"},"content":{"rendered":"<p>Verschlussmesser <strong>CRKT<\/strong> TACO VIPER 2267<\/p>\n<p>Bereit f\u00fcr sofortiges Handeln.<\/p>\n<p>Wenn ein Fallschirmspringer an einer statischen Leine festsitzt, z\u00e4hlt jede Millisekunde. Das ist die riskante Situation, die das Taco Viper\u00ae inspirierte, ein Messer mit unterst\u00fctzter \u00d6ffnung, das im Handumdrehen einsatzbereit ist.<br \/>\nUnterst\u00fctztes \u00d6ffnen: Flipper entfaltet die Klinge schnell<br \/>\nExtrem scharf: Veff Serrations\u2122 bieten eine hervorragende Schneidleistung f\u00fcr Seile und Gurtb\u00e4nder<br \/>\nEinfaches Sch\u00e4rfen: Die Klinge aus rostfreiem Kohlenstoffstahl h\u00e4lt die Schneide gut<br \/>\nStark und leicht: Der glasfaserverst\u00e4rkte Nylongriff ist langlebig und leicht<br \/>\nEinfach zu schlie\u00dfen: Der Einsteckverschluss l\u00e4sst sich ganz einfach mit einer Hand schlie\u00dfen<br \/>\nNiedriges Profil: Taschenclip sorgt f\u00fcr sicheren Tragekomfort<\/p>\n<p>SPEZIFIKATIONEN<br \/>\nKlingenl\u00e4nge 10,71 cm<br \/>\nKlingenkante Veff Serrations\u2122<br \/>\nKlingenstahl 1.4116<br \/>\nStonewash-Klingenfinish<br \/>\nKlingenst\u00e4rke 0,31 cm<br \/>\nGesamtl\u00e4nge 25 cm<br \/>\nGeschlossene L\u00e4nge 14,27 cm<br \/>\nGewicht 147,42 g<br \/>\nGriff aus glasfaserverst\u00e4rktem Nylon<br \/>\nStylisches Klappmesser mit Liner Lock<\/p>\n<p><iframe title=\"CRKT Taco Viper\u00ae | Antonio Rodriguez Design\" width=\"800\" height=\"450\" src=\"https:\/\/www.youtube.com\/embed\/QcxM2MaFr1w?feature=oembed\" frameborder=\"0\" allow=\"accelerometer; autoplay; clipboard-write; encrypted-media; gyroscope; picture-in-picture; web-share\" referrerpolicy=\"strict-origin-when-cross-origin\" allowfullscreen><\/iframe><\/p>\n<p>&nbsp;<\/p>\n","protected":false},"excerpt":{"rendered":"<p><strong>Entworfen von Antonio Rodriguez in Fayetteville, North Carolina<\/strong><\/p>\n","protected":false},"featured_media":330230,"comment_status":"open","ping_status":"closed","template":"","meta":[],"pwb-brand":[3457],"product_brand":[],"product_cat":[3285,3303],"product_tag":[3669],"class_list":{"0":"post-330229","1":"product","2":"type-product","3":"status-publish","4":"has-post-thumbnail","6":"pwb-brand-crkt-de","7":"product_cat-messer","8":"product_cat-schliesmesser","9":"product_tag-b2b-de","11":"first","12":"outofstock","13":"taxable","14":"shipping-taxable","15":"purchasable","16":"product-type-simple"},"brands":[{"id":3457,"name":"CRKT","slug":"crkt-de"}],"_links":{"self":[{"href":"https:\/\/www.moskito.cz\/de\/wp-json\/wp\/v2\/product\/330229","targetHints":{"allow":["GET"]}}],"collection":[{"href":"https:\/\/www.moskito.cz\/de\/wp-json\/wp\/v2\/product"}],"about":[{"href":"https:\/\/www.moskito.cz\/de\/wp-json\/wp\/v2\/types\/product"}],"replies":[{"embeddable":true,"href":"https:\/\/www.moskito.cz\/de\/wp-json\/wp\/v2\/comments?post=330229"}],"wp:featuredmedia":[{"embeddable":true,"href":"https:\/\/www.moskito.cz\/de\/wp-json\/wp\/v2\/media\/330230"}],"wp:attachment":[{"href":"https:\/\/www.moskito.cz\/de\/wp-json\/wp\/v2\/media?parent=330229"}],"wp:term":[{"taxonomy":"pwb-brand","embeddable":true,"href":"https:\/\/www.moskito.cz\/de\/wp-json\/wp\/v2\/pwb-brand?post=330229"},{"taxonomy":"product_brand","embeddable":true,"href":"https:\/\/www.moskito.cz\/de\/wp-json\/wp\/v2\/product_brand?post=330229"},{"taxonomy":"product_cat","embeddable":true,"href":"https:\/\/www.moskito.cz\/de\/wp-json\/wp\/v2\/product_cat?post=330229"},{"taxonomy":"product_tag","embeddable":true,"href":"https:\/\/www.moskito.cz\/de\/wp-json\/wp\/v2\/product_tag?post=330229"}],"curies":[{"name":"wp","href":"https:\/\/api.w.org\/{rel}","templated":true}]}}