{"id":330431,"date":"2022-11-19T15:46:13","date_gmt":"2024-04-12T09:43:25","guid":{"rendered":"https:\/\/www.moskito.cz\/produkt\/verschlussmesser-crkt-shenanigan-schwarz-mit-veff-zahnung\/"},"modified":"2025-05-07T11:10:17","modified_gmt":"2025-05-07T10:10:17","slug":"verschlussmesser-crkt-shenanigan-schwarz-mit-veff-zahnung","status":"publish","type":"product","link":"https:\/\/www.moskito.cz\/de\/produkt\/verschlussmesser-crkt-shenanigan-schwarz-mit-veff-zahnung\/","title":{"rendered":"Verschlussmesser CRKT SHENANIGAN SCHWARZ MIT VEFF-ZAHNUNG"},"content":{"rendered":"<p>Verschlussmesser <strong>CRKT<\/strong> SHENANIGAN SCHWARZ MIT VEFF-ZAHNUNG.<\/p>\n<p>CRKT\u00ae stellt die klassische Shenanigan\u2122-Linie wieder vor, allt\u00e4gliche Klappmesser f\u00fcr den t\u00e4glichen Gebrauch, entworfen vom weltber\u00fchmten Messerdesigner Ken Onion. Die 3,35 Zoll lange schwarze Stonewash-Klinge mit Veff Serrations\u2122 ist \u00e4u\u00dferst langlebig und schneidet durch Seil und Leine. Gepaart mit Kens preisgekr\u00f6nter \u00d6ffnungshilfe und dem IKBS\u2122-Kugellagerstiftsystem f\u00fcr ein super sanftes und schnelles \u00d6ffnen \u2013 trotz allem, was der Name vermuten l\u00e4sst, ist diese klassische Serie genau das Richtige f\u00fcr Sie.<br \/>\nUnterst\u00fctztes \u00d6ffnen: Flipper entfaltet die Klinge schnell<br \/>\nSanftes \u00d6ffnen: Der IKBS\u2122-Kugellagerstift entfaltet die Klinge sanft<br \/>\nErh\u00f6hter Schutz: Schwarzes Stonewash ist langlebig und altert gut<br \/>\nExtrem scharf: Veff Serrations\u2122 bieten eine hervorragende Schneidleistung f\u00fcr Seile und Gurtb\u00e4nder<br \/>\nSicher und komfortabel: Eingespritzter Griff mit strukturiertem Griff<br \/>\nEinfach zu schlie\u00dfen: Der Einsteckverschluss l\u00e4sst sich ganz einfach mit einer Hand schlie\u00dfen<br \/>\nNiedriges Profil: Taschenclip sorgt f\u00fcr sicheres Tragen.<\/p>\n<p>SPEZIFIKATIONEN<br \/>\nKlingenl\u00e4nge 3,35&#8243; (85,12 mm)<br \/>\nVeff Serrations\u2122 Klingenkante<br \/>\nKlingenstahl 1.4116<br \/>\nStonewash-Klingenfinish<br \/>\nKlingenst\u00e4rke: 0,12 Zoll (2,95 mm)<br \/>\nGesamtl\u00e4nge 8,19&#8243; (207,98 mm)<br \/>\nGeschlossene L\u00e4nge 4,86&#8243; (123,32 mm)<br \/>\nGewicht 3,60 Unzen. (102,06 g)<br \/>\nGriff aus glasfaserverst\u00e4rktem Nylon<br \/>\nStyle Assistiertes Klappmesser mit Liner Lock<\/p>\n<p><iframe title=\"CRKT SHENANIGAN\u2122 | Ken Onion Design\" width=\"800\" height=\"450\" src=\"https:\/\/www.youtube.com\/embed\/RE9C8sg12K4?feature=oembed\" frameborder=\"0\" allow=\"accelerometer; autoplay; clipboard-write; encrypted-media; gyroscope; picture-in-picture; web-share\" referrerpolicy=\"strict-origin-when-cross-origin\" allowfullscreen><\/iframe><\/p>\n<p>&nbsp;<\/p>\n<p>&nbsp;<\/p>\n","protected":false},"excerpt":{"rendered":"<p>Entworfen von Ken Onion in Kaneohe, Hawaii.<\/p>\n","protected":false},"featured_media":330432,"comment_status":"open","ping_status":"closed","template":"","meta":[],"pwb-brand":[3457],"product_brand":[],"product_cat":[3285,3303],"product_tag":[3669],"class_list":{"0":"post-330431","1":"product","2":"type-product","3":"status-publish","4":"has-post-thumbnail","6":"pwb-brand-crkt-de","7":"product_cat-messer","8":"product_cat-schliesmesser","9":"product_tag-b2b-de","11":"first","12":"instock","13":"taxable","14":"shipping-taxable","15":"purchasable","16":"product-type-simple"},"brands":[{"id":3457,"name":"CRKT","slug":"crkt-de"}],"_links":{"self":[{"href":"https:\/\/www.moskito.cz\/de\/wp-json\/wp\/v2\/product\/330431","targetHints":{"allow":["GET"]}}],"collection":[{"href":"https:\/\/www.moskito.cz\/de\/wp-json\/wp\/v2\/product"}],"about":[{"href":"https:\/\/www.moskito.cz\/de\/wp-json\/wp\/v2\/types\/product"}],"replies":[{"embeddable":true,"href":"https:\/\/www.moskito.cz\/de\/wp-json\/wp\/v2\/comments?post=330431"}],"wp:featuredmedia":[{"embeddable":true,"href":"https:\/\/www.moskito.cz\/de\/wp-json\/wp\/v2\/media\/330432"}],"wp:attachment":[{"href":"https:\/\/www.moskito.cz\/de\/wp-json\/wp\/v2\/media?parent=330431"}],"wp:term":[{"taxonomy":"pwb-brand","embeddable":true,"href":"https:\/\/www.moskito.cz\/de\/wp-json\/wp\/v2\/pwb-brand?post=330431"},{"taxonomy":"product_brand","embeddable":true,"href":"https:\/\/www.moskito.cz\/de\/wp-json\/wp\/v2\/product_brand?post=330431"},{"taxonomy":"product_cat","embeddable":true,"href":"https:\/\/www.moskito.cz\/de\/wp-json\/wp\/v2\/product_cat?post=330431"},{"taxonomy":"product_tag","embeddable":true,"href":"https:\/\/www.moskito.cz\/de\/wp-json\/wp\/v2\/product_tag?post=330431"}],"curies":[{"name":"wp","href":"https:\/\/api.w.org\/{rel}","templated":true}]}}