{"id":330662,"date":"2022-09-06T21:58:50","date_gmt":"2024-04-12T11:59:14","guid":{"rendered":"https:\/\/www.moskito.cz\/produkt\/schliessmesser-crkt-facet-k230xxp\/"},"modified":"2025-05-07T11:10:21","modified_gmt":"2025-05-07T10:10:21","slug":"schliessmesser-crkt-facet-k230xxp","status":"publish","type":"product","link":"https:\/\/www.moskito.cz\/de\/produkt\/schliessmesser-crkt-facet-k230xxp\/","title":{"rendered":"Schlie\u00dfmesser CRKT FACET K230XXP"},"content":{"rendered":"<div class=\"flex-1 overflow-hidden @container\/thread\">\n<div class=\"h-full\">\n<div class=\"react-scroll-to-bottom--css-vxybp-79elbk h-full\">\n<div class=\"react-scroll-to-bottom--css-vxybp-1n7m0yu\">\n<div class=\"flex flex-col text-sm md:pb-9\">\n<article class=\"w-full scroll-mb-[var(--thread-trailing-height,150px)] text-token-text-primary focus-visible:outline-2 focus-visible:outline-offset-[-4px]\" dir=\"auto\" data-testid=\"conversation-turn-175\" data-scroll-anchor=\"true\">\n<div class=\"m-auto text-base py-[18px] px-3 md:px-4 w-full md:px-5 lg:px-4 xl:px-5\">\n<div class=\"mx-auto flex flex-1 gap-4 text-base md:gap-5 lg:gap-6 md:max-w-3xl\">\n<div class=\"group\/conversation-turn relative flex w-full min-w-0 flex-col agent-turn\">\n<div class=\"flex-col gap-1 md:gap-3\">\n<div class=\"flex max-w-full flex-col flex-grow\">\n<div class=\"min-h-8 text-message flex w-full flex-col items-end gap-2 whitespace-normal break-words text-start [.text-message+&amp;]:mt-5\" dir=\"auto\" data-message-author-role=\"assistant\" data-message-id=\"e55cc375-bb52-44ba-bb4f-c5f2fdf8afca\" data-message-model-slug=\"gpt-4o-mini\">\n<div class=\"flex w-full flex-col gap-1 empty:hidden first:pt-[3px]\">\n<div class=\"markdown prose w-full break-words dark:prose-invert light\">\n<p><strong>Das Klappmesser CRKT FACET K230XXP<\/strong> ist ein elegantes, praktisches und leistungsstarkes Messer f\u00fcr den t\u00e4glichen Gebrauch, entworfen vom weltber\u00fchmten Designer <strong>Ken Onion<\/strong> . Dieses Messer ist ein gro\u00dfartiges Beispiel f\u00fcr <strong>minimalistisches Design<\/strong> , das <strong>moderne \u00c4sthetik<\/strong> kompromisslos mit <strong>hoher Funktionalit\u00e4t<\/strong> verbindet. Facet\u2122 ist die ideale Wahl f\u00fcr alle, die <strong>Gentleman-Qualit\u00e4t<\/strong> mit hervorragender Leistung im Alltagsgebrauch suchen.  <\/p>\n<h3>Hauptmerkmale und Vorteile:<\/h3>\n<ol>\n<li><strong>Minimalistisches Design f\u00fcr die moderne Zeit<\/strong> :\n<ul>\n<li>Facet\u2122 ist <strong>elegant und dezent<\/strong> , bietet aber dennoch <strong>hervorragende Leistung<\/strong> f\u00fcr allt\u00e4gliche Aufgaben.<\/li>\n<li>Sein Name leitet sich vom Wort \u201eFacette\u201c ab, was <strong>eine kleine flache Oberfl\u00e4che<\/strong> bedeutet und auf sein einfaches, aber pr\u00e4zise gestaltetes Erscheinungsbild verweist.<\/li>\n<\/ul>\n<\/li>\n<li><strong>Hohe Leistung mit unterst\u00fctztem \u00d6ffnen<\/strong> :\n<ul>\n<li>Die kugelgelagerte <strong>\u00d6ffnungshilfe<\/strong> <strong>von IKBS\u2122<\/strong> erm\u00f6glicht ein <strong>schnelles, sanftes und einfaches \u00d6ffnen<\/strong> des Messers mit einer Hand. Durch eine geradlinige Drehbewegung \u00f6ffnet sich die Klinge automatisch, sobald sie sich in Bewegung setzt, und ist somit sofort f\u00fcr jede Aufgabe bereit. <\/li>\n<li><strong>Die Rahmenverriegelung<\/strong> sorgt daf\u00fcr, dass die Klinge w\u00e4hrend des Gebrauchs sicher verriegelt ist, sodass Sie sich keine Sorgen machen m\u00fcssen, dass sie sich bei starker Beanspruchung \u00f6ffnet.<\/li>\n<\/ul>\n<\/li>\n<li><strong>Klingenkonstruktion und Material<\/strong> :\n<ul>\n<li><strong>Klingenl\u00e4nge<\/strong> : 3,37&#8243; (85,70 mm) \u2013 ideal f\u00fcr eine Vielzahl allt\u00e4glicher Schneidaufgaben.<\/li>\n<li><strong>Klingenmaterial<\/strong> : <strong>D2-Stahl<\/strong> , der \u00e4u\u00dferst <strong>verschlei\u00dffest<\/strong> und scharfkantig ist und \u00fcber eine ausgezeichnete <strong>Korrosionsbest\u00e4ndigkeit<\/strong> <strong>verf\u00fcgt<\/strong> .<\/li>\n<li><strong>Klingenoberfl\u00e4che<\/strong> : <strong>Die Satinoberfl\u00e4che<\/strong> verleiht der Klinge ein elegantes Aussehen, ohne ihre Leistung zu beeintr\u00e4chtigen.<\/li>\n<li><strong>Klingenst\u00e4rke<\/strong> : 0,12 Zoll (3,15 mm) \u2013 Die Klinge ist f\u00fcr g\u00e4ngige Aufgaben stark genug, ohne f\u00fcr den t\u00e4glichen Gebrauch zu robust zu sein.<\/li>\n<\/ul>\n<\/li>\n<li><strong>Ergonomischer Griff f\u00fcr sicheren Halt<\/strong> :\n<ul>\n<li><strong>Der Edelstahlgriff<\/strong> ist so konzipiert, dass er w\u00e4hrend der Verwendung <strong>einen festen und bequemen Halt bietet<\/strong> .<\/li>\n<li><strong>Die geraden Linien und Rundungen<\/strong> des Griffs sorgen daf\u00fcr, dass das Messer angenehm in der Hand liegt und <strong>Erm\u00fcdungserscheinungen bei l\u00e4ngerem Gebrauch minimiert werden<\/strong> .<\/li>\n<\/ul>\n<\/li>\n<li><strong>Praktisches Tragen<\/strong> :\n<ul>\n<li><strong>Dank der kompakten Gr\u00f6\u00dfe<\/strong> (Gesamtl\u00e4nge 7,69&#8243; \/ 195,28 mm, L\u00e4nge geschlossen 4,32&#8243; \/ 109,68 mm) l\u00e4sst sich das Messer problemlos in der Tasche oder am G\u00fcrtel tragen.<\/li>\n<li><strong>Gewicht<\/strong> : 3,90 oz (110,56 g) \u2013 leicht genug f\u00fcr den Alltag, ohne unn\u00f6tiges Gewicht hinzuzuf\u00fcgen.<\/li>\n<li><strong>Der tiefe Taschenclip<\/strong> erm\u00f6glicht Ihnen <strong>ein einfaches und sicheres Tragen<\/strong> des Messers, egal ob Sie es in der Tasche oder am G\u00fcrtel tragen.<\/li>\n<\/ul>\n<\/li>\n<li><strong>Einfachheit und Funktionalit\u00e4t im Einklang<\/strong> :\n<ul>\n<li><strong>Jede Kurve und jeder Winkel<\/strong> ist <strong>strategisch gestaltet,<\/strong> um nicht nur ein hervorragendes Aussehen, sondern auch <strong>eine hohe Leistung<\/strong> im t\u00e4glichen Gebrauch zu gew\u00e4hrleisten.<\/li>\n<\/ul>\n<\/li>\n<\/ol>\n<h3>So funktioniert die \u00d6ffnungshilfe:<\/h3>\n<ol>\n<li><strong>Unterst\u00fctztes \u00d6ffnen<\/strong> bedeutet, dass das Messer sicher geschlossen ist und sich automatisch \u00f6ffnet, wenn Sie Ihre Hand bewegen.<\/li>\n<li><strong>Dr\u00fccken Sie einfach auf die Klinge<\/strong> und dank <strong>des Kugellagersystems<\/strong> und des unterst\u00fctzten Mechanismus \u00f6ffnet sich die Klinge schnell in die Arbeitsposition.<\/li>\n<li>Sobald die Klinge ge\u00f6ffnet ist, rastet <strong>die Rahmenverriegelung<\/strong> ein und gew\u00e4hrleistet so die sichere Verwendung des Messers.<\/li>\n<\/ol>\n<h3>Spezifikationen:<\/h3>\n<ul>\n<li><strong>Klingenl\u00e4nge<\/strong> : 3,37&#8243; (85,70 mm)<\/li>\n<li><strong>Klingenkante<\/strong> : Glatt<\/li>\n<li><strong>Klingenmaterial<\/strong> : <strong>D2-Stahl<\/strong><\/li>\n<li><strong>Oberfl\u00e4chenbehandlung der Klinge<\/strong> : <strong>Satin<\/strong><\/li>\n<li><strong>Klingenst\u00e4rke<\/strong> : 0,12&#8243; (3,15 mm)<\/li>\n<li><strong>Gesamtl\u00e4nge<\/strong> : 7,69&#8243; (195,28 mm)<\/li>\n<li><strong>L\u00e4nge geschlossen<\/strong> : 4,32&#8243; (109,68 mm)<\/li>\n<li><strong>Gewicht<\/strong> : 110,56 g<\/li>\n<li><strong>Griff<\/strong> : <strong>Edelstahl<\/strong><\/li>\n<li><strong>Stil<\/strong> : <strong>Unterst\u00fctztes Klappmesser<\/strong> mit Rahmenverriegelung<\/li>\n<\/ul>\n<h3>Zusammenfassung:<\/h3>\n<p><strong>Das Klappmesser CRKT Facet K230XXP<\/strong> ist <strong>ein gro\u00dfartiges Beispiel f\u00fcr Einfachheit und Effizienz<\/strong> . Dieses von Ken Onion entworfene Messer bietet <strong>hohe Leistung<\/strong> , <strong>ein schlankes Design<\/strong> und <strong>eine \u00d6ffnungshilfe<\/strong> , die den t\u00e4glichen Gebrauch erleichtert. <strong>D2-Stahl<\/strong> und <strong>das IKBS\u2122-Kugellagersystem<\/strong> sorgen f\u00fcr eine lange Lebensdauer und Zuverl\u00e4ssigkeit des Messers. Es ist ideal f\u00fcr <strong>Herren<\/strong> , die ein elegantes und funktionales Messer f\u00fcr den Alltag mit <strong>einem hohen Ma\u00df an Sicherheit<\/strong> und <strong>Tragekomfort<\/strong> w\u00fcnschen.  <\/p>\n<\/div>\n<\/div>\n<\/div>\n<\/div>\n<div class=\"mb-2 flex gap-3 empty:hidden -ml-2\">\n<div class=\"items-center justify-start rounded-xl p-1 flex\">\n<div class=\"flex items-center\"><\/div>\n<\/div>\n<\/div>\n<div class=\"pr-2 lg:pr-0\"><\/div>\n<\/div>\n<\/div>\n<\/div>\n<\/div>\n<\/article>\n<\/div>\n<\/div>\n<\/div>\n<\/div>\n<\/div>\n<p><iframe title=\"CRKT FACET\u2122 | Ken Onion Design\" width=\"800\" height=\"450\" src=\"https:\/\/www.youtube.com\/embed\/GOX4q971Bms?feature=oembed\" frameborder=\"0\" allow=\"accelerometer; autoplay; clipboard-write; encrypted-media; gyroscope; picture-in-picture; web-share\" referrerpolicy=\"strict-origin-when-cross-origin\" allowfullscreen><\/iframe><\/p>\n<p>&nbsp;<\/p>\n","protected":false},"excerpt":{"rendered":"<div class=\"flex max-w-full flex-col flex-grow\">\n<div class=\"min-h-8 text-message flex w-full flex-col items-end gap-2 whitespace-normal break-words text-start [.text-message+&amp;]:mt-5\" dir=\"auto\" data-message-author-role=\"assistant\" data-message-id=\"e55cc375-bb52-44ba-bb4f-c5f2fdf8afca\" data-message-model-slug=\"gpt-4o-mini\">\n<div class=\"flex w-full flex-col gap-1 empty:hidden first:pt-[3px]\">\n<div class=\"markdown prose w-full break-words dark:prose-invert light\">\n<p><strong>Das Klappmesser CRKT Facet K230XXP ist ein gro\u00dfartiges Beispiel f\u00fcr Einfachheit und Effizienz. Dieses von Ken Onion entworfene Messer bietet hohe Leistung, ein schlankes Design und eine \u00d6ffnungshilfe, die den t\u00e4glichen Gebrauch erleichtert. D2-Stahl und das IKBS\u2122-Kugellagersystem sorgen f\u00fcr eine lange Lebensdauer und Zuverl\u00e4ssigkeit des Messers. Es ist ideal f\u00fcr Herren, die ein elegantes und funktionales Messer f\u00fcr den t\u00e4glichen Gebrauch mit einem hohen Ma\u00df an Sicherheit und Tragekomfort w\u00fcnschen.   <\/strong><\/p>\n<\/div>\n<\/div>\n<\/div>\n<\/div>\n<div class=\"mb-2 flex gap-3 empty:hidden -ml-2\">\n<div class=\"items-center justify-start rounded-xl p-1 flex\">\n<div class=\"flex items-center\"><\/div>\n<\/div>\n<\/div>\n","protected":false},"featured_media":330663,"comment_status":"open","ping_status":"closed","template":"","meta":[],"pwb-brand":[3457],"product_brand":[],"product_cat":[3303,3285],"product_tag":[3669],"class_list":{"0":"post-330662","1":"product","2":"type-product","3":"status-publish","4":"has-post-thumbnail","6":"pwb-brand-crkt-de","7":"product_cat-schliesmesser","8":"product_cat-messer","9":"product_tag-b2b-de","11":"first","12":"instock","13":"sale","14":"taxable","15":"shipping-taxable","16":"purchasable","17":"product-type-simple"},"brands":[{"id":3457,"name":"CRKT","slug":"crkt-de"}],"_links":{"self":[{"href":"https:\/\/www.moskito.cz\/de\/wp-json\/wp\/v2\/product\/330662","targetHints":{"allow":["GET"]}}],"collection":[{"href":"https:\/\/www.moskito.cz\/de\/wp-json\/wp\/v2\/product"}],"about":[{"href":"https:\/\/www.moskito.cz\/de\/wp-json\/wp\/v2\/types\/product"}],"replies":[{"embeddable":true,"href":"https:\/\/www.moskito.cz\/de\/wp-json\/wp\/v2\/comments?post=330662"}],"wp:featuredmedia":[{"embeddable":true,"href":"https:\/\/www.moskito.cz\/de\/wp-json\/wp\/v2\/media\/330663"}],"wp:attachment":[{"href":"https:\/\/www.moskito.cz\/de\/wp-json\/wp\/v2\/media?parent=330662"}],"wp:term":[{"taxonomy":"pwb-brand","embeddable":true,"href":"https:\/\/www.moskito.cz\/de\/wp-json\/wp\/v2\/pwb-brand?post=330662"},{"taxonomy":"product_brand","embeddable":true,"href":"https:\/\/www.moskito.cz\/de\/wp-json\/wp\/v2\/product_brand?post=330662"},{"taxonomy":"product_cat","embeddable":true,"href":"https:\/\/www.moskito.cz\/de\/wp-json\/wp\/v2\/product_cat?post=330662"},{"taxonomy":"product_tag","embeddable":true,"href":"https:\/\/www.moskito.cz\/de\/wp-json\/wp\/v2\/product_tag?post=330662"}],"curies":[{"name":"wp","href":"https:\/\/api.w.org\/{rel}","templated":true}]}}