{"id":330771,"date":"2021-08-16T20:38:11","date_gmt":"2024-04-12T12:15:08","guid":{"rendered":"https:\/\/www.moskito.cz\/produkt\/civivi-dogma-verschlussmesser\/"},"modified":"2025-05-07T11:10:24","modified_gmt":"2025-05-07T10:10:24","slug":"civivi-dogma-verschlussmesser","status":"publish","type":"product","link":"https:\/\/www.moskito.cz\/de\/produkt\/civivi-dogma-verschlussmesser\/","title":{"rendered":"Civivi Dogma-Verschlussmesser"},"content":{"rendered":"<p><strong>Civivi<\/strong> Dogma-Verschlussmesser.<\/p>\n<p>Gesamtl\u00e4nge: 7,7&#8243; \/ 195,7 mm<br \/>\nKlingenl\u00e4nge: 3,46 Zoll \/ 88 mm<br \/>\nL\u00e4nge geschlossen: 107,7 mm<br \/>\nKlingenst\u00e4rke: 0,12 Zoll \/ 3 mm<br \/>\nGriffst\u00e4rke: 0,47 Zoll \/ 12 mm<br \/>\nGewicht: 144 g<\/p>\n<p>Klingenmaterial: D2<br \/>\nKlingenh\u00e4rte: 59\u201361 HRC<br \/>\nKlingenschliff: Hohl<br \/>\nOberfl\u00e4chenbehandlung der Klinge: satiniert<\/p>\n<p>Griffmaterial: Messing<br \/>\nFarbe\/Finish des Griffs: Schwarz poliert<br \/>\nMaterial des hinteren Abstandshalters: G10<br \/>\nFarbe\/Finish des hinteren Abstandshalters: Schwarz<br \/>\nEinsatzmaterial: Edelstahl<br \/>\nFutterfarbe\/Finish: Grau<\/p>\n<p>Taschenclip: Tip-Up, L\/R<br \/>\nClipmaterial: Edelstahl<br \/>\nSchraubenmaterial: Edelstahl<br \/>\nStiftanordnung: Keramikkugellager mit K\u00e4fig<br \/>\nVerriegelungsmechanismus: Liner Lock<\/p>\n<p>Designer: CIVIVI<\/p>\n<p><strong>WE Knife<\/strong> Co. GmbH. (WE) hat sich durch die kontinuierliche Bereitstellung erfolgreicher Produkte den Ruf erworben, stets innovative Designs mit gleichbleibend hoher Qualit\u00e4t zu liefern. Dadurch hat sich WE als gr\u00f6\u00dfter chinesischer Hersteller von Qualit\u00e4tsmessern etabliert.<\/p>\n<p>Als Reaktion auf die Marktbed\u00fcrfnisse haben wir 2018 die Marke CIVIVI eingef\u00fchrt, die sich speziell darauf konzentriert, funktionelle, praktische EDC-Produktlinien zu g\u00fcnstigeren Preisen anzubieten.<\/p>\n<p>Durch die Kombination der Kernwerte von WE, innovatives Design und hochwertige Fertigung, mit Materialien wie G10, Ply-Ply-Carbon und D2-, Edelstahl- und Damastst\u00e4hlen, bieten CIVIVI-Produkte ihren Benutzern Wert und Leistung ohne Kompromisse.<\/p>\n<p>CIVIVI-Messer sehen gut aus, f\u00fchlen sich gut an, funktionieren gut und erledigen ihre Arbeit. Wie ihre WE Knife-Br\u00fcder sind sie <strong>\u201eBESSER GEMACHT\u201c<\/strong><\/p>\n","protected":false},"excerpt":{"rendered":"<p>Die Marke <strong>CIVIVI<\/strong> ist seit mehr als 20 Jahren auf dem Markt und produziert Messer in h\u00f6chster Qualit\u00e4t und Vielfalt zu g\u00fcnstigeren Preisen.<\/p>\n","protected":false},"featured_media":330786,"comment_status":"open","ping_status":"closed","template":"","meta":[],"pwb-brand":[3859],"product_brand":[],"product_cat":[3285,3303],"product_tag":[],"class_list":{"0":"post-330771","1":"product","2":"type-product","3":"status-publish","4":"has-post-thumbnail","6":"pwb-brand-civivi-messer","7":"product_cat-messer","8":"product_cat-schliesmesser","10":"first","11":"outofstock","12":"taxable","13":"shipping-taxable","14":"purchasable","15":"product-type-simple"},"brands":[{"id":3859,"name":"CIVIVI-Messer","slug":"civivi-messer"}],"_links":{"self":[{"href":"https:\/\/www.moskito.cz\/de\/wp-json\/wp\/v2\/product\/330771","targetHints":{"allow":["GET"]}}],"collection":[{"href":"https:\/\/www.moskito.cz\/de\/wp-json\/wp\/v2\/product"}],"about":[{"href":"https:\/\/www.moskito.cz\/de\/wp-json\/wp\/v2\/types\/product"}],"replies":[{"embeddable":true,"href":"https:\/\/www.moskito.cz\/de\/wp-json\/wp\/v2\/comments?post=330771"}],"wp:featuredmedia":[{"embeddable":true,"href":"https:\/\/www.moskito.cz\/de\/wp-json\/wp\/v2\/media\/330786"}],"wp:attachment":[{"href":"https:\/\/www.moskito.cz\/de\/wp-json\/wp\/v2\/media?parent=330771"}],"wp:term":[{"taxonomy":"pwb-brand","embeddable":true,"href":"https:\/\/www.moskito.cz\/de\/wp-json\/wp\/v2\/pwb-brand?post=330771"},{"taxonomy":"product_brand","embeddable":true,"href":"https:\/\/www.moskito.cz\/de\/wp-json\/wp\/v2\/product_brand?post=330771"},{"taxonomy":"product_cat","embeddable":true,"href":"https:\/\/www.moskito.cz\/de\/wp-json\/wp\/v2\/product_cat?post=330771"},{"taxonomy":"product_tag","embeddable":true,"href":"https:\/\/www.moskito.cz\/de\/wp-json\/wp\/v2\/product_tag?post=330771"}],"curies":[{"name":"wp","href":"https:\/\/api.w.org\/{rel}","templated":true}]}}