{"id":330804,"date":"2023-09-28T10:58:55","date_gmt":"2023-09-28T09:58:55","guid":{"rendered":"https:\/\/www.moskito.cz\/produkt\/feststehendes-messer-crkt-razel-nax-2014\/"},"modified":"2025-12-16T16:32:33","modified_gmt":"2025-12-16T15:32:33","slug":"feststehendes-messer-crkt-razel-nax-2014","status":"publish","type":"product","link":"https:\/\/www.moskito.cz\/de\/produkt\/feststehendes-messer-crkt-razel-nax-2014\/","title":{"rendered":"Feststehendes Messer CRKT Razel Nax 2014"},"content":{"rendered":"<div class=\"flex-1 overflow-hidden @container\/thread\">\n<div class=\"h-full\">\n<div class=\"react-scroll-to-bottom--css-vxybp-79elbk h-full\">\n<div class=\"react-scroll-to-bottom--css-vxybp-1n7m0yu\">\n<div class=\"flex flex-col text-sm\">\n<article class=\"w-full scroll-mb-[var(--thread-trailing-height,150px)] text-token-text-primary focus-visible:outline-2 focus-visible:outline-offset-[-4px]\" dir=\"auto\" data-testid=\"conversation-turn-21\" data-scroll-anchor=\"true\">\n<div class=\"m-auto text-base py-[18px] px-3 md:px-4 w-full md:px-5 lg:px-4 xl:px-5\">\n<div class=\"mx-auto flex flex-1 gap-4 text-base md:gap-5 lg:gap-6 md:max-w-3xl\">\n<div class=\"group\/conversation-turn relative flex w-full min-w-0 flex-col agent-turn\">\n<div class=\"flex-col gap-1 md:gap-3\">\n<div class=\"flex max-w-full flex-col flex-grow\">\n<div class=\"min-h-8 text-message flex w-full flex-col items-end gap-2 whitespace-normal break-words text-start [.text-message+&amp;]:mt-5\" dir=\"auto\" data-message-author-role=\"assistant\" data-message-id=\"50053920-659a-4807-af7a-eb3fd3869101\" data-message-model-slug=\"gpt-4o-mini\">\n<div class=\"flex w-full flex-col gap-1 empty:hidden first:pt-[3px]\">\n<div class=\"markdown prose w-full break-words dark:prose-invert light\">\n<h3><strong>Feststehendes Messer CRKT Razel Nax 2014<\/strong><\/h3>\n<p>Das <strong>CRKT Razel Nax 2014<\/strong> ist ein <strong>Hybrid-Werkzeug<\/strong>, das f\u00fcr diejenigen entwickelt wurde, die ein <strong>leistungsstarkes und vielseitiges Werkzeug<\/strong> f\u00fcr <strong>anspruchsvolle Aufgaben<\/strong> ben\u00f6tigen. Dieses Messer vereint die Vorteile eines <g id=\"gid_4\">Mei\u00dfels<\/g> und einer <g id=\"gid_5\">Axt<\/g> in einem Werkzeug und ist damit die ideale Wahl zum <g id=\"gid_6\">Hacken<\/g>, <g id=\"gid_7\">Schaben<\/g>, <g id=\"gid_8\">Schneiden<\/g> und <g id=\"gid_9\">Bohren<\/g>. Das Razel\u2122 Nax wurde f\u00fcr <strong>gr\u00f6\u00dfere Aufgaben<\/strong> gebaut und ist f\u00fcr Profis und Enthusiasten gedacht, die ein Werkzeug ben\u00f6tigen, das robust genug f\u00fcr schwere Arbeiten ist.  <\/p>\n<hr>\n<h3><strong>Haupteigenschaften:<\/strong><\/h3>\n<ul>\n<li><strong>Die geschmiedete Z\u00e4higkeit des 1075er Stahls<\/strong>: Die Klinge ist aus <strong>1075er Stahl<\/strong> gefertigt, einem <strong>Kohlenstoffstahl<\/strong>, der f\u00fcr seine hervorragende <strong>Haltbarkeit<\/strong> und seine F\u00e4higkeit bekannt ist, auch bei starker Beanspruchung <strong>die Schneide zu halten<\/strong>. Diese Stahlsorte ist ideal f\u00fcr Werkzeuge, die hohen Belastungen ausgesetzt sind, wie z.B. Hacken und Schaben. <\/li>\n<li><strong>Mehrzweck-Mei\u00dfelklinge<\/strong>: Die Klinge ist <strong>mei\u00dfelf\u00f6rmig<\/strong>, d.h. sie ist ideal f\u00fcr Aufgaben, die <strong>pr\u00e4zises Schneiden<\/strong>, <strong>Schaben<\/strong> und sogar <strong>Bohren<\/strong> erfordern. Dieses Design erm\u00f6glicht einen <strong>besseren Druck<\/strong> und <strong>kann<\/strong> bei starker Beanspruchung <strong>h\u00e4rteren St\u00f6\u00dfen standhalten<\/strong> als normale Messer. <\/li>\n<li><strong>Starker und optisch ansprechender Micarta-Griff<\/strong>: Der Griff ist aus <strong>Micarta<\/strong> gefertigt, einem \u00e4u\u00dferst haltbaren Material, das eine hervorragende <strong>Griffigkeit<\/strong> und <strong>Feuchtigkeitsbest\u00e4ndigkeit<\/strong> bietet. Dieses Material zeichnet sich auch durch eine sch\u00f6ne Optik aus, die sich mit der Zeit verbessert und dem Messer einen einzigartigen Charakter verleiht. <\/li>\n<li><strong>Strapazierf\u00e4hige Kydexscheide<\/strong>: Das Messer wird mit einer <strong>Kydexscheide<\/strong> geliefert, die einen <strong>hohen Klingenschutz<\/strong> bietet und <strong>mit der Ausr\u00fcstung kompatibel<\/strong> ist, so dass es leicht an einem G\u00fcrtel oder Rucksack befestigt werden kann. Die Scheide ist mit einer <strong>Lederschlaufe<\/strong> versehen, die das Messer <strong>fest<\/strong> im Inneren sichert und daf\u00fcr sorgt, dass es <strong>sicher zu tragen ist<\/strong>. <\/li>\n<\/ul>\n<hr>\n<h3><strong>Spezifikationen:<\/strong><\/h3>\n<ul>\n<li><strong>Die Klinge<\/strong>: Kohlenstoffstahl <strong>1075<\/strong><\/li>\n<li><strong>Klingenrand<\/strong>: <strong>Glatt<\/strong> (glatte Klinge, ideal f\u00fcr pr\u00e4zises Schneiden und Schaben)<\/li>\n<li><strong>Oberfl\u00e4che<\/strong>: <strong>Stonewash<\/strong> (verschlei\u00dffest, elegantes Aussehen)<\/li>\n<li><strong>L\u00e4nge der Klinge<\/strong>: 10.90 cm<\/li>\n<li><strong>Dicke der Klinge<\/strong>: 0,498 cm<\/li>\n<li><strong>Gesamtl\u00e4nge<\/strong>: 27,94 cm<\/li>\n<li><strong>Gewicht<\/strong>: 320.35 g<\/li>\n<li><strong>Griffmaterial<\/strong>: <strong>Micarta<\/strong> (hohe Festigkeit und hervorragende Griffigkeit)<\/li>\n<li><strong>Etui<\/strong>: <strong>Kydex<\/strong> mit <strong>Lederschlaufe<\/strong> f\u00fcr sicheres Tragen<\/li>\n<\/ul>\n<hr>\n<h3><strong>Verwenden:<\/strong><\/h3>\n<ul>\n<li><strong>Hacken und Schaben<\/strong>: Dank seiner <strong>mei\u00dfelf\u00f6rmigen Klinge<\/strong> ist dieses Messer ideal zum <strong>Hacken von harten Materialien<\/strong> wie Holz oder verschiedenen Au\u00dfenmaterialien. Es kann auch zum <strong>Schaben<\/strong> verwendet werden, wenn dickere Schichten von Material entfernt werden m\u00fcssen. <\/li>\n<li><strong>Heavy Duty<\/strong>: <strong>Razel\u2122 Nax<\/strong> ist ideal f\u00fcr schwerere Aufgaben, die <strong>gro\u00dfe St\u00e4rke und Haltbarkeit<\/strong> erfordern. Zum Beispiel bei <strong>Arbeiten auf Baustellen<\/strong>, beim <strong>Schneiden dicker Fasern<\/strong> oder bei <strong>harten Aufgaben im Freien<\/strong>. <\/li>\n<li><strong>Camping und \u00dcberleben<\/strong>: Dieses Messer wurde entwickelt, um auch unter <strong>extremen Bedingungen<\/strong> effektiv zu sein. Das macht es zu einem hervorragenden Werkzeug f\u00fcr <strong>Outdoor-Aktivit\u00e4ten<\/strong>, <strong>Camping<\/strong> oder <strong>\u00dcberlebenssituationen<\/strong>, in denen ein <strong>vielseitiges Werkzeug<\/strong> ben\u00f6tigt wird.<\/li>\n<li><strong>Gartenarbeit und Reparaturen<\/strong>: Wenn Sie im Freien, im Garten oder in der Werkstatt <strong>Reparaturen oder Anpassungen<\/strong> vornehmen m\u00fcssen, ist dieses Messer dank seiner haltbaren Klinge und seines komfortablen Griffs die ideale Wahl.<\/li>\n<\/ul>\n<hr>\n<h3><strong>Abschluss:<\/strong><\/h3>\n<p><strong>Das CRKT Razel Nax 2014<\/strong> ist ein Werkzeug, das St\u00e4rke und Vielseitigkeit vereint, ideal f\u00fcr anspruchsvolle Aufgaben. Mit einer <strong>mei\u00dfelf\u00f6rmigen Klinge<\/strong> aus <strong>1075er Stahl<\/strong> und einem <strong>Micarta-Griff<\/strong> ist dieses Messer f\u00fcr harte Arbeit gebaut, egal ob es um Hacken, Schneiden oder Schaben geht. <strong>Die Kydexscheide<\/strong> sorgt f\u00fcr einen praktischen und sicheren Transport und macht dieses Messer zu einem gro\u00dfartigen Werkzeug f\u00fcr jeden Job, bei dem ein <strong>leistungsstarkes und zuverl\u00e4ssiges Werkzeug<\/strong> ben\u00f6tigt wird. Wenn Sie auf der Suche nach einem <strong>gr\u00f6\u00dferen<\/strong> Arbeitsmesser sind, das jeder Herausforderung gewachsen ist, ist das <strong>Razel Nax 2014<\/strong> eine gute Wahl.  <\/p>\n<\/div>\n<\/div>\n<\/div>\n<\/div>\n<div class=\"mb-2 flex gap-3 empty:hidden -ml-2\">\n<div class=\"items-center justify-start rounded-xl p-1 flex\">\n<div class=\"flex items-center\"><\/div>\n<\/div>\n<\/div>\n<div class=\"pr-2 lg:pr-0\"><\/div>\n<div class=\"mt-3 w-full empty:hidden\">\n<div class=\"text-center\"><\/div>\n<\/div>\n<\/div>\n<div class=\"absolute\">\n<div class=\"flex items-center justify-center\"><\/div>\n<\/div>\n<\/div>\n<\/div>\n<\/div>\n<\/article>\n<\/div>\n<\/div>\n<\/div>\n<\/div>\n<\/div>\n<div class=\"md:pt-0 dark:border-white\/20 md:border-transparent md:dark:border-transparent w-full\">\n<div>\n<div class=\"m-auto text-base px-3 md:px-4 w-full md:px-5 lg:px-4 xl:px-5\">\n<div class=\"mx-auto flex flex-1 gap-4 text-base md:gap-5 lg:gap-6 md:max-w-3xl\">\n<div class=\"flex justify-center\"><\/div>\n<\/div>\n<\/div>\n<\/div>\n<\/div>\n<p><iframe title=\"CRKT Razel\u2122 Nax | Jon Graham Design\" width=\"800\" height=\"450\" src=\"https:\/\/www.youtube.com\/embed\/ffqB_dRiCMI?feature=oembed\" frameborder=\"0\" allow=\"accelerometer; autoplay; clipboard-write; encrypted-media; gyroscope; picture-in-picture; web-share\" referrerpolicy=\"strict-origin-when-cross-origin\" allowfullscreen><\/iframe><\/p>\n<p><iframe title=\"The Razel\u2122 Story: A Conversation with Jon Graham\" width=\"800\" height=\"450\" src=\"https:\/\/www.youtube.com\/embed\/0f997UN9uhQ?feature=oembed\" frameborder=\"0\" allow=\"accelerometer; autoplay; clipboard-write; encrypted-media; gyroscope; picture-in-picture; web-share\" referrerpolicy=\"strict-origin-when-cross-origin\" allowfullscreen><\/iframe><\/p>\n<p>&nbsp;<\/p>\n","protected":false},"excerpt":{"rendered":"<div class=\"flex max-w-full flex-col flex-grow\">\n<div class=\"min-h-8 text-message flex w-full flex-col items-end gap-2 whitespace-normal break-words text-start [.text-message+&amp;]:mt-5\" dir=\"auto\" data-message-author-role=\"assistant\" data-message-id=\"50053920-659a-4807-af7a-eb3fd3869101\" data-message-model-slug=\"gpt-4o-mini\">\n<div class=\"flex w-full flex-col gap-1 empty:hidden first:pt-[3px]\">\n<div class=\"markdown prose w-full break-words dark:prose-invert light\">\n<p><strong>Das CRKT Razel Nax 2014 ist ein Werkzeug, das St\u00e4rke und Vielseitigkeit vereint, ideal f\u00fcr anspruchsvolle Aufgaben. Mit einer mei\u00dfelf\u00f6rmigen Klinge aus 1075er Stahl und einem Micarta-Griff ist dieses Messer f\u00fcr harte Arbeit gebaut, egal ob es um Hacken, Schneiden oder Schaben geht. Die Kydexscheide sorgt f\u00fcr einen praktischen und sicheren Transport und macht dieses Messer zu einem gro\u00dfartigen Werkzeug f\u00fcr jeden Job, bei dem ein leistungsstarkes und zuverl\u00e4ssiges Werkzeug ben\u00f6tigt wird. Wenn Sie auf der Suche nach einem gr\u00f6\u00dferen Arbeitsmesser sind, das jeder Herausforderung gewachsen ist, ist das Razel Nax 2014 eine gute Wahl.   <\/strong><\/p>\n<\/div>\n<\/div>\n<\/div>\n<\/div>\n<div class=\"mb-2 flex gap-3 empty:hidden -ml-2\">\n<div class=\"items-center justify-start rounded-xl p-1 flex\">\n<div class=\"flex items-center\"><\/div>\n<\/div>\n<\/div>\n<div class=\"pr-2 lg:pr-0\"><\/div>\n","protected":false},"featured_media":330806,"comment_status":"open","ping_status":"closed","template":"","meta":[],"pwb-brand":[3457],"product_brand":[],"product_cat":[3287,3285],"product_tag":[3669],"class_list":{"0":"post-330804","1":"product","2":"type-product","3":"status-publish","4":"has-post-thumbnail","6":"pwb-brand-crkt-de","7":"product_cat-solide-messer","8":"product_cat-messer","9":"product_tag-b2b-de","11":"first","12":"outofstock","13":"taxable","14":"shipping-taxable","15":"purchasable","16":"product-type-simple"},"brands":[{"id":3457,"name":"CRKT","slug":"crkt-de"}],"_links":{"self":[{"href":"https:\/\/www.moskito.cz\/de\/wp-json\/wp\/v2\/product\/330804","targetHints":{"allow":["GET"]}}],"collection":[{"href":"https:\/\/www.moskito.cz\/de\/wp-json\/wp\/v2\/product"}],"about":[{"href":"https:\/\/www.moskito.cz\/de\/wp-json\/wp\/v2\/types\/product"}],"replies":[{"embeddable":true,"href":"https:\/\/www.moskito.cz\/de\/wp-json\/wp\/v2\/comments?post=330804"}],"wp:featuredmedia":[{"embeddable":true,"href":"https:\/\/www.moskito.cz\/de\/wp-json\/wp\/v2\/media\/330806"}],"wp:attachment":[{"href":"https:\/\/www.moskito.cz\/de\/wp-json\/wp\/v2\/media?parent=330804"}],"wp:term":[{"taxonomy":"pwb-brand","embeddable":true,"href":"https:\/\/www.moskito.cz\/de\/wp-json\/wp\/v2\/pwb-brand?post=330804"},{"taxonomy":"product_brand","embeddable":true,"href":"https:\/\/www.moskito.cz\/de\/wp-json\/wp\/v2\/product_brand?post=330804"},{"taxonomy":"product_cat","embeddable":true,"href":"https:\/\/www.moskito.cz\/de\/wp-json\/wp\/v2\/product_cat?post=330804"},{"taxonomy":"product_tag","embeddable":true,"href":"https:\/\/www.moskito.cz\/de\/wp-json\/wp\/v2\/product_tag?post=330804"}],"curies":[{"name":"wp","href":"https:\/\/api.w.org\/{rel}","templated":true}]}}