{"id":330805,"date":"2023-07-10T21:09:11","date_gmt":"2024-04-12T12:15:28","guid":{"rendered":"https:\/\/www.moskito.cz\/produkt\/spyderco-marcin-slysz-techno-2-c158tip2-klappmesser\/"},"modified":"2025-05-07T11:10:25","modified_gmt":"2025-05-07T10:10:25","slug":"spyderco-marcin-slysz-techno-2-c158tip2-klappmesser","status":"publish","type":"product","link":"https:\/\/www.moskito.cz\/de\/produkt\/spyderco-marcin-slysz-techno-2-c158tip2-klappmesser\/","title":{"rendered":"Spyderco Marcin Slysz Techno 2 C158TIP2 Klappmesser"},"content":{"rendered":"<p><strong>Spyderco<\/strong> Marcin Slysz Techno 2 C158TIP2 Klappmesser<\/p>\n<p>Im Jahr 2012 ver\u00f6ffentlichte <strong>Spyderco<\/strong> seine erste Zusammenarbeit mit dem polnischen Messermacher Marcin Slysz \u2013 Techno. Sein elegantes, schlichtes Design und der robuste Baustil erregten sofort die Aufmerksamkeit der <strong>Spyderco-<\/strong> Community und r\u00fcckten Slysz und seine exquisit gefertigten Spezialmesser ins Rampenlicht. In kurzer Zeit hat das Techno eine treue Anh\u00e4ngerschaft gewonnen und dazu beigetragen, das Konzept des kompakten Klappmessers neu zu definieren.<\/p>\n<p>Obwohl Slysz sp\u00e4ter mit <strong>Spyderco<\/strong> an zwei weiteren Designs zusammenarbeitete, faszinierte der Techno weiterhin Endverbraucher auf der ganzen Welt. Mit zunehmender Beliebtheit stieg auch die Zahl der Anfragen, die Spyderco nach einer aktualisierten, noch verfeinerten Version erhielt. Slysz, der bereits eigene Ideen zur Verbesserung des Designs hatte, kam dem gerne nach und antwortete mit Techno 2.<\/p>\n<p>Wie sein Vorg\u00e4nger vereint der Techno 2 enorme Leistung und N\u00fctzlichkeit in einem erstaunlich kompakten Paket. Seine Stonewash-Klinge ist immer noch aus hochwertigem CTS-XHP-Edelstahl gefertigt, ihre Dicke wurde jedoch von 4,5 mm (0,177 Zoll) auf 3,5 mm (0,138 Zoll) reduziert. Anstelle eines Vollschliffs verf\u00fcgt es \u00fcber einen hohen S\u00e4belschliff, der einen durchgehenden R\u00fccken f\u00fcr Festigkeit beibeh\u00e4lt und gleichzeitig eine hervorragende Schneidkantengeometrie f\u00fcr eine reibungsarme Schneidleistung bietet. Auch das Klingenprofil wurde anstelle des bisherigen Drop-Point-Musters dahingehend verbessert, dass es fast eine Schaffu\u00dfform aufweist. Dies bietet im Vergleich zum Original einen besseren Punktnutzen und eine bessere Schneidwirkung. Strategisch platzierte Kanten an der Daumenrampe sorgen f\u00fcr einen rutschfesten Halt und maximale Kontrolle w\u00e4hrend des Gebrauchs, und die charakteristische runde \u00d6ffnung erm\u00f6glicht ein schnelles \u00d6ffnen mit einer Hand.<\/p>\n<p>Der Techno 2-Griff wurde ebenfalls optimiert, beh\u00e4lt aber dennoch alle wichtigen Merkmale des Originals bei. Es besteht aus zwei starken, pr\u00e4zise gefertigten Schalen aus massivem Titan 6Al4V. Beide verf\u00fcgen \u00fcber ein h\u00fcbsches Steinfinish und sind so bearbeitet, dass sie einen tiefen Taschenmesser-Drahtclip aufnehmen k\u00f6nnen, der sich leicht drehen l\u00e4sst, um ihn auf der linken oder rechten Seite zu tragen. Anstelle des G10-Backspacers des Designs der ersten Generation werden die Techno 2-Schalen durch gr\u00fcn eloxierte Titan-Spacer erg\u00e4nzt, um das Gewicht zu reduzieren und ein leicht zu reinigendes Design mit offener R\u00fcckseite zu schaffen. Die Skala auf der R\u00fcckseite bildet die Grundlage f\u00fcr den soliden Reeve Integral Lock (RIL)-Mechanismus des Messers, der die Klinge w\u00e4hrend des Gebrauchs sicher ge\u00f6ffnet h\u00e4lt und sich dennoch leicht mit einer Hand l\u00f6sen l\u00e4sst. F\u00fcr Endverbraucher, die ihre Messer gerne mit Lanyards oder Anh\u00e4ngern ausstatten,<\/p>\n<p>Der hochentwickelte Techno 2 ist ein kompaktes, \u00e4u\u00dferst praktisches Schneidwerkzeug, das weit \u00fcber seine Gr\u00f6\u00dfe hinaus mit einer Autorit\u00e4t arbeiten kann. Es \u00fcbertrifft seinen Vorg\u00e4nger deutlich und zeigt gleichzeitig weiterhin Marcin Slysz&#8216; unverwechselbaren Ansatz beim Messerdesign.<\/p>\n<p>Marcin Slysz<br \/>\nMarcin Slysz\u2018 Faszination f\u00fcr Messer begann schon in jungen Jahren mit seinem allerersten Taschenmesser. Als sein Interesse wuchs, begannen einige seiner Freunde, die begeisterte Messersammler waren, ihn in die Welt der \u201eseri\u00f6sen\u201c Herstellung und handgefertigten Messer einzuf\u00fchren. Leider stellte Slysz fest, dass diese Messer auch zu \u201eseri\u00f6sen\u201c Preisen erh\u00e4ltlich waren, die weit \u00fcber seinem Budget lagen. Unbeirrt beschloss er, dass er die Messer, die er wollte, selbst herstellen w\u00fcrde, wenn er sie nicht kaufen k\u00f6nnte.<\/p>\n<p>Slysz stellte 2006 sein erstes Messer her \u2013 eine schwere, solide Klinge, die er nur mit einer Feile und viel Ellenbogenfett herstellte. Obwohl es ein langsamer und \u00e4u\u00dferst m\u00fchsamer Prozess war, genoss er ihn sehr und war \u00fcberzeugt, dass er seine Berufung im Leben gefunden hatte. Kurz darauf investierte er in eine Schleifmaschine und begann ernsthaft mit der Herstellung von Messern. Als feststehende Klingen zu Klappmessern f\u00fchrten und sich seine F\u00e4higkeiten und Werkzeuge immer weiter verbesserten, beschloss Slysz schlie\u00dflich, seinen Vollzeitjob aufzugeben, um eine Karriere als Messerschmied einzuschlagen. Er blickte nie zur\u00fcck.<\/p>\n<p>Slysz gilt heute als einer der f\u00fchrenden Hersteller ma\u00dfgeschneiderter Messer in Polen und ist auf High-Tech-Bretter mit taktischem Thema aus modernsten Materialien spezialisiert. F\u00fcr Stichs\u00e4gengriffe bevorzugt er die St\u00e4rke und das geringe Gewicht von Titan und Timask und f\u00fcr solide S\u00e4gebl\u00e4tter das Aussehen und die Textur von sandgestrahltem Micarta-Canvas. Bei den Klingenst\u00e4hlen verwendet er haupts\u00e4chlich RWL34, verwendet aber auch CPM-S30V, 154CM, Damasteel und Chad Nichols\u2018 speziell geschmiedeten Damast-Edelstahl. Die \u00fcberwiegende Mehrheit seiner Designs verf\u00fcgt \u00fcber Titangriffe, Reeve Integral Locks (RILs) und hochwertige Edelstahlklingen; Es ist jedoch genauso bequem, Klappkupplungen, eine gro\u00dfe Auswahl an feststehenden Klingen und eine Vielzahl spezieller taktischer Werkzeuge und Ger\u00e4te herzustellen. Er graviert sogar beide Messer und gelegentlich auch handgefertigte Schmuckst\u00fccke selbst.<\/p>\n<p>Slysz\u2018 tadellose Handwerkskunst und akribische Liebe zum Detail haben dazu gef\u00fchrt, dass seine ma\u00dfgeschneiderten Messer sowohl bei Sammlern als auch bei anspruchsvollen Endverbrauchern auf der ganzen Welt \u00e4u\u00dferst beliebt sind. Sie erregten auch die Aufmerksamkeit der Spyderco-F\u00fchrungskr\u00e4fte und machten ihn zur nat\u00fcrlichen Wahl f\u00fcr ein Kooperationsprojekt mit Spyderco. Die Ver\u00f6ffentlichung seines Techno-Ordners im Jahr 2012 sorgte sofort f\u00fcr Aufsehen und gewann schnell eine leidenschaftliche Anh\u00e4ngerschaft in der Spyderco-Community. Ihm folgten Slysz Bowie im Jahr 2014 und SpydieChef im Jahr 2016, die beide die Popularit\u00e4t von Slysz und die Anerkennung seiner Arbeit in der Messer-Community weiter steigerten.<\/p>\n<p>Spezifikationen<br \/>\nKlingenl\u00e4nge: 6,37 cm<br \/>\nL\u00e4nge geschlossen: 8,6 cm<br \/>\nGesamtl\u00e4nge: 14,97 cm<br \/>\nKlingenst\u00e4rke: 0,34 cm<br \/>\nKlingenmaterial: CTS-XHP<br \/>\nKlingenstil: Schaffu\u00df<br \/>\nKlingensch\u00e4rfen: S\u00e4bel<br \/>\nOberfl\u00e4chenbehandlung der Klinge: Stonewash<br \/>\nKlingenkante: Glatt<br \/>\nGriffmaterial: Titan<br \/>\nGrifffarbe: grau<br \/>\nVerriegelungsmechanismus: Rahmenschloss<br \/>\nTaschenclip: Ausklappbar, links\/rechts tragbar<br \/>\nModellnummer: C158TIP2<br \/>\nModellname: Techno 2<br \/>\nGewicht: 3,4 Unzen.<\/p>\n","protected":false},"excerpt":{"rendered":"<p><strong>Im Jahr 2012 ver\u00f6ffentlichte Spyderco seine erste Zusammenarbeit mit dem polnischen Messermacher Marcin Slysz \u2013 Techno.<\/strong><\/p>\n","protected":false},"featured_media":330822,"comment_status":"open","ping_status":"closed","template":"","meta":[],"pwb-brand":[3427],"product_brand":[],"product_cat":[3285,3303],"product_tag":[3669],"class_list":{"0":"post-330805","1":"product","2":"type-product","3":"status-publish","4":"has-post-thumbnail","6":"pwb-brand-spyderco-de","7":"product_cat-messer","8":"product_cat-schliesmesser","9":"product_tag-b2b-de","11":"first","12":"instock","13":"taxable","14":"shipping-taxable","15":"purchasable","16":"product-type-simple"},"brands":[{"id":3427,"name":"Spyderco","slug":"spyderco-de"}],"_links":{"self":[{"href":"https:\/\/www.moskito.cz\/de\/wp-json\/wp\/v2\/product\/330805","targetHints":{"allow":["GET"]}}],"collection":[{"href":"https:\/\/www.moskito.cz\/de\/wp-json\/wp\/v2\/product"}],"about":[{"href":"https:\/\/www.moskito.cz\/de\/wp-json\/wp\/v2\/types\/product"}],"replies":[{"embeddable":true,"href":"https:\/\/www.moskito.cz\/de\/wp-json\/wp\/v2\/comments?post=330805"}],"wp:featuredmedia":[{"embeddable":true,"href":"https:\/\/www.moskito.cz\/de\/wp-json\/wp\/v2\/media\/330822"}],"wp:attachment":[{"href":"https:\/\/www.moskito.cz\/de\/wp-json\/wp\/v2\/media?parent=330805"}],"wp:term":[{"taxonomy":"pwb-brand","embeddable":true,"href":"https:\/\/www.moskito.cz\/de\/wp-json\/wp\/v2\/pwb-brand?post=330805"},{"taxonomy":"product_brand","embeddable":true,"href":"https:\/\/www.moskito.cz\/de\/wp-json\/wp\/v2\/product_brand?post=330805"},{"taxonomy":"product_cat","embeddable":true,"href":"https:\/\/www.moskito.cz\/de\/wp-json\/wp\/v2\/product_cat?post=330805"},{"taxonomy":"product_tag","embeddable":true,"href":"https:\/\/www.moskito.cz\/de\/wp-json\/wp\/v2\/product_tag?post=330805"}],"curies":[{"name":"wp","href":"https:\/\/api.w.org\/{rel}","templated":true}]}}