{"id":330832,"date":"2023-11-28T21:52:05","date_gmt":"2023-11-28T20:52:05","guid":{"rendered":"https:\/\/www.moskito.cz\/produkt\/spyderco-clipitool-c208gp-schliessmesser\/"},"modified":"2024-04-12T13:18:07","modified_gmt":"2024-04-12T12:18:07","slug":"spyderco-clipitool-c208gp-schliessmesser","status":"publish","type":"product","link":"https:\/\/www.moskito.cz\/de\/produkt\/spyderco-clipitool-c208gp-schliessmesser\/","title":{"rendered":"Spyderco ClipiTool C208GP Schlie\u00dfmesser"},"content":{"rendered":"<p><strong>Spyderco<\/strong> ClipiTool C208GP Schlie\u00dfmesser<\/p>\n<p>ClipiTool<br \/>\nDas \u00e4lteste bekannte Taschenmesser mit mehreren Klingen wurde um 200 n. Chr. von den R\u00f6mern entwickelt. Es umfasste einen Klappl\u00f6ffel, eine Klinge, einen Spie\u00df, eine Gabel, einen Spatel und einen Zahnstocher und war seiner Zeit in vielerlei Hinsicht buchst\u00e4blich Jahrhunderte voraus.<\/p>\n<p>Die heutigen Taschenmesser mit mehreren Klingen bieten erstaunliche Vielseitigkeit in einem kompakten, \u00e4u\u00dferst erschwinglichen Paket. Sie reichen von einfachen Designs wie dem klassischen Pfadfindermesser bis hin zu anspruchsvollen Klappwerkzeugen, die \u00fcber 30 verschiedene Funktionen bieten. Trotz ihrer N\u00fctzlichkeit unterliegen herk\u00f6mmliche Mehrblattkonstruktionen jedoch alle den gleichen Einschr\u00e4nkungen. Die Kleinsten sind echte Taschenmesser und m\u00fcssen mit M\u00fcnzen, Schl\u00fcsseln und anderen Gegenst\u00e4nden im Taschenboden konkurrieren. Ihre gr\u00f6\u00dferen und leistungsf\u00e4higeren Gegenst\u00fccke sind oft zu gro\u00df, um sie bequem in der Tasche zu tragen, und erfordern ein G\u00fcrtelholster. Vielleicht noch wichtiger ist, dass die verschiedenen Werkzeuge dieser Messer zum \u00d6ffnen auf traditionelle Kerben oder Fingernagelkerben angewiesen sind. Zusammengenommen machen diese M\u00e4ngel die Verwendung dieser Tools oft langsam, m\u00fchsam und nervenaufreibend.<\/p>\n<p>Die einzigartige ClipiTool-Familie von <strong>Spyderco<\/strong> meistert diese Herausforderungen, indem sie die Funktionalit\u00e4t eines klassischen Taschenmessers mit mehreren Klingen mit den Vorteilen des Clip-on-Tragevorgangs und der f\u00fcr Spyderco typischen runden Bohrung kombiniert. Das Ergebnis ist eine revolution\u00e4re Klasse von Alltagswerkzeugen, die bequem oben in Ihre Tasche passen und sofort zug\u00e4nglich und leicht zu \u00f6ffnen sind.<\/p>\n<p>Die ersten drei ClipiTool-Designs von <strong>Spyderco<\/strong> , die 2014 eingef\u00fchrt wurden, kombinierten eine nicht arretierbare Prim\u00e4rklinge mit Schiebegelenk und zusammenklappbaren Sekund\u00e4rwerkzeugen, darunter eine Schere, eine gezahnte Klinge oder eine Kombination aus Flaschen\u00f6ffner und Schlitzschraubendreher. Die markanten runden L\u00f6cher sowohl in der Klinge als auch im Sekund\u00e4rwerkzeug machten das \u00d6ffnen zum Kinderspiel und verk\u00fcndeten stolz ihre Spyderco-Identit\u00e4t. Die Griffe aus satiniertem Edelstahl verf\u00fcgen zudem \u00fcber Sanduhr-Clips zum bequemen Tragen in der Tasche. Diese besonderen Merkmale \u00fcberzeugten das ClipiTool-Konzept schnell bei einer Zielgruppe engagierter Endbenutzer. Sie inspirierten auch zu Anfragen nach anderen Designs, die zus\u00e4tzliche Tools und Funktionen bieten. Als Reaktion auf diese Nachfrage ist Spyderco stolz, den ClipiTool-Standard bekannt zu geben.<\/p>\n<p>ClipiTool-Standard<br \/>\nDas ClipiTool Standard erweitert das urspr\u00fcngliche Konzept der ClipiTool-Familie zu einem vollwertigen Taschenmesser mit zwei zus\u00e4tzlichen Klappwerkzeugen. Der Clou dieses Designs ist die v\u00f6llig flache, blattf\u00f6rmige Klinge aus rostfreiem 8Cr13MoV-Stahl. Im Gegensatz zu seinen kleineren Gegenst\u00fccken mit Schiebegelenk l\u00e4sst sich die PlainEdge-Hauptklinge dieses ClipiTool sicher mit einem soliden Einsteckverriegelungsmechanismus \u00f6ffnen. Erg\u00e4nzt wird es durch einen klappbaren Dosen\u00f6ffner\/kleinen Schraubendreher und einen \u00d6ffner\/gro\u00dfen Schraubendreher mit Abisolierkerbe. Beide Schraubendreherk\u00f6pfe sind hohlgeschliffen, um einen sicheren Sitz in Schlitzschrauben zu gew\u00e4hrleisten. Obwohl sie nicht verriegelt sind, werden sie von robusten Federmechanismen unterst\u00fctzt, die sie w\u00e4hrend des Gebrauchs offen halten, und verf\u00fcgen \u00fcber \u201ehalbe Anschl\u00e4ge\u201c am 90-Grad-Punkt, sodass der Griff f\u00fcr zus\u00e4tzliche Hebelwirkung genutzt werden kann. Wie die Hauptklinge sind beide Werkzeuge pr\u00e4zisionsgefertigt aus rostfreiem 8Cr13MoV-Stahl und verf\u00fcgen \u00fcber strukturierte Zeigefinger und gro\u00dfz\u00fcgige, runde, charakteristische L\u00f6cher. Als charakteristisches Merkmal aller Spyderco-Messer weist die kreisf\u00f6rmige \u00d6ffnung stolz auf die Herkunft des Messers hin und erm\u00f6glicht das schnelle und einfache \u00d6ffnen aller drei Werkzeuge mit nur einer Hand.<\/p>\n<p>Der ClipiTool Standard-Griff besteht aus einer Konstruktion aus Edelstahleins\u00e4tzen, strukturierten schwarzen G10-Schalen und massiven R\u00fcckseiteneins\u00e4tzen und Federn aus Edelstahl. Das Schraubdesign gew\u00e4hrleistet eine pr\u00e4zise Ausrichtung aller Teile, und der Sanduhrverschluss mit zwei Positionen erm\u00f6glicht das Tragen mit der rechten Seite nach oben oder unten nach unten.<\/p>\n<p>Spezifikationen<br \/>\nKlingenl\u00e4nge<br \/>\nClipiTool 3-Klingen: 8,75 cm<br \/>\nDosen\u00f6ffner: 3,57 cm<br \/>\nFlaschen\u00f6ffner: 3,62 cm<br \/>\nL\u00e4nge geschlossen: 11 cm<br \/>\nGesamtl\u00e4nge<br \/>\nClipiTool 3-Klingen: 19,75 cm<br \/>\nDosen\u00f6ffner: 14,57 cm<br \/>\nFlaschen\u00f6ffner: 14,62 cm<br \/>\nKlingenmaterial: Edelstahl 8Cr13MoV<br \/>\nKlingenschliff: V\u00f6llig flach<br \/>\nKlingenkante: Glatt<br \/>\nGriffmaterial: G10<br \/>\nGrifffarbe: Schwarz<br \/>\nVerschlussmechanismus<br \/>\nClipiTool 3-Klingen: Liner Lock<br \/>\nDosen\u00f6ffner: Slipjoint<br \/>\nFlaschen\u00f6ffner: Slipjoint<br \/>\nTaschenclip: hochklappbar, rechtsh\u00e4ndig zu tragen<br \/>\nGewicht: 4,2 Unzen.<\/p>\n","protected":false},"excerpt":{"rendered":"<p><strong>Das \u00e4lteste bekannte Taschenmesser mit mehreren Klingen wurde um 200 n. Chr. von den R\u00f6mern entwickelt. Es umfasste einen Klappl\u00f6ffel, eine Klinge, einen Spie\u00df, eine Gabel, einen Spatel und einen Zahnstocher und war seiner Zeit in vielerlei Hinsicht buchst\u00e4blich Jahrhunderte voraus.<\/strong><\/p>\n","protected":false},"featured_media":330834,"comment_status":"open","ping_status":"closed","template":"","meta":[],"pwb-brand":[3427],"product_brand":[],"product_cat":[3303,3285],"product_tag":[3669],"class_list":{"0":"post-330832","1":"product","2":"type-product","3":"status-publish","4":"has-post-thumbnail","6":"pwb-brand-spyderco-de","7":"product_cat-schliesmesser","8":"product_cat-messer","9":"product_tag-b2b-de","11":"first","12":"instock","13":"taxable","14":"shipping-taxable","15":"purchasable","16":"product-type-simple"},"brands":[{"id":3427,"name":"Spyderco","slug":"spyderco-de"}],"_links":{"self":[{"href":"https:\/\/www.moskito.cz\/de\/wp-json\/wp\/v2\/product\/330832","targetHints":{"allow":["GET"]}}],"collection":[{"href":"https:\/\/www.moskito.cz\/de\/wp-json\/wp\/v2\/product"}],"about":[{"href":"https:\/\/www.moskito.cz\/de\/wp-json\/wp\/v2\/types\/product"}],"replies":[{"embeddable":true,"href":"https:\/\/www.moskito.cz\/de\/wp-json\/wp\/v2\/comments?post=330832"}],"wp:featuredmedia":[{"embeddable":true,"href":"https:\/\/www.moskito.cz\/de\/wp-json\/wp\/v2\/media\/330834"}],"wp:attachment":[{"href":"https:\/\/www.moskito.cz\/de\/wp-json\/wp\/v2\/media?parent=330832"}],"wp:term":[{"taxonomy":"pwb-brand","embeddable":true,"href":"https:\/\/www.moskito.cz\/de\/wp-json\/wp\/v2\/pwb-brand?post=330832"},{"taxonomy":"product_brand","embeddable":true,"href":"https:\/\/www.moskito.cz\/de\/wp-json\/wp\/v2\/product_brand?post=330832"},{"taxonomy":"product_cat","embeddable":true,"href":"https:\/\/www.moskito.cz\/de\/wp-json\/wp\/v2\/product_cat?post=330832"},{"taxonomy":"product_tag","embeddable":true,"href":"https:\/\/www.moskito.cz\/de\/wp-json\/wp\/v2\/product_tag?post=330832"}],"curies":[{"name":"wp","href":"https:\/\/api.w.org\/{rel}","templated":true}]}}