{"id":330902,"date":"2023-07-03T12:46:32","date_gmt":"2024-04-12T12:15:53","guid":{"rendered":"https:\/\/www.moskito.cz\/produkt\/spyderco-chaparral-leichtes-c152pgy-klappmesser\/"},"modified":"2025-05-07T11:10:27","modified_gmt":"2025-05-07T10:10:27","slug":"spyderco-chaparral-leichtes-c152pgy-klappmesser","status":"publish","type":"product","link":"https:\/\/www.moskito.cz\/de\/produkt\/spyderco-chaparral-leichtes-c152pgy-klappmesser\/","title":{"rendered":"Spyderco Chaparral Leichtes C152PGY Klappmesser"},"content":{"rendered":"<p><strong>Spyderco<\/strong> Chaparral Leichtes C152PGY Klappmesser<\/p>\n<p>Spydercos Project Chaparral ist ein einzigartiger Ansatz f\u00fcr das Genre der Herren-Klappmesser. Benannt nach einer im Westen der USA beheimateten Pflanze, die f\u00fcr ihre extreme Haltbarkeit bekannt ist, verwendet die Chaparral-Serie ein einziges Designformat, um eine Vielzahl charakteristischer Griffmaterialien und Texturmuster zu pr\u00e4sentieren.<\/p>\n<p>Alle Chaparral-Modelle verf\u00fcgen \u00fcber dieselben Grundfunktionen. Sie sind besonders d\u00fcnn, um das Gewicht zu minimieren und sehr angenehm zu tragen \u2013 auch im Anzug. Ihre blattf\u00f6rmigen PlainEdge-Klingen sind komplett flachgeschliffen aus in den USA hergestelltem CTS-XHP-Edelstahl und haben eine sch\u00f6ne satinierte Oberfl\u00e4che f\u00fcr nahezu m\u00fchelose Schneidleistung. Die Klingen verf\u00fcgen au\u00dferdem \u00fcber ein vollst\u00e4ndig zug\u00e4ngliches rundes Loch zum einfachen \u00d6ffnen mit einer oder beiden H\u00e4nden, wodurch alle Chaparrals v\u00f6llig symmetrisch und vollst\u00e4ndig beidh\u00e4ndig verwendbar sind.<\/p>\n<p>Ihre Individualit\u00e4t zeigen die Chaparral-Modelle in ihren Griffen. Das 2011 auf den Markt gebrachte erste Mitglied der Familie verf\u00fcgte \u00fcber skelettierte Eins\u00e4tze aus komplett rostfreiem Stahl und dezent strukturierte Kohlefaserschalen. Im Jahr 2012 folgte die Chaparral Titanium, die \u00fcber massive, pr\u00e4zisionsgefertigte Titan-Schalen mit einem komplizierten geometrischen Muster verf\u00fcgte. Das Titan-Thema wurde mit den Modellen Stepped Titanium und Blue Stepped Titanium fortgef\u00fchrt, die 2013 und 2014 auf den Markt kamen. Beide verf\u00fcgen \u00fcber ein unglaublich detailliertes \u201eabgestuftes\u201c Muster, das in beide Ma\u00dfst\u00e4be eingearbeitet ist. Dieses atemberaubende Design besteht vollst\u00e4ndig aus geraden Linien und erzeugt die Illusion von Kurven und detaillierten geometrischen Formen. Bei der Blue Stepped-Version werden die Schuppen w\u00e4hrend des Bearbeitungsprozesses mit einem brillanten Blauton eloxiert, um einen spektakul\u00e4ren Kontrast aus abwechselnd blauen und silbernen Oberfl\u00e4chen zu erzeugen. Anfang des Jahres f\u00fcgte Spyderco der Chaparral-Familie eine Version mit Beschalung aus Raffir hinzu \u2013 einem Verbundmaterial aus feinen Schichten gewellten Metallgeflechts, das von einem durchscheinenden Epoxidharz umh\u00fcllt ist.<\/p>\n<p>W\u00e4hrend Spyderco zweifellos stolz auf die Chaparral-Familie und die Vielfalt und den Besitzerstolz ist, die sie bietet, hatten sie dennoch das Gef\u00fchl, dass ihr etwas fehlte \u2013 ein leichter, erschwinglicher, benutzerorientierter Ausdruck des Chaparral-Geistes, optimiert f\u00fcr den t\u00e4glichen Gebrauch. Um diese L\u00fccke zu schlie\u00dfen, haben sie das Chaparral Lightweight entwickelt.<\/p>\n<p>Der Chaparral Lightweight bietet das gleiche raffinierte Design, die gleiche Funktionalit\u00e4t und die gleiche Schneidleistung wie seine Br\u00fcder, jedoch mit einem einfachen, zuverl\u00e4ssigen und erschwinglichen Spritzgussgriff. Sein massiver grauer Griff aus glasfaserverst\u00e4rktem Nylon (FRN) reduziert sein Gewicht auf nur 2,1 Unzen \u2013 22 % leichter als seine Gegenst\u00fccke mit Titangriff. Seine konturierte Konstruktion erm\u00f6glicht auch die Integration des Zwei-Wege-Texturierungsmusterstils von Spyderco mit hoher Traktion. Trotz seines schlanken Profils und seines geringen Gewichts bietet diese Version des Chaparral immer noch die Kraft verschachtelter, skelettierter Edelstahleinlagen und eines Backspacers aus Edelstahl. Sie gew\u00e4hrleisten eine hervorragende strukturelle Festigkeit und eine pr\u00e4zise Ausrichtung aller Schl\u00fcsselkomponenten.<\/p>\n<p>Wie andere Versionen des Chaparral verf\u00fcgt auch das Lightweight \u00fcber einen zentral angeordneten Lockback-Mechanismus, der die Klinge sicher im ge\u00f6ffneten Zustand verriegelt und ein sicheres und einfaches Schlie\u00dfen mit einer Hand erm\u00f6glicht. Seine 50\/50-Zeigefingerkuppe \u00fcberspannt die Verbindung zwischen Klinge und Griff und bietet einen soliden Halt f\u00fcr einen nach vorne gerichteten, \u201eerstickten\u201c Griff. Trotz der kompakten Gr\u00f6\u00dfe des Messers erm\u00f6glicht diese Funktion auch gr\u00f6\u00dferen H\u00e4nden einen vollst\u00e4ndigen Vier-Finger-Griff. Passende \u201eJimpings\u201c (Rillen) an der Choil- und Daumenrampe bieten zus\u00e4tzliche Textur f\u00fcr noch mehr Kontrolle bei Pr\u00e4zisionsschneidaufgaben. Ein doppelseitiger Deep-Pocket-Drahtclip, der am hinteren Ende des Griffs angebracht ist, erm\u00f6glicht das Zusammenklappen auf der linken oder rechten Seite und h\u00e4lt dieses bemerkenswerte Messer diskret f\u00fcr den sofortigen Zugriff bereit.<\/p>\n<p>Der Chaparral Lightweight h\u00e4lt stolz die traditionellen Werte der Chaparral-Familie aufrecht und bietet den gleichen Komfort, die gleiche Zuverl\u00e4ssigkeit und die gleiche hohe Leistung wie seine Br\u00fcder, jedoch zu einem Bruchteil des Preises.<br \/>\nSpezifikationen<\/p>\n<p>Klingenl\u00e4nge: 7 cm<br \/>\nL\u00e4nge geschlossen: 9 cm<br \/>\nGesamtl\u00e4nge: 16 cm<br \/>\nKlingenmaterial: CTS-XHP<br \/>\nKlingenstil: Drop Point<br \/>\nKlingenschliff: V\u00f6llig flach<br \/>\nOberfl\u00e4chenbehandlung der Klinge: satiniert<br \/>\nKlingenkante: Glatt<br \/>\nGriffmaterial: graues FRN<br \/>\nVerriegelungsmechanismus: Lockback<br \/>\nTaschenclip: Ausklappbar, links\/rechts tragbar<br \/>\nModellnummer: C152PGY<br \/>\nModellname: Chaparral Lightweight<br \/>\nGewicht: 2,0 Unzen.<\/p>\n<p>&nbsp;<\/p>\n","protected":false},"excerpt":{"rendered":"<p><strong>Der Chaparral Lightweight h\u00e4lt stolz die traditionellen Werte der Chaparral-Familie aufrecht und bietet den gleichen Komfort, die gleiche Zuverl\u00e4ssigkeit und die gleiche hohe Leistung wie seine Br\u00fcder, jedoch zu einem Bruchteil des Preises.<\/strong><\/p>\n","protected":false},"featured_media":330903,"comment_status":"open","ping_status":"closed","template":"","meta":[],"pwb-brand":[3427],"product_brand":[],"product_cat":[3303,3285],"product_tag":[3669],"class_list":{"0":"post-330902","1":"product","2":"type-product","3":"status-publish","4":"has-post-thumbnail","6":"pwb-brand-spyderco-de","7":"product_cat-schliesmesser","8":"product_cat-messer","9":"product_tag-b2b-de","11":"first","12":"instock","13":"sale","14":"taxable","15":"shipping-taxable","16":"purchasable","17":"product-type-simple"},"brands":[{"id":3427,"name":"Spyderco","slug":"spyderco-de"}],"_links":{"self":[{"href":"https:\/\/www.moskito.cz\/de\/wp-json\/wp\/v2\/product\/330902","targetHints":{"allow":["GET"]}}],"collection":[{"href":"https:\/\/www.moskito.cz\/de\/wp-json\/wp\/v2\/product"}],"about":[{"href":"https:\/\/www.moskito.cz\/de\/wp-json\/wp\/v2\/types\/product"}],"replies":[{"embeddable":true,"href":"https:\/\/www.moskito.cz\/de\/wp-json\/wp\/v2\/comments?post=330902"}],"wp:featuredmedia":[{"embeddable":true,"href":"https:\/\/www.moskito.cz\/de\/wp-json\/wp\/v2\/media\/330903"}],"wp:attachment":[{"href":"https:\/\/www.moskito.cz\/de\/wp-json\/wp\/v2\/media?parent=330902"}],"wp:term":[{"taxonomy":"pwb-brand","embeddable":true,"href":"https:\/\/www.moskito.cz\/de\/wp-json\/wp\/v2\/pwb-brand?post=330902"},{"taxonomy":"product_brand","embeddable":true,"href":"https:\/\/www.moskito.cz\/de\/wp-json\/wp\/v2\/product_brand?post=330902"},{"taxonomy":"product_cat","embeddable":true,"href":"https:\/\/www.moskito.cz\/de\/wp-json\/wp\/v2\/product_cat?post=330902"},{"taxonomy":"product_tag","embeddable":true,"href":"https:\/\/www.moskito.cz\/de\/wp-json\/wp\/v2\/product_tag?post=330902"}],"curies":[{"name":"wp","href":"https:\/\/api.w.org\/{rel}","templated":true}]}}