{"id":330952,"date":"2022-08-21T11:43:52","date_gmt":"2022-08-21T10:43:52","guid":{"rendered":"https:\/\/www.moskito.cz\/produkt\/schliessmesser-crkt-m16-14zlek\/"},"modified":"2025-05-07T11:10:28","modified_gmt":"2025-05-07T10:10:28","slug":"schliessmesser-crkt-m16-14zlek","status":"publish","type":"product","link":"https:\/\/www.moskito.cz\/de\/produkt\/schliessmesser-crkt-m16-14zlek\/","title":{"rendered":"Schlie\u00dfmesser CRKT M16-14ZLEK"},"content":{"rendered":"<div class=\"flex-1 overflow-hidden @container\/thread\">\n<div class=\"h-full\">\n<div class=\"react-scroll-to-bottom--css-vxybp-79elbk h-full\">\n<div class=\"react-scroll-to-bottom--css-vxybp-1n7m0yu\">\n<div class=\"flex flex-col text-sm\">\n<article class=\"w-full scroll-mb-[var(--thread-trailing-height,150px)] text-token-text-primary focus-visible:outline-2 focus-visible:outline-offset-[-4px]\" dir=\"auto\" data-testid=\"conversation-turn-271\" data-scroll-anchor=\"true\">\n<div class=\"m-auto text-base py-[18px] px-3 md:px-4 w-full md:px-5 lg:px-4 xl:px-5\">\n<div class=\"mx-auto flex flex-1 gap-4 text-base md:gap-5 lg:gap-6 md:max-w-3xl\">\n<div class=\"group\/conversation-turn relative flex w-full min-w-0 flex-col agent-turn\">\n<div class=\"flex-col gap-1 md:gap-3\">\n<div class=\"flex max-w-full flex-col flex-grow\">\n<div class=\"min-h-8 text-message flex w-full flex-col items-end gap-2 whitespace-normal break-words text-start [.text-message+&amp;]:mt-5\" dir=\"auto\" data-message-author-role=\"assistant\" data-message-id=\"525b3088-61fc-4e8d-944e-1698c90937bf\" data-message-model-slug=\"gpt-4o-mini\">\n<div class=\"flex w-full flex-col gap-1 empty:hidden first:pt-[3px]\">\n<div class=\"markdown prose w-full break-words dark:prose-invert light\">\n<p><strong>Schlie\u00dfmesser CRKT M16-14ZLEK<\/strong><\/p>\n<p><strong>Das CRKT M16-14ZLEK<\/strong> ist ein au\u00dfergew\u00f6hnliches Modell aus der M16-Serie von Kit Carson, das f\u00fcr anspruchsvolle Benutzer entwickelt wurde, die ein Messer mit professionellen Funktionen und hervorragenden Eigenschaften ben\u00f6tigen, um Sicherheit und Effizienz zu gew\u00e4hrleisten. Dieses Messer vereint starkes Design, hochwertige Materialien und taktische Funktionalit\u00e4t und ist daher ideal f\u00fcr Au\u00dfendienstmitarbeiter, Rettungskr\u00e4fte, Milit\u00e4r- und Sicherheitspersonal. <\/p>\n<h3><strong>Hauptmerkmale und Spezifikationen:<\/strong><\/h3>\n<ol>\n<li><strong>Klingenl\u00e4nge<\/strong> : 3,75&#8243; (95,25 mm)\n<ul>\n<li>Die Klingenl\u00e4nge ist ideal f\u00fcr Notf\u00e4lle und den t\u00e4glichen Gebrauch und bietet ausreichend L\u00e4nge f\u00fcr alle Aufgaben, die Kraft und Pr\u00e4zision erfordern.<\/li>\n<\/ul>\n<\/li>\n<li><strong>Klingenschneide<\/strong> : <strong>Triple Point Serrations\u2122<\/strong>\n<ul>\n<li>Triple Point\u2122 ist ein einzigartiges Verzahnungsdesign, das hervorragende Schneideigenschaften f\u00fcr eine Vielzahl von Materialien wie Seile, Segeltuch, Schn\u00fcre oder Pflanzen bietet und sich daher ideal f\u00fcr den Einsatz in anspruchsvollen Situationen eignet.<\/li>\n<\/ul>\n<\/li>\n<li><strong>Klingenmaterial<\/strong> : <strong>AUS 8 Stahl<\/strong>\n<ul>\n<li>AUS 8-Stahl ist langlebig, hat einen hohen Kohlenstoffgehalt und bietet eine hochwertige Klinge, die lange ihre Sch\u00e4rfe beh\u00e4lt und gleichzeitig leicht zu sch\u00e4rfen ist. Dieser Stahl eignet sich ideal f\u00fcr eine Vielzahl von Aufgaben, von der Arbeit mit faserigen Materialien bis hin zu schwereren Aufgaben. <\/li>\n<\/ul>\n<\/li>\n<li><strong>Klingenoberfl\u00e4chenbehandlung<\/strong> : <strong>Titannitrid<\/strong>\n<ul>\n<li>Die Titannitrid-Oberfl\u00e4chenbehandlung sorgt f\u00fcr eine hohe Korrosions- und Kratzfestigkeit. Die Klinge beh\u00e4lt lange ihr Aussehen und ihre Funktionalit\u00e4t und bietet zudem eine bessere Verschlei\u00dffestigkeit. <\/li>\n<\/ul>\n<\/li>\n<li><strong>Klingenst\u00e4rke<\/strong> : 0,14&#8243; (3,51 mm)\n<ul>\n<li>Die Dicke der Klinge verleiht dem Messer gen\u00fcgend St\u00e4rke f\u00fcr schwerere Aufgaben, bietet aber auch gen\u00fcgend Flexibilit\u00e4t f\u00fcr pr\u00e4zises Schneiden.<\/li>\n<\/ul>\n<\/li>\n<li><strong>Gesamtl\u00e4nge<\/strong> : 9,25&#8243; (234,95 mm)\n<ul>\n<li>Dieses Messer ist gro\u00df genug, um in anspruchsvollen Situationen einen starken Griff und Stabilit\u00e4t zu bieten, aber dennoch kompakt genug, um es t\u00e4glich bei sich zu tragen.<\/li>\n<\/ul>\n<\/li>\n<li><strong>Geschlossene L\u00e4nge<\/strong> : 5,50&#8243; (139,70 mm)\n<ul>\n<li>Dieses Messer ist kompakt und leicht zu tragen. Durch die geschlossene L\u00e4nge ist das Messer klein genug, um in eine Tasche oder an einen G\u00fcrtel zu passen und l\u00e4sst sich somit bequem tragen. <\/li>\n<\/ul>\n<\/li>\n<li><strong>Gewicht<\/strong> : 175,77 g\n<ul>\n<li>Dieses Modell ist robust, aber dennoch leicht genug, um es bequem zu tragen. Mit einem Gewicht von 6,2 Unzen bietet es gen\u00fcgend Kraft f\u00fcr anspruchsvolle Aufgaben. <\/li>\n<\/ul>\n<\/li>\n<li><strong>Griff<\/strong> : <strong>Glasfaserverst\u00e4rktes Nylon<\/strong>\n<ul>\n<li>Der Griff besteht aus strapazierf\u00e4higem glasfaserverst\u00e4rktem Nylon, das eine hohe Festigkeit und Schlagfestigkeit gew\u00e4hrleistet. Dieses Material ist au\u00dferdem leicht und bietet einen angenehmen und sicheren Griff. <\/li>\n<\/ul>\n<\/li>\n<li><strong>Messerstil<\/strong> : <strong>Klappmesser mit Liner Lock<\/strong>\n<ul>\n<li>Das Messer ist mit einem zuverl\u00e4ssigen Liner-Lock-Mechanismus ausgestattet, der eine sichere Verriegelung der Klinge im ge\u00f6ffneten Zustand gew\u00e4hrleistet und das Risiko eines unbeabsichtigten Schlie\u00dfens w\u00e4hrend des Gebrauchs minimiert.<\/li>\n<\/ul>\n<\/li>\n<\/ol>\n<h3><strong>Besonderheiten und Vorteile:<\/strong><\/h3>\n<ol>\n<li><strong>Gurtschneider und Fensterzertr\u00fcmmerer<\/strong> :\n<ul>\n<li>Dieses Modell ist auf der R\u00fcckseite mit einem speziellen Wolframkarbid ausgestattet, das zum schnellen Einschlagen von Seitenscheiben von Autos dient, was f\u00fcr Rettungskr\u00e4fte, Feuerwehrleute oder Rettungsdienste in Notsituationen von entscheidender Bedeutung ist.<\/li>\n<li>Der Gurtschneider hilft, eine Person bei einem Unfall oder einer anderen Gefahr schnell und sicher zu befreien.<\/li>\n<\/ul>\n<\/li>\n<li><strong>Automatischer Sicherheitseinsatz<\/strong> :\n<ul>\n<li>Dieses Modell ist mit einem automatischen Sicherheitseinsatz ausgestattet, der zus\u00e4tzlichen Schutz gegen unbeabsichtigtes Schlie\u00dfen der Klinge bietet. Der Stift zwischen dem Verriegelungseinsatz und dem Rahmen macht das Schloss langlebiger und weniger anf\u00e4llig daf\u00fcr, sich w\u00e4hrend des Gebrauchs zu l\u00f6sen. <\/li>\n<\/ul>\n<\/li>\n<li><strong>Flipper zum schnellen \u00d6ffnen mit einer Hand<\/strong> :\n<ul>\n<li>Der Carson Flipper ist f\u00fcr das schnelle und effiziente \u00d6ffnen des Messers mit einer Hand konzipiert, was in Situationen, in denen es auf Geschwindigkeit ankommt, wie etwa bei Rettungs- oder taktischen Operationen, sehr n\u00fctzlich ist.<\/li>\n<\/ul>\n<\/li>\n<li><strong>Schnalle mit vier Positionen<\/strong> :\n<ul>\n<li>Der Messerclip erm\u00f6glicht verschiedene Trageweisen und sorgt so f\u00fcr Flexibilit\u00e4t und Komfort beim Tragen des Messers. Es kann in vier verschiedenen Positionen an einem G\u00fcrtel oder Riemen befestigt werden: Spitze nach unten, links oder rechts. <\/li>\n<\/ul>\n<\/li>\n<li><strong>Taktische schwarze Beschichtung<\/strong> :\n<ul>\n<li>Die schwarze Oberfl\u00e4che ist langlebig und reflektiert kein Licht, was f\u00fcr taktische Anwendungen von Vorteil ist, bei denen es auf Tarnung ankommt.<\/li>\n<\/ul>\n<\/li>\n<\/ol>\n<h3><strong>Verwenden:<\/strong><\/h3>\n<ul>\n<li><strong>Rettungs- und Notfallsituationen<\/strong> : Mit einem Sicherheitsgurtschneider und einem Hartmetall-Fensterbrecher ist dieses Messer ideal f\u00fcr Rettungskr\u00e4fte, Feuerwehrleute und alle, die sich in gef\u00e4hrlichen oder Krisensituationen befinden, in denen eine schnelle Reaktion erforderlich ist.<\/li>\n<li><strong>Alltagsmesser (EDC)<\/strong> : Das Klappdesign und die Sicherheitsmechanismen machen dieses Messer ideal f\u00fcr den Alltagsgebrauch, wenn Sie f\u00fcr verschiedene Aufgaben ein zuverl\u00e4ssiges Werkzeug zur Hand haben m\u00f6chten.<\/li>\n<li><strong>Taktischer und milit\u00e4rischer Einsatz<\/strong> : Hervorragend geeignet f\u00fcr milit\u00e4rische, polizeiliche oder taktische Eins\u00e4tze, bei denen Zuverl\u00e4ssigkeit und schnelles \u00d6ffnen entscheidend sind.<\/li>\n<li><strong>Outdoor-Aktivit\u00e4ten<\/strong> : Das Messer eignet sich auch hervorragend zum Camping, Wandern und f\u00fcr andere Outdoor-Aktivit\u00e4ten, bei denen ein zuverl\u00e4ssiges Werkzeug zum Schneiden oder Vorbereiten von Material ben\u00f6tigt wird.<\/li>\n<\/ul>\n<h3><strong>Abschluss:<\/strong><\/h3>\n<p><strong>Das CRKT M16-14ZLEK<\/strong> ist ein robustes und multifunktionales Messer, das f\u00fcr den professionellen Einsatz, insbesondere in Notsituationen, konzipiert wurde. Es vereint hervorragendes Design, hochwertige Materialien und besondere Eigenschaften, die es zu einem unsch\u00e4tzbar wertvollen Werkzeug f\u00fcr Rettungskr\u00e4fte, Milit\u00e4rkr\u00e4fte und den Alltag machen. Wenn Sie ein Messer suchen, das Ihnen nicht nur hervorragende Schneideigenschaften bietet, sondern auch ein Werkzeug f\u00fcr Notsituationen ist, ist dieses Modell die ideale Wahl.  <\/p>\n<\/div>\n<\/div>\n<\/div>\n<\/div>\n<div class=\"mb-2 flex gap-3 empty:hidden -ml-2\">\n<div class=\"items-center justify-start rounded-xl p-1 flex\">\n<div class=\"flex items-center\"><\/div>\n<\/div>\n<\/div>\n<div class=\"pr-2 lg:pr-0\"><\/div>\n<\/div>\n<\/div>\n<\/div>\n<\/div>\n<\/article>\n<\/div>\n<\/div>\n<\/div>\n<\/div>\n<\/div>\n<p><iframe title=\"CRKT M16-14ZLEK Knife Designed by Kit Carson\" width=\"800\" height=\"450\" src=\"https:\/\/www.youtube.com\/embed\/fG33eU9Egpc?feature=oembed\" frameborder=\"0\" allow=\"accelerometer; autoplay; clipboard-write; encrypted-media; gyroscope; picture-in-picture; web-share\" referrerpolicy=\"strict-origin-when-cross-origin\" allowfullscreen><\/iframe><\/p>\n<p>&nbsp;<\/p>\n<p>&nbsp;<\/p>\n<p>&nbsp;<\/p>\n","protected":false},"excerpt":{"rendered":"<div class=\"flex max-w-full flex-col flex-grow\">\n<div class=\"min-h-8 text-message flex w-full flex-col items-end gap-2 whitespace-normal break-words text-start [.text-message+&amp;]:mt-5\" dir=\"auto\" data-message-author-role=\"assistant\" data-message-id=\"525b3088-61fc-4e8d-944e-1698c90937bf\" data-message-model-slug=\"gpt-4o-mini\">\n<div class=\"flex w-full flex-col gap-1 empty:hidden first:pt-[3px]\">\n<div class=\"markdown prose w-full break-words dark:prose-invert light\">\n<p><strong>Das CRKT M16-14ZLEK ist ein robustes und multifunktionales Messer, das f\u00fcr den professionellen Einsatz, insbesondere in Notsituationen, konzipiert wurde. Es vereint hervorragendes Design, hochwertige Materialien und besondere Eigenschaften, die es zu einem unsch\u00e4tzbar wertvollen Werkzeug f\u00fcr Rettungskr\u00e4fte, Milit\u00e4rkr\u00e4fte und den Alltag machen. Wenn Sie ein Messer suchen, das Ihnen nicht nur hervorragende Schneideigenschaften bietet, sondern auch ein Werkzeug f\u00fcr Notsituationen ist, ist dieses Modell die ideale Wahl.  <\/strong><\/p>\n<\/div>\n<\/div>\n<\/div>\n<\/div>\n<div class=\"mb-2 flex gap-3 empty:hidden -ml-2\">\n<div class=\"items-center justify-start rounded-xl p-1 flex\">\n<div class=\"flex items-center\"><\/div>\n<\/div>\n<\/div>\n<div class=\"pr-2 lg:pr-0\"><\/div>\n","protected":false},"featured_media":330953,"comment_status":"open","ping_status":"closed","template":"","meta":[],"pwb-brand":[3457],"product_brand":[],"product_cat":[3303,3285],"product_tag":[3669],"class_list":{"0":"post-330952","1":"product","2":"type-product","3":"status-publish","4":"has-post-thumbnail","6":"pwb-brand-crkt-de","7":"product_cat-schliesmesser","8":"product_cat-messer","9":"product_tag-b2b-de","11":"first","12":"instock","13":"taxable","14":"shipping-taxable","15":"purchasable","16":"product-type-simple"},"brands":[{"id":3457,"name":"CRKT","slug":"crkt-de"}],"_links":{"self":[{"href":"https:\/\/www.moskito.cz\/de\/wp-json\/wp\/v2\/product\/330952","targetHints":{"allow":["GET"]}}],"collection":[{"href":"https:\/\/www.moskito.cz\/de\/wp-json\/wp\/v2\/product"}],"about":[{"href":"https:\/\/www.moskito.cz\/de\/wp-json\/wp\/v2\/types\/product"}],"replies":[{"embeddable":true,"href":"https:\/\/www.moskito.cz\/de\/wp-json\/wp\/v2\/comments?post=330952"}],"wp:featuredmedia":[{"embeddable":true,"href":"https:\/\/www.moskito.cz\/de\/wp-json\/wp\/v2\/media\/330953"}],"wp:attachment":[{"href":"https:\/\/www.moskito.cz\/de\/wp-json\/wp\/v2\/media?parent=330952"}],"wp:term":[{"taxonomy":"pwb-brand","embeddable":true,"href":"https:\/\/www.moskito.cz\/de\/wp-json\/wp\/v2\/pwb-brand?post=330952"},{"taxonomy":"product_brand","embeddable":true,"href":"https:\/\/www.moskito.cz\/de\/wp-json\/wp\/v2\/product_brand?post=330952"},{"taxonomy":"product_cat","embeddable":true,"href":"https:\/\/www.moskito.cz\/de\/wp-json\/wp\/v2\/product_cat?post=330952"},{"taxonomy":"product_tag","embeddable":true,"href":"https:\/\/www.moskito.cz\/de\/wp-json\/wp\/v2\/product_tag?post=330952"}],"curies":[{"name":"wp","href":"https:\/\/api.w.org\/{rel}","templated":true}]}}